{"id":155,"date":"2015-03-04T15:24:59","date_gmt":"2015-03-04T15:24:59","guid":{"rendered":"http:\/\/nanovea.com\/?page_id=155"},"modified":"2021-07-30T21:29:34","modified_gmt":"2021-07-30T21:29:34","slug":"tester-meccanici-applicazioni","status":"publish","type":"page","link":"https:\/\/nanovea.com\/it\/tester-meccanici-applicazioni\/","title":{"rendered":"Applicazioni dei tester meccanici"},"content":{"rendered":"<div id=\"newslider\" style=\"min-height: auto; overflow: hidden;\">\n<ul>\n<li>\n<div class=\"slider-text\">\n<h2>TESTER MECCANICI<\/h2>\n<p>Moduli Nano e Micro ineguagliabili, ciascuno con <br \/> modalit\u00e0 di test di indentazione, graffio e usura.\n<\/div>\n<p><!--<img decoding=\"async\" src=\"https:\/\/nanovea.com\/wp-content\/uploads\/2015\/04\/slide-mapplications.jpg\" alt=\"\" \/>!--><br \/>\n<img decoding=\"async\" src=\"https:\/\/nanovea.com\/wp-content\/uploads\/2018\/01\/slide-mapplications-1.jpg\" alt=\"\" \/>\n<\/li>\n<\/ul>\n<\/div>\n<p align=\"justify\"><strong>APPLICAZIONI DEL TESTER MECCANICO <\/strong><a href=\"https:\/\/nanovea.com\/mechanical-tester\">Tester Meccanici<\/a> | <a href=\"https:\/\/nanovea.com\/nano-module\">Modulo Nano<\/a> | <a href=\"https:\/\/nanovea.com\/micro-macro-module\">Micro modulo<\/a> | <a href=\"https:\/\/nanovea.com\/mechanical-tester-optics\">Ottica<\/a> | <a href=\"https:\/\/nanovea.com\/application-notes\">Note applicative<\/a> | <a href=\"https:\/\/nanovea.com\/mechanical-tester-brochure\" target=\"_blank\" rel=\"noopener noreferrer\">Scarica l'opuscolo<\/a> | <a href=\"https:\/\/nanovea.com\/mechanical-testers-video\" target=\"_blank\" rel=\"noopener noreferrer\">Guarda il video<\/a><\/p>\n<p>I tester meccanici Nanovea offrono la pi\u00f9 ampia gamma di test accurati su un unico sistema. In questo modo \u00e8 possibile testare le propriet\u00e0 meccaniche di quasi tutti i materiali di rivestimento, film o substrati, sia duri che morbidi, sottili o spessi. I settori includono: Bio e biotecnologie, Materiali da costruzione, Prodotti di consumo, Medicale, Metalli, Petrolio e miniere, Ottica, Vernici e rivestimenti, Farmaceutico, Semiconduttori\/Elettronica\/Solare, Tessile\/Pelle\/Carta, Utensili e macchinari e Trasporti.<\/p>\n<table border=\"0\" width=\"1016\" cellspacing=\"0\" cellpadding=\"0\">\n<tbody>\n<tr>\n<td width=\"254\">\n<div align=\"center\"><img decoding=\"async\" class=\"alignnone\" src=\"https:\/\/nanovea.com\/wp-content\/themes\/wp-nanovea\/images\/images\/app14.jpg\" alt=\"Superfici del filo\" width=\"150\" height=\"113\" \/><\/div>\n<\/td>\n<td width=\"254\">\n<div align=\"center\"><img decoding=\"async\" src=\"https:\/\/nanovea.com\/wp-content\/themes\/wp-nanovea\/images\/images\/app15.jpg\" alt=\"Superfici ottiche\" width=\"150\" height=\"113\" \/><\/div>\n<\/td>\n<td width=\"254\">\n<div align=\"center\"><img decoding=\"async\" class=\"alignnone\" src=\"https:\/\/nanovea.com\/wp-content\/themes\/wp-nanovea\/images\/images\/app13.jpg\" alt=\"Piccole superfici\" width=\"150\" height=\"113\" \/><\/div>\n<\/td>\n<td width=\"254\">\n<div align=\"center\"><img loading=\"lazy\" decoding=\"async\" class=\"alignnone\" src=\"https:\/\/nanovea.com\/wp-content\/themes\/wp-nanovea\/images\/images\/app16.jpg\" alt=\"Superfici farmaceutiche\" width=\"150\" height=\"113\" \/><\/div>\n<\/td>\n<\/tr>\n<\/tbody>\n<\/table>\n<table border=\"0\" width=\"1016\" cellspacing=\"0\" cellpadding=\"0\">\n<tbody>\n<tr>\n<td width=\"254\">\n<div align=\"center\">\n<p>&nbsp;<\/p>\n<p><img loading=\"lazy\" decoding=\"async\" class=\"alignnone\" src=\"https:\/\/nanovea.com\/wp-content\/themes\/wp-nanovea\/images\/images\/app1.jpg\" alt=\"Superfici elettroniche\" width=\"150\" height=\"113\" \/><\/p>\n<\/div>\n<\/td>\n<td width=\"254\">\n<div align=\"center\">\n<p>&nbsp;<\/p>\n<p><img loading=\"lazy\" decoding=\"async\" class=\"alignnone\" src=\"https:\/\/nanovea.com\/wp-content\/themes\/wp-nanovea\/images\/images\/app20.jpg\" alt=\"Superfici in calcestruzzo\" width=\"150\" height=\"113\" \/><\/p>\n<\/div>\n<\/td>\n<td width=\"254\">\n<div align=\"center\">\n<p>&nbsp;<\/p>\n<p><img loading=\"lazy\" decoding=\"async\" class=\"alignnone\" src=\"https:\/\/nanovea.com\/wp-content\/themes\/wp-nanovea\/images\/images\/app12.jpg\" alt=\"Superfici biomediche\" width=\"150\" height=\"113\" \/><\/p>\n<\/div>\n<\/td>\n<td width=\"254\">\n<div align=\"center\">\n<p>&nbsp;<\/p>\n<p><img loading=\"lazy\" decoding=\"async\" class=\"alignnone\" src=\"https:\/\/nanovea.com\/wp-content\/themes\/wp-nanovea\/images\/images\/app18.jpg\" alt=\"Superfici in pellicola\" width=\"150\" height=\"113\" \/><\/p>\n<\/div>\n<\/td>\n<\/tr>\n<\/tbody>\n<\/table>\n<table border=\"0\" width=\"1016\" cellspacing=\"0\" cellpadding=\"0\">\n<tbody>\n<tr>\n<td width=\"254\">\n<div align=\"center\">\n<p>&nbsp;<\/p>\n<p><img loading=\"lazy\" decoding=\"async\" class=\"alignnone\" src=\"https:\/\/nanovea.com\/wp-content\/themes\/wp-nanovea\/images\/images\/app19.jpg\" alt=\"Superfici automobilistiche\" width=\"150\" height=\"113\" \/><\/p>\n<\/div>\n<\/td>\n<td width=\"254\">\n<div align=\"center\">\n<p>&nbsp;<\/p>\n<p><img loading=\"lazy\" decoding=\"async\" class=\"alignnone\" src=\"https:\/\/nanovea.com\/wp-content\/themes\/wp-nanovea\/images\/images\/app17.jpg\" alt=\"Superfici dei wafer\" width=\"150\" height=\"113\" \/><\/p>\n<\/div>\n<\/td>\n<td width=\"254\">\n<div align=\"center\">\n<p>&nbsp;<\/p>\n<p><img loading=\"lazy\" decoding=\"async\" class=\"alignnone\" src=\"https:\/\/nanovea.com\/wp-content\/themes\/wp-nanovea\/images\/images\/app11.jpg\" alt=\"Superfici morbide\" width=\"150\" height=\"113\" \/><\/p>\n<\/div>\n<\/td>\n<td width=\"254\">\n<div align=\"center\">\n<p>&nbsp;<\/p>\n<p><img loading=\"lazy\" decoding=\"async\" class=\"alignnone\" src=\"https:\/\/nanovea.com\/wp-content\/themes\/wp-nanovea\/images\/images\/app10.jpg\" alt=\"Superfici dell&#039;utensile\" width=\"150\" height=\"113\" \/><\/p>\n<\/div>\n<\/td>\n<\/tr>\n<\/tbody>\n<\/table>","protected":false},"excerpt":{"rendered":"<p>MECHANICAL TESTERS Unmatched Nano &#038; Micro modules each with indentation, scratch &#038; wear testing modes. MECHANICAL TESTER APPLICATIONS | Mechanical Testers | Nano Module | Micro Module | Optics | Application Notes | Brochure Download | Watch Video Nanovea Mechanical Testers provide the widest range of accurate testing on a single system. And because so, [&hellip;]<\/p>","protected":false},"author":1,"featured_media":0,"parent":0,"menu_order":0,"comment_status":"open","ping_status":"open","template":"tpl-newslider.php","meta":{"_exactmetrics_skip_tracking":false,"_exactmetrics_sitenote_active":false,"_exactmetrics_sitenote_note":"","_exactmetrics_sitenote_category":0,"footnotes":""},"class_list":["post-155","page","type-page","status-publish","hentry"],"_links":{"self":[{"href":"https:\/\/nanovea.com\/it\/wp-json\/wp\/v2\/pages\/155","targetHints":{"allow":["GET"]}}],"collection":[{"href":"https:\/\/nanovea.com\/it\/wp-json\/wp\/v2\/pages"}],"about":[{"href":"https:\/\/nanovea.com\/it\/wp-json\/wp\/v2\/types\/page"}],"author":[{"embeddable":true,"href":"https:\/\/nanovea.com\/it\/wp-json\/wp\/v2\/users\/1"}],"replies":[{"embeddable":true,"href":"https:\/\/nanovea.com\/it\/wp-json\/wp\/v2\/comments?post=155"}],"version-history":[{"count":13,"href":"https:\/\/nanovea.com\/it\/wp-json\/wp\/v2\/pages\/155\/revisions"}],"predecessor-version":[{"id":12710,"href":"https:\/\/nanovea.com\/it\/wp-json\/wp\/v2\/pages\/155\/revisions\/12710"}],"wp:attachment":[{"href":"https:\/\/nanovea.com\/it\/wp-json\/wp\/v2\/media?parent=155"}],"curies":[{"name":"wp","href":"https:\/\/api.w.org\/{rel}","templated":true}]}}