{"id":151,"date":"2015-03-04T15:24:24","date_gmt":"2015-03-04T15:24:24","guid":{"rendered":"http:\/\/nanovea.com\/?page_id=151"},"modified":"2018-11-21T17:56:03","modified_gmt":"2018-11-21T17:56:03","slug":"micro-macro-modulo","status":"publish","type":"page","link":"https:\/\/nanovea.com\/it\/micro-macro-module\/","title":{"rendered":"Micro modulo"},"content":{"rendered":"<div id=\"newslider\" style=\"min-height: auto; overflow: hidden;\">\n<ul>\n<li>\n<div class=\"slider-text\">\n<h2>MICRO MODULO<\/h2>\n<p>Ora il leader mondiale dei test micro meccanici<\/p>\n<\/div>\n<p><!--<img fetchpriority=\"high\" decoding=\"async\" class=\"alignnone\" src=\"https:\/\/nanovea.com\/wp-content\/uploads\/2015\/04\/slide-micromodule.jpg\" alt=\"Microindenter with non contact true depth measurement\" width=\"1033\" height=\"345\" \/>!--><br \/>\n<a href=\"https:\/\/nanovea.com\/wp-content\/uploads\/2018\/11\/Micro-Module-with-Micro-Box.jpg\"><img decoding=\"async\" class=\"alignnone size-full wp-image-4213\" src=\"https:\/\/nanovea.com\/wp-content\/uploads\/2018\/11\/Micro-Module-with-Micro-Box.jpg\" alt=\"\" width=\"1033\" height=\"345\" \/><\/a><\/li>\n<\/ul>\n<\/div>\n<h1><strong>MICRO MODULO<\/strong><\/h1>\n<p><a href=\"https:\/\/nanovea.com\/mechanical-tester\">Tester Meccanici <\/a>| <a href=\"https:\/\/nanovea.com\/nano-module\">Modulo Nano<\/a> | <a href=\"https:\/\/nanovea.com\/application-notes\">Note applicative<\/a><\/p>\n<div class=\"product-pic\"><\/div>\n<div class=\"product-desc\">\n<p align=\"justify\">Ora il leader mondiale dei test micro meccanici. I risultati automatici, accurati e veloci della durezza e del modulo elastico ottenuti dai dati di profondit\u00e0 rispetto al carico rappresentano un vero e proprio balzo in avanti rispetto ai tradizionali durometri. Questa tecnologia del secolo scorso si basava sull'ispezione visiva quando non erano disponibili sensori di profondit\u00e0 accurati. Pertanto, oggi non c'\u00e8 assolutamente alcun vantaggio nell'utilizzare i tradizionali misuratori di durezza ormai obsoleti. Il Micro Modulo \u00e8 pi\u00f9 veloce, pi\u00f9 facile, pi\u00f9 preciso, soprattutto a bassi carichi, e pi\u00f9 ripetibile. I test possono essere eseguiti su qualsiasi materiale, compresi quelli molto elastici o su superfici in cui l'identificazione dell'impronta \u00e8 difficile. Non solo durezza e modulo elastico, ma anche un'ampia gamma di test come creep, curve sforzo-deformazione, resistenza allo snervamento, fatica, tenacit\u00e0 alla frattura, resistenza ai graffi e alle abrasioni, deformazione plastica\/elastica, tasso di usura e coefficiente di attrito.<\/p>\n<p align=\"justify\">E per quelli che usano strumenti antiquati per il test dei graffi. Questi sistemi hanno una gamma limitata di carico e utilizzano celle di carico a sbalzo inclini alla flessione laterale che pu\u00f2 essere vista nell'osservazione di graffi ondulati a carichi elevati. A differenza del micro modulo che \u00e8 stato progettato con una cella di carico a compressione rigida e misura la profondit\u00e0 utilizzando un condensatore direttamente collegato all'albero che tiene il penetratore. Il risultato \u00e8 la massima precisione disponibile sul mercato. L'ampia gamma di carichi utilizzabili (5 ordini di grandezza) di un singolo micro modulo rende possibile fare una prova di graffio ad alto carico, fino a 200N per un 5micron e oltre su un rivestimento DLC, TiN, TiC, e poi usare un carico di 50mN per misurare la durezza e il modulo elastico senza l'influenza del substrato. Per i rivestimenti pi\u00f9 sottili fino a sub micron, il 20N pu\u00f2 essere usato allo stesso modo con profondit\u00e0 rispetto al carico fino a una sola cifra mN, ma ancora fare eccellenti prove di graffi fino a 20N. Questi carichi pi\u00f9 sensibili sono ideali per la caratterizzazione dei rivestimenti industriali, che vanno dagli strati lavorati al plasma utilizzati nella tecnologia ottica e dei semiconduttori, ai rivestimenti decorativi e protettivi utilizzati per parti di automobili e beni di consumo. Facile e veloce da calibrare, la precisione dei dati nel tempo e da uno strumento all'altro \u00e8 assicurata. Le alte prestazioni, la longevit\u00e0, i bassi costi di manutenzione e soprattutto l'alta precisione sono standard.<\/p>\n<p>&nbsp;<\/p>\n<p align=\"justify\"><strong>MODALIT\u00c0 DI MICRO TEST<\/strong><\/p>\n<p><a href=\"https:\/\/nanovea.com\/micro-indentation-tester\">Microindentazione | Test di microdurezza<\/a><\/p>\n<p><a href=\"https:\/\/nanovea.com\/micro-scratch-tester\">Test di micro-graffio e di adesione<\/a><\/p>\n<p><a href=\"https:\/\/nanovea.com\/micro-wear-tester\">Test di micro-usura e di attrito<\/a><\/p>\n<\/div>","protected":false},"excerpt":{"rendered":"<p>MICRO MODULE Now the world\u2019s leading micro mechanical testing MICRO MODULE Mechanical Testers | Nano Module | Application Notes Now the world\u2019s leading micro mechanical testing. Automatic, accurate and fast hardness and elastic modulus results obtained from depth versus load data are truly a giant leap compared to traditional hardness testers. This past century technology [&hellip;]<\/p>\n","protected":false},"author":1,"featured_media":0,"parent":0,"menu_order":0,"comment_status":"open","ping_status":"open","template":"tpl-newslider.php","meta":{"_exactmetrics_skip_tracking":false,"_exactmetrics_sitenote_active":false,"_exactmetrics_sitenote_note":"","_exactmetrics_sitenote_category":0,"footnotes":""},"class_list":["post-151","page","type-page","status-publish","hentry"],"_links":{"self":[{"href":"https:\/\/nanovea.com\/it\/wp-json\/wp\/v2\/pages\/151","targetHints":{"allow":["GET"]}}],"collection":[{"href":"https:\/\/nanovea.com\/it\/wp-json\/wp\/v2\/pages"}],"about":[{"href":"https:\/\/nanovea.com\/it\/wp-json\/wp\/v2\/types\/page"}],"author":[{"embeddable":true,"href":"https:\/\/nanovea.com\/it\/wp-json\/wp\/v2\/users\/1"}],"replies":[{"embeddable":true,"href":"https:\/\/nanovea.com\/it\/wp-json\/wp\/v2\/comments?post=151"}],"version-history":[{"count":31,"href":"https:\/\/nanovea.com\/it\/wp-json\/wp\/v2\/pages\/151\/revisions"}],"predecessor-version":[{"id":4214,"href":"https:\/\/nanovea.com\/it\/wp-json\/wp\/v2\/pages\/151\/revisions\/4214"}],"wp:attachment":[{"href":"https:\/\/nanovea.com\/it\/wp-json\/wp\/v2\/media?parent=151"}],"curies":[{"name":"wp","href":"https:\/\/api.w.org\/{rel}","templated":true}]}}