{"id":149,"date":"2015-03-04T15:24:09","date_gmt":"2015-03-04T15:24:09","guid":{"rendered":"http:\/\/nanovea.com\/?page_id=149"},"modified":"2018-11-21T17:56:52","modified_gmt":"2018-11-21T17:56:52","slug":"nano-modulo","status":"publish","type":"page","link":"https:\/\/nanovea.com\/it\/nano-modulo\/","title":{"rendered":"Modulo Nano"},"content":{"rendered":"<div id=\"newslider\" style=\"min-height: auto; overflow: hidden;\">\n<ul>\n<li>\n<div class=\"slider-text\">\n<h2>MODULO NANO<\/h2>\n<p>Forza indipendente, sensori di profondit\u00e0 e<br \/>\nmisurazione continua del carico applicato<br \/>\ndurante le modalit\u00e0 di indentazione, graffio e usura.<\/p>\n<\/div>\n<p><!--<img fetchpriority=\"high\" decoding=\"async\" class=\"alignnone\" src=\"https:\/\/nanovea.com\/wp-content\/uploads\/2015\/04\/slide-nanomodule.jpg\" alt=\"Nanoindenter\" width=\"1033\" height=\"345\" \/>!--><br \/>\n<a href=\"https:\/\/nanovea.com\/wp-content\/uploads\/2018\/11\/Micro-Module-with-Nano-Box.jpg\"><img decoding=\"async\" class=\"alignnone size-full wp-image-4216\" src=\"https:\/\/nanovea.com\/wp-content\/uploads\/2018\/11\/Micro-Module-with-Nano-Box.jpg\" alt=\"\" width=\"1033\" height=\"345\" \/><\/a><\/li>\n<\/ul>\n<\/div>\n<h1><strong>INTRODUZIONE AL MODULO NANO<\/strong><\/h1>\n<p><a href=\"https:\/\/nanovea.com\/mechanical-tester\">Tester Meccanici <\/a>| <a href=\"https:\/\/nanovea.com\/micro-macro-module\">Micro modulo<\/a> | <a href=\"https:\/\/nanovea.com\/application-notes\">Note applicative<\/a><\/p>\n<div class=\"product-pic\"><\/div>\n<div class=\"product-desc\">\n<p align=\"justify\">Progettato con la visione di fornire ai clienti un'elevata precisione con facilit\u00e0 d'uso, longevit\u00e0 e bassi costi di manutenzione; il modulo nano raggiunge questo obiettivo con la sua combinazione unica di attuatore piezo, cella di carico ultra sensibile e un grande anello condensatore di superficie, tutti allineati verticalmente per la massima rigidit\u00e0. L'uso unico di sensori di profondit\u00e0 e di carico indipendenti garantisce un'elevata precisione in tutte le condizioni, ma fornisce anche un eccellente rilevamento del punto di contatto, poich\u00e9 il carico applicato viene misurato direttamente dal sensore indipendente quando il penetratore tocca per la prima volta la superficie. Il modulo fornisce anche un realistico feedback di controllo chiuso utilizzando i dati del sensore di profondit\u00e0 o di carico indipendente. Questa caratteristica \u00e8 essenziale per reagire rapidamente e accuratamente a eventi veloci come durante i test di graffi e usura o quando si verificano fratture durante l'indentazione. La misurazione del carico effettivo applicato assicura anche l'accuratezza durante i test DMA veloci e permette un controllo automatico. La cella di carico ultra sensibile \u00e8 anche facile da calibrare con una bilancia a peso diretto. Pertanto, ogni modulo Nano pu\u00f2 essere calibrato rapidamente dall'utente in meno di 15 minuti per carico, profondit\u00e0 e conformit\u00e0. Questo assicura una precisione costante dei dati nel tempo e da uno strumento all'altro. Nanovea raggiunge questa elevata precisione con alcuni dei migliori livelli di rumore comparativo nel settore.<\/p>\n<p align=\"justify\">Il modulo fornisce test su scala nanometrica durante le modalit\u00e0 di test di indentazione, graffio e usura. Ogni modalit\u00e0 di test fornisce un'ampia gamma di test che possono fornire propriet\u00e0 come la durezza, lo scorrimento, il modulo elastico, le curve sforzo-deformazione, il carico di snervamento, la fatica, la perdita e il modulo di immagazzinamento, la tenacit\u00e0 alla frattura, il tasso di usura, il coefficiente di attrito, la resistenza ai graffi e alle rigature, la deformazione plastica\/elastica e altri test. In combinazione con la tavola motorizzata x-y integrata, si pu\u00f2 testare in punti molto specifici o fare una mappatura completa delle propriet\u00e0 in un'area scelta. Infatti, il design unico del modulo nano con l'attuatore piezoelettrico permette di eseguire indentazioni accurate in meno di 3 secondi rendendo possibile la mappatura in pochi minuti. Il modulo nano \u00e8 ideale per caratterizzare accuratamente rivestimenti o film industriali sottili. Gli esempi includono rivestimenti polimerici sottili per l'industria dei dispositivi medici e vari rivestimenti sottili per l'industria delle lenti solari e ottiche. Un'altra importante applicazione del modulo nano \u00e8 la marcatura delle superfici superiori come le vernici trasparenti utilizzate nell'industria automobilistica e altri rivestimenti protettivi utilizzati su dispositivi portatili come l'elettronica mobile.<\/p>\n<p align=\"justify\">Il modulo Nano \u00e8 stato progettato per un'elevata stabilit\u00e0 termica con una deriva termica non corretta dei dati grezzi di &lt; 0,02 nm\/sec. Ad alta temperatura, il forno fornisce una temperatura uniforme della punta e del campione per una maggiore precisione e livelli inferiori di deriva senza compensazione. Quando viene utilizzato con il forno ad alta temperatura, il modulo Nano \u00e8 progettato con MACOR con materiale a basso coefficiente di espansione termica di &lt; 10-6 \/ \u00b0C . Questo riduce qualsiasi deriva termica ad alta temperatura.<\/p>\n<p><strong>MODALIT\u00c0 DI TEST NANO<\/strong><\/p>\n<p><a href=\"https:\/\/nanovea.com\/nano-indentation-tester\">Nanoindentazione | Nano test di durezza<\/a><strong><br \/>\n<\/strong><\/p>\n<p><a href=\"https:\/\/nanovea.com\/nano-scratch-tester\">Nano Scratch | Test di adesione<\/a><\/p>\n<p><a href=\"https:\/\/nanovea.com\/nano-wear-tester\">Nano Usura | Test Attrito<\/a><\/p>\n<\/div>","protected":false},"excerpt":{"rendered":"<p>NANO MODULE Sensori indipendenti di forza e profondit\u00e0 e misurazione continua del carico applicato durante le modalit\u00e0 di indentazione, graffio e usura. NANO MODULO INTRO Tester meccanici | Micro modulo | Note applicative Progettato con l'obiettivo di fornire ai clienti un'elevata precisione con facilit\u00e0 d'uso, longevit\u00e0 e bassi costi di manutenzione, il nano modulo raggiunge questo obiettivo grazie alla sua [...]<\/p>","protected":false},"author":1,"featured_media":0,"parent":0,"menu_order":0,"comment_status":"open","ping_status":"open","template":"tpl-newslider.php","meta":{"_exactmetrics_skip_tracking":false,"_exactmetrics_sitenote_active":false,"_exactmetrics_sitenote_note":"","_exactmetrics_sitenote_category":0,"footnotes":""},"class_list":["post-149","page","type-page","status-publish","hentry"],"_links":{"self":[{"href":"https:\/\/nanovea.com\/it\/wp-json\/wp\/v2\/pages\/149","targetHints":{"allow":["GET"]}}],"collection":[{"href":"https:\/\/nanovea.com\/it\/wp-json\/wp\/v2\/pages"}],"about":[{"href":"https:\/\/nanovea.com\/it\/wp-json\/wp\/v2\/types\/page"}],"author":[{"embeddable":true,"href":"https:\/\/nanovea.com\/it\/wp-json\/wp\/v2\/users\/1"}],"replies":[{"embeddable":true,"href":"https:\/\/nanovea.com\/it\/wp-json\/wp\/v2\/comments?post=149"}],"version-history":[{"count":22,"href":"https:\/\/nanovea.com\/it\/wp-json\/wp\/v2\/pages\/149\/revisions"}],"predecessor-version":[{"id":4217,"href":"https:\/\/nanovea.com\/it\/wp-json\/wp\/v2\/pages\/149\/revisions\/4217"}],"wp:attachment":[{"href":"https:\/\/nanovea.com\/it\/wp-json\/wp\/v2\/media?parent=149"}],"curies":[{"name":"wp","href":"https:\/\/api.w.org\/{rel}","templated":true}]}}