{"id":101,"date":"2015-03-03T22:09:48","date_gmt":"2015-03-03T22:09:48","guid":{"rendered":"http:\/\/nanovea.com\/?page_id=101"},"modified":"2022-04-22T22:13:09","modified_gmt":"2022-04-22T22:13:09","slug":"misurazione-del-volume-della-superficie","status":"publish","type":"page","link":"https:\/\/nanovea.com\/it\/misurazione-del-volume-della-superficie\/","title":{"rendered":"Misura del volume della superficie"},"content":{"rendered":"<div class=\"wonderpluginslider-container\" id=\"wonderpluginslider-container-23\" style=\"max-width:1035px;margin:0 auto;padding-left:0px;padding-right:0px;padding-top:0px;padding-bottom:0px;\"><div class=\"wonderpluginslider\" id=\"wonderpluginslider-23\" data-sliderid=\"23\" data-width=\"1035\" data-height=\"375\" data-skin=\"cube\" data-autoplay=\"true\" data-randomplay=\"false\" data-loadimageondemand=\"false\" data-transitiononfirstslide=\"false\" data-autoplayvideo=\"false\" data-isresponsive=\"true\" data-fullwidth=\"false\" data-isfullscreen=\"false\" data-ratioresponsive=\"false\" data-showtext=\"true\" data-showtimer=\"false\" data-showbottomshadow=\"false\" data-navshowpreview=\"false\" data-textautohide=\"true\" data-lightboxresponsive=\"true\" data-lightboxshownavigation=\"false\" data-lightboxshowtitle=\"true\" data-lightboxshowdescription=\"false\" data-texteffectresponsive=\"true\" data-donotinit=\"false\" data-addinitscript=\"false\" data-lightboxfullscreenmode=\"false\" data-lightboxcloseonoverlay=\"true\" data-lightboxvideohidecontrols=\"false\" data-lightboxnogroup=\"false\" data-lightboxautoslide=\"false\" data-lightboxshowtimer=\"true\" data-lightboxshowplaybutton=\"true\" data-lightboxalwaysshownavarrows=\"false\" data-lightboxshowtitleprefix=\"true\" data-titleusealt=\"false\" data-outputtext=\"false\" data-scalemode=\"fit\" data-arrowstyle=\"always\" data-transition=\"slide\" data-loop=\"0\" data-border=\"0\" data-slideinterval=\"8000\" data-arrowimage=\"arrows-36-80-0.png\" data-arrowwidth=\"36\" data-arrowheight=\"80\" data-arrowtop=\"50\" data-arrowmargin=\"-18\" data-navstyle=\"bullets\" data-navimage=\"bullet-24-24-1.png\" data-navwidth=\"24\" data-navheight=\"24\" data-navspacing=\"8\" data-navmarginx=\"16\" data-navmarginy=\"16\" data-navposition=\"bottom\" data-playvideoimage=\"playvideo-64-64-0.png\" data-playvideoimagewidth=\"64\" data-playvideoimageheight=\"64\" data-lightboxthumbwidth=\"90\" data-lightboxthumbheight=\"60\" data-lightboxthumbtopmargin=\"12\" data-lightboxthumbbottommargin=\"4\" data-lightboxbarheight=\"64\" data-lightboxtitlebottomcss=\"color:#333; font-size:14px; font-family:Armata,sans-serif,Arial; overflow:hidden; text-align:left;\" data-lightboxdescriptionbottomcss=\"color:#333; font-size:12px; font-family:Arial,Helvetica,sans-serif; overflow:hidden; text-align:left; margin:4px 0px 0px; padding: 0px;\" data-textformat=\"Color box\" data-textpositionstatic=\"bottom\" data-textpositiondynamic=\"topleft\" data-paddingleft=\"0\" data-paddingright=\"0\" data-paddingtop=\"0\" data-paddingbottom=\"0\" data-texteffectresponsivesize=\"640\" data-fadeduration=\"1000\" data-crossfadeduration=\"1000\" data-slideduration=\"1000\" data-elasticduration=\"1000\" data-sliceduration=\"1500\" data-blindsduration=\"1500\" data-blocksduration=\"1500\" data-shuffleduration=\"1500\" data-tilesduration=\"2000\" data-kenburnsduration=\"5000\" data-flipduration=\"1500\" data-flipwithzoomduration=\"2000\" data-threedduration=\"1500\" data-threedhorizontalduration=\"1500\" data-threedwithzoomduration=\"2500\" data-threedhorizontalwithzoomduration=\"2200\" data-threedflipduration=\"1500\" data-threedflipwithzoomduration=\"2000\" data-threedtilesduration=\"2000\" data-threedfallback=\"flip\" data-threedhorizontalfallback=\"flip\" data-threedwithzoomfallback=\"flipwithzoom\" data-threedhorizontalwithzoomfallback=\"flipwithzoom\" data-threedflipfallback=\"flip\" data-threedflipwithzoomfallback=\"flipwithzoom\" data-threedtilesfallback=\"tiles\" data-ratiomediumscreen=\"800\" data-ratiomediumheight=\"1.2\" data-ratiosmallscreen=\"480\" data-ratiosmallheight=\"1.6\" data-lightboxtitlestyle=\"bottom\" data-lightboximagepercentage=\"75\" data-lightboxdefaultvideovolume=\"1\" data-lightboxoverlaybgcolor=\"#000\" data-lightboxoverlayopacity=\"0.9\" data-lightboxbgcolor=\"#fff\" data-lightboxtitleprefix=\"%NUM \/ %TOTAL\" data-lightboxtitleinsidecss=\"color:#fff; font-size:16px; font-family:Arial,Helvetica,sans-serif; overflow:hidden; text-align:left;\" data-lightboxdescriptioninsidecss=\"color:#fff; font-size:12px; font-family:Arial,Helvetica,sans-serif; overflow:hidden; text-align:left; margin:4px 0px 0px; padding: 0px;\" data-lightboxslideinterval=\"5000\" data-lightboxtimerposition=\"bottom\" data-lightboxtimercolor=\"#dc572e\" data-lightboxtimeropacity=\"1\" data-lightboxbordersize=\"8\" data-lightboxborderradius=\"0\" data-textcss=\"display:block; padding:8px 16px; text-align:left;\" data-textbgcss=\"display:none;\" data-titlecss=\"color: #1b96cf;    font-family: &quot;Open Sans&quot;,sans-serif;    font-size: 32px;    font-weight: bold;    line-height: 44px;    margin-bottom: 0;    margin-top: 20px;    text-transform: uppercase;\" data-descriptioncss=\"color: #282828;    font-size: 18px;    line-height: 30px;\" data-buttoncss=\"display:block; position:relative; margin-top:10px;\" data-titlecssresponsive=\"font-size:12px;\" data-descriptioncssresponsive=\"display:none !important;\" data-buttoncssresponsive=\"font-size: 9px !important;width:100%;\" data-jsfolder=\"https:\/\/nanovea.com\/wp-content\/plugins\/wonderplugin-slider-lite\/engine\/\" style=\"display:none;\" ><ul class=\"amazingslider-slides\"  style=\"display:none;\"><li><img decoding=\"async\" class=\"amazingslider-img-elem amazingsliderimg\" src=\"https:\/\/nanovea.com\/wp-content\/uploads\/2015\/04\/volume-2D-3D.jpg\" alt=\"VOLUME | AREA\" title=\"VOLUME | AREA\" data-description=\"Precise measurement with&lt;br \/&gt;a single 2D profile or 3D area\" \/><\/li><li><img decoding=\"async\" class=\"amazingslider-img-elem amazingsliderimg\" src=\"https:\/\/nanovea.com\/wp-content\/uploads\/2015\/04\/volume-large-areas.jpg\" alt=\"VOLUME | AREA\" title=\"VOLUME | AREA\" data-description=\"Accurately measure volume&lt;br \/&gt;across large and rough areas\" \/><\/li><li><img decoding=\"async\" class=\"amazingslider-img-elem amazingsliderimg\" src=\"https:\/\/nanovea.com\/wp-content\/uploads\/2015\/04\/volume-area.jpg\" alt=\"VOLUME | AREA\" title=\"VOLUME | AREA\" data-description=\"Superior ability to compare &amp; &lt;br \/&gt;evaluate surface area\" \/><\/li><\/ul><\/div><\/div>\n<h1><strong>MISURA DEL VOLUME DELLA SUPERFICIE | AREA<\/strong><\/h1>\n<p><a href=\"https:\/\/nanovea.com\/profilometer\">Strumenti per profilometria<\/a> | <a href=\"https:\/\/nanovea.com\/lab-services\/\">Servizi di laboratorio<\/a> | <a href=\"https:\/\/nanovea.com\/chromatic-confocal\">Confocale cromatico<\/a> | <a href=\"https:\/\/nanovea.com\/application-notes\">Note applicative<\/a><\/p>\n<div class=\"product-desc\">\n<p align=\"justify\">La tecnica confocale cromatica fornisce il pi\u00f9 alto livello di accuratezza per la misurazione del volume e dell'area sulla pi\u00f9 ampia gamma di materiali. Questo perch\u00e9 la tecnica \n confocale cromatica misura una lunghezza d'onda fisica diretta legata a un'altezza specifica che garantisce la precisione dei dati. Quasi tutte le superfici dei materiali possono essere misurate, comprese le superfici tessili e quelle altamente corrose, e i pi\u00f9 alti angoli di superficie possono essere misurati senza bisogno di algoritmi. Poich\u00e9 i parametri di prova non hanno effetto sui risultati, i dati ripetibili sono facili da confrontare da campione a campione e da uno strumento all'altro. Con il riconoscimento dei modelli e l'automazione, oltre alle condizioni di passaggio e fallimento e alla comunicazione del database, lo strumento pu\u00f2 essere utilizzato come uno strumento avanzato di controllo della qualit\u00e0.<\/p>\n<p>&nbsp;<\/p>\n<p><strong>Norme: <\/strong><\/p>\n<ul>\n<li>ISO 25178<\/li>\n<li>ISO 4287<\/li>\n<li>ISO 13565<\/li>\n<li>ISO 12085<\/li>\n<li>ISO 12780<\/li>\n<li>ISO 12181<\/li>\n<\/ul>\n<p>&nbsp;<\/p>\n<p align=\"justify\"><strong>Analisi delle misure standard:<\/strong><\/p>\n<ul>\n<li>Volume del vuoto<\/li>\n<li>Volume della collina o della valle<\/li>\n<li>Picco o fossa<\/li>\n<li>Superficie<\/li>\n<li>Profondit\u00e0 massima e minima<\/li>\n<li>Picco pi\u00f9 alto<\/li>\n<\/ul>\n<p>&nbsp;<\/p>\n<p><strong>Caratteristiche del software:<\/strong><\/p>\n<ul>\n<li>Scansioni di linee o aree facilmente definibili<\/li>\n<li>parametri pre salvati<\/li>\n<li>Risoluzione laterale<\/li>\n<li>Esportazione di dati grezzi e immagini<\/li>\n<li>Visualizzazione in tempo reale<\/li>\n<li>Segnalazione automatica<\/li>\n<li>Supporto multilingue<\/li>\n<li>Mappatura<\/li>\n<\/ul>\n<p>&nbsp;<\/p>\n<p align=\"justify\"><strong>Caratteristiche del software di analisi:<\/strong><\/p>\n<ul>\n<li>Filtraggio<\/li>\n<li>Livellamento<\/li>\n<li>Thresholding<\/li>\n<li>Zoom<\/li>\n<li>Strumenti di selezione delle aree e di rimozione delle forme<\/li>\n<li>Funzioni di sottrazione e confronto e molte altre<\/li>\n<\/ul>\n<p>&nbsp;<\/p>\n<p align=\"justify\"><strong>Automazione avanzata:<\/strong><\/p>\n<ul>\n<li>Messa a fuoco automatica (ottica e microscopio), modello di analisi automatica<\/li>\n<li>Macro per la gestione di pi\u00f9 campioni<\/li>\n<li>Facile selezione dell'area sotto il microscopio per il profiling o il test AFM<\/li>\n<li>Doppia frequenza automatica per superfici con riflessi diversi<\/li>\n<li>base rotazionale<\/li>\n<li>Riconoscimento dei modelli<\/li>\n<li>Comunicazioni di database<\/li>\n<li>criteri di approvazione\/fallimento<\/li>\n<li>Sensori di linea per misurazioni fino a 200 volte pi\u00f9 veloci<\/li>\n<\/ul>\n<p>&nbsp;<\/p>\n<p><strong>Porta campioni e condizioni ambientali:<\/strong><\/p>\n<ul>\n<li>Portacampioni personalizzati e standard<\/li>\n<li>Piastra di riscaldamento<\/li>\n<\/ul>\n<p>&nbsp;<\/p>\n<p><strong>Ulteriori misure di superficie:<\/strong><\/p>\n<p><a href=\"https:\/\/nanovea.com\/surface-roughness-measurement\">Misura della rugosit\u00e0 della superficie<\/a><\/p>\n<p><a href=\"https:\/\/nanovea.com\/surface-profile-measurement\">Misurazione del profilo di superficie<\/a><\/p>\n<p><a href=\"https:\/\/nanovea.com\/surface-topography-measurement\">Misurazione della topografia della superficie<\/a><\/p>\n<p><a href=\"https:\/\/nanovea.com\/surface-flatness-measurement\">Misura della planarit\u00e0 della superficie<\/a><\/p>\n<p><a href=\"https:\/\/nanovea.com\/surface-step-height-measurement\">Misura dell'altezza del gradino della superficie<\/a><\/p>\n<p>&nbsp;<\/p>\n<p align=\"justify\">\n<\/div>","protected":false},"excerpt":{"rendered":"<p>MISURA DEL VOLUME SUPERFICIALE | AREA Profilometro Strumenti | Servizi di laboratorio | Confocale cromatico | Note applicative La tecnica confocale cromatica offre il massimo livello di accuratezza per la misura del volume e dell'area sulla pi\u00f9 ampia gamma di materiali. Questo perch\u00e9 la tecnica misura una lunghezza d'onda fisica diretta legata a un'altezza specifica che garantisce l'accuratezza [...]<\/p>","protected":false},"author":1,"featured_media":0,"parent":0,"menu_order":0,"comment_status":"open","ping_status":"open","template":"tpl-newslider.php","meta":{"_exactmetrics_skip_tracking":false,"_exactmetrics_sitenote_active":false,"_exactmetrics_sitenote_note":"","_exactmetrics_sitenote_category":0,"footnotes":""},"class_list":["post-101","page","type-page","status-publish","hentry"],"_links":{"self":[{"href":"https:\/\/nanovea.com\/it\/wp-json\/wp\/v2\/pages\/101","targetHints":{"allow":["GET"]}}],"collection":[{"href":"https:\/\/nanovea.com\/it\/wp-json\/wp\/v2\/pages"}],"about":[{"href":"https:\/\/nanovea.com\/it\/wp-json\/wp\/v2\/types\/page"}],"author":[{"embeddable":true,"href":"https:\/\/nanovea.com\/it\/wp-json\/wp\/v2\/users\/1"}],"replies":[{"embeddable":true,"href":"https:\/\/nanovea.com\/it\/wp-json\/wp\/v2\/comments?post=101"}],"version-history":[{"count":20,"href":"https:\/\/nanovea.com\/it\/wp-json\/wp\/v2\/pages\/101\/revisions"}],"predecessor-version":[{"id":19471,"href":"https:\/\/nanovea.com\/it\/wp-json\/wp\/v2\/pages\/101\/revisions\/19471"}],"wp:attachment":[{"href":"https:\/\/nanovea.com\/it\/wp-json\/wp\/v2\/media?parent=101"}],"curies":[{"name":"wp","href":"https:\/\/api.w.org\/{rel}","templated":true}]}}