{"id":81,"date":"2015-03-02T16:24:24","date_gmt":"2015-03-02T16:24:24","guid":{"rendered":"http:\/\/nanovea.com\/?page_id=81"},"modified":"2021-07-30T21:56:13","modified_gmt":"2021-07-30T21:56:13","slug":"profilometres-applications","status":"publish","type":"page","link":"https:\/\/nanovea.com\/fr\/profilometres-applications\/","title":{"rendered":"Applications des profilom\u00e8tres"},"content":{"rendered":"<div id=\"newslider\" style=\"min-height: auto; overflow: hidden;\">\n<ul>\n<li>\n<div class=\"slider-text\">\n<h2>Profilom\u00e8tres<\/h2>\n<p><!--Applications!-->Mesure de la surface par des moyens sup\u00e9rieurs<br \/>\nProfilom\u00e9trie confocale chromatique<\/p>\n<\/div>\n<p><!--<img decoding=\"async\" src=\"https:\/\/nanovea.com\/wp-content\/uploads\/2015\/04\/slide-profilometer.jpg\" alt=\"Lab Testing\" \/>!--><br \/>\n<img decoding=\"async\" src=\"https:\/\/nanovea.com\/wp-content\/uploads\/2018\/01\/slide-profilometer-1-1.jpg\" alt=\"Tests en laboratoire\" \/><\/li>\n<\/ul>\n<\/div>\n<h1 align=\"justify\"><strong>APPLICATIONS DU PROFILOM\u00c8TRE <\/strong><\/h1>\n<p align=\"justify\"><a href=\"https:\/\/nanovea.com\/profilometer\">Profilom\u00e8tres<\/a> | <a href=\"https:\/\/nanovea.com\/chromatic-confocal\">Technique<\/a> | <a href=\"https:\/\/nanovea.com\/profilometers-optics\">Optique<\/a> | <a href=\"https:\/\/nanovea.com\/application-notes\">Notes d'application<\/a> | <a href=\"https:\/\/nanovea.com\/profilometer-brochure\" target=\"_blank\" rel=\"noopener noreferrer\">T\u00e9l\u00e9charger la brochure<\/a> | <a href=\"https:\/\/nanovea.com\/profilometers-video\" target=\"_blank\" rel=\"noopener noreferrer\">Regarder la vid\u00e9o<\/a><\/p>\n<p>Les profilom\u00e8tres Nanovea mesurent presque tous les mat\u00e9riaux avec une gamme de mesure plus large que n'importe quel autre profilom\u00e8tre. Et de ce fait, pratiquement toute surface peut \u00eatre une application dans des domaines tels que : Bio &amp; Biotechnologie, Mat\u00e9riaux de construction, Produits de consommation, M\u00e9dical, M\u00e9taux, P\u00e9trole &amp; Mines, Optique, Peinture &amp; Rev\u00eatement, Pharmaceutique, Semi-conducteurs\/Electronique\/Solaire, Textiles\/Cuir\/Papier, Outillage &amp; Machines et Transport.<\/p>\n<table border=\"0\" width=\"1016\" cellspacing=\"0\" cellpadding=\"0\">\n<tbody>\n<tr>\n<td width=\"254\">\n<div align=\"center\"><img decoding=\"async\" src=\"https:\/\/nanovea.com\/wp-content\/themes\/wp-nanovea\/images\/images\/app1.jpg\" alt=\"Surfaces \u00e9lectroniques\" width=\"150\" height=\"113\" \/><\/div>\n<\/td>\n<td width=\"254\">\n<div align=\"center\"><img decoding=\"async\" src=\"https:\/\/nanovea.com\/wp-content\/themes\/wp-nanovea\/images\/images\/app2.jpg\" alt=\"Surfaces optiques\" width=\"150\" height=\"113\" \/><\/div>\n<\/td>\n<td width=\"254\">\n<div align=\"center\"><img decoding=\"async\" src=\"https:\/\/nanovea.com\/wp-content\/themes\/wp-nanovea\/images\/images\/app3.jpg\" alt=\"Surfaces automobiles\" width=\"150\" height=\"113\" \/><\/div>\n<\/td>\n<td width=\"254\">\n<div align=\"center\"><img loading=\"lazy\" decoding=\"async\" src=\"https:\/\/nanovea.com\/wp-content\/themes\/wp-nanovea\/images\/images\/app4.jpg\" alt=\"Surfaces usin\u00e9es\" width=\"150\" height=\"113\" \/><\/div>\n<\/td>\n<\/tr>\n<\/tbody>\n<\/table>\n<table border=\"0\" width=\"1016\" cellspacing=\"0\" cellpadding=\"0\">\n<tbody>\n<tr>\n<td width=\"254\">\n<div align=\"center\">\n<p>&nbsp;<\/p>\n<p><img loading=\"lazy\" decoding=\"async\" src=\"https:\/\/nanovea.com\/wp-content\/themes\/wp-nanovea\/images\/images\/app5.jpg\" alt=\"Surfaces pharmaceutiques\" width=\"150\" height=\"113\" \/><\/p>\n<\/div>\n<\/td>\n<td width=\"254\">\n<div align=\"center\">\n<p>&nbsp;<\/p>\n<p><img loading=\"lazy\" decoding=\"async\" src=\"https:\/\/nanovea.com\/wp-content\/themes\/wp-nanovea\/images\/images\/app7.jpg\" alt=\"Surfaces de la p\u00e2te \u00e0 papier\" width=\"150\" height=\"113\" \/><\/p>\n<\/div>\n<\/td>\n<td width=\"254\">\n<div align=\"center\">\n<p>&nbsp;<\/p>\n<p><img loading=\"lazy\" decoding=\"async\" src=\"https:\/\/nanovea.com\/wp-content\/themes\/wp-nanovea\/images\/images\/app12.jpg\" alt=\"Surfaces environnementales\" width=\"150\" height=\"113\" \/><\/p>\n<\/div>\n<\/td>\n<td width=\"254\">\n<div align=\"center\">\n<p>&nbsp;<\/p>\n<p><img loading=\"lazy\" decoding=\"async\" src=\"https:\/\/nanovea.com\/wp-content\/themes\/wp-nanovea\/images\/images\/app6.jpg\" alt=\"Surfaces environnementales\" width=\"150\" height=\"113\" \/><\/p>\n<\/div>\n<\/td>\n<\/tr>\n<\/tbody>\n<\/table>\n<table border=\"0\" width=\"1016\" cellspacing=\"0\" cellpadding=\"0\">\n<tbody>\n<tr>\n<td width=\"254\">\n<div align=\"center\">\n<p>&nbsp;<\/p>\n<p><img loading=\"lazy\" decoding=\"async\" src=\"https:\/\/nanovea.com\/wp-content\/themes\/wp-nanovea\/images\/images\/app9.jpg\" alt=\"Surfaces pharmaceutiques\" width=\"150\" height=\"113\" \/><\/p>\n<\/div>\n<\/td>\n<td width=\"254\">\n<div align=\"center\">\n<p>&nbsp;<\/p>\n<p><img loading=\"lazy\" decoding=\"async\" src=\"https:\/\/nanovea.com\/wp-content\/themes\/wp-nanovea\/images\/images\/app10.jpg\" alt=\"Surfaces de la p\u00e2te \u00e0 papier\" width=\"150\" height=\"113\" \/><\/p>\n<\/div>\n<\/td>\n<td width=\"254\">\n<div align=\"center\">\n<p>&nbsp;<\/p>\n<p><img loading=\"lazy\" decoding=\"async\" src=\"https:\/\/nanovea.com\/wp-content\/themes\/wp-nanovea\/images\/images\/app11.jpg\" alt=\"Surfaces des plaquettes\" width=\"150\" height=\"113\" \/><\/p>\n<\/div>\n<\/td>\n<td width=\"254\">\n<div align=\"center\">\n<p>&nbsp;<\/p>\n<p><img loading=\"lazy\" decoding=\"async\" src=\"https:\/\/nanovea.com\/wp-content\/themes\/wp-nanovea\/images\/images\/app8.jpg\" alt=\"Surfaces environnementales\" width=\"150\" height=\"113\" \/><\/p>\n<\/div>\n<\/td>\n<\/tr>\n<\/tbody>\n<\/table>","protected":false},"excerpt":{"rendered":"<p>Profilometers Surface measurement using superior Chromatic Confocal Profilometry PROFILOMETER APPLICATIONS Profilometers | Technique | Optics | Application Notes | Brochure Download | Watch Video Nanovea Profilometers measure nearly any material with a wider range of measurement than any other Profilometer. And because so, virtually any surface can be an application in fields including: Bio &amp; [&hellip;]<\/p>","protected":false},"author":1,"featured_media":0,"parent":0,"menu_order":0,"comment_status":"open","ping_status":"closed","template":"tpl-newslider.php","meta":{"_exactmetrics_skip_tracking":false,"_exactmetrics_sitenote_active":false,"_exactmetrics_sitenote_note":"","_exactmetrics_sitenote_category":0,"footnotes":""},"class_list":["post-81","page","type-page","status-publish","hentry"],"_links":{"self":[{"href":"https:\/\/nanovea.com\/fr\/wp-json\/wp\/v2\/pages\/81","targetHints":{"allow":["GET"]}}],"collection":[{"href":"https:\/\/nanovea.com\/fr\/wp-json\/wp\/v2\/pages"}],"about":[{"href":"https:\/\/nanovea.com\/fr\/wp-json\/wp\/v2\/types\/page"}],"author":[{"embeddable":true,"href":"https:\/\/nanovea.com\/fr\/wp-json\/wp\/v2\/users\/1"}],"replies":[{"embeddable":true,"href":"https:\/\/nanovea.com\/fr\/wp-json\/wp\/v2\/comments?post=81"}],"version-history":[{"count":18,"href":"https:\/\/nanovea.com\/fr\/wp-json\/wp\/v2\/pages\/81\/revisions"}],"predecessor-version":[{"id":12630,"href":"https:\/\/nanovea.com\/fr\/wp-json\/wp\/v2\/pages\/81\/revisions\/12630"}],"wp:attachment":[{"href":"https:\/\/nanovea.com\/fr\/wp-json\/wp\/v2\/media?parent=81"}],"curies":[{"name":"wp","href":"https:\/\/api.w.org\/{rel}","templated":true}]}}