{"id":632,"date":"2015-04-22T14:24:07","date_gmt":"2015-04-22T14:24:07","guid":{"rendered":"http:\/\/nanovea.com\/?page_id=632"},"modified":"2017-10-26T09:45:02","modified_gmt":"2017-10-26T09:45:02","slug":"inspection-optique-automatisee-intro","status":"publish","type":"page","link":"https:\/\/nanovea.com\/fr\/inspection-optique-automatisee-intro\/","title":{"rendered":"Inspection optique automatis\u00e9e"},"content":{"rendered":"<div id=\"newslider\" style=\"min-height:auto; overflow:hidden;\">\n<ul>\n<li>\n<div class=\"slider-text\">\n<h2>INSPECTION AUTOMATIS\u00c9E<\/h2>\n<p>Sur une plus large gamme de g\u00e9om\u00e9tries et de mat\u00e9riaux <br \/>\nque tout autre syst\u00e8me d'inspection optique.\n<\/div>\n<p><img fetchpriority=\"high\" decoding=\"async\" class=\"alignnone\" src=\"https:\/\/nanovea.com\/wp-content\/uploads\/2015\/11\/slide-automated-inspection.jpg\" alt=\"Inspection optique automatis\u00e9e\" width=\"1033\" height=\"345\" \/><\/li>\n<\/ul>\n<\/div>\n<h1><strong>INSPECTION OPTIQUE AUTOMATIS\u00c9E INTRO<\/strong><\/h1>\n<p align=\"justify\">Nanovea Automated Optical Inspection (AOI) avec des optiques de pointe utilisant une technologie confocale chromatique sup\u00e9rieure. Les mesures (dimensions du profil, rugosit\u00e9, texture de la finition, topographie de la forme, d\u00e9formation de la plan\u00e9it\u00e9, surface du volume, hauteur de la marche, profondeur de l'\u00e9paisseur et autres) sont obtenues automatiquement du nanom\u00e8tre \u00e0 la macro sur une gamme plus large de g\u00e9om\u00e9tries et de mat\u00e9riaux que n'importe quel autre syst\u00e8me d'inspection optique bas\u00e9 sur la vision ou sur le laser. Gr\u00e2ce \u00e0 l'utilisation d'une large gamme de crayons optiques, l'inspection optique peut mesurer avec pr\u00e9cision une gamme infinie d'applications. L'inspection optique Nanovea n'est pas influenc\u00e9e par la r\u00e9flectivit\u00e9 de l'\u00e9chantillon, les variations ne n\u00e9cessitent aucune pr\u00e9paration de l'\u00e9chantillon et ont une capacit\u00e9 avanc\u00e9e \u00e0 mesurer des angles de surface \u00e9lev\u00e9s. Il est facile de mesurer n'importe quel mat\u00e9riau : transparent, opaque, sp\u00e9culaire, diffusif, poli, rugueux, etc. Contrairement \u00e0 d'autres techniques de mesure optique, de grandes surfaces peuvent \u00eatre mesur\u00e9es avec pr\u00e9cision sans aucun assemblage d'images. Les profilom\u00e8tres Nanovea peuvent \u00eatre construits avec des dimensions, des vitesses et des capacit\u00e9s de balayage personnalis\u00e9es, en conformit\u00e9 avec la classe 1 des salles blanches, avec un convoyeur d'indexation et pour une utilisation en ligne ou en ligne. Pour en savoir plus sur les profilom\u00e8tres de table Nanovea <a href=\"https:\/\/nanovea.com\/profilometer\">Profilom\u00e8tres<\/a>. *Pour plus d'informations sur les syst\u00e8mes AOI, contactez directement Nanovea.<\/p>\n<p><strong><br \/>\nINSPECTION OPTIQUE AUTOMATIS\u00c9E<\/strong><br \/>\nDe l'\u00e9chelle nanom\u00e9trique \u00e0 l'\u00e9chelle macroscopique<\/p>\n<table border=\"0\" width=\"1016\" cellspacing=\"0\" cellpadding=\"0\">\n<tbody>\n<tr>\n<td width=\"169\">\n<div align=\"center\"><a href=\"https:\/\/nanovea.com\/surface-roughness\"><img decoding=\"async\" src=\"https:\/\/nanovea.com\/wp-content\/themes\/wp-nanovea\/images\/images\/surface-roughness.jpg\" alt=\"Rugosit\u00e9 de surface Texture Mesure de la finition\" width=\"150\" height=\"113\" \/><\/a><a href=\"https:\/\/nanovea.com\/surface-roughness\">Rugosit\u00e9 Texture Finition<\/a><\/div>\n<\/td>\n<td width=\"169\">\n<div align=\"center\"><a href=\"https:\/\/nanovea.com\/surface-profile\"><img decoding=\"async\" src=\"https:\/\/nanovea.com\/wp-content\/themes\/wp-nanovea\/images\/images\/asphereinspection.jpg\" alt=\"Mesure des dimensions des profils de surface\" width=\"150\" height=\"113\" \/><\/a><a href=\"https:\/\/nanovea.com\/surface-profile\">Profil Dimensionnel<\/a><\/div>\n<\/td>\n<td width=\"169\">\n<div align=\"center\"><a href=\"https:\/\/nanovea.com\/surface-topography-measurement\"><img loading=\"lazy\" decoding=\"async\" src=\"https:\/\/nanovea.com\/wp-content\/themes\/wp-nanovea\/images\/images\/surface-topography.jpg\" alt=\"Topographie de surface Mesure de la forme\" width=\"150\" height=\"113\" \/><\/a><a href=\"https:\/\/nanovea.com\/surface-topography-measurement\">Topographie Forme<\/a><\/div>\n<\/td>\n<td width=\"169\">\n<div align=\"center\"><a href=\"https:\/\/nanovea.com\/surface-flatness-measurement\"><img loading=\"lazy\" decoding=\"async\" src=\"https:\/\/nanovea.com\/wp-content\/themes\/wp-nanovea\/images\/images\/flatnessinspection.jpg\" alt=\"Plan\u00e9it\u00e9 de la surface Mesure de la plan\u00e9it\u00e9 du gauchissement\" width=\"150\" height=\"113\" \/><\/a><a href=\"https:\/\/nanovea.com\/surface-flatness-measurement\">Plan\u00e9it\u00e9 D\u00e9formation Plan\u00e9it\u00e9<\/a><\/div>\n<\/td>\n<td width=\"169\">\n<div align=\"center\"><a href=\"https:\/\/nanovea.com\/surface-volume-measurement\"><img loading=\"lazy\" decoding=\"async\" src=\"https:\/\/nanovea.com\/wp-content\/themes\/wp-nanovea\/images\/images\/surface-volume.jpg\" alt=\"Mesure du volume et de l&#039;aire de la surface\" width=\"150\" height=\"113\" \/><\/a><a href=\"https:\/\/nanovea.com\/surface-volume-measurement\">Volume Surface<\/a><\/div>\n<\/td>\n<td width=\"169\">\n<div align=\"center\"><a href=\"https:\/\/nanovea.com\/surface-step-height-measurement\"><img loading=\"lazy\" decoding=\"async\" src=\"https:\/\/nanovea.com\/wp-content\/themes\/wp-nanovea\/images\/images\/surface-stepheight.jpg\" alt=\"Mesure de la hauteur des marches de la surface\" width=\"150\" height=\"113\" \/><\/a><a href=\"https:\/\/nanovea.com\/surface-step-height-measurement\">Hauteur de marche Profondeur \u00c9paisseur<\/a><\/div>\n<\/td>\n<\/tr>\n<\/tbody>\n<\/table>\n<p><strong><br \/>\nINSPECTION<br \/>\nSYST\u00c8ME ET LOGICIEL<\/strong><\/p>\n<div class=\"product-pic\">\n<p><strong><a><img loading=\"lazy\" decoding=\"async\" src=\"https:\/\/nanovea.com\/wp-content\/themes\/wp-nanovea\/images\/images\/HS1000-.jpg\" alt=\"Profilom\u00e8tre HS1000\" width=\"95\" height=\"95\" align=\"left\" border=\"none\" \/><\/a><\/strong><\/p>\n<\/div>\n<div class=\"product-desc\">\n<p align=\"justify\"><strong>Profilom\u00e8tre HS2000 <\/strong> Inspection optique automatis\u00e9e<br \/>\nInspection optique automatis\u00e9e \u00e0 des vitesses 50 fois sup\u00e9rieures \u00e0 celles de la plupart des syst\u00e8mes d'inspection de sa cat\u00e9gorie. Les vitesses d'inspection peuvent atteindre 1 m\/s et l'acquisition de donn\u00e9es 31 kHz, ce qui permet de r\u00e9aliser des inspections cruciales dans des environnements de production et de contr\u00f4le de la qualit\u00e9 soumis \u00e0 des contraintes de temps. Le HS1000 est fabriqu\u00e9 principalement en granit pour offrir une stabilit\u00e9 sup\u00e9rieure et est livr\u00e9 avec une station de travail en bo\u00eetier en option pour cr\u00e9er un instrument autonome enti\u00e8rement int\u00e9gr\u00e9. Le HS1000 peut \u00e9galement \u00eatre \u00e9quip\u00e9 d'un capteur de ligne \u00e0 180 points pour acc\u00e9l\u00e9rer l'inspection jusqu'\u00e0 180 fois, ce qui donne une vitesse de d\u00e9placement de 1 m\/s et un taux d'acquisition allant jusqu'\u00e0 324 000. C'est l'option id\u00e9ale pour les environnements d'automatisation \u00e0 grande vitesse et de contr\u00f4le de la qualit\u00e9. Des versions optimis\u00e9es du profilom\u00e8tre HS1000 ont \u00e9t\u00e9 con\u00e7ues pour les environnements de production photovolta\u00efque, micro\u00e9lectronique et asph\u00e9rique. Capable de vitesses \u00e9lev\u00e9es, d'acqu\u00e9rir jusqu'\u00e0 31 000 points par seconde et de balayer des zones allant jusqu'\u00e0 1m x 1m. Les mesures peuvent aller de la plan\u00e9it\u00e9 micro\u00e9lectronique \u00e0 la plan\u00e9it\u00e9 des cellules solaires, en passant par la topographie et les dimensions asph\u00e9riques. Disponible en version autonome ou int\u00e9gr\u00e9e en ligne pour l'inspection du contr\u00f4le de la qualit\u00e9.<\/p>\n<p align=\"justify\">- Hi-Speed - Automated - User Friendly Technology - (PRVision) Image Pattern Recognition - Enhanced Granite Structure - Safety Enclosure Workstation - Indexing Conveyor or Inline Integration Option - 31,000 points par seconde et des zones de scan jusqu'\u00e0 1m x 1m pour le contr\u00f4le qualit\u00e9 en ligne.<\/p>\n<\/div>\n<p>&nbsp;<\/p>\n<div class=\"product-pic\">\n<p><strong><a><img loading=\"lazy\" decoding=\"async\" src=\"https:\/\/nanovea.com\/wp-content\/themes\/wp-nanovea\/images\/images\/PRVisionSoftware.jpg\" alt=\"Logiciel Nanovea PRVision\" width=\"95\" height=\"95\" align=\"left\" border=\"none\" \/><\/a><\/strong><\/p>\n<\/div>\n<div class=\"product-desc\">\n<p align=\"justify\"><strong>Logiciel <\/strong>Reconnaissance des formes en 2D et analyse en 3D<em><br \/>\nPRVision<\/em> reconna\u00eetre automatiquement des caract\u00e9ristiques \u00e0 partir d'un fichier image form\u00e9 par l'utilisateur. La surface est scann\u00e9e tout en reconnaissant automatiquement toutes les caract\u00e9ristiques d'int\u00e9r\u00eat, puis elle est mesur\u00e9e automatiquement pour chaque caract\u00e9ristique trouv\u00e9e ou pour quelques-unes choisies par l'utilisateur. <em>PRVision<\/em> peut \u00e9galement \u00eatre utilis\u00e9 pour r\u00e9f\u00e9rencer l'orientation de l'\u00e9chantillon au cours d'une mesure macro, qui corrigera automatiquement les rotations ou les d\u00e9placements cr\u00e9\u00e9s lorsque les \u00e9chantillons sont charg\u00e9s et d\u00e9charg\u00e9s de leur porte-\u00e9chantillon. Cette option permet de r\u00e9duire consid\u00e9rablement le temps d'installation lorsqu'un motif de surface ou plusieurs \u00e9chantillons doivent \u00eatre mesur\u00e9s. Le logiciel Nanovea 3D est le logiciel d'acquisition utilis\u00e9 pour les analyses ult\u00e9rieures. Le logiciel permet \u00e0 l'utilisateur de d\u00e9finir la taille de la zone ou de la ligne \u00e0 mesurer, ainsi que la r\u00e9solution lat\u00e9rale de la mesure. Le logiciel permet \u00e9galement d'obtenir trois vues diff\u00e9rentes de la mesure en temps r\u00e9el : vue en coupe, vue de haut en bas et vue tridimensionnelle. Pour faciliter la recherche et la mesure de petites surfaces, une fonction de recentrage permet \u00e0 l'utilisateur de pointer et de cliquer sur l'image num\u00e9ris\u00e9e afin de recentrer la prochaine num\u00e9risation sur ce point sp\u00e9cifique, ou en utilisant une fonction de pointage et de clic \u00e0 partir d'une cam\u00e9ra vid\u00e9o d\u00e9cal\u00e9e en option. La combinaison de ces deux fonctions permet de d\u00e9tecter automatiquement les caract\u00e9ristiques et les d\u00e9fauts, de m\u00e9moriser leur emplacement et de mesurer cette zone en 3D. Les donn\u00e9es 2D et 3D peuvent \u00eatre utilis\u00e9es pour comparer les dimensions, la forme, la rugosit\u00e9, le volume et bien d'autres choses encore \u00e0 des param\u00e8tres de r\u00e9ussite ou d'\u00e9chec pr\u00e9d\u00e9finis.<\/p>\n<\/div>\n<p style=\"clear: both;\">","protected":false},"excerpt":{"rendered":"<p>AUTOMATED INSPECTION On a wider range of geometries &amp; materials then any other optical inspection system. AUTOMATED OPTICAL INSPECTION INTRO Nanovea Automated Optical Inspection (AOI) with leading edge optics using superior chromatic confocal technology. Nano through macro range is automatically obtained during measurement (Profile Dimension, Roughness Finish Texture, Shape Form Topography, Flatness Warpage, Volume Area, [&hellip;]<\/p>","protected":false},"author":1,"featured_media":0,"parent":0,"menu_order":0,"comment_status":"open","ping_status":"closed","template":"","meta":{"_exactmetrics_skip_tracking":false,"_exactmetrics_sitenote_active":false,"_exactmetrics_sitenote_note":"","_exactmetrics_sitenote_category":0,"footnotes":""},"class_list":["post-632","page","type-page","status-publish","hentry"],"_links":{"self":[{"href":"https:\/\/nanovea.com\/fr\/wp-json\/wp\/v2\/pages\/632","targetHints":{"allow":["GET"]}}],"collection":[{"href":"https:\/\/nanovea.com\/fr\/wp-json\/wp\/v2\/pages"}],"about":[{"href":"https:\/\/nanovea.com\/fr\/wp-json\/wp\/v2\/types\/page"}],"author":[{"embeddable":true,"href":"https:\/\/nanovea.com\/fr\/wp-json\/wp\/v2\/users\/1"}],"replies":[{"embeddable":true,"href":"https:\/\/nanovea.com\/fr\/wp-json\/wp\/v2\/comments?post=632"}],"version-history":[{"count":14,"href":"https:\/\/nanovea.com\/fr\/wp-json\/wp\/v2\/pages\/632\/revisions"}],"predecessor-version":[{"id":9409,"href":"https:\/\/nanovea.com\/fr\/wp-json\/wp\/v2\/pages\/632\/revisions\/9409"}],"wp:attachment":[{"href":"https:\/\/nanovea.com\/fr\/wp-json\/wp\/v2\/media?parent=632"}],"curies":[{"name":"wp","href":"https:\/\/api.w.org\/{rel}","templated":true}]}}