{"id":4072,"date":"2018-11-19T15:38:08","date_gmt":"2018-11-19T15:38:08","guid":{"rendered":"https:\/\/nanovea.com\/?page_id=4072"},"modified":"2021-08-26T21:46:05","modified_gmt":"2021-08-26T21:46:05","slug":"carrieres","status":"publish","type":"page","link":"https:\/\/nanovea.com\/fr\/carrieres\/","title":{"rendered":"Carri\u00e8res"},"content":{"rendered":"<div data-elementor-type=\"wp-post\" data-elementor-id=\"4072\" class=\"elementor elementor-4072\" data-elementor-post-type=\"page\">\n\t\t\t\t\t\t<section class=\"elementor-section elementor-top-section elementor-element elementor-element-31747946 elementor-section-boxed elementor-section-height-default elementor-section-height-default\" data-id=\"31747946\" data-element_type=\"section\">\n\t\t\t\t\t\t<div class=\"elementor-container elementor-column-gap-default\">\n\t\t\t\t\t<div class=\"elementor-column elementor-col-100 elementor-top-column elementor-element elementor-element-3c64fee3\" data-id=\"3c64fee3\" data-element_type=\"column\">\n\t\t\t<div class=\"elementor-widget-wrap elementor-element-populated\">\n\t\t\t\t\t\t<div class=\"elementor-element elementor-element-8bbf40b elementor-widget elementor-widget-text-editor\" data-id=\"8bbf40b\" data-element_type=\"widget\" data-widget_type=\"text-editor.default\">\n\t\t\t\t<div class=\"elementor-widget-container\">\n\t\t\t\t\t\t\t\t\t<h1 style=\"text-align: center;\"><em><strong>Opportunit\u00e9s d'emploi<\/strong><\/em><\/h1>\t\t\t\t\t\t\t\t<\/div>\n\t\t\t\t<\/div>\n\t\t\t\t<div class=\"elementor-element elementor-element-a820cea elementor-tabs-alignment-stretch elementor-tabs-view-horizontal elementor-widget elementor-widget-tabs\" data-id=\"a820cea\" data-element_type=\"widget\" data-widget_type=\"tabs.default\">\n\t\t\t\t<div class=\"elementor-widget-container\">\n\t\t\t\t\t\t\t<div class=\"elementor-tabs\">\n\t\t\t<div class=\"elementor-tabs-wrapper\" role=\"tablist\" >\n\t\t\t\t\t\t\t\t\t<div id=\"elementor-tab-title-1761\" class=\"elementor-tab-title elementor-tab-desktop-title\" aria-selected=\"true\" data-tab=\"1\" role=\"tab\" tabindex=\"0\" aria-controls=\"elementor-tab-content-1761\" aria-expanded=\"false\">\u00c9TATS-UNIS<\/div>\n\t\t\t\t\t\t\t\t\t<div id=\"elementor-tab-title-1762\" class=\"elementor-tab-title elementor-tab-desktop-title\" aria-selected=\"false\" data-tab=\"2\" role=\"tab\" tabindex=\"-1\" aria-controls=\"elementor-tab-content-1762\" aria-expanded=\"false\">MONDIAL<\/div>\n\t\t\t\t\t\t\t<\/div>\n\t\t\t<div class=\"elementor-tabs-content-wrapper\" role=\"tablist\" aria-orientation=\"vertical\">\n\t\t\t\t\t\t\t\t\t<div class=\"elementor-tab-title elementor-tab-mobile-title\" aria-selected=\"true\" data-tab=\"1\" role=\"tab\" tabindex=\"0\" aria-controls=\"elementor-tab-content-1761\" aria-expanded=\"false\">\u00c9TATS-UNIS<\/div>\n\t\t\t\t\t<div id=\"elementor-tab-content-1761\" class=\"elementor-tab-content elementor-clearfix\" data-tab=\"1\" role=\"tabpanel\" aria-labelledby=\"elementor-tab-title-1761\" tabindex=\"0\" hidden=\"false\"><div id=\"BambooHR\" data-domain=\"nanovea.bamboohr.com\" data-version=\"1.0.0\" data-departmentid=\"\"><\/div><script src=\"https:\/\/nanovea.bamboohr.com\/js\/embed.js\" type=\"text\/javascript\" async defer><\/script><\/div>\n\t\t\t\t\t\t\t\t\t<div class=\"elementor-tab-title elementor-tab-mobile-title\" aria-selected=\"false\" data-tab=\"2\" role=\"tab\" tabindex=\"-1\" aria-controls=\"elementor-tab-content-1762\" aria-expanded=\"false\">MONDIAL<\/div>\n\t\t\t\t\t<div id=\"elementor-tab-content-1762\" class=\"elementor-tab-content elementor-clearfix\" data-tab=\"2\" role=\"tabpanel\" aria-labelledby=\"elementor-tab-title-1762\" tabindex=\"0\" hidden=\"hidden\"><p><div class=\"job_listings\" data-location=\"\" data-keywords=\"\" data-show_filters=\"false\" data-show_pagination=\"false\" data-per_page=\"10\" data-orderby=\"featured\" data-order=\"DESC\" data-categories=\"\" data-disable-form-state-storage=\"\" data-featured_first=\"false\" data-post_id=\"4072\" ><ul class=\"job_listings\">\n<li class=\"post-15707 job_listing type-job_listing status-publish has-post-thumbnail hentry job-type-full-time\" data-longitude=\"\" data-latitude=\"\">\n\t<a href=\"http:\/\/nanovea.com\/ko\/job\/%ea%b8%b0%ec%88%a0-%ec%98%81%ec%97%85-%ec%a7%80%ec%9b%90-%ec%97%94%ec%a7%80%eb%8b%88%ec%96%b4\/\">\n\t\t<img decoding=\"async\" class=\"company_logo\" src=\"https:\/\/nanovea.com\/wp-content\/uploads\/2020\/07\/Nanovea-square.png\" alt=\"NANOVEA SRL\" \/>\t\t<div class=\"position\">\n\t\t\t<h3>ING\u00c9NIEUR SUPPORT TECHNIQUE DES VENTES<\/h3>\n\t\t\t<div class=\"company\">\n\t\t\t\t<strong>NANOVEA SRL<\/strong> \t\t\t\t\t\t\t<\/div>\n\t\t<\/div>\n\t\t<div class=\"location\">\n\t\t\tTurin, Italie\t\t<\/div>\n\t\t<ul class=\"meta\">\n\t\t\t\n\t\t\t\t\t\t\t\t\t\t\t\t\t\t\t\t<li class=\"job-type full-time\">Temps plein<\/li>\n\t\t\t\t\t\t\t\n\t\t\t<li class=\"date\"><time datetime=\"2021-10-06\">\uc5d0 \uac8c\uc2dc\ub428 10\uc6d4 6, 2021<\/time><\/li>\n\n\t\t\t\t\t<\/ul>\n\t<\/a>\n<\/li>\n<li class=\"post-9241 job_listing type-job_listing status-publish has-post-thumbnail hentry job-type-full-time\" data-longitude=\"\" data-latitude=\"\">\n\t<a href=\"http:\/\/nanovea.com\/ko\/job\/%ec%98%81%ec%97%85-%ec%9d%91%ec%9a%a9-%ec%97%94%ec%a7%80%eb%8b%88%ec%96%b4-%eb%a9%95%ec%8b%9c%ec%bd%94\/\">\n\t\t<img decoding=\"async\" class=\"company_logo\" src=\"https:\/\/nanovea.com\/wp-content\/uploads\/2020\/07\/Nanovea-square.png\" alt=\"NANOVEA INC\" \/>\t\t<div class=\"position\">\n\t\t\t<h3>ING\u00c9NIEUR D'APPLICATIONS COMMERCIALES<\/h3>\n\t\t\t<div class=\"company\">\n\t\t\t\t<strong>NANOVEA INC<\/strong> \t\t\t\t\t\t\t<\/div>\n\t\t<\/div>\n\t\t<div class=\"location\">\n\t\t\tMexico\t\t<\/div>\n\t\t<ul class=\"meta\">\n\t\t\t\n\t\t\t\t\t\t\t\t\t\t\t\t\t\t\t\t<li class=\"job-type full-time\">Temps plein<\/li>\n\t\t\t\t\t\t\t\n\t\t\t<li class=\"date\"><time datetime=\"2020-09-15\">\uc5d0 \uac8c\uc2dc\ub428 9\uc6d4 15, 2020<\/time><\/li>\n\n\t\t\t\t\t<\/ul>\n\t<\/a>\n<\/li>\n<\/ul>\n<\/div><\/p><\/div>\n\t\t\t\t\t\t\t<\/div>\n\t\t<\/div>\n\t\t\t\t\t\t<\/div>\n\t\t\t\t<\/div>\n\t\t\t\t\t<\/div>\n\t\t<\/div>\n\t\t\t\t\t<\/div>\n\t\t<\/section>\n\t\t\t\t<section class=\"elementor-section elementor-top-section elementor-element elementor-element-e54feb5 elementor-section-boxed elementor-section-height-default elementor-section-height-default\" data-id=\"e54feb5\" data-element_type=\"section\">\n\t\t\t\t\t\t<div class=\"elementor-container elementor-column-gap-default\">\n\t\t\t\t\t<div class=\"elementor-column elementor-col-100 elementor-top-column elementor-element elementor-element-c75c3c4\" data-id=\"c75c3c4\" data-element_type=\"column\">\n\t\t\t<div class=\"elementor-widget-wrap elementor-element-populated\">\n\t\t\t\t\t\t<div class=\"elementor-element elementor-element-3e5fbe7 elementor-widget elementor-widget-heading\" data-id=\"3e5fbe7\" data-element_type=\"widget\" data-widget_type=\"heading.default\">\n\t\t\t\t<div class=\"elementor-widget-container\">\n\t\t\t\t\t<h2 class=\"elementor-heading-title elementor-size-default\">VOUS AVEZ DES QUESTIONS ?<\/h2>\t\t\t\t<\/div>\n\t\t\t\t<\/div>\n\t\t\t\t<div class=\"elementor-element elementor-element-438ea80 elementor-align-center careers-contact-hr elementor-widget elementor-widget-button\" data-id=\"438ea80\" data-element_type=\"widget\" data-widget_type=\"button.default\">\n\t\t\t\t<div class=\"elementor-widget-container\">\n\t\t\t\t\t\t\t\t\t<div class=\"elementor-button-wrapper\">\n\t\t\t\t\t<a class=\"elementor-button elementor-button-link elementor-size-md\" href=\"#elementor-action%3Aaction%3Dpopup%3Aopen%26settings%3DeyJpZCI6IjEzMjM1IiwidG9nZ2xlIjpmYWxzZX0%3D\" id=\"careers-contact-hr\">\n\t\t\t\t\t\t<span class=\"elementor-button-content-wrapper\">\n\t\t\t\t\t\t\t\t\t<span class=\"elementor-button-text\">CONTACT HR<\/span>\n\t\t\t\t\t<\/span>\n\t\t\t\t\t<\/a>\n\t\t\t\t<\/div>\n\t\t\t\t\t\t\t\t<\/div>\n\t\t\t\t<\/div>\n\t\t\t\t\t<\/div>\n\t\t<\/div>\n\t\t\t\t\t<\/div>\n\t\t<\/section>\n\t\t\t\t<\/div>","protected":false},"excerpt":{"rendered":"<p>Offres d'emploi \u00c9TATS-UNIS MONDIAL \u00c9TATS-UNIS MONDIAL ING\u00c9NIEUR EN APPLICATIONS COMMERCIALES NANOVEA INC Mexique Temps plein Post\u00e9 le APPLICATIONS COMMERCIALES ING\u00c9NIEUR NANOVEA SRL Turin, ITALIE Temps plein Post\u00e9 le QUESTIONS ? CONTACTEZ LES RH<\/p>","protected":false},"author":1,"featured_media":0,"parent":0,"menu_order":0,"comment_status":"closed","ping_status":"closed","template":"","meta":{"_exactmetrics_skip_tracking":false,"_exactmetrics_sitenote_active":false,"_exactmetrics_sitenote_note":"","_exactmetrics_sitenote_category":0,"footnotes":""},"class_list":["post-4072","page","type-page","status-publish","hentry"],"_links":{"self":[{"href":"https:\/\/nanovea.com\/fr\/wp-json\/wp\/v2\/pages\/4072","targetHints":{"allow":["GET"]}}],"collection":[{"href":"https:\/\/nanovea.com\/fr\/wp-json\/wp\/v2\/pages"}],"about":[{"href":"https:\/\/nanovea.com\/fr\/wp-json\/wp\/v2\/types\/page"}],"author":[{"embeddable":true,"href":"https:\/\/nanovea.com\/fr\/wp-json\/wp\/v2\/users\/1"}],"replies":[{"embeddable":true,"href":"https:\/\/nanovea.com\/fr\/wp-json\/wp\/v2\/comments?post=4072"}],"version-history":[{"count":60,"href":"https:\/\/nanovea.com\/fr\/wp-json\/wp\/v2\/pages\/4072\/revisions"}],"predecessor-version":[{"id":25825,"href":"https:\/\/nanovea.com\/fr\/wp-json\/wp\/v2\/pages\/4072\/revisions\/25825"}],"wp:attachment":[{"href":"https:\/\/nanovea.com\/fr\/wp-json\/wp\/v2\/media?parent=4072"}],"curies":[{"name":"wp","href":"https:\/\/api.w.org\/{rel}","templated":true}]}}