{"id":2271,"date":"2016-01-25T17:33:58","date_gmt":"2016-01-25T17:33:58","guid":{"rendered":"http:\/\/nanovea.com\/?page_id=2271"},"modified":"2018-11-20T17:18:34","modified_gmt":"2018-11-20T17:18:34","slug":"publications","status":"publish","type":"page","link":"https:\/\/nanovea.com\/fr\/publications\/","title":{"rendered":"Publications"},"content":{"rendered":"<p><strong>PUBLICATIONS<br \/>\n<\/strong><\/p>\n<p>Nanovea continue de faire progresser les technologies de mesure et de recherche sur les surfaces. Plus de 250 articles de recherche utilisant les instruments Nanovea ont \u00e9t\u00e9 publi\u00e9s dans des revues \u00e0 comit\u00e9 de lecture. Vous trouverez ci-dessous une liste s\u00e9lectionn\u00e9e de ces articles. Veuillez consulter <a href=\"https:\/\/nanovea.com\/request-form\" target=\"_blank\" rel=\"noopener noreferrer\">contacter<\/a> Nanovea pour une liste compl\u00e8te des publications.<\/p>\n<table style=\"width: 100%;\" border=\"0\">\n<tbody>\n<tr>\n<td style=\"width: 25%; vertical-align: top; padding-right: 10px;\" height=\"152\"><strong><br \/>\nPROFILOMETRE<\/strong><\/p>\n<ul>\n<li><a href=\"https:\/\/www.sciencedirect.com\/science\/article\/pii\/S0921509310007318\">Microstructure et propri\u00e9t\u00e9s d'usure des composites WC-12%Co d\u00e9pos\u00e9s au laser<\/a>Science et g\u00e9nie des mat\u00e9riaux : A 527, 24-25, 6677-6682<\/li>\n<li><a href=\"https:\/\/www.sciencedirect.com\/science\/article\/pii\/S0169433213021879\">Influence du processus de meulage \u00e0 la meule diamant\u00e9e sur la micro-topographie de la surface et les propri\u00e9t\u00e9s du composite SiO2\/SiO2<\/a>Applied Surface Science 292, 181-189<\/li>\n<li><a href=\"https:\/\/www.sciencedirect.com\/science\/article\/pii\/S0043164813001841\">Rugosit\u00e9 de surface et taux d'\u00e9rosion des canaux micro-usin\u00e9s par jet d'abrasif : Exp\u00e9riences et mod\u00e8le analytique<\/a>, Wear 303, 1-2, 138-145<\/li>\n<li><a href=\"https:\/\/www.sciencedirect.com\/science\/article\/pii\/S0008622310009425\">Rev\u00eatements composites superhydrophobes stables r\u00e9alis\u00e9s \u00e0 partir d'une dispersion aqueuse de nanotubes de carbone et d'un polym\u00e8re fluor\u00e9<\/a>, Carbone 49, 5, 1769-1774<\/li>\n<li><a href=\"https:\/\/www.sciencedirect.com\/science\/article\/pii\/S1359645410003605\">Rev\u00eatements nanocomposites VN\/Ag adaptatifs \u00e0 comportement lubrifiant de 25 \u00e0 1000 \u00b0C<\/a>Acta Materialia 58, 16, 5326-5331.<\/li>\n<li><a href=\"https:\/\/www.sciencedirect.com\/science\/article\/pii\/S0257897208006749\">Texturation de surface pour la lubrification solide adaptative<\/a>Technologie des surfaces et des rev\u00eatements 203, 1-2, 73-79<\/li>\n<li><a href=\"https:\/\/dx.doi.org\/10.1002\/jbm.a.32952\">Rev\u00eatement vitreux \u00e0 base d'aluminium projet\u00e9 \u00e0 froid : Synth\u00e8se, propri\u00e9t\u00e9s d'usure et de corrosion<\/a>Technologie des surfaces et des rev\u00eatements 232, 33-40<\/li>\n<li><a href=\"https:\/\/www.sciencedirect.com\/science\/article\/pii\/S0043164810001183\">Rev\u00eatements nanocomposites CrN-Ag : R\u00e9ponse tribologique \u00e0 haute temp\u00e9rature<\/a>, Wear 269, 1-2, 125-131<\/li>\n<li><a href=\"https:\/\/www.sciencedirect.com\/science\/article\/pii\/S0008622312003958\">Synth\u00e8se et propri\u00e9t\u00e9s des nanoplaquettes de graph\u00e8ne en vrac consolid\u00e9es par frittage par plasma d'\u00e9tincelles<\/a>, Carbon 50, 11, 4068-4077<\/li>\n<li><a href=\"https:\/\/www.sciencedirect.com\/science\/article\/pii\/S0257897211000818\">Synth\u00e8se in-situ de rev\u00eatements composites TiC\/SiC\/Ti3SiC2 par frittage par plasma d'\u00e9tincelles<\/a>Surface and Coatings Technology 205, 13-14, 3840-3846<\/li>\n<\/ul>\n<div id=\"stcpDiv\"><\/div>\n<\/td>\n<td style=\"width: 25%; vertical-align: top; padding-right: 10px;\"><strong><br \/>\nTESTEUR M\u00c9CANIQUE<\/strong><\/p>\n<ul>\n<li><a href=\"https:\/\/www.sciencedirect.com\/science\/article\/pii\/S0010938X14005952\">Protection contre l'oxydation des composites carbone\/carbone par un nouveau rev\u00eatement c\u00e9ramique SiC-Si renforc\u00e9 par des nanorubans de SiC<\/a>Corrosion Science 92, 272-279<\/li>\n<li><a href=\"https:\/\/www.sciencedirect.com\/science\/article\/pii\/S0257897213009389\">Caract\u00e9risation et propri\u00e9t\u00e9s m\u00e9caniques des rev\u00eatements duplex produits sur l'acier par d\u00e9p\u00f4t par \u00e9lectro-\u00e9tincelle et oxydation par micro-arc<\/a>, Technologie des surfaces et des rev\u00eatements 236, 303-308<\/li>\n<li><a href=\"https:\/\/www.sciencedirect.com\/science\/article\/pii\/S0169433212014821\">Caract\u00e9risation et propri\u00e9t\u00e9s m\u00e9caniques des rev\u00eatements sur magn\u00e9sium par oxydation \u00e0 l'arc micro<\/a>Applied Surface Science 261, 774-782<\/li>\n<li><a href=\"https:\/\/www.sciencedirect.com\/science\/article\/pii\/B9780127999470000134\">Chapitre 13 - Pulv\u00e9risation par induction de plasma de rev\u00eatements d'hydroxyapatite nanocristalline obtenus sur des implants intra-osseux en titane<\/a>Handbook of Nanoceramic and Nanocomposite Coatings and Materials (Manuel des rev\u00eatements et mat\u00e9riaux nanoc\u00e9ramiques et nanocomposites) 293-317<\/li>\n<li><a href=\"https:\/\/www.sciencedirect.com\/science\/article\/pii\/S0921509315004165\">Caract\u00e9ristiques m\u00e9tallurgiques et transition des modes de d\u00e9faillance pour les soudures par points \u00e0 r\u00e9sistance dissemblable entre des t\u00f4les d'acier \u00e0 faible teneur en carbone \u00e0 grains ultrafins et \u00e0 gros grains.<\/a>Science et g\u00e9nie des mat\u00e9riaux : A 637, 42360<\/li>\n<li><a href=\"https:\/\/dx.doi.org\/10.1111\/jace.12621\">Corr\u00e9lations entre la microstructure et les propri\u00e9t\u00e9s m\u00e9caniques des rev\u00eatements de barri\u00e8re thermique projet\u00e9s par plasma d'air et expos\u00e9s \u00e0 une temp\u00e9rature \u00e9lev\u00e9e<\/a>Journal of the American Ceramic Society 96, 12, 3901-3907.<\/li>\n<li><a href=\"https:\/\/link.springer.com\/article\/10.1007\/s10570-012-9659-7\">Influence de la concentration en silicate de sodium sur les propri\u00e9t\u00e9s structurelles et tribologiques des rev\u00eatements obtenus par oxydation au micro-arc sur un substrat en alliage d'aluminium 2017A<\/a>Journal of Alloys and Compounds 504, 2, 519-526.<\/li>\n<li><a href=\"https:\/\/www.sciencedirect.com\/science\/article\/pii\/S025789721400108X\">D\u00e9p\u00f4t par HIPIMS de films de TiAlN sur la paroi interne de micro-dies et son applicabilit\u00e9 dans le formage de micro-feuilles m\u00e9talliques<\/a>Technologie des surfaces et des rev\u00eatements 250, 44-51<\/li>\n<li><a href=\"https:\/\/www.sciencedirect.com\/science\/article\/pii\/S0257897215005009\">\u00c9tude des propri\u00e9t\u00e9s mat\u00e9rielles et tribologiques des films lubrifiants solides Sb2O3\/MoS2 dop\u00e9s \u00e0 l'aluminium dans des conditions de glissement et de roulement dans diff\u00e9rents environnements.<\/a>Surface and Coatings Technology, sous presse<\/li>\n<li><a href=\"https:\/\/www.sciencedirect.com\/science\/article\/pii\/S0257897210000265\">L'influence de la conformit\u00e9 du rev\u00eatement sur la d\u00e9lamination des rev\u00eatements de barri\u00e8re thermique<\/a>, Surface and Coatings Technology 204, 15, 2432-2441<\/li>\n<li><a href=\"https:\/\/doi.org\/10.1088\/1402-4896\/aa9292\">\u00c9tude comparative des propri\u00e9t\u00e9s m\u00e9caniques de diff\u00e9rents mat\u00e9riaux en tungst\u00e8ne pour les applications de fusion<\/a>S Krimpalis et al 2017 Phys. Scr. 2017 014068<\/li>\n<\/ul>\n<\/td>\n<td style=\"width: 25%; vertical-align: top; padding-right: 10px;\" colspan=\"2\"><strong><br \/>\nTRIBOM\u00c8TRE<\/strong><\/p>\n<ul>\n<li><a href=\"https:\/\/link.springer.com\/article\/10.1007\/s11666-011-9669-2\">Comportement \u00e0 l'usure d'un rev\u00eatement d'oxyde d'aluminium renforc\u00e9 par des nanotubes de carbone pulv\u00e9ris\u00e9s par plasma dans des environnements marins et \u00e0 haute temp\u00e9rature<\/a>Journal of Thermal Spray Technology 20, 6, 1217-1230.<\/li>\n<li><a href=\"https:\/\/www.sciencedirect.com\/science\/article\/pii\/S0257897209009748\">Comportement tribologique \u00e0 temp\u00e9rature interm\u00e9diaire d'un rev\u00eatement d'oxyde d'aluminium projet\u00e9 par plasma et renforc\u00e9 par des nanotubes de carbone<\/a>, Surface and Coatings Technology 204, 11, 1847-1855<\/li>\n<li><a href=\"https:\/\/www.sciencedirect.com\/science\/article\/pii\/S1742706109001330\">Rev\u00eatement de Zr\/ZrO2 sur Ti assist\u00e9 par laser pour les implants porteurs de charge<\/a>Acta Biomaterialia 5, 7, 2800-2809.<\/li>\n<li><a href=\"https:\/\/www.sciencedirect.com\/science\/article\/pii\/S0008622310003143\">Hydroxyapatite renforc\u00e9e par des nanotubes de carbone par frittage au plasma : \u00c9volution microstructurale et propri\u00e9t\u00e9s tribologiques multi-\u00e9chelles<\/a>, Carbone 48, 11, 3103-3120<\/li>\n<li><a href=\"https:\/\/www.sciencedirect.com\/science\/article\/pii\/S1359646210003003\">Traitement au laser d'un rev\u00eatement renforc\u00e9 de particules de SiC sur du titane<\/a>Scripta Materialia 63, 4, 438-441.<\/li>\n<li><a href=\"https:\/\/www.sciencedirect.com\/science\/article\/pii\/S0928493110001724\">Taux d'usure in vitro et lib\u00e9ration d'ions de Co des structures de CoCrMo-Ti6Al4V \u00e0 composition et \u00e0 structure gradu\u00e9es<\/a>Science et g\u00e9nie des mat\u00e9riaux : C 31, 4, 809-814<\/li>\n<li><a href=\"https:\/\/www.sciencedirect.com\/science\/article\/pii\/S0043164813004717\">Microstructure et propri\u00e9t\u00e9s tribologiques d'un alliage Tribaloy trait\u00e9 en solution<\/a>, Wear 307, 1-2, 22-27<\/li>\n<li><a href=\"https:\/\/www.sciencedirect.com\/science\/article\/pii\/S0040609009003216\">Croissance, structure et comportement de frottement de films minces nanocomposites de disulfure de tungst\u00e8ne dop\u00e9 au titane (Ti-WS2)<\/a>, Thin Solid Films 517, 19, 5666-5675<\/li>\n<li><a href=\"https:\/\/www.sciencedirect.com\/science\/article\/pii\/S0008622309006381\">Synth\u00e8se d'un rev\u00eatement d'oxyde d'aluminium avec un renforcement de nanotubes de carbone produit par d\u00e9p\u00f4t chimique en phase vapeur pour une meilleure r\u00e9sistance \u00e0 la rupture et \u00e0 l'usure<\/a>, Carbone 48, 2, 431-442<\/li>\n<li><a href=\"https:\/\/dx.doi.org\/10.1111\/j.1551-2916.2010.04345.x\">\u00c9valuation de l'efficacit\u00e9 de la technique de l'indentation hertzienne pour la d\u00e9termination de la r\u00e9sistance \u00e0 la rupture des mat\u00e9riaux fragiles<\/a>Journal of the American Ceramic Society 94, 7, 2153-2161.<\/li>\n<li><a href=\"https:\/\/www.nature.com\/nature\/journal\/v536\/n7614\/pdf\/nature18948.pdf\">Tribofilms \u00e0 base de carbone provenant d'huiles lubrifiantes<\/a>Nature 536, 67-71<\/li>\n<\/ul>\n<\/td>\n<\/tr>\n<\/tbody>\n<\/table>\n<p>&nbsp;<\/p>\n<p>&nbsp;<\/p>","protected":false},"excerpt":{"rendered":"<p>PUBLICATIONS Nanovea continue \u00e0 faire progresser la technologie de mesure et de recherche sur les surfaces. Plus de 250 articles de recherche pr\u00e9sentant les instruments Nanovea ont \u00e9t\u00e9 publi\u00e9s dans des revues \u00e0 comit\u00e9 de lecture. Vous trouverez ci-dessous une liste s\u00e9lectionn\u00e9e de ces articles. Veuillez contacter Nanovea pour une liste compl\u00e8te des publications. PROFILOMETRE Microstructure et propri\u00e9t\u00e9s d'usure des composites WC-12%Co d\u00e9pos\u00e9s au laser, Science et g\u00e9nie des mat\u00e9riaux : [...]<\/p>","protected":false},"author":1,"featured_media":0,"parent":0,"menu_order":0,"comment_status":"closed","ping_status":"closed","template":"","meta":{"_exactmetrics_skip_tracking":false,"_exactmetrics_sitenote_active":false,"_exactmetrics_sitenote_note":"","_exactmetrics_sitenote_category":0,"footnotes":""},"class_list":["post-2271","page","type-page","status-publish","hentry"],"_links":{"self":[{"href":"https:\/\/nanovea.com\/fr\/wp-json\/wp\/v2\/pages\/2271","targetHints":{"allow":["GET"]}}],"collection":[{"href":"https:\/\/nanovea.com\/fr\/wp-json\/wp\/v2\/pages"}],"about":[{"href":"https:\/\/nanovea.com\/fr\/wp-json\/wp\/v2\/types\/page"}],"author":[{"embeddable":true,"href":"https:\/\/nanovea.com\/fr\/wp-json\/wp\/v2\/users\/1"}],"replies":[{"embeddable":true,"href":"https:\/\/nanovea.com\/fr\/wp-json\/wp\/v2\/comments?post=2271"}],"version-history":[{"count":7,"href":"https:\/\/nanovea.com\/fr\/wp-json\/wp\/v2\/pages\/2271\/revisions"}],"predecessor-version":[{"id":4148,"href":"https:\/\/nanovea.com\/fr\/wp-json\/wp\/v2\/pages\/2271\/revisions\/4148"}],"wp:attachment":[{"href":"https:\/\/nanovea.com\/fr\/wp-json\/wp\/v2\/media?parent=2271"}],"curies":[{"name":"wp","href":"https:\/\/api.w.org\/{rel}","templated":true}]}}