{"id":220,"date":"2015-03-04T17:51:07","date_gmt":"2015-03-04T17:51:07","guid":{"rendered":"http:\/\/nanovea.com\/?page_id=220"},"modified":"2021-07-30T21:34:11","modified_gmt":"2021-07-30T21:34:11","slug":"tribometre-applications","status":"publish","type":"page","link":"https:\/\/nanovea.com\/fr\/tribometre-applications\/","title":{"rendered":"Applications des tribom\u00e8tres"},"content":{"rendered":"<div id=\"newslider\" style=\"min-height:auto; overflow:hidden;\">\n<ul>\n<li>\n<div class=\"slider-text\">\n<h2>TRIBOM\u00c8TRES<\/h2>\n<p>Essai de frottement d'usure avec contr\u00f4le pr\u00e9cis de la vitesse\n<\/p><\/div>\n<p><!--<img decoding=\"async\" src=\"https:\/\/nanovea.com\/wp-content\/uploads\/2015\/04\/slide-tapplications.jpg\" alt=\"\" \/>!--><br \/>\n<img decoding=\"async\" src=\"https:\/\/nanovea.com\/wp-content\/uploads\/2018\/01\/app-tribo.jpg\" alt=\"\" \/>\n<\/li>\n<\/ul>\n<\/div>\n<h1 align=\"justify\"><strong>APPLICATIONS DES TRIBOM\u00c8TRES<\/strong><\/h1>\n<p align=\"justify\"><a href=\"https:\/\/nanovea.com\/tribometers\">Tribom\u00e8tres<\/a> | <a href=\"https:\/\/nanovea.com\/rotative-wear-test\">Rotatif<\/a> | <a href=\"https:\/\/nanovea.com\/linear-wear-test\">Lin\u00e9aire<\/a> | <a href=\"https:\/\/nanovea.com\/tribometer-optics\"> Optique<\/a> | <a href=\"https:\/\/nanovea.com\/application-notes\">Notes d'application<\/a> | <a href=\"https:\/\/nanovea.com\/tribometer-brochure\" target=\"_blank\" rel=\"noopener\">Tribom\u00e8tres T\u00e9l\u00e9charger<\/a> | <a href=\"https:\/\/nanovea.com\/tribometers-video\" target=\"_blank\" rel=\"noopener\">Regarder la vid\u00e9o<\/a><\/p>\n<p>Les tribom\u00e8tres Nanovea mesurent le frottement d'usure rotatif et lin\u00e9aire sur un seul syst\u00e8me, avec des options de contr\u00f4le de la temp\u00e9rature, de l'atomosph\u00e8re et des liquides. La tribologie est une \u00e9tude importante dans presque toutes les industries, y compris : L'automobile, l'a\u00e9rospatiale, la m\u00e9tallurgie, l'usinage, les rev\u00eatements, l'industrie pharmaceutique, le biom\u00e9dical, l'environnement et bien d'autres.<\/p>\n<table border=\"0\" width=\"1016\" cellspacing=\"0\" cellpadding=\"0\">\n<tbody>\n<tr>\n<td width=\"254\">\n<div align=\"center\"><img decoding=\"async\" src=\"https:\/\/nanovea.com\/wp-content\/themes\/wp-nanovea\/images\/images\/app4.jpg\" alt=\"Surfaces usin\u00e9es\" width=\"150\" height=\"113\" \/><\/div>\n<\/td>\n<td width=\"254\">\n<div align=\"center\"><img decoding=\"async\" src=\"https:\/\/nanovea.com\/wp-content\/themes\/wp-nanovea\/images\/images\/app15.jpg\" alt=\"Surfaces optiques\" width=\"150\" height=\"113\" \/><\/div>\n<\/td>\n<td width=\"254\">\n<div align=\"center\"><img decoding=\"async\" class=\"alignnone\" src=\"https:\/\/nanovea.com\/wp-content\/themes\/wp-nanovea\/images\/images\/app7.jpg\" alt=\"Surfaces de papier\" width=\"150\" height=\"113\" \/><\/div>\n<\/td>\n<td width=\"254\">\n<div align=\"center\"><img loading=\"lazy\" decoding=\"async\" class=\"alignnone\" src=\"https:\/\/nanovea.com\/wp-content\/themes\/wp-nanovea\/images\/images\/app16.jpg\" alt=\"Surfaces pharmaceutiques\" width=\"150\" height=\"113\" \/><\/div>\n<\/td>\n<\/tr>\n<\/tbody>\n<\/table>\n<table border=\"0\" width=\"1016\" cellspacing=\"0\" cellpadding=\"0\">\n<tbody>\n<tr>\n<td width=\"254\">\n<div align=\"center\">\n<p>&nbsp;<\/p>\n<p><img loading=\"lazy\" decoding=\"async\" src=\"https:\/\/nanovea.com\/wp-content\/themes\/wp-nanovea\/images\/images\/app1.jpg\" alt=\"Surfaces pharmaceutiques\" width=\"150\" height=\"113\" \/><\/p>\n<\/div>\n<\/td>\n<td width=\"254\">\n<div align=\"center\">\n<p>&nbsp;<\/p>\n<p><img loading=\"lazy\" decoding=\"async\" class=\"alignnone\" src=\"https:\/\/nanovea.com\/wp-content\/themes\/wp-nanovea\/images\/images\/app20.jpg\" alt=\"Surfaces en b\u00e9ton\" width=\"150\" height=\"113\" \/><\/p>\n<\/div>\n<\/td>\n<td width=\"254\">\n<div align=\"center\">\n<p>&nbsp;<\/p>\n<p><img loading=\"lazy\" decoding=\"async\" class=\"alignnone\" src=\"https:\/\/nanovea.com\/wp-content\/themes\/wp-nanovea\/images\/images\/app12.jpg\" alt=\"Surfaces biom\u00e9dicales\" width=\"150\" height=\"113\" \/><\/p>\n<\/div>\n<\/td>\n<td width=\"254\">\n<div align=\"center\">\n<p>&nbsp;<\/p>\n<p><img loading=\"lazy\" decoding=\"async\" src=\"https:\/\/nanovea.com\/wp-content\/themes\/wp-nanovea\/images\/images\/app6.jpg\" alt=\"Surfaces environnementales\" width=\"150\" height=\"113\" \/><\/p>\n<\/div>\n<\/td>\n<\/tr>\n<\/tbody>\n<\/table>\n<table border=\"0\" width=\"1016\" cellspacing=\"0\" cellpadding=\"0\">\n<tbody>\n<tr>\n<td width=\"254\">\n<div align=\"center\">\n<p>&nbsp;<\/p>\n<p><img loading=\"lazy\" decoding=\"async\" class=\"alignnone\" src=\"https:\/\/nanovea.com\/wp-content\/themes\/wp-nanovea\/images\/images\/app19.jpg\" alt=\"Surface automobile\" width=\"150\" height=\"113\" \/><\/p>\n<\/div>\n<\/td>\n<td width=\"254\">\n<div align=\"center\">\n<p>&nbsp;<\/p>\n<p><img loading=\"lazy\" decoding=\"async\" class=\"alignnone\" src=\"https:\/\/nanovea.com\/wp-content\/themes\/wp-nanovea\/images\/images\/app17.jpg\" alt=\"Surface de la plaquette\" width=\"150\" height=\"113\" \/><\/p>\n<\/div>\n<\/td>\n<td width=\"254\">\n<div align=\"center\">\n<p>&nbsp;<\/p>\n<p><img loading=\"lazy\" decoding=\"async\" class=\"alignnone\" src=\"https:\/\/nanovea.com\/wp-content\/themes\/wp-nanovea\/images\/images\/app9.jpg\" alt=\"Surface de freinage\" width=\"150\" height=\"113\" \/><\/p>\n<\/div>\n<\/td>\n<td width=\"254\">\n<div align=\"center\">\n<p>&nbsp;<\/p>\n<p><img loading=\"lazy\" decoding=\"async\" class=\"alignnone\" src=\"https:\/\/nanovea.com\/wp-content\/themes\/wp-nanovea\/images\/images\/app10.jpg\" alt=\"Surface de l&#039;outil\" width=\"150\" height=\"113\" \/><\/p>\n<\/div>\n<\/td>\n<\/tr>\n<\/tbody>\n<\/table>\n<p>&nbsp;<\/p>","protected":false},"excerpt":{"rendered":"<p>TRIBOM\u00c8TRE Essai de frottement avec contr\u00f4le pr\u00e9cis de la vitesse APPLICATIONS DU TRIBOM\u00c8TRE Tribom\u00e8tres | Rotatifs | Lin\u00e9aires | Optique | Notes d'application | Tribom\u00e8tres T\u00e9l\u00e9charger | Regarder la vid\u00e9o Les tribom\u00e8tres Nanovea mesurent le frottement rotatif et lin\u00e9aire sur un seul syst\u00e8me, avec des options de contr\u00f4le de la temp\u00e9rature, de l'atomosph\u00e8re et des liquides. La tribologie est une \u00e9tude importante dans presque toutes les industries, y compris [...] : [...]<\/p>","protected":false},"author":1,"featured_media":0,"parent":0,"menu_order":0,"comment_status":"open","ping_status":"open","template":"tpl-newslider.php","meta":{"_exactmetrics_skip_tracking":false,"_exactmetrics_sitenote_active":false,"_exactmetrics_sitenote_note":"","_exactmetrics_sitenote_category":0,"footnotes":""},"class_list":["post-220","page","type-page","status-publish","hentry"],"_links":{"self":[{"href":"https:\/\/nanovea.com\/fr\/wp-json\/wp\/v2\/pages\/220","targetHints":{"allow":["GET"]}}],"collection":[{"href":"https:\/\/nanovea.com\/fr\/wp-json\/wp\/v2\/pages"}],"about":[{"href":"https:\/\/nanovea.com\/fr\/wp-json\/wp\/v2\/types\/page"}],"author":[{"embeddable":true,"href":"https:\/\/nanovea.com\/fr\/wp-json\/wp\/v2\/users\/1"}],"replies":[{"embeddable":true,"href":"https:\/\/nanovea.com\/fr\/wp-json\/wp\/v2\/comments?post=220"}],"version-history":[{"count":14,"href":"https:\/\/nanovea.com\/fr\/wp-json\/wp\/v2\/pages\/220\/revisions"}],"predecessor-version":[{"id":12705,"href":"https:\/\/nanovea.com\/fr\/wp-json\/wp\/v2\/pages\/220\/revisions\/12705"}],"wp:attachment":[{"href":"https:\/\/nanovea.com\/fr\/wp-json\/wp\/v2\/media?parent=220"}],"curies":[{"name":"wp","href":"https:\/\/api.w.org\/{rel}","templated":true}]}}