{"id":211,"date":"2015-03-04T17:02:19","date_gmt":"2015-03-04T17:02:19","guid":{"rendered":"http:\/\/nanovea.com\/?page_id=211"},"modified":"2018-10-19T15:29:56","modified_gmt":"2018-10-19T15:29:56","slug":"usure-friction-de-surface","status":"publish","type":"page","link":"https:\/\/nanovea.com\/fr\/usure-friction-de-surface\/","title":{"rendered":"Usure de surface Friction"},"content":{"rendered":"<div id=\"newslider\" style=\"min-height: auto; overflow: hidden;\">\n<ul>\n<li>\n<div class=\"slider-text\">\n<h2>TRIBOM\u00c8TRES<\/h2>\n<p>Friction d'usure<\/p>\n<\/div>\n<p><img decoding=\"async\" src=\"https:\/\/nanovea.com\/wp-content\/uploads\/2015\/07\/slide-wear-friction.jpg\" alt=\"\" \/><\/li>\n<\/ul>\n<\/div>\n<h1><strong>USURE DE LA SURFACE | FROTTEMENT ESSAIS TRIBOLOGIQUES <\/strong><\/h1>\n<div class=\"product-desc\">\n<p align=\"justify\">Sur la base de <a href=\"https:\/\/www.astm.org\/Standards\/G99.htm\">ASTM G99<\/a> et <a href=\"https:\/\/www.astm.org\/Standards\/G133.htm\">ASTM G133<\/a>. Une bille, une goupille ou un support plat est fix\u00e9 au bras de mesure qui peut \u00eatre positionn\u00e9 avec pr\u00e9cision \u00e0 une r\u00e9solution de 2,5microns en utilisant la table motoris\u00e9e standard. Une fois la charge ajout\u00e9e, le disque d'\u00e9chantillon est mis en rotation \u00e0 une vitesse connue, ce qui cr\u00e9e un frottement entre la bille, l'axe ou le plateau sup\u00e9rieur et le disque d'\u00e9chantillon inf\u00e9rieur. Pour mesurer l'usure, la perte de poids peut \u00eatre mesur\u00e9e \u00e0 l'aide d'une balance sensible avant et apr\u00e8s l'essai. En outre, un LVDT peut \u00eatre fix\u00e9 au bras de mesure pour enregistrer la profondeur pendant l'essai. Cela permet de suivre l'\u00e9volution du taux d'usure en fonction du temps. La force de friction est mesur\u00e9e directement \u00e0 l'aide d'une cellule de charge rigide qui offre une haute r\u00e9solution et une excellente stabilit\u00e9 m\u00e9canique et thermique, contrairement aux autres syst\u00e8mes qui reposent uniquement sur un LVDT pour la mesure de la friction. Plusieurs options d'essai sont disponibles pour s'approcher au plus pr\u00e8s des conditions d'environnement r\u00e9elles, notamment le contr\u00f4le de la temp\u00e9rature, des liquides et de l'atmosph\u00e8re. De plus, pour mesurer pr\u00e9cis\u00e9ment le volume des traces d'usure, un profileur optique sans contact en 3D peut \u00eatre int\u00e9gr\u00e9 \u00e0 la plateforme du tribom\u00e8tre pour quantifier la perte d'usure de mani\u00e8re rapide et pratique, sans avoir \u00e0 retirer d'\u00e9chantillon.<\/p>\n<p>&nbsp;<\/p>\n<p><strong>Propri\u00e9t\u00e9s analys\u00e9es lors des essais de friction par usure :<\/strong><\/p>\n<p>- Coefficient de friction<\/p>\n<p>- Taux d'usure<\/p>\n<p>- Points de d\u00e9faillance<\/p>\n<p>- Contact \u00e9lectrique<\/p>\n<p>- \u00c9tudes de lubrification et autres<\/p>\n<p>&nbsp;<\/p>\n<p><a href=\"https:\/\/nanovea.com\/tribometers\">&lt; retour vers Tribom\u00e8tres<\/a><\/p>\n<p align=\"justify\">\n<\/div>","protected":false},"excerpt":{"rendered":"<p>TRIBOMETERS Wear Friction SURFACE WEAR | FRICTION TRIBOLOGY TESTING Based from ASTM G99 and ASTM G133. Using a ball, pin or flat holder is attached to the measuring arm which can be precisely positioned to a resolution of 2.5micron using the standard motorized table. With load added, the sample disk is rotated at a known [&hellip;]<\/p>","protected":false},"author":1,"featured_media":0,"parent":0,"menu_order":0,"comment_status":"open","ping_status":"open","template":"","meta":{"_exactmetrics_skip_tracking":false,"_exactmetrics_sitenote_active":false,"_exactmetrics_sitenote_note":"","_exactmetrics_sitenote_category":0,"footnotes":""},"class_list":["post-211","page","type-page","status-publish","hentry"],"_links":{"self":[{"href":"https:\/\/nanovea.com\/fr\/wp-json\/wp\/v2\/pages\/211","targetHints":{"allow":["GET"]}}],"collection":[{"href":"https:\/\/nanovea.com\/fr\/wp-json\/wp\/v2\/pages"}],"about":[{"href":"https:\/\/nanovea.com\/fr\/wp-json\/wp\/v2\/types\/page"}],"author":[{"embeddable":true,"href":"https:\/\/nanovea.com\/fr\/wp-json\/wp\/v2\/users\/1"}],"replies":[{"embeddable":true,"href":"https:\/\/nanovea.com\/fr\/wp-json\/wp\/v2\/comments?post=211"}],"version-history":[{"count":9,"href":"https:\/\/nanovea.com\/fr\/wp-json\/wp\/v2\/pages\/211\/revisions"}],"predecessor-version":[{"id":3574,"href":"https:\/\/nanovea.com\/fr\/wp-json\/wp\/v2\/pages\/211\/revisions\/3574"}],"wp:attachment":[{"href":"https:\/\/nanovea.com\/fr\/wp-json\/wp\/v2\/media?parent=211"}],"curies":[{"name":"wp","href":"https:\/\/api.w.org\/{rel}","templated":true}]}}