{"id":2057,"date":"2015-10-13T20:36:14","date_gmt":"2015-10-13T20:36:14","guid":{"rendered":"http:\/\/nanovea.com\/?page_id=2057"},"modified":"2024-03-07T00:46:39","modified_gmt":"2024-03-07T00:46:39","slug":"politique-de-confidentialite","status":"publish","type":"page","link":"https:\/\/nanovea.com\/fr\/privacy-policy\/","title":{"rendered":"Politique de confidentialit\u00e9"},"content":{"rendered":"<p><strong>Politique g\u00e9n\u00e9rale de confidentialit\u00e9 de NANOVEA<\/strong><\/p>\n<p>La protection de vos donn\u00e9es personnelles est d'une importance capitale pour nous. Vos donn\u00e9es personnelles sont uniquement trait\u00e9es sur la base des lois applicables en mati\u00e8re de protection des donn\u00e9es (GDPR). Nous prenons des mesures minutieuses pour prot\u00e9ger vos donn\u00e9es contre la perte, la manipulation et l'acc\u00e8s non autoris\u00e9. Ces mesures sont conformes \u00e0 l'\u00e9tat actuel de la technologie. Dans cette d\u00e9claration sur notre politique de confidentialit\u00e9 des donn\u00e9es, nous vous informons des aspects les plus importants dans le cadre du traitement des donn\u00e9es sur notre site web.<br \/>\n<strong><br \/>\n1.) Stockage des donn\u00e9es d'acc\u00e8s dans les fichiers journaux du serveur<\/strong><\/p>\n<p>Vous pouvez visiter notre site web sans divulguer d'informations personnelles. Nous enregistrons uniquement les donn\u00e9es d'acc\u00e8s dans les fichiers journaux du serveur, telles que les noms des fichiers demand\u00e9s, la date et l'heure de la requ\u00eate, les volumes de donn\u00e9es transf\u00e9r\u00e9s, le type de navigateur, l'adresse IP et le fournisseur demandeur. Ces donn\u00e9es sont exploit\u00e9es exclusivement pour assurer le bon fonctionnement du site et am\u00e9liorer notre offre, mais ne permettent pas de tirer des conclusions sur la personne qui se cache derri\u00e8re l'utilisateur. En cas d'indices concrets d'une utilisation illicite, nous nous r\u00e9servons le droit d'examiner les donn\u00e9es r\u00e9trospectivement.<\/p>\n<p><strong>2.)  Cookies<\/strong><\/p>\n<p>Notre site web utilise des cookies afin de reconna\u00eetre l'utilisation r\u00e9p\u00e9t\u00e9e de notre site web par le m\u00eame utilisateur\/abonn\u00e9 \u00e0 la connexion Internet. Les cookies sont de petits fichiers texte que votre navigateur Internet t\u00e9l\u00e9charge et enregistre sur votre ordinateur. Ils sont utilis\u00e9s pour am\u00e9liorer notre site web et nos services.<\/p>\n<p>Toutefois, dans une certaine mesure, ces cookies transmettent \u00e9galement des informations permettant de vous reconna\u00eetre automatiquement. La reconnaissance est possible parce que votre adresse IP est enregistr\u00e9e dans les cookies. Les informations ainsi obtenues sont utilis\u00e9es pour am\u00e9liorer nos services et faciliter l'acc\u00e8s au site web.<\/p>\n<p>Vous pouvez emp\u00eacher l'installation des cookies en r\u00e9glant les param\u00e8tres de votre logiciel de navigation en cons\u00e9quence. Nous attirons toutefois votre attention sur le fait que, ce faisant, vous ne pourrez peut-\u00eatre pas utiliser pleinement toutes les fonctions de notre site web. En utilisant ce site web sans d\u00e9sactiver l'installation de cookies dans votre logiciel de navigation, vous consentez au traitement de vos donn\u00e9es collect\u00e9es par Google de la mani\u00e8re et aux fins d\u00e9crites ci-dessus.<\/p>\n<p><strong>3.) Nous contacter<\/strong><\/p>\n<p>Sur notre site web, nous vous offrons la possibilit\u00e9 de nous contacter par le biais de nos formulaires de contact, par e-mail ou par Chat (voir section 7). Aux fins du traitement de votre demande et de la communication ult\u00e9rieure avec vous, les informations que vous fournissez seront stock\u00e9es et transmises aux personnes responsables (voir section 7). Une comparaison des donn\u00e9es collect\u00e9es avec les donn\u00e9es qui peuvent \u00eatre collect\u00e9es par d'autres composants de notre site n'est pas non plus effectu\u00e9e. Si vous nous contactez par le biais d'un lien \u00e9lectronique (par ex. <a href=\"mailto:info@nanovea.com\">info@nanovea.com<\/a>), la date et l'heure du courrier entrant, l'exp\u00e9diteur et le destinataire, ainsi que l'objet du courriel seront enregistr\u00e9s. Une \u00e9valuation de ces donn\u00e9es n'est faite que pour reconstituer et corriger les d\u00e9viations syst\u00e9miques.<\/p>\n<p><strong>4.) Bulletin d'information <\/strong><\/p>\n<p>Vous avez la possibilit\u00e9 de vous abonner \u00e0 notre newsletter via notre site web. Pour ce faire, nous avons besoin de votre nom et de votre adresse \u00e9lectronique, ainsi que de votre d\u00e9claration d'acceptation de l'abonnement \u00e0 la newsletter. En nous communiquant votre adresse \u00e9lectronique avant de t\u00e9l\u00e9charger nos brochures, de nous contacter par chat en direct ou par courrier \u00e9lectronique, vous donnez volontairement votre accord facultatif pour \u00eatre ajout\u00e9 \u00e0 notre liste de diffusion et recevoir notre bulletin d'information.<\/p>\n<p>Afin de vous fournir des informations cibl\u00e9es, nous recueillons et traitons \u00e9galement les informations que vous nous fournissez volontairement.<\/p>\n<p>Vous pouvez annuler l'abonnement \u00e0 la newsletter \u00e0 tout moment. Veuillez envoyer votre annulation \u00e0 l'adresse \u00e9lectronique suivante : <a href=\"mailto:info@nanovea.com\">info@nanovea.com<\/a>. Nous supprimerons imm\u00e9diatement vos donn\u00e9es en rapport avec l'envoi de la newsletter.<\/p>\n<p><strong>5.) Utilisation de Google Analytics <\/strong><\/p>\n<p>Ce site Web utilise Google Analytics, un service d'analyse Web fourni par Google Inc. 1600 Amphitheatre Parkway Mountain View, CA 94043, USA (\"Google\").<\/p>\n<p>Google Analytics utilise \u00e9galement des cookies, c'est-\u00e0-dire des fichiers texte enregistr\u00e9s sur votre ordinateur par le navigateur web, qui permettent \u00e0 notre site web de vous reconna\u00eetre lorsque vous le visitez \u00e0 nouveau et d'analyser votre utilisation du site. Nous utilisons cette analyse pour structurer notre offre de mani\u00e8re conviviale et pour optimiser notre site Web en fonction de vos int\u00e9r\u00eats.<\/p>\n<p>Pour plus d'informations sur Google Analytics et l'option d'opt-out <a href=\"https:\/\/tools.google.com\/dlpage\/gaoptout\">ici<\/a><\/p>\n<p><strong>6.) Transmission des donn\u00e9es<\/strong><\/p>\n<p>Les donn\u00e9es sont trait\u00e9es dans le but de satisfaire aux exigences l\u00e9gales, d&#039;ex\u00e9cuter un contrat, de traiter les demandes des clients concernant nos produits et services et d&#039;assurer les routines commerciales de NANOVEA.<\/p>\n<p>Les partenaires contractuels de NANOVEA, tels que les partenaires de distribution, les conseillers fiscaux ou les prestataires de services tels que les entreprises de transport pour la livraison de marchandises ou les solutions logicielles tierces (telles que Chat), utilisent les donn\u00e9es que nous transmettons ou qui nous sont transmises uniquement \u00e0 des fins. la r\u00e9alisation de l\u2019objectif d\u00e9fini respectif. Une autre utilisation des donn\u00e9es n&#039;est pas autoris\u00e9e.<\/p>\n<p><strong>7.) Vos droits<\/strong><\/p>\n<p>Vous disposez d'un droit \u00e0 l'information, d'un droit d'acc\u00e8s, d'un droit de rectification, d'un droit \u00e0 l'effacement, d'un droit \u00e0 la limitation du traitement, d'un droit \u00e0 la portabilit\u00e9 des donn\u00e9es et d'un droit d'opposition.<\/p>\n<p>N'h\u00e9sitez pas \u00e0 nous contacter si vous avez des questions concernant la collecte, le traitement ou l'utilisation de vos donn\u00e9es personnelles, ainsi que si vous souhaitez corriger les donn\u00e9es, les bloquer ou les supprimer, retirer votre consentement ou vous opposer \u00e0 un certain type d'utilisation des donn\u00e9es (voir section 8).<\/p>\n<p>Si vous estimez que le traitement de vos donn\u00e9es personnelles n'est pas conforme \u00e0 la l\u00e9gislation sur la protection des donn\u00e9es, vous avez le droit de d\u00e9poser une plainte aupr\u00e8s de l'autorit\u00e9 de surveillance comp\u00e9tente.<\/p>\n<p><strong>8.) Restrictions sur le grattage automatis\u00e9 des donn\u00e9es et l&#039;utilisation de l&#039;IA<\/strong><\/p>\n<p>Le grattage automatis\u00e9 des donn\u00e9es, y compris l&#039;utilisation d&#039;algorithmes d&#039;IA et d&#039;apprentissage automatique pour extraire des donn\u00e9es de notre site Web, y compris les notes d&#039;application et les r\u00e9sultats de tests publi\u00e9s, ainsi que l&#039;utilisation de ces donn\u00e9es \u00e0 des fins de formation \u00e0 l&#039;apprentissage automatique, est strictement interdit sans autorisation \u00e9crite pr\u00e9alable de NANOVEA. .<\/p>\n<p><strong>9.) Organisme responsable et contact <\/strong><\/p>\n<p>NANOVEA<br \/>\n6 Morgan STE 156<br \/>\nIrvine, CA 92618<\/p>\n<p>Contactez-nous pour vos questions de confidentialit\u00e9 : <a href=\"mailto:info@nanovea.com\">info@nanovea.com<\/a><\/p>","protected":false},"excerpt":{"rendered":"<p>General privacy policy of NANOVEA The protection of your personal data is of critical importance us. Your personal data is only processed on the basis of the applicable data protection laws (GDPR). We take careful measures to protect your data from loss, manipulation, and unauthorized access. The measures are in accordance with the current state [&hellip;]<\/p>\n","protected":false},"author":1,"featured_media":0,"parent":0,"menu_order":0,"comment_status":"closed","ping_status":"closed","template":"","meta":{"_exactmetrics_skip_tracking":false,"_exactmetrics_sitenote_active":false,"_exactmetrics_sitenote_note":"","_exactmetrics_sitenote_category":0,"footnotes":""},"class_list":["post-2057","page","type-page","status-publish","hentry"],"_links":{"self":[{"href":"https:\/\/nanovea.com\/fr\/wp-json\/wp\/v2\/pages\/2057","targetHints":{"allow":["GET"]}}],"collection":[{"href":"https:\/\/nanovea.com\/fr\/wp-json\/wp\/v2\/pages"}],"about":[{"href":"https:\/\/nanovea.com\/fr\/wp-json\/wp\/v2\/types\/page"}],"author":[{"embeddable":true,"href":"https:\/\/nanovea.com\/fr\/wp-json\/wp\/v2\/users\/1"}],"replies":[{"embeddable":true,"href":"https:\/\/nanovea.com\/fr\/wp-json\/wp\/v2\/comments?post=2057"}],"version-history":[{"count":11,"href":"https:\/\/nanovea.com\/fr\/wp-json\/wp\/v2\/pages\/2057\/revisions"}],"predecessor-version":[{"id":23706,"href":"https:\/\/nanovea.com\/fr\/wp-json\/wp\/v2\/pages\/2057\/revisions\/23706"}],"wp:attachment":[{"href":"https:\/\/nanovea.com\/fr\/wp-json\/wp\/v2\/media?parent=2057"}],"curies":[{"name":"wp","href":"https:\/\/api.w.org\/{rel}","templated":true}]}}