{"id":155,"date":"2015-03-04T15:24:59","date_gmt":"2015-03-04T15:24:59","guid":{"rendered":"http:\/\/nanovea.com\/?page_id=155"},"modified":"2021-07-30T21:29:34","modified_gmt":"2021-07-30T21:29:34","slug":"applications-des-testeurs-mecaniques","status":"publish","type":"page","link":"https:\/\/nanovea.com\/fr\/applications-des-testeurs-mecaniques\/","title":{"rendered":"Applications des testeurs m\u00e9caniques"},"content":{"rendered":"<div id=\"newslider\" style=\"min-height: auto; overflow: hidden;\">\n<ul>\n<li>\n<div class=\"slider-text\">\n<h2>TESTEURS M\u00c9CANIQUES<\/h2>\n<p>Des modules Nano et Micro in\u00e9gal\u00e9s, chacun avec <br \/> modes de test d'indentation, de rayure et d'usure.\n<\/div>\n<p><!--<img decoding=\"async\" src=\"https:\/\/nanovea.com\/wp-content\/uploads\/2015\/04\/slide-mapplications.jpg\" alt=\"\" \/>!--><br \/>\n<img decoding=\"async\" src=\"https:\/\/nanovea.com\/wp-content\/uploads\/2018\/01\/slide-mapplications-1.jpg\" alt=\"\" \/>\n<\/li>\n<\/ul>\n<\/div>\n<p align=\"justify\"><strong>APPLICATIONS DES TESTEURS M\u00c9CANIQUES | <\/strong><a href=\"https:\/\/nanovea.com\/mechanical-tester\">Testeurs m\u00e9caniques<\/a> | <a href=\"https:\/\/nanovea.com\/nano-module\">Nano Module<\/a> | <a href=\"https:\/\/nanovea.com\/micro-macro-module\">Micro Module<\/a> | <a href=\"https:\/\/nanovea.com\/mechanical-tester-optics\">Optique<\/a> | <a href=\"https:\/\/nanovea.com\/application-notes\">Notes d'application<\/a> | <a href=\"https:\/\/nanovea.com\/mechanical-tester-brochure\" target=\"_blank\" rel=\"noopener noreferrer\">T\u00e9l\u00e9charger la brochure<\/a> | <a href=\"https:\/\/nanovea.com\/mechanical-testers-video\" target=\"_blank\" rel=\"noopener noreferrer\">Regarder la vid\u00e9o<\/a><\/p>\n<p>Les testeurs m\u00e9caniques Nanovea offrent la plus large gamme de tests pr\u00e9cis sur un seul syst\u00e8me. Ainsi, les propri\u00e9t\u00e9s m\u00e9caniques de pratiquement tous les rev\u00eatements, films ou substrats peuvent \u00eatre test\u00e9es, qu'ils soient durs ou mous, minces ou \u00e9pais. Les industries comprennent : Bio et biotechnologie, mat\u00e9riaux de construction, produits de consommation, m\u00e9dical, m\u00e9taux, p\u00e9trole et mines, optique, peinture et rev\u00eatement, pharmaceutique, semi-conducteurs\/\u00e9lectronique\/solaire, textiles\/cuir\/papier, outillage et machines et transport.<\/p>\n<table border=\"0\" width=\"1016\" cellspacing=\"0\" cellpadding=\"0\">\n<tbody>\n<tr>\n<td width=\"254\">\n<div align=\"center\"><img decoding=\"async\" class=\"alignnone\" src=\"https:\/\/nanovea.com\/wp-content\/themes\/wp-nanovea\/images\/images\/app14.jpg\" alt=\"Surfaces des fils\" width=\"150\" height=\"113\" \/><\/div>\n<\/td>\n<td width=\"254\">\n<div align=\"center\"><img decoding=\"async\" src=\"https:\/\/nanovea.com\/wp-content\/themes\/wp-nanovea\/images\/images\/app15.jpg\" alt=\"Surfaces optiques\" width=\"150\" height=\"113\" \/><\/div>\n<\/td>\n<td width=\"254\">\n<div align=\"center\"><img decoding=\"async\" class=\"alignnone\" src=\"https:\/\/nanovea.com\/wp-content\/themes\/wp-nanovea\/images\/images\/app13.jpg\" alt=\"Petites surfaces\" width=\"150\" height=\"113\" \/><\/div>\n<\/td>\n<td width=\"254\">\n<div align=\"center\"><img loading=\"lazy\" decoding=\"async\" class=\"alignnone\" src=\"https:\/\/nanovea.com\/wp-content\/themes\/wp-nanovea\/images\/images\/app16.jpg\" alt=\"Surfaces pharmaceutiques\" width=\"150\" height=\"113\" \/><\/div>\n<\/td>\n<\/tr>\n<\/tbody>\n<\/table>\n<table border=\"0\" width=\"1016\" cellspacing=\"0\" cellpadding=\"0\">\n<tbody>\n<tr>\n<td width=\"254\">\n<div align=\"center\">\n<p>&nbsp;<\/p>\n<p><img loading=\"lazy\" decoding=\"async\" class=\"alignnone\" src=\"https:\/\/nanovea.com\/wp-content\/themes\/wp-nanovea\/images\/images\/app1.jpg\" alt=\"Surfaces \u00e9lectroniques\" width=\"150\" height=\"113\" \/><\/p>\n<\/div>\n<\/td>\n<td width=\"254\">\n<div align=\"center\">\n<p>&nbsp;<\/p>\n<p><img loading=\"lazy\" decoding=\"async\" class=\"alignnone\" src=\"https:\/\/nanovea.com\/wp-content\/themes\/wp-nanovea\/images\/images\/app20.jpg\" alt=\"Surfaces en b\u00e9ton\" width=\"150\" height=\"113\" \/><\/p>\n<\/div>\n<\/td>\n<td width=\"254\">\n<div align=\"center\">\n<p>&nbsp;<\/p>\n<p><img loading=\"lazy\" decoding=\"async\" class=\"alignnone\" src=\"https:\/\/nanovea.com\/wp-content\/themes\/wp-nanovea\/images\/images\/app12.jpg\" alt=\"Surfaces biom\u00e9dicales\" width=\"150\" height=\"113\" \/><\/p>\n<\/div>\n<\/td>\n<td width=\"254\">\n<div align=\"center\">\n<p>&nbsp;<\/p>\n<p><img loading=\"lazy\" decoding=\"async\" class=\"alignnone\" src=\"https:\/\/nanovea.com\/wp-content\/themes\/wp-nanovea\/images\/images\/app18.jpg\" alt=\"Surfaces des films\" width=\"150\" height=\"113\" \/><\/p>\n<\/div>\n<\/td>\n<\/tr>\n<\/tbody>\n<\/table>\n<table border=\"0\" width=\"1016\" cellspacing=\"0\" cellpadding=\"0\">\n<tbody>\n<tr>\n<td width=\"254\">\n<div align=\"center\">\n<p>&nbsp;<\/p>\n<p><img loading=\"lazy\" decoding=\"async\" class=\"alignnone\" src=\"https:\/\/nanovea.com\/wp-content\/themes\/wp-nanovea\/images\/images\/app19.jpg\" alt=\"Surfaces automobiles\" width=\"150\" height=\"113\" \/><\/p>\n<\/div>\n<\/td>\n<td width=\"254\">\n<div align=\"center\">\n<p>&nbsp;<\/p>\n<p><img loading=\"lazy\" decoding=\"async\" class=\"alignnone\" src=\"https:\/\/nanovea.com\/wp-content\/themes\/wp-nanovea\/images\/images\/app17.jpg\" alt=\"Surfaces des plaquettes\" width=\"150\" height=\"113\" \/><\/p>\n<\/div>\n<\/td>\n<td width=\"254\">\n<div align=\"center\">\n<p>&nbsp;<\/p>\n<p><img loading=\"lazy\" decoding=\"async\" class=\"alignnone\" src=\"https:\/\/nanovea.com\/wp-content\/themes\/wp-nanovea\/images\/images\/app11.jpg\" alt=\"Surfaces souples\" width=\"150\" height=\"113\" \/><\/p>\n<\/div>\n<\/td>\n<td width=\"254\">\n<div align=\"center\">\n<p>&nbsp;<\/p>\n<p><img loading=\"lazy\" decoding=\"async\" class=\"alignnone\" src=\"https:\/\/nanovea.com\/wp-content\/themes\/wp-nanovea\/images\/images\/app10.jpg\" alt=\"Surfaces d&#039;outils\" width=\"150\" height=\"113\" \/><\/p>\n<\/div>\n<\/td>\n<\/tr>\n<\/tbody>\n<\/table>","protected":false},"excerpt":{"rendered":"<p>TESTEURS M\u00c9CANIQUES Modules Nano et Micro in\u00e9gal\u00e9s, chacun avec des modes de test d'indentation, de rayure et d'usure. APPLICATIONS DES TESTEURS MECANIQUES | Testeurs m\u00e9caniques | Nano Module | Micro Module | Optique | Notes d'application | T\u00e9l\u00e9charger la brochure | Regarder la vid\u00e9o Les testeurs m\u00e9caniques Nanovea offrent la plus large gamme de tests pr\u00e9cis sur un seul syst\u00e8me. C'est pourquoi [...]<\/p>","protected":false},"author":1,"featured_media":0,"parent":0,"menu_order":0,"comment_status":"open","ping_status":"open","template":"tpl-newslider.php","meta":{"_exactmetrics_skip_tracking":false,"_exactmetrics_sitenote_active":false,"_exactmetrics_sitenote_note":"","_exactmetrics_sitenote_category":0,"footnotes":""},"class_list":["post-155","page","type-page","status-publish","hentry"],"_links":{"self":[{"href":"https:\/\/nanovea.com\/fr\/wp-json\/wp\/v2\/pages\/155","targetHints":{"allow":["GET"]}}],"collection":[{"href":"https:\/\/nanovea.com\/fr\/wp-json\/wp\/v2\/pages"}],"about":[{"href":"https:\/\/nanovea.com\/fr\/wp-json\/wp\/v2\/types\/page"}],"author":[{"embeddable":true,"href":"https:\/\/nanovea.com\/fr\/wp-json\/wp\/v2\/users\/1"}],"replies":[{"embeddable":true,"href":"https:\/\/nanovea.com\/fr\/wp-json\/wp\/v2\/comments?post=155"}],"version-history":[{"count":13,"href":"https:\/\/nanovea.com\/fr\/wp-json\/wp\/v2\/pages\/155\/revisions"}],"predecessor-version":[{"id":12710,"href":"https:\/\/nanovea.com\/fr\/wp-json\/wp\/v2\/pages\/155\/revisions\/12710"}],"wp:attachment":[{"href":"https:\/\/nanovea.com\/fr\/wp-json\/wp\/v2\/media?parent=155"}],"curies":[{"name":"wp","href":"https:\/\/api.w.org\/{rel}","templated":true}]}}