{"id":151,"date":"2015-03-04T15:24:24","date_gmt":"2015-03-04T15:24:24","guid":{"rendered":"http:\/\/nanovea.com\/?page_id=151"},"modified":"2018-11-21T17:56:03","modified_gmt":"2018-11-21T17:56:03","slug":"micro-macro-module","status":"publish","type":"page","link":"https:\/\/nanovea.com\/fr\/micro-macro-module\/","title":{"rendered":"Micro Module"},"content":{"rendered":"<div id=\"newslider\" style=\"min-height: auto; overflow: hidden;\">\n<ul>\n<li>\n<div class=\"slider-text\">\n<h2>MICRO MODULE<\/h2>\n<p>D\u00e9sormais le leader mondial des essais micro-m\u00e9caniques<\/p>\n<\/div>\n<p><!--<img fetchpriority=\"high\" decoding=\"async\" class=\"alignnone\" src=\"https:\/\/nanovea.com\/wp-content\/uploads\/2015\/04\/slide-micromodule.jpg\" alt=\"Microindenter with non contact true depth measurement\" width=\"1033\" height=\"345\" \/>!--><br \/>\n<a href=\"https:\/\/nanovea.com\/wp-content\/uploads\/2018\/11\/Micro-Module-with-Micro-Box.jpg\"><img decoding=\"async\" class=\"alignnone size-full wp-image-4213\" src=\"https:\/\/nanovea.com\/wp-content\/uploads\/2018\/11\/Micro-Module-with-Micro-Box.jpg\" alt=\"\" width=\"1033\" height=\"345\" \/><\/a><\/li>\n<\/ul>\n<\/div>\n<h1><strong>MICRO MODULE<\/strong><\/h1>\n<p><a href=\"https:\/\/nanovea.com\/mechanical-tester\">Testeurs m\u00e9caniques <\/a>| <a href=\"https:\/\/nanovea.com\/nano-module\">Nano Module<\/a> | <a href=\"https:\/\/nanovea.com\/application-notes\">Notes d'application<\/a><\/p>\n<div class=\"product-pic\"><\/div>\n<div class=\"product-desc\">\n<p align=\"justify\">D\u00e9sormais le leader mondial des essais micro-m\u00e9caniques. Les r\u00e9sultats automatiques, pr\u00e9cis et rapides de la duret\u00e9 et du module d'\u00e9lasticit\u00e9 obtenus \u00e0 partir des donn\u00e9es de profondeur par rapport \u00e0 la charge repr\u00e9sentent un v\u00e9ritable bond en avant par rapport aux appareils de test de duret\u00e9 traditionnels. Cette technologie du si\u00e8cle dernier \u00e9tait bas\u00e9e sur l'inspection visuelle lorsque des capteurs de profondeur pr\u00e9cis n'\u00e9taient pas disponibles. Par cons\u00e9quent, aujourd'hui, il n'y a absolument aucun avantage \u00e0 utiliser des appareils de test de duret\u00e9 traditionnels d\u00e9pass\u00e9s. Le Micro Module est plus rapide, plus facile, plus pr\u00e9cis, notamment \u00e0 faible charge, et plus reproductible. Les essais peuvent \u00eatre r\u00e9alis\u00e9s sur n'importe quel mat\u00e9riau, y compris les mat\u00e9riaux tr\u00e8s \u00e9lastiques ou les surfaces o\u00f9 l'identification de l'empreinte est difficile. Il permet non seulement de mesurer la duret\u00e9 et le module d'\u00e9lasticit\u00e9, mais aussi de r\u00e9aliser une large gamme d'essais tels que le fluage, les courbes de contrainte-d\u00e9formation, la limite d'\u00e9lasticit\u00e9, la fatigue, la r\u00e9sistance \u00e0 la rupture, la r\u00e9sistance aux rayures et aux marques, la d\u00e9formation plastique\/\u00e9lastique, la vitesse d'usure et le coefficient de friction.<\/p>\n<p align=\"justify\">Et pour ceux qui utilisent des instruments de test de rayures archa\u00efques, ces syst\u00e8mes ont une plage de charge limit\u00e9e et utilisent des cellules de charge en porte-\u00e0-faux sujettes \u00e0 des flexions lat\u00e9rales qui se manifestent par l'observation de rayures ondul\u00e9es \u00e0 des charges \u00e9lev\u00e9es. Contrairement au micro-module qui a \u00e9t\u00e9 con\u00e7u avec une cellule de charge de compression rigide et qui mesure la profondeur \u00e0 l'aide d'un condensateur directement connect\u00e9 \u00e0 l'arbre portant le p\u00e9n\u00e9trateur. Le r\u00e9sultat est la plus grande pr\u00e9cision disponible sur le march\u00e9. La large gamme de charges utilisables (5 ordres de grandeur) d'un seul micro module permet d'effectuer un test de rayure \u00e0 haute charge, jusqu'\u00e0 200N pour un 5micron et plus sur un rev\u00eatement DLC, TiN, TiC, puis d'utiliser une charge de 50mN pour mesurer la duret\u00e9 et le module \u00e9lastique sans l'influence du substrat. Pour les rev\u00eatements plus fins, jusqu'aux submicrons, le 20N peut \u00eatre utilis\u00e9 de la m\u00eame mani\u00e8re avec une profondeur par rapport \u00e0 la charge jusqu'\u00e0 quelques mN, tout en effectuant d'excellents tests de rayures jusqu'\u00e0 20N. Ces charges plus sensibles sont id\u00e9ales pour la caract\u00e9risation des rev\u00eatements industriels, allant des couches trait\u00e9es par plasma utilis\u00e9es dans la technologie des semi-conducteurs et de l'optique, aux rev\u00eatements d\u00e9coratifs et protecteurs utilis\u00e9s pour les pi\u00e8ces automobiles et les biens de consommation. Facile et rapide \u00e0 calibrer, la pr\u00e9cision des donn\u00e9es dans le temps et d'un instrument \u00e0 l'autre est assur\u00e9e. La long\u00e9vit\u00e9 des performances, le faible co\u00fbt de maintenance et la pr\u00e9cision particuli\u00e8rement \u00e9lev\u00e9e sont des caract\u00e9ristiques standard.<\/p>\n<p>&nbsp;<\/p>\n<p align=\"justify\"><strong>MODES DE MICRO-TEST<\/strong><\/p>\n<p><a href=\"https:\/\/nanovea.com\/micro-indentation-tester\">Microindentation | Test de microduret\u00e9<\/a><\/p>\n<p><a href=\"https:\/\/nanovea.com\/micro-scratch-tester\">Test de micro-rayures et d'adh\u00e9rence<\/a><\/p>\n<p><a href=\"https:\/\/nanovea.com\/micro-wear-tester\">Test de micro-usure et de friction<\/a><\/p>\n<\/div>","protected":false},"excerpt":{"rendered":"<p>MICRO MODULE Now the world\u2019s leading micro mechanical testing MICRO MODULE Mechanical Testers | Nano Module | Application Notes Now the world\u2019s leading micro mechanical testing. Automatic, accurate and fast hardness and elastic modulus results obtained from depth versus load data are truly a giant leap compared to traditional hardness testers. This past century technology [&hellip;]<\/p>\n","protected":false},"author":1,"featured_media":0,"parent":0,"menu_order":0,"comment_status":"open","ping_status":"open","template":"tpl-newslider.php","meta":{"_exactmetrics_skip_tracking":false,"_exactmetrics_sitenote_active":false,"_exactmetrics_sitenote_note":"","_exactmetrics_sitenote_category":0,"footnotes":""},"class_list":["post-151","page","type-page","status-publish","hentry"],"_links":{"self":[{"href":"https:\/\/nanovea.com\/fr\/wp-json\/wp\/v2\/pages\/151","targetHints":{"allow":["GET"]}}],"collection":[{"href":"https:\/\/nanovea.com\/fr\/wp-json\/wp\/v2\/pages"}],"about":[{"href":"https:\/\/nanovea.com\/fr\/wp-json\/wp\/v2\/types\/page"}],"author":[{"embeddable":true,"href":"https:\/\/nanovea.com\/fr\/wp-json\/wp\/v2\/users\/1"}],"replies":[{"embeddable":true,"href":"https:\/\/nanovea.com\/fr\/wp-json\/wp\/v2\/comments?post=151"}],"version-history":[{"count":31,"href":"https:\/\/nanovea.com\/fr\/wp-json\/wp\/v2\/pages\/151\/revisions"}],"predecessor-version":[{"id":4214,"href":"https:\/\/nanovea.com\/fr\/wp-json\/wp\/v2\/pages\/151\/revisions\/4214"}],"wp:attachment":[{"href":"https:\/\/nanovea.com\/fr\/wp-json\/wp\/v2\/media?parent=151"}],"curies":[{"name":"wp","href":"https:\/\/api.w.org\/{rel}","templated":true}]}}