{"id":149,"date":"2015-03-04T15:24:09","date_gmt":"2015-03-04T15:24:09","guid":{"rendered":"http:\/\/nanovea.com\/?page_id=149"},"modified":"2018-11-21T17:56:52","modified_gmt":"2018-11-21T17:56:52","slug":"nano-module","status":"publish","type":"page","link":"https:\/\/nanovea.com\/fr\/nano-module\/","title":{"rendered":"Nano Module"},"content":{"rendered":"<div id=\"newslider\" style=\"min-height: auto; overflow: hidden;\">\n<ul>\n<li>\n<div class=\"slider-text\">\n<h2>NANO MODULE<\/h2>\n<p>Force ind\u00e9pendante, capteurs de profondeur et<br \/>\nmesure continue de la charge appliqu\u00e9e<br \/>\npendant les modes indentation, rayure et usure.<\/p>\n<\/div>\n<p><!--<img fetchpriority=\"high\" decoding=\"async\" class=\"alignnone\" src=\"https:\/\/nanovea.com\/wp-content\/uploads\/2015\/04\/slide-nanomodule.jpg\" alt=\"Nanoindenter\" width=\"1033\" height=\"345\" \/>!--><br \/>\n<a href=\"https:\/\/nanovea.com\/wp-content\/uploads\/2018\/11\/Micro-Module-with-Nano-Box.jpg\"><img decoding=\"async\" class=\"alignnone size-full wp-image-4216\" src=\"https:\/\/nanovea.com\/wp-content\/uploads\/2018\/11\/Micro-Module-with-Nano-Box.jpg\" alt=\"\" width=\"1033\" height=\"345\" \/><\/a><\/li>\n<\/ul>\n<\/div>\n<h1><strong>INTRODUCTION AU MODULE NANO<\/strong><\/h1>\n<p><a href=\"https:\/\/nanovea.com\/mechanical-tester\">Testeurs m\u00e9caniques <\/a>| <a href=\"https:\/\/nanovea.com\/micro-macro-module\">Micro Module<\/a> | <a href=\"https:\/\/nanovea.com\/application-notes\">Notes d'application<\/a><\/p>\n<div class=\"product-pic\"><\/div>\n<div class=\"product-desc\">\n<p align=\"justify\">Con\u00e7u pour offrir aux clients une grande pr\u00e9cision, une facilit\u00e9 d'utilisation, une long\u00e9vit\u00e9 et un faible co\u00fbt de maintenance, le module nano atteint cet objectif gr\u00e2ce \u00e0 la combinaison unique d'un actionneur pi\u00e9zo\u00e9lectrique, d'une cellule de charge ultra sensible et un condensateur en anneau de grande surface, tous align\u00e9s verticalement pour une rigidit\u00e9 maximale. L'utilisation unique de capteurs de profondeur et de charge ind\u00e9pendants garantit une grande pr\u00e9cision dans toutes les conditions, mais permet \u00e9galement une excellente d\u00e9tection du point de contact, car la charge appliqu\u00e9e est mesur\u00e9e directement par le capteur ind\u00e9pendant lorsque le indenteur touche la surface pour la premi\u00e8re fois. Le module fournit \u00e9galement une v\u00e9ritable boucle de r\u00e9troaction de contr\u00f4le ferm\u00e9e en utilisant les donn\u00e9es du capteur de profondeur ou de charge ind\u00e9pendant. Cette fonction est essentielle pour r\u00e9agir rapidement et pr\u00e9cis\u00e9ment \u00e0 des \u00e9v\u00e9nements rapides, comme lors des essais de rayure et d'usure ou lorsque des fractures se produisent pendant l'indentation. La mesure de la charge r\u00e9elle appliqu\u00e9e garantit \u00e9galement la pr\u00e9cision lors des essais rapides de DMA et permet l'automatisation. La cellule de charge ultra-sensible est \u00e9galement facile \u00e0 calibrer avec une balance \u00e0 poids direct. Par cons\u00e9quent, chaque module Nano peut \u00eatre rapidement \u00e9talonn\u00e9 par l'utilisateur en moins de 15 minutes pour la charge, la profondeur afin d'assurer la conformit\u00e9. Cela garantit une pr\u00e9cision constante des donn\u00e9es dans le temps et d'un instrument \u00e0 l'autre. Nanovea atteint cette haute pr\u00e9cision avec des niveaux de bruit comparativement parmi les meilleurs de l'industrie.<\/p>\n<p align=\"justify\">Le module permet de r\u00e9aliser des essais \u00e0 l'\u00e9chelle nanom\u00e9trique en modes indentation, rayure et usure. Chaque mode d'essai offre une large gamme de tests qui peuvent fournir des propri\u00e9t\u00e9s telles que la duret\u00e9, le fluage, le module d'\u00e9lasticit\u00e9, les courbes de contrainte-d\u00e9formation, la limite d'\u00e9lasticit\u00e9, la fatigue, le module de perte et de stockage, la t\u00e9nacit\u00e9 \u00e0 la rupture, le taux d'usure, le coefficient de friction, la r\u00e9sistance \u00e0 la rayure, la d\u00e9formation plastique\/\u00e9lastique, ainsi que d'autres essais. En combinaison avec la table motoris\u00e9e x-y int\u00e9gr\u00e9e, il est possible d'effectuer des tests \u00e0 des endroits tr\u00e8s sp\u00e9cifiques ou de r\u00e9aliser une cartographie compl\u00e8te des propri\u00e9t\u00e9s sur une zone choisie. En fait, la conception unique du nano module avec l'actionneur pi\u00e9zo\u00e9lectrique permet de r\u00e9aliser des indentations pr\u00e9cises en moins de 3 secondes, ce qui rend possible la cartographie en quelques minutes. Le module Nano est id\u00e9al pour caract\u00e9riser avec pr\u00e9cision les rev\u00eatements ou films industriels minces. Les exemples incluent les rev\u00eatements polym\u00e8res minces pour l'industrie des dispositifs m\u00e9dicaux et divers rev\u00eatements minces pour les industries solaires et des lentilles optiques. Une autre application majeure du nano module est la r\u00e9sistance aiux rayures des surfaces telles que les vernis transparents utilis\u00e9s dans l'industrie automobile et d'autres rev\u00eatements de protection utilis\u00e9s sur les appareils portables tels que les t\u00e9l\u00e9phones mobiles.<\/p>\n<p align=\"justify\">Le module Nano a \u00e9t\u00e9 con\u00e7u pour une stabilit\u00e9 thermique \u00e9lev\u00e9e avec une d\u00e9rive thermique non corrig\u00e9e des donn\u00e9es brutes de &lt; 0,02 nm\/seconde. \u00c0 haute temp\u00e9rature, le four fournit une temp\u00e9rature uniforme de la pointe et de l&#039;\u00e9chantillon pour une pr\u00e9cision accrue et des niveaux plus faibles de d\u00e9rive sans compensation. Lorsqu&#039;il est utilis\u00e9 avec le four haute temp\u00e9rature, le module Nano est con\u00e7u avec un mat\u00e9riau MACOR \u00e0 faible coefficient de dilatation thermique de &lt; 10-6 \/ \u00b0C . Cela r\u00e9duit toute d\u00e9rive thermique \u00e0 haute temp\u00e9rature.<\/p>\n<p><strong>MODES D'ESSAI NANO<\/strong><\/p>\n<p><a href=\"https:\/\/nanovea.com\/nano-indentation-tester\">Nanoindentation | Essai de duret\u00e9 nanom\u00e9trique<\/a><strong><br \/>\n<\/strong><\/p>\n<p><a href=\"https:\/\/nanovea.com\/nano-scratch-tester\">Test d'adh\u00e9sion aux nano-rayures<\/a><\/p>\n<p><a href=\"https:\/\/nanovea.com\/nano-wear-tester\">Essais de friction et d'usure par nano<\/a><\/p>\n<\/div>","protected":false},"excerpt":{"rendered":"<p>NANO MODULE Independent force, depth sensors and continuous measurement of applied load during indentation, scratch and wear modes. NANO MODULE INTRO Mechanical Testers | Micro Module | Application Notes Designed with the vision of providing clients high accuracy with ease of use, longevity with low maintenance cost; the nano module achieves this with its unique [&hellip;]<\/p>\n","protected":false},"author":1,"featured_media":0,"parent":0,"menu_order":0,"comment_status":"open","ping_status":"open","template":"tpl-newslider.php","meta":{"_exactmetrics_skip_tracking":false,"_exactmetrics_sitenote_active":false,"_exactmetrics_sitenote_note":"","_exactmetrics_sitenote_category":0,"footnotes":""},"class_list":["post-149","page","type-page","status-publish","hentry"],"_links":{"self":[{"href":"https:\/\/nanovea.com\/fr\/wp-json\/wp\/v2\/pages\/149","targetHints":{"allow":["GET"]}}],"collection":[{"href":"https:\/\/nanovea.com\/fr\/wp-json\/wp\/v2\/pages"}],"about":[{"href":"https:\/\/nanovea.com\/fr\/wp-json\/wp\/v2\/types\/page"}],"author":[{"embeddable":true,"href":"https:\/\/nanovea.com\/fr\/wp-json\/wp\/v2\/users\/1"}],"replies":[{"embeddable":true,"href":"https:\/\/nanovea.com\/fr\/wp-json\/wp\/v2\/comments?post=149"}],"version-history":[{"count":22,"href":"https:\/\/nanovea.com\/fr\/wp-json\/wp\/v2\/pages\/149\/revisions"}],"predecessor-version":[{"id":4217,"href":"https:\/\/nanovea.com\/fr\/wp-json\/wp\/v2\/pages\/149\/revisions\/4217"}],"wp:attachment":[{"href":"https:\/\/nanovea.com\/fr\/wp-json\/wp\/v2\/media?parent=149"}],"curies":[{"name":"wp","href":"https:\/\/api.w.org\/{rel}","templated":true}]}}