{"id":104,"date":"2015-03-03T22:13:43","date_gmt":"2015-03-03T22:13:43","guid":{"rendered":"http:\/\/nanovea.com\/?page_id=104"},"modified":"2022-04-25T14:42:01","modified_gmt":"2022-04-25T14:42:01","slug":"mesure-de-la-hauteur-de-la-surface","status":"publish","type":"page","link":"https:\/\/nanovea.com\/fr\/surface-step-height-measurement\/","title":{"rendered":"Mesure de la hauteur des marches de la surface"},"content":{"rendered":"<div class=\"wonderpluginslider-container\" id=\"wonderpluginslider-container-21\" style=\"max-width:1035px;margin:0 auto;padding-left:0px;padding-right:0px;padding-top:0px;padding-bottom:0px;\"><div class=\"wonderpluginslider\" id=\"wonderpluginslider-21\" data-sliderid=\"21\" data-width=\"1035\" data-height=\"375\" data-skin=\"cube\" data-autoplay=\"true\" data-randomplay=\"false\" data-loadimageondemand=\"false\" data-transitiononfirstslide=\"false\" data-autoplayvideo=\"false\" data-isresponsive=\"true\" data-fullwidth=\"false\" data-isfullscreen=\"false\" data-ratioresponsive=\"false\" data-showtext=\"true\" data-showtimer=\"false\" data-showbottomshadow=\"false\" data-navshowpreview=\"false\" data-textautohide=\"true\" data-lightboxresponsive=\"true\" data-lightboxshownavigation=\"false\" data-lightboxshowtitle=\"true\" data-lightboxshowdescription=\"false\" data-texteffectresponsive=\"true\" data-donotinit=\"false\" data-addinitscript=\"false\" data-lightboxfullscreenmode=\"false\" data-lightboxcloseonoverlay=\"true\" data-lightboxvideohidecontrols=\"false\" data-lightboxnogroup=\"false\" data-lightboxautoslide=\"false\" data-lightboxshowtimer=\"true\" data-lightboxshowplaybutton=\"true\" data-lightboxalwaysshownavarrows=\"false\" data-lightboxshowtitleprefix=\"true\" data-titleusealt=\"false\" data-outputtext=\"false\" data-scalemode=\"fit\" data-arrowstyle=\"always\" data-transition=\"slide\" data-loop=\"0\" data-border=\"0\" data-slideinterval=\"8000\" data-arrowimage=\"arrows-36-80-0.png\" data-arrowwidth=\"36\" data-arrowheight=\"80\" data-arrowtop=\"50\" data-arrowmargin=\"-18\" data-navstyle=\"bullets\" data-navimage=\"bullet-24-24-1.png\" data-navwidth=\"24\" data-navheight=\"24\" data-navspacing=\"8\" data-navmarginx=\"16\" data-navmarginy=\"16\" data-navposition=\"bottom\" data-playvideoimage=\"playvideo-64-64-0.png\" data-playvideoimagewidth=\"64\" data-playvideoimageheight=\"64\" data-lightboxthumbwidth=\"90\" data-lightboxthumbheight=\"60\" data-lightboxthumbtopmargin=\"12\" data-lightboxthumbbottommargin=\"4\" data-lightboxbarheight=\"64\" data-lightboxtitlebottomcss=\"color:#333; font-size:14px; font-family:Armata,sans-serif,Arial; overflow:hidden; text-align:left;\" data-lightboxdescriptionbottomcss=\"color:#333; font-size:12px; font-family:Arial,Helvetica,sans-serif; overflow:hidden; text-align:left; margin:4px 0px 0px; padding: 0px;\" data-textformat=\"Color box\" data-textpositionstatic=\"bottom\" data-textpositiondynamic=\"topleft\" data-paddingleft=\"0\" data-paddingright=\"0\" data-paddingtop=\"0\" data-paddingbottom=\"0\" data-texteffectresponsivesize=\"640\" data-fadeduration=\"1000\" data-crossfadeduration=\"1000\" data-slideduration=\"1000\" data-elasticduration=\"1000\" data-sliceduration=\"1500\" data-blindsduration=\"1500\" data-blocksduration=\"1500\" data-shuffleduration=\"1500\" data-tilesduration=\"2000\" data-kenburnsduration=\"5000\" data-flipduration=\"1500\" data-flipwithzoomduration=\"2000\" data-threedduration=\"1500\" data-threedhorizontalduration=\"1500\" data-threedwithzoomduration=\"2500\" data-threedhorizontalwithzoomduration=\"2200\" data-threedflipduration=\"1500\" data-threedflipwithzoomduration=\"2000\" data-threedtilesduration=\"2000\" data-threedfallback=\"flip\" data-threedhorizontalfallback=\"flip\" data-threedwithzoomfallback=\"flipwithzoom\" data-threedhorizontalwithzoomfallback=\"flipwithzoom\" data-threedflipfallback=\"flip\" data-threedflipwithzoomfallback=\"flipwithzoom\" data-threedtilesfallback=\"tiles\" data-ratiomediumscreen=\"800\" data-ratiomediumheight=\"1.2\" data-ratiosmallscreen=\"480\" data-ratiosmallheight=\"1.6\" data-lightboxtitlestyle=\"bottom\" data-lightboximagepercentage=\"75\" data-lightboxdefaultvideovolume=\"1\" data-lightboxoverlaybgcolor=\"#000\" data-lightboxoverlayopacity=\"0.9\" data-lightboxbgcolor=\"#fff\" data-lightboxtitleprefix=\"%NUM \/ %TOTAL\" data-lightboxtitleinsidecss=\"color:#fff; font-size:16px; font-family:Arial,Helvetica,sans-serif; overflow:hidden; text-align:left;\" data-lightboxdescriptioninsidecss=\"color:#fff; font-size:12px; font-family:Arial,Helvetica,sans-serif; overflow:hidden; text-align:left; margin:4px 0px 0px; padding: 0px;\" data-lightboxslideinterval=\"5000\" data-lightboxtimerposition=\"bottom\" data-lightboxtimercolor=\"#dc572e\" data-lightboxtimeropacity=\"1\" data-lightboxbordersize=\"8\" data-lightboxborderradius=\"0\" data-textcss=\"display:block; padding:8px 16px; text-align:left;\" data-textbgcss=\"display:none;\" data-titlecss=\"color: #1b96cf;    font-family: &quot;Open Sans&quot;,sans-serif;    font-size: 32px;    font-weight: bold;    line-height: 44px;    margin-bottom: 0;    margin-top: 20px;    text-transform: uppercase;\" data-descriptioncss=\"color: #282828;    font-size: 18px;    line-height: 30px;\" data-buttoncss=\"display:block; position:relative; margin-top:10px;\" data-titlecssresponsive=\"font-size:12px;\" data-descriptioncssresponsive=\"display:none !important;\" data-buttoncssresponsive=\"font-size: 9px !important;width:100%;\" data-jsfolder=\"https:\/\/nanovea.com\/wp-content\/plugins\/wonderplugin-slider-lite\/engine\/\" style=\"display:none;\" ><ul class=\"amazingslider-slides\"  style=\"display:none;\"><li><img decoding=\"async\" class=\"amazingslider-img-elem amazingsliderimg\" src=\"http:\/\/nanovea.com\/wp-content\/uploads\/2015\/04\/step-height-2d-3d.jpg\" alt=\"HAUTEUR DE MARCHE | PROFONDEUR | \u00c9PAISSEUR\" title=\"HAUTEUR DE MARCHE | PROFONDEUR | \u00c9PAISSEUR\" data-description=\"Precise measurement of step height, depth and thickness &lt;br \/&gt;with a single 2D profile or 3D area\" \/><\/li><li><img decoding=\"async\" class=\"amazingslider-img-elem amazingsliderimg\" src=\"http:\/\/nanovea.com\/wp-content\/uploads\/2015\/04\/step-height-large-area.jpg\" alt=\"HAUTEUR DE MARCHE | PROFONDEUR | \u00c9PAISSEUR\" title=\"HAUTEUR DE MARCHE | PROFONDEUR | \u00c9PAISSEUR\" data-description=\"Accurately measure height and depth across large areas\" \/><\/li><li><img decoding=\"async\" class=\"amazingslider-img-elem amazingsliderimg\" src=\"http:\/\/nanovea.com\/wp-content\/uploads\/2015\/04\/step-height-challenging.jpg\" alt=\"HAUTEUR DE MARCHE | PROFONDEUR | \u00c9PAISSEUR\" title=\"HAUTEUR DE MARCHE | PROFONDEUR | \u00c9PAISSEUR\" data-description=\"Superior ability to accurately measure step height on&lt;br \/&gt;challenging surfaces\" \/><\/li><\/ul><\/div><\/div>\n<h1><strong>MESURE DE LA HAUTEUR DES MARCHES DE LA SURFACE | PROFONDEUR ET \u00c9PAISSEUR<\/strong><\/h1>\n<p><a href=\"https:\/\/nanovea.com\/profilometer\">Instruments de profilom\u00e9trie<\/a> | <a href=\"https:\/\/nanovea.com\/lab-services\/\">Services de laboratoire<\/a> | <a href=\"https:\/\/nanovea.com\/chromatic-confocal\">Chromatique Confocale<\/a> | <a href=\"https:\/\/nanovea.com\/application-notes\">Notes d'application<\/a><\/p>\n<div class=\"product-desc\">\n<p>La technique confocale chromatique offre la meilleure pr\u00e9cision pour mesurer les hauteurs de pas de 60nm \u00e0 20mm. L'avantage de cette technique pour mesurer pr\u00e9cis\u00e9ment l'\u00e9paisseur r\u00e9side dans le fait que la confocale chromatique n'est pas influenc\u00e9e par de grands changements de r\u00e9flectivit\u00e9 ou de texture, comme on peut parfois le constater en passant d'un rev\u00eatement \u00e0 son substrat. L'\u00e9paisseur d'une couche optique transparente peut \u00e9galement \u00eatre mesur\u00e9e avec une r\u00e9solution et une port\u00e9e similaires (&gt; 7\u03bcm).<\/p>\n<p>&nbsp;<\/p>\n<p><strong>Normes : <\/strong><\/p>\n<ul>\n<li>ISO 5436-1<\/li>\n<\/ul>\n<p>&nbsp;<\/p>\n<p align=\"justify\"><strong>Analyse des mesures standard :<\/strong><\/p>\n<ul>\n<li>Point \u00e0 point<\/li>\n<li>De plan \u00e0 plan<\/li>\n<li>Hauteurs maximales, minimales et moyennes<\/li>\n<li>Carte d'\u00e9paisseur en 3D ou en 2D<\/li>\n<li>Courbe de distribution de l'\u00e9paisseur<\/li>\n<\/ul>\n<p>&nbsp;<\/p>\n<p><strong>Caract\u00e9ristiques du logiciel :<\/strong><\/p>\n<ul>\n<li>S\u00e9lection des param\u00e8tres faciles pour tests lignes ou ar\u00e9as<\/li>\n<li>Recettes<\/li>\n<li>R\u00e9solution lat\u00e9rale<\/li>\n<li>Exportation des donn\u00e9es brutes et des images<\/li>\n<li>Affichage en temps r\u00e9el<\/li>\n<li>Rapports automatiques<\/li>\n<li>Support multilingue<\/li>\n<li>Cartographie<\/li>\n<\/ul>\n<p>&nbsp;<\/p>\n<p align=\"justify\"><strong>Caract\u00e9ristiques du logiciel d'analyse :<\/strong><\/p>\n<ul>\n<li>Filtrage<\/li>\n<li>Mise \u00e0 niveau<\/li>\n<li>Seuillage<\/li>\n<li>Zooming<\/li>\n<li>Outils de s\u00e9lection des zones et de l'\u00e9limination de la forme<\/li>\n<li>Fonctions de soustraction et de comparaison et bien d'autres encore<\/li>\n<\/ul>\n<p>&nbsp;<\/p>\n<p align=\"justify\"><strong>Automatisation avanc\u00e9e :<\/strong><\/p>\n<ul>\n<li>Mise au point automatique (optique et microscope), mod\u00e8le d'analyse automatique<\/li>\n<li>Macros pour tests de plusieurs \u00e9chantillons<\/li>\n<li>S\u00e9lection facile de la zone sous le microscope pour les tests de profilom\u00e9trie ou de AFM<\/li>\n<li>Double fr\u00e9quence automatique pour les surfaces \u00e0 r\u00e9flectivit\u00e9 variable<\/li>\n<li>Platine Rotationnelle<\/li>\n<li>Reconnaissance des formes<\/li>\n<li>Communication des bases de donn\u00e9es<\/li>\n<li>Crit\u00e8res d'acceptation\/de rejet<\/li>\n<li>Capteurs lin\u00e9aires pour des mesures jusqu'\u00e0 200 fois plus rapides<\/li>\n<\/ul>\n<p>&nbsp;<\/p>\n<p><strong>Porteurs d'\u00e9chantillon(s) et conditions environnementales :<\/strong><\/p>\n<ul>\n<li>Porte-\u00e9chantillons personnalis\u00e9s et standard<\/li>\n<li>Plaque chauffante<\/li>\n<\/ul>\n<p>&nbsp;<\/p>\n<p><strong>Mesures suppl\u00e9mentaires de la surface :<\/strong><strong><br \/>\n<\/strong><\/p>\n<p><a href=\"https:\/\/nanovea.com\/surface-roughness-measurement\">Mesure de la rugosit\u00e9 de surface<\/a><\/p>\n<p><a href=\"https:\/\/nanovea.com\/surface-profile-measurement\">Mesure du profil de la surface<\/a><\/p>\n<p><a href=\"https:\/\/nanovea.com\/surface-topography-measurement\">Mesure de la topographie de surface<\/a><\/p>\n<p><a href=\"https:\/\/nanovea.com\/surface-flatness-measurement\">Mesure de la plan\u00e9it\u00e9 des surfaces<\/a><\/p>\n<p><a href=\"https:\/\/nanovea.com\/surface-volume-measurement\">Mesure du volume de la surface<\/a><\/p>\n<\/div>","protected":false},"excerpt":{"rendered":"<p>SURFACE STEP HEIGHT MEASUREMENT | DEPTH &amp; THICKNESS Profilometer Instruments | Lab Services | Chromatic Confocal | Application Notes The chromatic confocal technique offers the best accurately measures step heights from 60nm to 20mm. The advantage of the technique to accurately measure thickness lies on the fact that chromatic confocal is not influence by large [&hellip;]<\/p>\n","protected":false},"author":1,"featured_media":0,"parent":0,"menu_order":0,"comment_status":"open","ping_status":"open","template":"tpl-newslider.php","meta":{"_exactmetrics_skip_tracking":false,"_exactmetrics_sitenote_active":false,"_exactmetrics_sitenote_note":"","_exactmetrics_sitenote_category":0,"footnotes":""},"class_list":["post-104","page","type-page","status-publish","hentry"],"_links":{"self":[{"href":"https:\/\/nanovea.com\/fr\/wp-json\/wp\/v2\/pages\/104","targetHints":{"allow":["GET"]}}],"collection":[{"href":"https:\/\/nanovea.com\/fr\/wp-json\/wp\/v2\/pages"}],"about":[{"href":"https:\/\/nanovea.com\/fr\/wp-json\/wp\/v2\/types\/page"}],"author":[{"embeddable":true,"href":"https:\/\/nanovea.com\/fr\/wp-json\/wp\/v2\/users\/1"}],"replies":[{"embeddable":true,"href":"https:\/\/nanovea.com\/fr\/wp-json\/wp\/v2\/comments?post=104"}],"version-history":[{"count":23,"href":"https:\/\/nanovea.com\/fr\/wp-json\/wp\/v2\/pages\/104\/revisions"}],"predecessor-version":[{"id":19481,"href":"https:\/\/nanovea.com\/fr\/wp-json\/wp\/v2\/pages\/104\/revisions\/19481"}],"wp:attachment":[{"href":"https:\/\/nanovea.com\/fr\/wp-json\/wp\/v2\/media?parent=104"}],"curies":[{"name":"wp","href":"https:\/\/api.w.org\/{rel}","templated":true}]}}