{"id":94,"date":"2015-03-03T21:59:42","date_gmt":"2015-03-03T21:59:42","guid":{"rendered":"http:\/\/nanovea.com\/?page_id=94"},"modified":"2022-04-25T14:40:18","modified_gmt":"2022-04-25T14:40:18","slug":"medicion-de-la-topografia-de-la-superficie","status":"publish","type":"page","link":"https:\/\/nanovea.com\/es\/medicion-de-la-topografia-de-la-superficie\/","title":{"rendered":"Medici\u00f3n de la topograf\u00eda de la superficie"},"content":{"rendered":"<div class=\"wonderpluginslider-container\" id=\"wonderpluginslider-container-22\" style=\"max-width:1035px;margin:0 auto;padding-left:0px;padding-right:0px;padding-top:0px;padding-bottom:0px;\"><div class=\"wonderpluginslider\" id=\"wonderpluginslider-22\" data-sliderid=\"22\" data-width=\"1035\" data-height=\"375\" data-skin=\"cube\" data-autoplay=\"true\" data-randomplay=\"false\" data-loadimageondemand=\"false\" data-transitiononfirstslide=\"false\" data-autoplayvideo=\"false\" data-isresponsive=\"true\" data-fullwidth=\"false\" data-isfullscreen=\"false\" data-ratioresponsive=\"false\" data-showtext=\"true\" data-showtimer=\"false\" data-showbottomshadow=\"false\" data-navshowpreview=\"false\" data-textautohide=\"true\" data-lightboxresponsive=\"true\" data-lightboxshownavigation=\"false\" data-lightboxshowtitle=\"true\" data-lightboxshowdescription=\"false\" data-texteffectresponsive=\"true\" data-donotinit=\"false\" data-addinitscript=\"false\" data-lightboxfullscreenmode=\"false\" data-lightboxcloseonoverlay=\"true\" data-lightboxvideohidecontrols=\"false\" data-lightboxnogroup=\"false\" data-lightboxautoslide=\"false\" data-lightboxshowtimer=\"true\" data-lightboxshowplaybutton=\"true\" data-lightboxalwaysshownavarrows=\"false\" data-lightboxshowtitleprefix=\"true\" data-titleusealt=\"false\" data-outputtext=\"false\" data-scalemode=\"fit\" data-arrowstyle=\"always\" data-transition=\"slide\" data-loop=\"0\" data-border=\"0\" data-slideinterval=\"8000\" data-arrowimage=\"arrows-36-80-0.png\" data-arrowwidth=\"36\" data-arrowheight=\"80\" data-arrowtop=\"50\" data-arrowmargin=\"-18\" data-navstyle=\"bullets\" data-navimage=\"bullet-24-24-1.png\" data-navwidth=\"24\" data-navheight=\"24\" data-navspacing=\"8\" data-navmarginx=\"16\" data-navmarginy=\"16\" data-navposition=\"bottom\" data-playvideoimage=\"playvideo-64-64-0.png\" data-playvideoimagewidth=\"64\" data-playvideoimageheight=\"64\" data-lightboxthumbwidth=\"90\" data-lightboxthumbheight=\"60\" data-lightboxthumbtopmargin=\"12\" data-lightboxthumbbottommargin=\"4\" data-lightboxbarheight=\"64\" data-lightboxtitlebottomcss=\"color:#333; font-size:14px; font-family:Armata,sans-serif,Arial; overflow:hidden; text-align:left;\" data-lightboxdescriptionbottomcss=\"color:#333; font-size:12px; font-family:Arial,Helvetica,sans-serif; overflow:hidden; text-align:left; margin:4px 0px 0px; padding: 0px;\" data-textformat=\"Color box\" data-textpositionstatic=\"bottom\" data-textpositiondynamic=\"topleft\" data-paddingleft=\"0\" data-paddingright=\"0\" data-paddingtop=\"0\" data-paddingbottom=\"0\" data-texteffectresponsivesize=\"640\" data-fadeduration=\"1000\" data-crossfadeduration=\"1000\" data-slideduration=\"1000\" data-elasticduration=\"1000\" data-sliceduration=\"1500\" data-blindsduration=\"1500\" data-blocksduration=\"1500\" data-shuffleduration=\"1500\" data-tilesduration=\"2000\" data-kenburnsduration=\"5000\" data-flipduration=\"1500\" data-flipwithzoomduration=\"2000\" data-threedduration=\"1500\" data-threedhorizontalduration=\"1500\" data-threedwithzoomduration=\"2500\" data-threedhorizontalwithzoomduration=\"2200\" data-threedflipduration=\"1500\" data-threedflipwithzoomduration=\"2000\" data-threedtilesduration=\"2000\" data-threedfallback=\"flip\" data-threedhorizontalfallback=\"flip\" data-threedwithzoomfallback=\"flipwithzoom\" data-threedhorizontalwithzoomfallback=\"flipwithzoom\" data-threedflipfallback=\"flip\" data-threedflipwithzoomfallback=\"flipwithzoom\" data-threedtilesfallback=\"tiles\" data-ratiomediumscreen=\"800\" data-ratiomediumheight=\"1.2\" data-ratiosmallscreen=\"480\" data-ratiosmallheight=\"1.6\" data-lightboxtitlestyle=\"bottom\" data-lightboximagepercentage=\"75\" data-lightboxdefaultvideovolume=\"1\" data-lightboxoverlaybgcolor=\"#000\" data-lightboxoverlayopacity=\"0.9\" data-lightboxbgcolor=\"#fff\" data-lightboxtitleprefix=\"%NUM \/ %TOTAL\" data-lightboxtitleinsidecss=\"color:#fff; font-size:16px; font-family:Arial,Helvetica,sans-serif; overflow:hidden; text-align:left;\" data-lightboxdescriptioninsidecss=\"color:#fff; font-size:12px; font-family:Arial,Helvetica,sans-serif; overflow:hidden; text-align:left; margin:4px 0px 0px; padding: 0px;\" data-lightboxslideinterval=\"5000\" data-lightboxtimerposition=\"bottom\" data-lightboxtimercolor=\"#dc572e\" data-lightboxtimeropacity=\"1\" data-lightboxbordersize=\"8\" data-lightboxborderradius=\"0\" data-textcss=\"display:block; padding:8px 16px; text-align:left;\" data-textbgcss=\"display:none;\" data-titlecss=\"color: #1b96cf;    font-family: &quot;Open Sans&quot;,sans-serif;    font-size: 32px;    font-weight:bold;    line-height: 44px;    margin-bottom: 0;    margin-top: 20px;    text-transform: uppercase;\" data-descriptioncss=\"color: #282828;    font-size: 18px;    line-height: 26px;\" data-buttoncss=\"display:block; position:relative; margin-top:10px;\" data-titlecssresponsive=\"font-size:12px;\" data-descriptioncssresponsive=\"display:none !important;\" data-buttoncssresponsive=\"font-size: 9px !important;width:100%;\" data-jsfolder=\"https:\/\/nanovea.com\/wp-content\/plugins\/wonderplugin-slider-lite\/engine\/\" style=\"display:none;\" ><ul class=\"amazingslider-slides\"  style=\"display:none;\"><li><img decoding=\"async\" class=\"amazingslider-img-elem amazingsliderimg\" src=\"https:\/\/nanovea.com\/wp-content\/uploads\/2015\/04\/topography-any-surface.jpg\" alt=\"TOPOGRAF\u00cdA|FORMA|CONFIGURACI\u00d3N\" title=\"TOPOGRAF\u00cdA|FORMA|CONFIGURACI\u00d3N\" data-description=\"Precise topography measurement on any surface\" \/><\/li><li><img decoding=\"async\" class=\"amazingslider-img-elem amazingsliderimg\" src=\"https:\/\/nanovea.com\/wp-content\/uploads\/2015\/04\/shape-small-parts.jpg\" alt=\"TOPOGRAF\u00cdA|FORMA|CONFIGURACI\u00d3N\" title=\"TOPOGRAF\u00cdA|FORMA|CONFIGURACI\u00d3N\" data-description=\"Accurate shape measurement of small parts &amp; features\" \/><\/li><li><img decoding=\"async\" class=\"amazingslider-img-elem amazingsliderimg\" src=\"https:\/\/nanovea.com\/wp-content\/uploads\/2015\/04\/form-analysis.jpg\" alt=\"TOPOGRAF\u00cdA|FORMA|CONFIGURACI\u00d3N\" title=\"TOPOGRAF\u00cdA|FORMA|CONFIGURACI\u00d3N\" data-description=\"Superior ability to accurately measure and analyze &lt;br \/&gt;surface form\" \/><\/li><\/ul><\/div><\/div>\n<h1><strong>MEDICI\u00d3N DE LA TOPOGRAF\u00cdA DE LA SUPERFICIE | FORMA Y CONFIGURACI\u00d3N<\/strong><\/h1>\n<p><a href=\"https:\/\/nanovea.com\/profilometer\">Instrumentos perfil\u00f3metros<\/a> | <a href=\"https:\/\/nanovea.com\/lab-services\/\">Servicios de laboratorio<\/a> | <a href=\"https:\/\/nanovea.com\/chromatic-confocal\">Confocal crom\u00e1tico<\/a> | <a href=\"https:\/\/nanovea.com\/application-notes\">Notas de aplicaci\u00f3n<\/a><\/p>\n<div class=\"product-desc\">\n<p align=\"justify\">Con un amplio rango de altura de hasta 25 mm y la capacidad de medir \u00e1ngulos pronunciados, la t\u00e9cnica confocal crom\u00e1tica es ideal para medir la topograf\u00eda, la forma y la configuraci\u00f3n de superficies desconocidas y complejas, como tejidos blandos, plantas y rocas, piezas peque\u00f1as y muchas otras. Dado que no es necesario realizar uniones para superficies grandes, la t\u00e9cnica confocal crom\u00e1tica puede medir los datos de forma y configuraci\u00f3n necesarios en pocos segundos. Los datos resultantes son la mejor coincidencia polin\u00f3mica para la forma sometida a prueba. Con el reconocimiento de patrones y la automatizaci\u00f3n, adem\u00e1s de las condiciones de aprobado\/reprobado y la comunicaci\u00f3n con la base de datos, el instrumento puede utilizarse como una herramienta avanzada de control de calidad para mediciones de forma y configuraci\u00f3n.<\/p>\n<p>&nbsp;<\/p>\n<h4><b>Normas:<\/b><\/h4>\n<ul>\n<li style=\"text-align: left;\">ISO 25178<\/li>\n<li style=\"text-align: left;\">ISO 4287<\/li>\n<li style=\"text-align: left;\">ISO 13565-2<\/li>\n<li style=\"text-align: left;\">ISO 12085<\/li>\n<li style=\"text-align: left;\">ISO 12780<\/li>\n<li style=\"text-align: left;\">ISO 12181<\/li>\n<\/ul>\n<p>&nbsp;<\/p>\n<h4><b>An\u00e1lisis de medici\u00f3n est\u00e1ndar:<\/b><\/h4>\n<ul>\n<li style=\"text-align: left;\">Par\u00e1metros de ondulaci\u00f3n y disposici\u00f3n<\/li>\n<li style=\"text-align: left;\">Asimetr\u00eda y curtosis<\/li>\n<li style=\"text-align: left;\">Comparaci\u00f3n o sustracci\u00f3n de superficies<\/li>\n<li style=\"text-align: left;\">Curva de Abbott-Firestone<\/li>\n<li style=\"text-align: left;\">Mejor coincidencia polin\u00f3mica<\/li>\n<\/ul>\n<p>&nbsp;<\/p>\n<h4><b>Caracter\u00edsticas del software:<\/b><\/h4>\n<ul>\n<li style=\"text-align: left;\">Escaneos de l\u00edneas o \u00e1reas f\u00e1cilmente definibles<\/li>\n<li style=\"text-align: left;\">Recetas<\/li>\n<li style=\"text-align: left;\">Resoluci\u00f3n lateral<\/li>\n<li style=\"text-align: left;\">Exportar datos sin procesar e im\u00e1genes<\/li>\n<li style=\"text-align: left;\">Visualizaci\u00f3n en tiempo real<\/li>\n<li style=\"text-align: left;\">Informes autom\u00e1ticos<\/li>\n<li style=\"text-align: left;\">Soporte multiling\u00fce<\/li>\n<li style=\"text-align: left;\">Cartograf\u00eda<\/li>\n<\/ul>\n<p>&nbsp;<\/p>\n<h4><b>Caracter\u00edsticas del software de an\u00e1lisis:<\/b><\/h4>\n<ul>\n<li style=\"text-align: left;\">Filtrado<\/li>\n<li style=\"text-align: left;\">Nivelaci\u00f3n<\/li>\n<li style=\"text-align: left;\">Umbral<\/li>\n<li style=\"text-align: left;\">Acercar<\/li>\n<li style=\"text-align: left;\">Herramientas de selecci\u00f3n de \u00e1rea y eliminaci\u00f3n de formas<\/li>\n<li style=\"text-align: left;\">Funciones de resta y comparaci\u00f3n, entre muchas otras.<\/li>\n<\/ul>\n<p>&nbsp;<\/p>\n<h4><b>Automatizaci\u00f3n avanzada:<\/b><\/h4>\n<ul>\n<li style=\"text-align: left;\">Enfoque autom\u00e1tico (\u00f3ptico y microscopio), plantilla de an\u00e1lisis autom\u00e1tico<\/li>\n<li style=\"text-align: left;\">Macros para el manejo de m\u00faltiples muestras<\/li>\n<li style=\"text-align: left;\">F\u00e1cil selecci\u00f3n del \u00e1rea bajo el microscopio para la creaci\u00f3n de perfiles o pruebas AFM.<\/li>\n<li style=\"text-align: left;\">Doble frecuencia autom\u00e1tica para superficies con reflectividades variables.<\/li>\n<li style=\"text-align: left;\">Etapa rotacional<\/li>\n<li style=\"text-align: left;\">Reconocimiento de patrones<\/li>\n<li style=\"text-align: left;\">Comunicaciones de bases de datos<\/li>\n<li style=\"text-align: left;\">L\u00edmites de aprobado\/reprobado<\/li>\n<li style=\"text-align: left;\">Sensores lineales para mediciones hasta 200 veces m\u00e1s r\u00e1pidas<\/li>\n<\/ul>\n<p>&nbsp;<\/p>\n<h4><b>Portamuestras y condiciones ambientales:<\/b><\/h4>\n<ul>\n<li style=\"text-align: left;\">Portamuestras personalizados y est\u00e1ndar<\/li>\n<li style=\"text-align: left;\">Etapa de calentamiento<\/li>\n<\/ul>\n<p>&nbsp;<\/p>\n<h4><b>Medidas adicionales de la superficie:<\/b><\/h4>\n<p><a href=\"https:\/\/nanovea.com\/surface-roughness-measurement\">Medici\u00f3n de la rugosidad superficial<\/a><br \/>\n<a href=\"https:\/\/nanovea.com\/surface-profile-measurement\">Medici\u00f3n del perfil de la superficie<\/a><br \/>\n<a href=\"https:\/\/nanovea.com\/surface-flatness-measurement\">Medici\u00f3n de la planitud de la superficie<\/a><br \/>\n<a href=\"https:\/\/nanovea.com\/surface-volume-measurement\">Medici\u00f3n del volumen superficial<\/a><br \/>\n<a href=\"https:\/\/nanovea.com\/surface-step-height-measurement\">Medici\u00f3n de la altura de los escalones de la superficie<\/a><\/p>\n<\/div>","protected":false},"excerpt":{"rendered":"<p>SURFACE TOPOGRAPHY MEASUREMENT | SHAPE &amp; FORM Profilometer Instruments | Lab Services | Chromatic Confocal | Application Notes With a wide height range up to 25mm and the capability to measure steep angles, the chromatic confocal technique is ideal for measurements of topography, shape and form on unknown and complex surfaces such as soft tissue, [&hellip;]<\/p>","protected":false},"author":1,"featured_media":0,"parent":0,"menu_order":0,"comment_status":"open","ping_status":"open","template":"tpl-newslider.php","meta":{"_exactmetrics_skip_tracking":false,"_exactmetrics_sitenote_active":false,"_exactmetrics_sitenote_note":"","_exactmetrics_sitenote_category":0,"footnotes":""},"class_list":["post-94","page","type-page","status-publish","hentry"],"_links":{"self":[{"href":"https:\/\/nanovea.com\/es\/wp-json\/wp\/v2\/pages\/94","targetHints":{"allow":["GET"]}}],"collection":[{"href":"https:\/\/nanovea.com\/es\/wp-json\/wp\/v2\/pages"}],"about":[{"href":"https:\/\/nanovea.com\/es\/wp-json\/wp\/v2\/types\/page"}],"author":[{"embeddable":true,"href":"https:\/\/nanovea.com\/es\/wp-json\/wp\/v2\/users\/1"}],"replies":[{"embeddable":true,"href":"https:\/\/nanovea.com\/es\/wp-json\/wp\/v2\/comments?post=94"}],"version-history":[{"count":20,"href":"https:\/\/nanovea.com\/es\/wp-json\/wp\/v2\/pages\/94\/revisions"}],"predecessor-version":[{"id":19476,"href":"https:\/\/nanovea.com\/es\/wp-json\/wp\/v2\/pages\/94\/revisions\/19476"}],"wp:attachment":[{"href":"https:\/\/nanovea.com\/es\/wp-json\/wp\/v2\/media?parent=94"}],"curies":[{"name":"wp","href":"https:\/\/api.w.org\/{rel}","templated":true}]}}