{"id":2271,"date":"2016-01-25T17:33:58","date_gmt":"2016-01-25T17:33:58","guid":{"rendered":"http:\/\/nanovea.com\/?page_id=2271"},"modified":"2018-11-20T17:18:34","modified_gmt":"2018-11-20T17:18:34","slug":"publicaciones","status":"publish","type":"page","link":"https:\/\/nanovea.com\/es\/publicaciones\/","title":{"rendered":"Publications"},"content":{"rendered":"<p><strong>PUBLICACIONES<br \/>\n<\/strong><\/p>\n<p>Nanovea continues to advance measurement and surface research technology. More than 250 research articles featuring Nanovea instruments have been published on peer-reviewed journals. Below is a selected list of the articles. Please <a href=\"https:\/\/nanovea.com\/request-form\" target=\"_blank\" rel=\"noopener noreferrer\">p\u00f3ngase en contacto con<\/a> Nanovea para consultar la lista completa de publicaciones.<\/p>\n<table style=\"width: 100%;\" border=\"0\">\n<tbody>\n<tr>\n<td style=\"width: 25%; vertical-align: top; padding-right: 10px;\" height=\"152\"><strong><br \/>\nPROFIL\u00d3METRO<\/strong><\/p>\n<ul>\n<li><a href=\"https:\/\/www.sciencedirect.com\/science\/article\/pii\/S0921509310007318\">Microestructura y propiedades de desgaste de composites WC-12%Co depositados por l\u00e1ser<\/a>Ciencia e Ingenier\u00eda de Materiales: A 527, 24-25, 6677-6682<\/li>\n<li><a href=\"https:\/\/www.sciencedirect.com\/science\/article\/pii\/S0169433213021879\">Influencia del proceso de rectificado con muela de diamante en la microtopograf\u00eda superficial y las propiedades del material compuesto SiO2\/SiO2<\/a>Applied Surface Science 292, 181-189<\/li>\n<li><a href=\"https:\/\/www.sciencedirect.com\/science\/article\/pii\/S0043164813001841\">Rugosidad superficial y tasa de erosi\u00f3n de canales micromecanizados por chorro abrasivo: Experimentos y modelo anal\u00edtico<\/a>desgaste 303, 1-2, 138-145<\/li>\n<li><a href=\"https:\/\/www.sciencedirect.com\/science\/article\/pii\/S0008622310009425\">Recubrimientos compuestos superhidr\u00f3fobos estables a partir de una dispersi\u00f3n acuosa de nanotubos de carbono y un fluoropol\u00edmero<\/a>, Carbono 49, 5, 1769-1774<\/li>\n<li><a href=\"https:\/\/www.sciencedirect.com\/science\/article\/pii\/S1359645410003605\">Recubrimientos adaptables de nanocompuestos de VN\/Ag con comportamiento lubricante de 25 a 1000 \u00b0C<\/a>Acta Materialia 58, 16, 5326-5331<\/li>\n<li><a href=\"https:\/\/www.sciencedirect.com\/science\/article\/pii\/S0257897208006749\">Texturizaci\u00f3n de superficies para la lubricaci\u00f3n adaptativa de s\u00f3lidos<\/a>, Tecnolog\u00eda de superficies y revestimientos 203, 1-2, 73-79<\/li>\n<li><a href=\"https:\/\/dx.doi.org\/10.1002\/jbm.a.32952\">Recubrimiento v\u00edtreo a base de aluminio pulverizado en fr\u00edo: Propiedades de s\u00edntesis, desgaste y corrosi\u00f3n<\/a>, Tecnolog\u00eda de superficies y revestimientos 232, 33-40<\/li>\n<li><a href=\"https:\/\/www.sciencedirect.com\/science\/article\/pii\/S0043164810001183\">Recubrimientos nanocompuestos de CrN-Ag: Respuesta tribol\u00f3gica a altas temperaturas<\/a>Wear 269, 1-2, 125-131<\/li>\n<li><a href=\"https:\/\/www.sciencedirect.com\/science\/article\/pii\/S0008622312003958\">S\u00edntesis y propiedades de nanoplaquetas de grafeno a granel consolidadas mediante sinterizaci\u00f3n por plasma de chispa<\/a>Carbono 50, 11, 4068-4077<\/li>\n<li><a href=\"https:\/\/www.sciencedirect.com\/science\/article\/pii\/S0257897211000818\">S\u00edntesis in situ de recubrimientos compuestos TiC\/SiC\/Ti3SiC2 mediante sinterizaci\u00f3n por plasma de chispa<\/a>, Tecnolog\u00eda de superficies y revestimientos 205, 13-14, 3840-3846<\/li>\n<\/ul>\n<div id=\"stcpDiv\"><\/div>\n<\/td>\n<td style=\"width: 25%; vertical-align: top; padding-right: 10px;\"><strong><br \/>\nCOMPROBADOR MEC\u00c1NICO<\/strong><\/p>\n<ul>\n<li><a href=\"https:\/\/www.sciencedirect.com\/science\/article\/pii\/S0010938X14005952\">Protecci\u00f3n contra la oxidaci\u00f3n de materiales compuestos de carbono\/carbono mediante un novedoso recubrimiento cer\u00e1mico SiC-Si reforzado con nanoribbonos de SiC<\/a>Corrosion Science 92, 272-279<\/li>\n<li><a href=\"https:\/\/www.sciencedirect.com\/science\/article\/pii\/S0257897213009389\">Caracterizaci\u00f3n y propiedades mec\u00e1nicas de los recubrimientos d\u00faplex producidos sobre acero mediante deposici\u00f3n por electrochispa y oxidaci\u00f3n por microarco<\/a>, Tecnolog\u00eda de superficies y revestimientos 236, 303-308<\/li>\n<li><a href=\"https:\/\/www.sciencedirect.com\/science\/article\/pii\/S0169433212014821\">Caracterizaci\u00f3n y propiedades mec\u00e1nicas de recubrimientos sobre magnesio mediante oxidaci\u00f3n por microarco<\/a>Applied Surface Science 261, 774-782<\/li>\n<li><a href=\"https:\/\/www.sciencedirect.com\/science\/article\/pii\/B9780127999470000134\">Cap\u00edtulo 13 - Pulverizaci\u00f3n por inducci\u00f3n de plasma de recubrimientos nanocristalinos de hidroxiapatita obtenidos sobre implantes intra\u00f3seos de titanio<\/a>Handbook of Nanoceramic and Nanocomposite Coatings and Materials 293-317<\/li>\n<li><a href=\"https:\/\/www.sciencedirect.com\/science\/article\/pii\/S0921509315004165\">Caracter\u00edsticas metal\u00fargicas y transici\u00f3n del modo de fallo en soldaduras por puntos de resistencia disimilares entre chapas de acero de bajo contenido en carbono de grano ultrafino y de grano grueso.<\/a>Ciencia e ingenier\u00eda de los materiales: A 637, 42360<\/li>\n<li><a href=\"https:\/\/dx.doi.org\/10.1111\/jace.12621\">Correlaciones entre microestructura y propiedades mec\u00e1nicas de recubrimientos de barrera t\u00e9rmica rociados con plasma de aire y expuestos a alta temperatura<\/a>Journal of the American Ceramic Society 96, 12, 3901-3907<\/li>\n<li><a href=\"https:\/\/link.springer.com\/article\/10.1007\/s10570-012-9659-7\">Influencia de la concentraci\u00f3n de silicato s\u00f3dico en las propiedades estructurales y tribol\u00f3gicas de los recubrimientos de oxidaci\u00f3n por microarco sobre sustrato de aleaci\u00f3n de aluminio 2017A.<\/a>Journal of Alloys and Compounds 504, 2, 519-526<\/li>\n<li><a href=\"https:\/\/www.sciencedirect.com\/science\/article\/pii\/S025789721400108X\">Deposici\u00f3n por HIPIMS de pel\u00edculas de TiAlN en la pared interior de micromatrices y su aplicabilidad en el conformado de microl\u00e1minas met\u00e1licas<\/a>, Tecnolog\u00eda de superficies y revestimientos 250, 44-51<\/li>\n<li><a href=\"https:\/\/www.sciencedirect.com\/science\/article\/pii\/S0257897215005009\">Investigaci\u00f3n de las propiedades materiales y tribol\u00f3gicas de pel\u00edculas lubricantes s\u00f3lidas de MoS2 dopadas con Sb2O3\/Au en contacto por deslizamiento y rodadura en diferentes entornos.<\/a>, Surface and Coatings Technology, en prensa<\/li>\n<li><a href=\"https:\/\/www.sciencedirect.com\/science\/article\/pii\/S0257897210000265\">Influencia de la conformidad del revestimiento en la deslaminaci\u00f3n de los revestimientos de barrera t\u00e9rmica<\/a>, Tecnolog\u00eda de superficies y revestimientos 204, 15, 2432-2441<\/li>\n<li><a href=\"https:\/\/doi.org\/10.1088\/1402-4896\/aa9292\">Estudio comparativo de las propiedades mec\u00e1nicas de diferentes materiales de wolframio para aplicaciones de fusi\u00f3n<\/a>S Krimpalis et al 2017 Phys. Scr. 2017 014068<\/li>\n<\/ul>\n<\/td>\n<td style=\"width: 25%; vertical-align: top; padding-right: 10px;\" colspan=\"2\"><strong><br \/>\nTRIB\u00d3METRO<\/strong><\/p>\n<ul>\n<li><a href=\"https:\/\/link.springer.com\/article\/10.1007\/s11666-011-9669-2\">Comportamiento frente al desgaste del revestimiento de \u00f3xido de aluminio reforzado con nanotubos de carbono rociado con plasma en entornos marinos y de alta temperatura<\/a>Journal of Thermal Spray Technology 20, 6, 1217-1230<\/li>\n<li><a href=\"https:\/\/www.sciencedirect.com\/science\/article\/pii\/S0257897209009748\">Comportamiento tribol\u00f3gico a temperatura intermedia de un recubrimiento de \u00f3xido de aluminio pulverizado por plasma reforzado con nanotubos de carbono<\/a>, Tecnolog\u00eda de superficies y revestimientos 204, 11, 1847-1855<\/li>\n<li><a href=\"https:\/\/www.sciencedirect.com\/science\/article\/pii\/S1742706109001330\">Recubrimiento de Zr\/ZrO2 sobre Ti asistido por l\u00e1ser para implantes de carga<\/a>Acta Biomaterialia 5, 7, 2800-2809<\/li>\n<li><a href=\"https:\/\/www.sciencedirect.com\/science\/article\/pii\/S0008622310003143\">Hidroxiapatita endurecida con nanotubos de carbono mediante sinterizaci\u00f3n por plasma de chispa: Evoluci\u00f3n microestructural y propiedades tribol\u00f3gicas multiescala<\/a>, Carbono 48, 11, 3103-3120<\/li>\n<li><a href=\"https:\/\/www.sciencedirect.com\/science\/article\/pii\/S1359646210003003\">Procesado por l\u00e1ser de revestimiento reforzado con part\u00edculas de SiC sobre titanio<\/a>, Scripta Materialia 63, 4, 438-441<\/li>\n<li><a href=\"https:\/\/www.sciencedirect.com\/science\/article\/pii\/S0928493110001724\">Velocidad de desgaste in vitro y liberaci\u00f3n de iones de Co de estructuras de CoCrMo-Ti6Al4V graduadas composicional y estructuralmente.<\/a>Ciencia e Ingenier\u00eda de Materiales: C 31, 4, 809-814<\/li>\n<li><a href=\"https:\/\/www.sciencedirect.com\/science\/article\/pii\/S0043164813004717\">Microestructura y propiedades tribol\u00f3gicas de la aleaci\u00f3n Tribaloy tratada en soluci\u00f3n<\/a>Wear 307, 1-2, 22-27<\/li>\n<li><a href=\"https:\/\/www.sciencedirect.com\/science\/article\/pii\/S0040609009003216\">Crecimiento, estructura y comportamiento frente a la fricci\u00f3n de pel\u00edculas delgadas nanocompuestas de disulfuro de tungsteno dopado con titanio (Ti-WS2)<\/a>Thin Solid Films 517, 19, 5666-5675<\/li>\n<li><a href=\"https:\/\/www.sciencedirect.com\/science\/article\/pii\/S0008622309006381\">S\u00edntesis de un revestimiento de \u00f3xido de aluminio con refuerzo de nanotubos de carbono producido por deposici\u00f3n qu\u00edmica de vapor para mejorar la resistencia a la fractura y al desgaste<\/a>Carbono 48, 2, 431-442<\/li>\n<li><a href=\"https:\/\/dx.doi.org\/10.1111\/j.1551-2916.2010.04345.x\">Evaluaci\u00f3n de la eficacia de la t\u00e9cnica de indentaci\u00f3n hertziana para determinar la resistencia a la fractura de materiales fr\u00e1giles<\/a>Journal of the American Ceramic Society 94, 7, 2153-2161<\/li>\n<li><a href=\"https:\/\/www.nature.com\/nature\/journal\/v536\/n7614\/pdf\/nature18948.pdf\">Tribofilms de carbono a partir de aceites lubricantes<\/a>Nature 536, 67-71<\/li>\n<\/ul>\n<\/td>\n<\/tr>\n<\/tbody>\n<\/table>\n<p>&nbsp;<\/p>\n<p>&nbsp;<\/p>","protected":false},"excerpt":{"rendered":"<p>PUBLICATIONS Nanovea continues to advance measurement and surface research technology. More than 250 research articles featuring Nanovea instruments have been published on peer-reviewed journals. Below is a selected list of the articles. Please contact Nanovea for a full list of publications. PROFILOMETER Microstructure and wear properties of laser deposited WC\u201312%Co composites, Materials Science and Engineering: [&hellip;]<\/p>","protected":false},"author":1,"featured_media":0,"parent":0,"menu_order":0,"comment_status":"closed","ping_status":"closed","template":"","meta":{"_exactmetrics_skip_tracking":false,"_exactmetrics_sitenote_active":false,"_exactmetrics_sitenote_note":"","_exactmetrics_sitenote_category":0,"footnotes":""},"class_list":["post-2271","page","type-page","status-publish","hentry"],"_links":{"self":[{"href":"https:\/\/nanovea.com\/es\/wp-json\/wp\/v2\/pages\/2271","targetHints":{"allow":["GET"]}}],"collection":[{"href":"https:\/\/nanovea.com\/es\/wp-json\/wp\/v2\/pages"}],"about":[{"href":"https:\/\/nanovea.com\/es\/wp-json\/wp\/v2\/types\/page"}],"author":[{"embeddable":true,"href":"https:\/\/nanovea.com\/es\/wp-json\/wp\/v2\/users\/1"}],"replies":[{"embeddable":true,"href":"https:\/\/nanovea.com\/es\/wp-json\/wp\/v2\/comments?post=2271"}],"version-history":[{"count":7,"href":"https:\/\/nanovea.com\/es\/wp-json\/wp\/v2\/pages\/2271\/revisions"}],"predecessor-version":[{"id":4148,"href":"https:\/\/nanovea.com\/es\/wp-json\/wp\/v2\/pages\/2271\/revisions\/4148"}],"wp:attachment":[{"href":"https:\/\/nanovea.com\/es\/wp-json\/wp\/v2\/media?parent=2271"}],"curies":[{"name":"wp","href":"https:\/\/api.w.org\/{rel}","templated":true}]}}