{"id":220,"date":"2015-03-04T17:51:07","date_gmt":"2015-03-04T17:51:07","guid":{"rendered":"http:\/\/nanovea.com\/?page_id=220"},"modified":"2021-07-30T21:34:11","modified_gmt":"2021-07-30T21:34:11","slug":"tribometro-aplicaciones","status":"publish","type":"page","link":"https:\/\/nanovea.com\/es\/tribometro-aplicaciones\/","title":{"rendered":"Aplicaciones del trib\u00f3metro"},"content":{"rendered":"<div id=\"newslider\" style=\"min-height:auto; overflow:hidden;\">\n<ul>\n<li>\n<div class=\"slider-text\">\n<h2>TRIB\u00d3METROS<\/h2>\n<p>Prueba de desgaste por fricci\u00f3n con control preciso de la velocidad\n<\/p><\/div>\n<p><!--<img decoding=\"async\" src=\"https:\/\/nanovea.com\/wp-content\/uploads\/2015\/04\/slide-tapplications.jpg\" alt=\"\" \/>!--><br \/>\n<img decoding=\"async\" src=\"https:\/\/nanovea.com\/wp-content\/uploads\/2018\/01\/app-tribo.jpg\" alt=\"\" \/>\n<\/li>\n<\/ul>\n<\/div>\n<h1 align=\"justify\"><strong>APLICACIONES DEL TRIB\u00d3METRO<\/strong><\/h1>\n<p align=\"justify\"><a href=\"https:\/\/nanovea.com\/tribometers\">Trib\u00f3metros<\/a> | <a href=\"https:\/\/nanovea.com\/rotative-wear-test\">Rotativo<\/a> | <a href=\"https:\/\/nanovea.com\/linear-wear-test\">Lineal<\/a> | <a href=\"https:\/\/nanovea.com\/tribometer-optics\"> \u00d3ptica<\/a> | <a href=\"https:\/\/nanovea.com\/application-notes\">Notas de aplicaci\u00f3n<\/a> | <a href=\"https:\/\/nanovea.com\/tribometer-brochure\" target=\"_blank\" rel=\"noopener\">Trib\u00f3metros Descargar<\/a> | <a href=\"https:\/\/nanovea.com\/tribometers-video\" target=\"_blank\" rel=\"noopener\">Ver video<\/a><\/p>\n<p>Los trib\u00f3metros Nanovea miden la fricci\u00f3n por desgaste rotativo y lineal en un solo sistema, con opciones de control de temperatura, atm\u00f3sfera y l\u00edquidos. La tribolog\u00eda es un campo de estudio importante en casi todas las industrias, entre ellas: automotriz, aeroespacial, metal\u00fargica, de mecanizado, de recubrimientos, farmac\u00e9utica, biom\u00e9dica, medioambiental y muchas otras.<\/p>\n<table border=\"0\" width=\"1016\" cellspacing=\"0\" cellpadding=\"0\">\n<tbody>\n<tr>\n<td width=\"254\">\n<div align=\"center\"><img decoding=\"async\" src=\"https:\/\/nanovea.com\/wp-content\/themes\/wp-nanovea\/images\/images\/app4.jpg\" alt=\"Superficies mecanizadas\" width=\"150\" height=\"113\" \/><\/div>\n<\/td>\n<td width=\"254\">\n<div align=\"center\"><img decoding=\"async\" src=\"https:\/\/nanovea.com\/wp-content\/themes\/wp-nanovea\/images\/images\/app15.jpg\" alt=\"Superficies \u00f3pticas\" width=\"150\" height=\"113\" \/><\/div>\n<\/td>\n<td width=\"254\">\n<div align=\"center\"><img decoding=\"async\" class=\"alignnone\" src=\"https:\/\/nanovea.com\/wp-content\/themes\/wp-nanovea\/images\/images\/app7.jpg\" alt=\"Superficies de papel\" width=\"150\" height=\"113\" \/><\/div>\n<\/td>\n<td width=\"254\">\n<div align=\"center\"><img loading=\"lazy\" decoding=\"async\" class=\"alignnone\" src=\"https:\/\/nanovea.com\/wp-content\/themes\/wp-nanovea\/images\/images\/app16.jpg\" alt=\"Superficies farmac\u00e9uticas\" width=\"150\" height=\"113\" \/><\/div>\n<\/td>\n<\/tr>\n<\/tbody>\n<\/table>\n<table border=\"0\" width=\"1016\" cellspacing=\"0\" cellpadding=\"0\">\n<tbody>\n<tr>\n<td width=\"254\">\n<div align=\"center\">\n<p>&nbsp;<\/p>\n<p><img loading=\"lazy\" decoding=\"async\" src=\"https:\/\/nanovea.com\/wp-content\/themes\/wp-nanovea\/images\/images\/app1.jpg\" alt=\"Superficies farmac\u00e9uticas\" width=\"150\" height=\"113\" \/><\/p>\n<\/div>\n<\/td>\n<td width=\"254\">\n<div align=\"center\">\n<p>&nbsp;<\/p>\n<p><img loading=\"lazy\" decoding=\"async\" class=\"alignnone\" src=\"https:\/\/nanovea.com\/wp-content\/themes\/wp-nanovea\/images\/images\/app20.jpg\" alt=\"Superficies de concreto\" width=\"150\" height=\"113\" \/><\/p>\n<\/div>\n<\/td>\n<td width=\"254\">\n<div align=\"center\">\n<p>&nbsp;<\/p>\n<p><img loading=\"lazy\" decoding=\"async\" class=\"alignnone\" src=\"https:\/\/nanovea.com\/wp-content\/themes\/wp-nanovea\/images\/images\/app12.jpg\" alt=\"Superficies biom\u00e9dicas\" width=\"150\" height=\"113\" \/><\/p>\n<\/div>\n<\/td>\n<td width=\"254\">\n<div align=\"center\">\n<p>&nbsp;<\/p>\n<p><img loading=\"lazy\" decoding=\"async\" src=\"https:\/\/nanovea.com\/wp-content\/themes\/wp-nanovea\/images\/images\/app6.jpg\" alt=\"Superficies ambientales\" width=\"150\" height=\"113\" \/><\/p>\n<\/div>\n<\/td>\n<\/tr>\n<\/tbody>\n<\/table>\n<table border=\"0\" width=\"1016\" cellspacing=\"0\" cellpadding=\"0\">\n<tbody>\n<tr>\n<td width=\"254\">\n<div align=\"center\">\n<p>&nbsp;<\/p>\n<p><img loading=\"lazy\" decoding=\"async\" class=\"alignnone\" src=\"https:\/\/nanovea.com\/wp-content\/themes\/wp-nanovea\/images\/images\/app19.jpg\" alt=\"Superficie automotriz\" width=\"150\" height=\"113\" \/><\/p>\n<\/div>\n<\/td>\n<td width=\"254\">\n<div align=\"center\">\n<p>&nbsp;<\/p>\n<p><img loading=\"lazy\" decoding=\"async\" class=\"alignnone\" src=\"https:\/\/nanovea.com\/wp-content\/themes\/wp-nanovea\/images\/images\/app17.jpg\" alt=\"Superficie de la oblea\" width=\"150\" height=\"113\" \/><\/p>\n<\/div>\n<\/td>\n<td width=\"254\">\n<div align=\"center\">\n<p>&nbsp;<\/p>\n<p><img loading=\"lazy\" decoding=\"async\" class=\"alignnone\" src=\"https:\/\/nanovea.com\/wp-content\/themes\/wp-nanovea\/images\/images\/app9.jpg\" alt=\"Superficie de frenado\" width=\"150\" height=\"113\" \/><\/p>\n<\/div>\n<\/td>\n<td width=\"254\">\n<div align=\"center\">\n<p>&nbsp;<\/p>\n<p><img loading=\"lazy\" decoding=\"async\" class=\"alignnone\" src=\"https:\/\/nanovea.com\/wp-content\/themes\/wp-nanovea\/images\/images\/app10.jpg\" alt=\"Superficie de la herramienta\" width=\"150\" height=\"113\" \/><\/p>\n<\/div>\n<\/td>\n<\/tr>\n<\/tbody>\n<\/table>\n<p>&nbsp;<\/p>","protected":false},"excerpt":{"rendered":"<p>TRIBOMETERS Wear friction testing with precision speed control TRIBOMETER APPLICATIONS Tribometers | Rotative | Linear | Optics | Application Notes | Tribometers Download | Watch Video Nanovea Tribometers measure rotative and linear wear friction on a single system, with temperature, atomosphere and liquid control options. Tribology is an important study in nearly all industries including: [&hellip;]<\/p>","protected":false},"author":1,"featured_media":0,"parent":0,"menu_order":0,"comment_status":"open","ping_status":"open","template":"tpl-newslider.php","meta":{"_exactmetrics_skip_tracking":false,"_exactmetrics_sitenote_active":false,"_exactmetrics_sitenote_note":"","_exactmetrics_sitenote_category":0,"footnotes":""},"class_list":["post-220","page","type-page","status-publish","hentry"],"_links":{"self":[{"href":"https:\/\/nanovea.com\/es\/wp-json\/wp\/v2\/pages\/220","targetHints":{"allow":["GET"]}}],"collection":[{"href":"https:\/\/nanovea.com\/es\/wp-json\/wp\/v2\/pages"}],"about":[{"href":"https:\/\/nanovea.com\/es\/wp-json\/wp\/v2\/types\/page"}],"author":[{"embeddable":true,"href":"https:\/\/nanovea.com\/es\/wp-json\/wp\/v2\/users\/1"}],"replies":[{"embeddable":true,"href":"https:\/\/nanovea.com\/es\/wp-json\/wp\/v2\/comments?post=220"}],"version-history":[{"count":14,"href":"https:\/\/nanovea.com\/es\/wp-json\/wp\/v2\/pages\/220\/revisions"}],"predecessor-version":[{"id":12705,"href":"https:\/\/nanovea.com\/es\/wp-json\/wp\/v2\/pages\/220\/revisions\/12705"}],"wp:attachment":[{"href":"https:\/\/nanovea.com\/es\/wp-json\/wp\/v2\/media?parent=220"}],"curies":[{"name":"wp","href":"https:\/\/api.w.org\/{rel}","templated":true}]}}