{"id":211,"date":"2015-03-04T17:02:19","date_gmt":"2015-03-04T17:02:19","guid":{"rendered":"http:\/\/nanovea.com\/?page_id=211"},"modified":"2018-10-19T15:29:56","modified_gmt":"2018-10-19T15:29:56","slug":"desgaste-friccion-superficial","status":"publish","type":"page","link":"https:\/\/nanovea.com\/es\/desgaste-friccion-superficial\/","title":{"rendered":"Desgaste superficial por fricci\u00f3n"},"content":{"rendered":"<div id=\"newslider\" style=\"min-height: auto; overflow: hidden;\">\n<ul>\n<li>\n<div class=\"slider-text\">\n<h2>TRIB\u00d3METROS<\/h2>\n<p>Desgaste por fricci\u00f3n<\/p>\n<\/div>\n<p><img decoding=\"async\" src=\"https:\/\/nanovea.com\/wp-content\/uploads\/2015\/07\/slide-wear-friction.jpg\" alt=\"\" \/><\/li>\n<\/ul>\n<\/div>\n<h1><strong>DESGASTE SUPERFICIAL | ENSAYOS DE TRIBOLOG\u00cdA POR FRICCI\u00d3N <\/strong><\/h1>\n<div class=\"product-desc\">\n<p align=\"justify\">Basado en <a href=\"https:\/\/www.astm.org\/Standards\/G99.htm\">ASTM G99<\/a> y <a href=\"https:\/\/www.astm.org\/Standards\/G133.htm\">ASTM G133<\/a>. Se utiliza una bola, un pasador o un soporte plano fijado al brazo de medici\u00f3n, que se puede posicionar con precisi\u00f3n con una resoluci\u00f3n de 2,5 micras utilizando la mesa motorizada est\u00e1ndar. Una vez a\u00f1adida la carga, el disco de muestra gira a una velocidad conocida, lo que crea fricci\u00f3n entre la bola, el pasador o el soporte plano superior y el disco de muestra inferior. Para medir el desgaste, se puede medir la p\u00e9rdida de peso utilizando una b\u00e1scula sensible antes y despu\u00e9s de la prueba. Adem\u00e1s, se puede acoplar un LVDT al brazo de medici\u00f3n para registrar la profundidad durante la prueba. Esto ofrece la posibilidad de seguir la evoluci\u00f3n de la tasa de desgaste en funci\u00f3n del tiempo. La fuerza de fricci\u00f3n se mide directamente con una c\u00e9lula de carga r\u00edgida que ofrece una alta resoluci\u00f3n con una excelente estabilidad mec\u00e1nica y t\u00e9rmica, a diferencia de otros sistemas que solo utilizan LVDT para la medici\u00f3n de la fricci\u00f3n. Hay varias opciones de prueba disponibles para adaptarse fielmente a las condiciones del entorno real, incluyendo el control de la temperatura, los l\u00edquidos y la atm\u00f3sfera. Adem\u00e1s, para medir con precisi\u00f3n el volumen de la huella de desgaste, se puede integrar un perfilador \u00f3ptico 3D sin contacto en la plataforma del trib\u00f3metro para cuantificar la p\u00e9rdida por desgaste de forma r\u00e1pida y c\u00f3moda sin necesidad de retirar la muestra.<\/p>\n<p>&nbsp;<\/p>\n<p><strong>Propiedades analizadas durante las pruebas de fricci\u00f3n por desgaste:<\/strong><\/p>\n<p>\u2022 Coeficiente de fricci\u00f3n<\/p>\n<p>\u2022 Tasas de desgaste<\/p>\n<p>\u2022 Puntos de falla<\/p>\n<p>\u2022 Contacto el\u00e9ctrico<\/p>\n<p>\u2022 Estudios de lubricaci\u00f3n y otros<\/p>\n<p>&nbsp;<\/p>\n<p><a href=\"https:\/\/nanovea.com\/tribometers\">&lt; volver a Trib\u00f3metros<\/a><\/p>\n<p align=\"justify\">\n<\/div>","protected":false},"excerpt":{"rendered":"<p>TRIBOMETERS Wear Friction SURFACE WEAR | FRICTION TRIBOLOGY TESTING Based from ASTM G99 and ASTM G133. Using a ball, pin or flat holder is attached to the measuring arm which can be precisely positioned to a resolution of 2.5micron using the standard motorized table. With load added, the sample disk is rotated at a known [&hellip;]<\/p>","protected":false},"author":1,"featured_media":0,"parent":0,"menu_order":0,"comment_status":"open","ping_status":"open","template":"","meta":{"_exactmetrics_skip_tracking":false,"_exactmetrics_sitenote_active":false,"_exactmetrics_sitenote_note":"","_exactmetrics_sitenote_category":0,"footnotes":""},"class_list":["post-211","page","type-page","status-publish","hentry"],"_links":{"self":[{"href":"https:\/\/nanovea.com\/es\/wp-json\/wp\/v2\/pages\/211","targetHints":{"allow":["GET"]}}],"collection":[{"href":"https:\/\/nanovea.com\/es\/wp-json\/wp\/v2\/pages"}],"about":[{"href":"https:\/\/nanovea.com\/es\/wp-json\/wp\/v2\/types\/page"}],"author":[{"embeddable":true,"href":"https:\/\/nanovea.com\/es\/wp-json\/wp\/v2\/users\/1"}],"replies":[{"embeddable":true,"href":"https:\/\/nanovea.com\/es\/wp-json\/wp\/v2\/comments?post=211"}],"version-history":[{"count":9,"href":"https:\/\/nanovea.com\/es\/wp-json\/wp\/v2\/pages\/211\/revisions"}],"predecessor-version":[{"id":3574,"href":"https:\/\/nanovea.com\/es\/wp-json\/wp\/v2\/pages\/211\/revisions\/3574"}],"wp:attachment":[{"href":"https:\/\/nanovea.com\/es\/wp-json\/wp\/v2\/media?parent=211"}],"curies":[{"name":"wp","href":"https:\/\/api.w.org\/{rel}","templated":true}]}}