{"id":2057,"date":"2015-10-13T20:36:14","date_gmt":"2015-10-13T20:36:14","guid":{"rendered":"http:\/\/nanovea.com\/?page_id=2057"},"modified":"2024-03-07T00:46:39","modified_gmt":"2024-03-07T00:46:39","slug":"politica-de-privacidad","status":"publish","type":"page","link":"https:\/\/nanovea.com\/es\/politica-de-privacidad\/","title":{"rendered":"Pol\u00edtica de privacidad"},"content":{"rendered":"<p><strong>Pol\u00edtica general de privacidad de NANOVEA<\/strong><\/p>\n<p>La protecci\u00f3n de sus datos personales es de vital importancia para nosotros. Sus datos personales solo se procesan de conformidad con las leyes de protecci\u00f3n de datos aplicables (RGPD). Tomamos medidas cuidadosas para proteger sus datos contra p\u00e9rdida, manipulaci\u00f3n y acceso no autorizado. Las medidas se ajustan al estado actual de la tecnolog\u00eda. En esta declaraci\u00f3n sobre nuestra Pol\u00edtica de privacidad de datos le informamos sobre los aspectos m\u00e1s importantes en el contexto del procesamiento de datos en nuestro sitio web.<br \/>\n<strong><br \/>\n1.) Almacenamiento de datos de acceso en archivos de registro del servidor<\/strong><\/p>\n<p>Puede visitar nuestro sitio web sin revelar ninguna informaci\u00f3n personal. Solo almacenamos los datos de acceso en los archivos de registro del servidor, como los nombres de los archivos solicitados, la fecha y la hora de la consulta, los vol\u00famenes de datos transferidos, el tipo de navegador, la direcci\u00f3n IP y el proveedor solicitante. Estos datos se eval\u00faan exclusivamente para garantizar el buen funcionamiento del sitio y mejorar nuestra oferta, pero no permiten sacar conclusiones sobre la persona que se encuentra detr\u00e1s del usuario. En caso de indicios concretos de uso il\u00edcito, nos reservamos el derecho de revisar los datos de forma retrospectiva.<\/p>\n<p><strong>2.) Cookies<\/strong><\/p>\n<p>Nuestro sitio web utiliza las denominadas cookies para reconocer el uso repetido de nuestro sitio web por parte del mismo usuario\/suscriptor de conexi\u00f3n a Internet. Las cookies son peque\u00f1os archivos de texto que su navegador de Internet descarga y almacena en su computadora. Se utilizan para mejorar nuestro sitio web y nuestros servicios.<\/p>\n<p>Sin embargo, en cierta medida, estas cookies tambi\u00e9n transmiten informaci\u00f3n que se utiliza para reconocerlo autom\u00e1ticamente. El reconocimiento es posible porque su direcci\u00f3n IP se guarda en las cookies. La informaci\u00f3n as\u00ed obtenida se utiliza para mejorar nuestros servicios y facilitar el acceso al sitio web.<\/p>\n<p>Puede impedir la instalaci\u00f3n de cookies ajustando la configuraci\u00f3n de su navegador. Sin embargo, debe tener en cuenta que, al hacerlo, es posible que no pueda utilizar todas las funciones de nuestro sitio web. Al utilizar este sitio web sin desactivar la instalaci\u00f3n de cookies en su navegador, usted da su consentimiento para que Google procese los datos recopilados de la forma y para los fines descritos anteriormente.<\/p>\n<p><strong>3.) Contactarnos<\/strong><\/p>\n<p>En nuestro sitio web le ofrecemos la posibilidad de ponerse en contacto con nosotros a trav\u00e9s de nuestros formularios de contacto, por correo electr\u00f3nico o por chat (v\u00e9ase el apartado 7). Con el fin de tramitar su solicitud y comunicarnos posteriormente con usted, la informaci\u00f3n que nos facilite se almacenar\u00e1 y se remitir\u00e1 a las personas responsables (v\u00e9ase el apartado 7). Tampoco se realiza una comparaci\u00f3n de los datos recopilados con los datos que puedan recopilar otros componentes de nuestro sitio web. Si se pone en contacto con nosotros a trav\u00e9s de un enlace de correo electr\u00f3nico (por ejemplo,. <a href=\"mailto:info@nanovea.com\">info@nanovea.com<\/a>), se registrar\u00e1n la fecha y la hora del correo entrante, el remitente y el destinatario, as\u00ed como el asunto del correo electr\u00f3nico. La evaluaci\u00f3n de estos datos solo se realiza con el fin de reconstruir y corregir desviaciones sist\u00e9micas.<\/p>\n<p><strong>4.) Bolet\u00edn informativo <\/strong><\/p>\n<p>Tiene la oportunidad de suscribirse a nuestro bolet\u00edn informativo a trav\u00e9s de nuestro sitio web. Para ello, necesitamos su nombre y su direcci\u00f3n de correo electr\u00f3nico, as\u00ed como la declaraci\u00f3n de que est\u00e1 de acuerdo con la suscripci\u00f3n al bolet\u00edn informativo. Al proporcionarnos su direcci\u00f3n de correo electr\u00f3nico antes de descargar nuestros folletos, ponerse en contacto con nosotros a trav\u00e9s del chat en vivo o por correo electr\u00f3nico, usted da su consentimiento opcional para ser a\u00f1adido a nuestra lista de correo y recibir nuestro bolet\u00edn informativo.<\/p>\n<p>Con el fin de proporcionarle informaci\u00f3n espec\u00edfica, tambi\u00e9n recopilamos y procesamos la informaci\u00f3n que usted nos proporciona voluntariamente.<\/p>\n<p>Puede cancelar la suscripci\u00f3n al bolet\u00edn informativo en cualquier momento. Env\u00ede su cancelaci\u00f3n a la siguiente direcci\u00f3n de correo electr\u00f3nico: <a href=\"mailto:info@nanovea.com\">info@nanovea.com<\/a>. Eliminaremos inmediatamente sus datos relacionados con el env\u00edo del bolet\u00edn informativo.<\/p>\n<p><strong>5.) Uso de Google Analytics <\/strong><\/p>\n<p>Este sitio web utiliza Google Analytics, un servicio de an\u00e1lisis web proporcionado por Google Inc., 1600 Amphitheatre Parkway Mountain View, CA 94043, EE. UU. (\u201cGoogle\u201d).<\/p>\n<p>Google Analytics tambi\u00e9n utiliza cookies, es decir, archivos de texto que se guardan en su computadora a trav\u00e9s del navegador web y que permiten que nuestro sitio web le reconozca cuando vuelve a visitarlo, as\u00ed como analizar su uso del sitio web. Utilizamos este an\u00e1lisis para estructurar nuestra oferta de forma que resulte f\u00e1cil de usar y para optimizar nuestro sitio web de acuerdo con sus intereses.<\/p>\n<p>Encuentre m\u00e1s informaci\u00f3n sobre Google Analytics y la opci\u00f3n de exclusi\u00f3n voluntaria. <a href=\"https:\/\/tools.google.com\/dlpage\/gaoptout\">aqu\u00ed<\/a><\/p>\n<p><strong>6.) Transmisi\u00f3n de datos<\/strong><\/p>\n<p>Los datos se procesan con el fin de cumplir con los requisitos legales, cumplir con un contrato, procesar las consultas de los clientes sobre nuestros productos y servicios, y garantizar las rutinas comerciales de NANOVEA.<\/p>\n<p>Los socios contractuales de NANOVEA, como socios de distribuci\u00f3n, asesores fiscales o proveedores de servicios, como empresas de transporte para la entrega de mercanc\u00edas o soluciones de software de terceros (como Chat), utilizan los datos transmitidos por nosotros o transmitidos a nosotros \u00fanicamente para el cumplimiento del fin definido respectivo. No se permite un uso diferente de los datos.<\/p>\n<p><strong>7.) Sus derechos<\/strong><\/p>\n<p>Tienes derecho a la informaci\u00f3n, derecho de acceso, derecho de rectificaci\u00f3n, derecho de eliminaci\u00f3n, derecho a la limitaci\u00f3n del tratamiento, derecho a la portabilidad de los datos y derecho de oposici\u00f3n.<\/p>\n<p>P\u00f3ngase en contacto con nosotros si tiene alguna pregunta sobre la recopilaci\u00f3n, el tratamiento o el uso de sus datos personales, as\u00ed como si tiene alguna duda, desea corregir, bloquear o eliminar datos, retirar su consentimiento u oponerse a un determinado tipo de uso de los datos (v\u00e9ase la secci\u00f3n 8).<\/p>\n<p>Si considera que el tratamiento de sus datos personales no cumple con la ley de protecci\u00f3n de datos, tiene derecho a presentar una queja ante la autoridad supervisora competente.<\/p>\n<p><strong>8.) Restricciones sobre la extracci\u00f3n automatizada de datos y el uso de la inteligencia artificial<\/strong><\/p>\n<p>Queda estrictamente prohibido el rastreo automatizado de datos, incluido el uso de inteligencia artificial y algoritmos de aprendizaje autom\u00e1tico para extraer datos de nuestro sitio web, como notas de aplicaci\u00f3n y resultados de pruebas publicados, as\u00ed como el uso de dichos datos con fines de entrenamiento del aprendizaje autom\u00e1tico, sin la autorizaci\u00f3n previa por escrito de NANOVEA.<\/p>\n<p><strong>9.) Organismo responsable y contacto <\/strong><\/p>\n<p>NANOVEA<br \/>\n6 Morgan STE 156<br \/>\nIrvine, CA 92618<\/p>\n<p>Contacto para cuestiones relacionadas con la privacidad: <a href=\"mailto:info@nanovea.com\">info@nanovea.com<\/a><\/p>","protected":false},"excerpt":{"rendered":"<p>General privacy policy of NANOVEA The protection of your personal data is of critical importance us. Your personal data is only processed on the basis of the applicable data protection laws (GDPR). We take careful measures to protect your data from loss, manipulation, and unauthorized access. The measures are in accordance with the current state [&hellip;]<\/p>","protected":false},"author":1,"featured_media":0,"parent":0,"menu_order":0,"comment_status":"closed","ping_status":"closed","template":"","meta":{"_exactmetrics_skip_tracking":false,"_exactmetrics_sitenote_active":false,"_exactmetrics_sitenote_note":"","_exactmetrics_sitenote_category":0,"footnotes":""},"class_list":["post-2057","page","type-page","status-publish","hentry"],"_links":{"self":[{"href":"https:\/\/nanovea.com\/es\/wp-json\/wp\/v2\/pages\/2057","targetHints":{"allow":["GET"]}}],"collection":[{"href":"https:\/\/nanovea.com\/es\/wp-json\/wp\/v2\/pages"}],"about":[{"href":"https:\/\/nanovea.com\/es\/wp-json\/wp\/v2\/types\/page"}],"author":[{"embeddable":true,"href":"https:\/\/nanovea.com\/es\/wp-json\/wp\/v2\/users\/1"}],"replies":[{"embeddable":true,"href":"https:\/\/nanovea.com\/es\/wp-json\/wp\/v2\/comments?post=2057"}],"version-history":[{"count":11,"href":"https:\/\/nanovea.com\/es\/wp-json\/wp\/v2\/pages\/2057\/revisions"}],"predecessor-version":[{"id":23706,"href":"https:\/\/nanovea.com\/es\/wp-json\/wp\/v2\/pages\/2057\/revisions\/23706"}],"wp:attachment":[{"href":"https:\/\/nanovea.com\/es\/wp-json\/wp\/v2\/media?parent=2057"}],"curies":[{"name":"wp","href":"https:\/\/api.w.org\/{rel}","templated":true}]}}