{"id":19849,"date":"2022-05-23T14:42:39","date_gmt":"2022-05-23T14:42:39","guid":{"rendered":"https:\/\/nanovea.com\/?page_id=19849"},"modified":"2022-05-23T14:42:39","modified_gmt":"2022-05-23T14:42:39","slug":"pruebas-mecanicas","status":"publish","type":"page","link":"https:\/\/nanovea.com\/es\/pruebas-mecanicas\/","title":{"rendered":"Mechanical Testing Studies"},"content":{"rendered":"<div data-elementor-type=\"wp-page\" data-elementor-id=\"19849\" class=\"elementor elementor-19849\" data-elementor-post-type=\"page\">\n\t\t\t\t\t\t<section class=\"elementor-section elementor-top-section elementor-element elementor-element-cf6ab29 elementor-section-boxed elementor-section-height-default elementor-section-height-default\" data-id=\"cf6ab29\" data-element_type=\"section\">\n\t\t\t\t\t\t<div class=\"elementor-container elementor-column-gap-default\">\n\t\t\t\t\t<div class=\"elementor-column elementor-col-100 elementor-top-column elementor-element elementor-element-f284172\" data-id=\"f284172\" data-element_type=\"column\">\n\t\t\t<div class=\"elementor-widget-wrap elementor-element-populated\">\n\t\t\t\t\t\t<div class=\"elementor-element elementor-element-5a6c881 elementor-widget elementor-widget-heading\" data-id=\"5a6c881\" data-element_type=\"widget\" data-widget_type=\"heading.default\">\n\t\t\t\t<div class=\"elementor-widget-container\">\n\t\t\t\t\t<h1 class=\"elementor-heading-title elementor-size-default\">LATEST STUDIES<\/h1>\t\t\t\t<\/div>\n\t\t\t\t<\/div>\n\t\t\t\t<section class=\"elementor-section elementor-inner-section elementor-element elementor-element-fd3814c elementor-section-boxed elementor-section-height-default elementor-section-height-default\" data-id=\"fd3814c\" data-element_type=\"section\">\n\t\t\t\t\t\t<div class=\"elementor-container elementor-column-gap-default\">\n\t\t\t\t\t<div class=\"elementor-column elementor-col-33 elementor-inner-column elementor-element elementor-element-68da4a1\" data-id=\"68da4a1\" data-element_type=\"column\">\n\t\t\t<div class=\"elementor-widget-wrap elementor-element-populated\">\n\t\t\t\t\t\t<div class=\"elementor-element elementor-element-c907c6b elementor-align-right mechanical-testing-filter elementor-widget elementor-widget-button\" data-id=\"c907c6b\" data-element_type=\"widget\" data-widget_type=\"button.default\">\n\t\t\t\t<div class=\"elementor-widget-container\">\n\t\t\t\t\t\t\t\t\t<div class=\"elementor-button-wrapper\">\n\t\t\t\t\t<a class=\"elementor-button elementor-size-xs\" role=\"button\" id=\"mechanical-testing-filter\">\n\t\t\t\t\t\t<span class=\"elementor-button-content-wrapper\">\n\t\t\t\t\t\t\t\t\t<span class=\"elementor-button-text\">MECHANICAL TESTING<\/span>\n\t\t\t\t\t<\/span>\n\t\t\t\t\t<\/a>\n\t\t\t\t<\/div>\n\t\t\t\t\t\t\t\t<\/div>\n\t\t\t\t<\/div>\n\t\t\t\t\t<\/div>\n\t\t<\/div>\n\t\t\t\t<div class=\"elementor-column elementor-col-33 elementor-inner-column elementor-element elementor-element-d081e4e\" data-id=\"d081e4e\" data-element_type=\"column\">\n\t\t\t<div class=\"elementor-widget-wrap elementor-element-populated\">\n\t\t\t\t\t\t<div class=\"elementor-element elementor-element-8246d33 elementor-align-center profilometry-testing-filter elementor-widget elementor-widget-button\" data-id=\"8246d33\" data-element_type=\"widget\" data-widget_type=\"button.default\">\n\t\t\t\t<div class=\"elementor-widget-container\">\n\t\t\t\t\t\t\t\t\t<div class=\"elementor-button-wrapper\">\n\t\t\t\t\t<a class=\"elementor-button elementor-button-link elementor-size-xs\" href=\"https:\/\/nanovea.com\/profilometry-testing\/\" id=\"profilometry-testing-filter\">\n\t\t\t\t\t\t<span class=\"elementor-button-content-wrapper\">\n\t\t\t\t\t\t\t\t\t<span class=\"elementor-button-text\">PROFILOMETRY TESTING<\/span>\n\t\t\t\t\t<\/span>\n\t\t\t\t\t<\/a>\n\t\t\t\t<\/div>\n\t\t\t\t\t\t\t\t<\/div>\n\t\t\t\t<\/div>\n\t\t\t\t\t<\/div>\n\t\t<\/div>\n\t\t\t\t<div class=\"elementor-column elementor-col-33 elementor-inner-column elementor-element elementor-element-6bb0e47\" data-id=\"6bb0e47\" data-element_type=\"column\">\n\t\t\t<div class=\"elementor-widget-wrap elementor-element-populated\">\n\t\t\t\t\t\t<div class=\"elementor-element elementor-element-5773317 elementor-align-left tribology-testing-filter elementor-widget elementor-widget-button\" data-id=\"5773317\" data-element_type=\"widget\" data-widget_type=\"button.default\">\n\t\t\t\t<div class=\"elementor-widget-container\">\n\t\t\t\t\t\t\t\t\t<div class=\"elementor-button-wrapper\">\n\t\t\t\t\t<a class=\"elementor-button elementor-button-link elementor-size-xs\" href=\"https:\/\/nanovea.com\/tribology-testing\/\" id=\"tribology-testing-filter\">\n\t\t\t\t\t\t<span class=\"elementor-button-content-wrapper\">\n\t\t\t\t\t\t\t\t\t<span class=\"elementor-button-text\">TRIBOLOGY TESTING<\/span>\n\t\t\t\t\t<\/span>\n\t\t\t\t\t<\/a>\n\t\t\t\t<\/div>\n\t\t\t\t\t\t\t\t<\/div>\n\t\t\t\t<\/div>\n\t\t\t\t\t<\/div>\n\t\t<\/div>\n\t\t\t\t\t<\/div>\n\t\t<\/section>\n\t\t\t\t<div class=\"elementor-element elementor-element-64a2b6f elementor-posts--align-left app-notes-feat-homepage elementor-grid-3 elementor-grid-tablet-2 elementor-grid-mobile-1 elementor-posts--thumbnail-top elementor-widget elementor-widget-posts\" data-id=\"64a2b6f\" data-element_type=\"widget\" data-settings=\"{&quot;classic_row_gap&quot;:{&quot;unit&quot;:&quot;px&quot;,&quot;size&quot;:15,&quot;sizes&quot;:[]},&quot;pagination_type&quot;:&quot;load_more_infinite_scroll&quot;,&quot;classic_columns&quot;:&quot;3&quot;,&quot;classic_columns_tablet&quot;:&quot;2&quot;,&quot;classic_columns_mobile&quot;:&quot;1&quot;,&quot;classic_row_gap_tablet&quot;:{&quot;unit&quot;:&quot;px&quot;,&quot;size&quot;:&quot;&quot;,&quot;sizes&quot;:[]},&quot;classic_row_gap_mobile&quot;:{&quot;unit&quot;:&quot;px&quot;,&quot;size&quot;:&quot;&quot;,&quot;sizes&quot;:[]},&quot;load_more_spinner&quot;:{&quot;value&quot;:&quot;fas fa-spinner&quot;,&quot;library&quot;:&quot;fa-solid&quot;}}\" data-widget_type=\"posts.classic\">\n\t\t\t\t<div class=\"elementor-widget-container\">\n\t\t\t\t\t\t\t<div class=\"elementor-posts-container elementor-posts elementor-posts--skin-classic elementor-grid\" role=\"list\">\n\t\t\t\t<article class=\"elementor-post elementor-grid-item post-25222 post type-post status-publish format-standard has-post-thumbnail hentry category-application-notes category-indentation-fracture-toughness category-laboratory-testing category-mechanical-testing category-scratch-testing-cohesive-failure\" role=\"listitem\">\n\t\t\t\t<a class=\"elementor-post__thumbnail__link\" href=\"https:\/\/nanovea.com\/es\/prueba-de-resistencia-a-los-rayones-de-protectores-de-pantalla-para-telefonos\/\" tabindex=\"-1\" >\n\t\t\t<div class=\"elementor-post__thumbnail\"><img decoding=\"async\" width=\"300\" height=\"157\" src=\"https:\/\/nanovea.com\/wp-content\/uploads\/2025\/11\/cellphone-screen-protector-scratch-resistance-testing.jpg\" class=\"attachment-medium size-medium wp-image-25263\" alt=\"Pantalla de smartphone agrietada que ilustra la importancia de las pruebas de resistencia al rayado de los protectores de pantalla.\" \/><\/div>\n\t\t<\/a>\n\t\t\t\t<div class=\"elementor-post__text\">\n\t\t\t\t<h3 class=\"elementor-post__title\">\n\t\t\t<a href=\"https:\/\/nanovea.com\/es\/prueba-de-resistencia-a-los-rayones-de-protectores-de-pantalla-para-telefonos\/\" >\n\t\t\t\tPruebas de resistencia al rayado de los protectores de pantalla de los tel\u00e9fonos\t\t\t<\/a>\n\t\t<\/h3>\n\t\t\n\t\t<a class=\"elementor-post__read-more\" href=\"https:\/\/nanovea.com\/es\/prueba-de-resistencia-a-los-rayones-de-protectores-de-pantalla-para-telefonos\/\" aria-label=\"M\u00e1s informaci\u00f3n sobre las pruebas de resistencia a los rayones de los protectores de pantalla para tel\u00e9fonos\" tabindex=\"-1\" >\n\t\t\tLEER M\u00c1S\t\t<\/a>\n\n\t\t\t\t<\/div>\n\t\t\t\t<\/article>\n\t\t\t\t<article class=\"elementor-post elementor-grid-item post-22853 post type-post status-publish format-standard has-post-thumbnail hentry category-application-notes category-laboratory-testing category-linear-tribology category-mechanical-testing category-scratch-testing-adhesive-failure category-scratch-testing-cohesive-failure category-tribology-testing\" role=\"listitem\">\n\t\t\t\t<a class=\"elementor-post__thumbnail__link\" href=\"https:\/\/nanovea.com\/es\/ensayo-de-desgaste-del-revestimiento-de-ptfe\/\" tabindex=\"-1\" >\n\t\t\t<div class=\"elementor-post__thumbnail\"><img fetchpriority=\"high\" decoding=\"async\" width=\"300\" height=\"194\" src=\"https:\/\/nanovea.com\/wp-content\/uploads\/2023\/06\/teflon-wear-test.jpg\" class=\"attachment-medium size-medium wp-image-22857\" alt=\"\" \/><\/div>\n\t\t<\/a>\n\t\t\t\t<div class=\"elementor-post__text\">\n\t\t\t\t<h3 class=\"elementor-post__title\">\n\t\t\t<a href=\"https:\/\/nanovea.com\/es\/ensayo-de-desgaste-del-revestimiento-de-ptfe\/\" >\n\t\t\t\tPrueba de desgaste del revestimiento de PTFE\t\t\t<\/a>\n\t\t<\/h3>\n\t\t\n\t\t<a class=\"elementor-post__read-more\" href=\"https:\/\/nanovea.com\/es\/ensayo-de-desgaste-del-revestimiento-de-ptfe\/\" aria-label=\"M\u00e1s informaci\u00f3n sobre la prueba de desgaste del recubrimiento de PTFE\" tabindex=\"-1\" >\n\t\t\tLEER M\u00c1S\t\t<\/a>\n\n\t\t\t\t<\/div>\n\t\t\t\t<\/article>\n\t\t\t\t<article class=\"elementor-post elementor-grid-item post-22101 post type-post status-publish format-standard has-post-thumbnail hentry category-application-notes category-indentation-hardness-elastic category-loss-storage category-laboratory-testing category-mechanical-testing\" role=\"listitem\">\n\t\t\t\t<a class=\"elementor-post__thumbnail__link\" href=\"https:\/\/nanovea.com\/es\/analisis-mecanico-dinamico-del-corcho-mediante-nanoindentacion\/\" tabindex=\"-1\" >\n\t\t\t<div class=\"elementor-post__thumbnail\"><img decoding=\"async\" width=\"300\" height=\"194\" src=\"https:\/\/nanovea.com\/wp-content\/uploads\/2023\/05\/Cork-DMA-thumb-2.jpg\" class=\"attachment-medium size-medium wp-image-22112\" alt=\"\" \/><\/div>\n\t\t<\/a>\n\t\t\t\t<div class=\"elementor-post__text\">\n\t\t\t\t<h3 class=\"elementor-post__title\">\n\t\t\t<a href=\"https:\/\/nanovea.com\/es\/analisis-mecanico-dinamico-del-corcho-mediante-nanoindentacion\/\" >\n\t\t\t\tAn\u00e1lisis mec\u00e1nico din\u00e1mico del corcho mediante nanoindentaci\u00f3n\t\t\t<\/a>\n\t\t<\/h3>\n\t\t\n\t\t<a class=\"elementor-post__read-more\" href=\"https:\/\/nanovea.com\/es\/analisis-mecanico-dinamico-del-corcho-mediante-nanoindentacion\/\" aria-label=\"M\u00e1s informaci\u00f3n sobre el an\u00e1lisis mec\u00e1nico din\u00e1mico del corcho mediante nanoindentaci\u00f3n.\" tabindex=\"-1\" >\n\t\t\tLEER M\u00c1S\t\t<\/a>\n\n\t\t\t\t<\/div>\n\t\t\t\t<\/article>\n\t\t\t\t<article class=\"elementor-post elementor-grid-item post-22041 post type-post status-publish format-standard has-post-thumbnail hentry category-application-notes category-laboratory-testing category-mechanical-testing category-scratch-testing-adhesive-failure category-scratch-testing-cohesive-failure\" role=\"listitem\">\n\t\t\t\t<a class=\"elementor-post__thumbnail__link\" href=\"https:\/\/nanovea.com\/es\/ensayo-nano-scratch-mar-de-pintura-sobre-sustrato-metalico\/\" tabindex=\"-1\" >\n\t\t\t<div class=\"elementor-post__thumbnail\"><img loading=\"lazy\" decoding=\"async\" width=\"300\" height=\"194\" src=\"https:\/\/nanovea.com\/wp-content\/uploads\/2023\/05\/Nano-Scratch-Thumb.jpg\" class=\"attachment-medium size-medium wp-image-22052\" alt=\"\" \/><\/div>\n\t\t<\/a>\n\t\t\t\t<div class=\"elementor-post__text\">\n\t\t\t\t<h3 class=\"elementor-post__title\">\n\t\t\t<a href=\"https:\/\/nanovea.com\/es\/ensayo-nano-scratch-mar-de-pintura-sobre-sustrato-metalico\/\" >\n\t\t\t\tEnsayo Nano Scratch &amp; Mar de pintura sobre sustrato met\u00e1lico\t\t\t<\/a>\n\t\t<\/h3>\n\t\t\n\t\t<a class=\"elementor-post__read-more\" href=\"https:\/\/nanovea.com\/es\/ensayo-nano-scratch-mar-de-pintura-sobre-sustrato-metalico\/\" aria-label=\"M\u00e1s informaci\u00f3n sobre las pruebas Nano Scratch &amp; Mar de pintura sobre sustrato met\u00e1lico\" tabindex=\"-1\" >\n\t\t\tLEER M\u00c1S\t\t<\/a>\n\n\t\t\t\t<\/div>\n\t\t\t\t<\/article>\n\t\t\t\t<article class=\"elementor-post elementor-grid-item post-21189 post type-post status-publish format-standard has-post-thumbnail hentry category-application-notes category-high-temperature-mechanical-testing category-high-temperature-tribology category-laboratory-testing category-mechanical-testing category-scratch-testing-scratch-hardness category-scratch-testing-tribology category-tribology-testing\" role=\"listitem\">\n\t\t\t\t<a class=\"elementor-post__thumbnail__link\" href=\"https:\/\/nanovea.com\/es\/dureza-de-los-aranazos-a-alta-temperatura-utilizando-un-tribometro\/\" tabindex=\"-1\" >\n\t\t\t<div class=\"elementor-post__thumbnail\"><img loading=\"lazy\" decoding=\"async\" width=\"300\" height=\"194\" src=\"https:\/\/nanovea.com\/wp-content\/uploads\/2022\/07\/scratch-hardness-thumb1.jpg\" class=\"attachment-medium size-medium wp-image-21184\" alt=\"\" \/><\/div>\n\t\t<\/a>\n\t\t\t\t<div class=\"elementor-post__text\">\n\t\t\t\t<h3 class=\"elementor-post__title\">\n\t\t\t<a href=\"https:\/\/nanovea.com\/es\/dureza-de-los-aranazos-a-alta-temperatura-utilizando-un-tribometro\/\" >\n\t\t\t\tDureza al rayado a alta temperatura utilizando un trib\u00f3metro\t\t\t<\/a>\n\t\t<\/h3>\n\t\t\n\t\t<a class=\"elementor-post__read-more\" href=\"https:\/\/nanovea.com\/es\/dureza-de-los-aranazos-a-alta-temperatura-utilizando-un-tribometro\/\" aria-label=\"M\u00e1s informaci\u00f3n sobre la dureza al rayado a alta temperatura utilizando un trib\u00f3metro.\" tabindex=\"-1\" >\n\t\t\tLEER M\u00c1S\t\t<\/a>\n\n\t\t\t\t<\/div>\n\t\t\t\t<\/article>\n\t\t\t\t<article class=\"elementor-post elementor-grid-item post-20021 post type-post status-publish format-standard has-post-thumbnail hentry category-application-notes category-friction-testing-coefficient-of-friction category-laboratory-testing category-mechanical-testing category-profilometry-roughness-finish category-profilometry-testing category-rotational-tribology category-scratch-testing-adhesive-failure category-scratch-testing-cohesive-failure category-tribology-testing\" role=\"listitem\">\n\t\t\t\t<a class=\"elementor-post__thumbnail__link\" href=\"https:\/\/nanovea.com\/es\/evaluacion-de-los-revestimientos-industriales-contra-los-aranazos-y-el-desgaste\/\" tabindex=\"-1\" >\n\t\t\t<div class=\"elementor-post__thumbnail\"><img loading=\"lazy\" decoding=\"async\" width=\"300\" height=\"194\" src=\"https:\/\/nanovea.com\/wp-content\/uploads\/2022\/07\/Industrial-Coatings-Testing-Thumbnail.jpg\" class=\"attachment-medium size-medium wp-image-21169\" alt=\"\" \/><\/div>\n\t\t<\/a>\n\t\t\t\t<div class=\"elementor-post__text\">\n\t\t\t\t<h3 class=\"elementor-post__title\">\n\t\t\t<a href=\"https:\/\/nanovea.com\/es\/evaluacion-de-los-revestimientos-industriales-contra-los-aranazos-y-el-desgaste\/\" >\n\t\t\t\tEvaluaci\u00f3n de ara\u00f1azos y desgaste en revestimientos industriales\t\t\t<\/a>\n\t\t<\/h3>\n\t\t\n\t\t<a class=\"elementor-post__read-more\" href=\"https:\/\/nanovea.com\/es\/evaluacion-de-los-revestimientos-industriales-contra-los-aranazos-y-el-desgaste\/\" aria-label=\"M\u00e1s informaci\u00f3n sobre la evaluaci\u00f3n del desgaste y los rayones en recubrimientos industriales\" tabindex=\"-1\" >\n\t\t\tLEER M\u00c1S\t\t<\/a>\n\n\t\t\t\t<\/div>\n\t\t\t\t<\/article>\n\t\t\t\t<article class=\"elementor-post elementor-grid-item post-19513 post type-post status-publish format-standard has-post-thumbnail hentry category-application-notes category-laboratory-testing category-mechanical-testing category-scratch-testing-scratch-hardness\" role=\"listitem\">\n\t\t\t\t<a class=\"elementor-post__thumbnail__link\" href=\"https:\/\/nanovea.com\/es\/medicion-de-la-dureza-de-los-aranazos-mediante-un-probador-mecanico\/\" tabindex=\"-1\" >\n\t\t\t<div class=\"elementor-post__thumbnail\"><img loading=\"lazy\" decoding=\"async\" width=\"300\" height=\"194\" src=\"https:\/\/nanovea.com\/wp-content\/uploads\/2022\/05\/Scratch-Hardness-Measurement-Cover.jpg\" class=\"attachment-medium size-medium wp-image-19542\" alt=\"\" \/><\/div>\n\t\t<\/a>\n\t\t\t\t<div class=\"elementor-post__text\">\n\t\t\t\t<h3 class=\"elementor-post__title\">\n\t\t\t<a href=\"https:\/\/nanovea.com\/es\/medicion-de-la-dureza-de-los-aranazos-mediante-un-probador-mecanico\/\" >\n\t\t\t\tMedici\u00f3n de la dureza de los ara\u00f1azos mediante un comprobador mec\u00e1nico\t\t\t<\/a>\n\t\t<\/h3>\n\t\t\n\t\t<a class=\"elementor-post__read-more\" href=\"https:\/\/nanovea.com\/es\/medicion-de-la-dureza-de-los-aranazos-mediante-un-probador-mecanico\/\" aria-label=\"M\u00e1s informaci\u00f3n sobre la medici\u00f3n de la dureza al rayado con un medidor mec\u00e1nico\" tabindex=\"-1\" >\n\t\t\tLEER M\u00c1S\t\t<\/a>\n\n\t\t\t\t<\/div>\n\t\t\t\t<\/article>\n\t\t\t\t<article class=\"elementor-post elementor-grid-item post-18542 post type-post status-publish format-standard has-post-thumbnail hentry category-application-notes category-friction-testing-coefficient-of-friction category-laboratory-testing category-mechanical-testing category-scratch-testing-adhesive-failure category-scratch-testing-cohesive-failure\" role=\"listitem\">\n\t\t\t\t<a class=\"elementor-post__thumbnail__link\" href=\"https:\/\/nanovea.com\/es\/prueba-de-rayado-del-revestimiento-de-nitruro-de-titanio\/\" tabindex=\"-1\" >\n\t\t\t<div class=\"elementor-post__thumbnail\"><img loading=\"lazy\" decoding=\"async\" width=\"300\" height=\"194\" src=\"https:\/\/nanovea.com\/wp-content\/uploads\/2022\/05\/Titanium-Nitride-Coating-Test.jpg\" class=\"attachment-medium size-medium wp-image-19547\" alt=\"\" \/><\/div>\n\t\t<\/a>\n\t\t\t\t<div class=\"elementor-post__text\">\n\t\t\t\t<h3 class=\"elementor-post__title\">\n\t\t\t<a href=\"https:\/\/nanovea.com\/es\/prueba-de-rayado-del-revestimiento-de-nitruro-de-titanio\/\" >\n\t\t\t\tPrueba de rayado del revestimiento de nitruro de titanio\t\t\t<\/a>\n\t\t<\/h3>\n\t\t\n\t\t<a class=\"elementor-post__read-more\" href=\"https:\/\/nanovea.com\/es\/prueba-de-rayado-del-revestimiento-de-nitruro-de-titanio\/\" aria-label=\"M\u00e1s informaci\u00f3n sobre la prueba de rayado del recubrimiento de nitruro de titanio\" tabindex=\"-1\" >\n\t\t\tLEER M\u00c1S\t\t<\/a>\n\n\t\t\t\t<\/div>\n\t\t\t\t<\/article>\n\t\t\t\t<article class=\"elementor-post elementor-grid-item post-15550 post type-post status-publish format-standard has-post-thumbnail hentry category-application-notes category-indentation-creep-relaxation category-indentation-hardness-elastic category-laboratory-testing category-mechanical-testing\" role=\"listitem\">\n\t\t\t\t<a class=\"elementor-post__thumbnail__link\" href=\"https:\/\/nanovea.com\/es\/propiedades-mecanicas-del-hidrogel\/\" tabindex=\"-1\" >\n\t\t\t<div class=\"elementor-post__thumbnail\"><img loading=\"lazy\" decoding=\"async\" width=\"300\" height=\"195\" src=\"https:\/\/nanovea.com\/wp-content\/uploads\/2021\/09\/Mechanical-Properties-of-Hydrogel-thumbnail.jpg\" class=\"attachment-medium size-medium wp-image-15563\" alt=\"\" \/><\/div>\n\t\t<\/a>\n\t\t\t\t<div class=\"elementor-post__text\">\n\t\t\t\t<h3 class=\"elementor-post__title\">\n\t\t\t<a href=\"https:\/\/nanovea.com\/es\/propiedades-mecanicas-del-hidrogel\/\" >\n\t\t\t\tPropiedades mec\u00e1nicas del hidrogel\t\t\t<\/a>\n\t\t<\/h3>\n\t\t\n\t\t<a class=\"elementor-post__read-more\" href=\"https:\/\/nanovea.com\/es\/propiedades-mecanicas-del-hidrogel\/\" aria-label=\"M\u00e1s informaci\u00f3n sobre las propiedades mec\u00e1nicas del hidrogel\" tabindex=\"-1\" >\n\t\t\tLEER M\u00c1S\t\t<\/a>\n\n\t\t\t\t<\/div>\n\t\t\t\t<\/article>\n\t\t\t\t<\/div>\n\t\t\t\t\t<span class=\"e-load-more-spinner\">\n\t\t\t\t<i aria-hidden=\"true\" class=\"fas fa-spinner\"><\/i>\t\t\t<\/span>\n\t\t\n\t\t\t\t<div class=\"e-load-more-anchor\" data-page=\"1\" data-max-page=\"6\" data-next-page=\"https:\/\/nanovea.com\/wp-json\/wp\/v2\/pages\/19849\/page\/2\/\"><\/div>\n\t\t\t\t<div class=\"e-load-more-message\"><\/div>\n\t\t\t\t\t\t<\/div>\n\t\t\t\t<\/div>\n\t\t\t\t\t<\/div>\n\t\t<\/div>\n\t\t\t\t\t<\/div>\n\t\t<\/section>\n\t\t\t\t<\/div>","protected":false},"excerpt":{"rendered":"<p>LATEST STUDIES MECHANICAL TESTING PROFILOMETRY TESTING TRIBOLOGY TESTING<\/p>","protected":false},"author":1,"featured_media":0,"parent":0,"menu_order":0,"comment_status":"closed","ping_status":"closed","template":"","meta":{"_exactmetrics_skip_tracking":false,"_exactmetrics_sitenote_active":false,"_exactmetrics_sitenote_note":"","_exactmetrics_sitenote_category":0,"footnotes":""},"class_list":["post-19849","page","type-page","status-publish","hentry"],"_links":{"self":[{"href":"https:\/\/nanovea.com\/es\/wp-json\/wp\/v2\/pages\/19849","targetHints":{"allow":["GET"]}}],"collection":[{"href":"https:\/\/nanovea.com\/es\/wp-json\/wp\/v2\/pages"}],"about":[{"href":"https:\/\/nanovea.com\/es\/wp-json\/wp\/v2\/types\/page"}],"author":[{"embeddable":true,"href":"https:\/\/nanovea.com\/es\/wp-json\/wp\/v2\/users\/1"}],"replies":[{"embeddable":true,"href":"https:\/\/nanovea.com\/es\/wp-json\/wp\/v2\/comments?post=19849"}],"version-history":[{"count":9,"href":"https:\/\/nanovea.com\/es\/wp-json\/wp\/v2\/pages\/19849\/revisions"}],"predecessor-version":[{"id":22732,"href":"https:\/\/nanovea.com\/es\/wp-json\/wp\/v2\/pages\/19849\/revisions\/22732"}],"wp:attachment":[{"href":"https:\/\/nanovea.com\/es\/wp-json\/wp\/v2\/media?parent=19849"}],"curies":[{"name":"wp","href":"https:\/\/api.w.org\/{rel}","templated":true}]}}