{"id":196,"date":"2015-03-04T16:42:10","date_gmt":"2015-03-04T16:42:10","guid":{"rendered":"http:\/\/nanovea.com\/?page_id=196"},"modified":"2022-04-22T21:52:45","modified_gmt":"2022-04-22T21:52:45","slug":"microcomprobador-de-desgaste","status":"publish","type":"page","link":"https:\/\/nanovea.com\/es\/microcomprobador-de-desgaste\/","title":{"rendered":"Micro Wear Testing"},"content":{"rendered":"<div class=\"wonderpluginslider-container\" id=\"wonderpluginslider-container-10\" style=\"max-width:1035px;margin:0 auto;padding-left:0px;padding-right:0px;padding-top:0px;padding-bottom:0px;\"><div class=\"wonderpluginslider\" id=\"wonderpluginslider-10\" data-sliderid=\"10\" data-width=\"1035\" data-height=\"375\" data-skin=\"cube\" data-autoplay=\"true\" data-randomplay=\"false\" data-loadimageondemand=\"false\" data-transitiononfirstslide=\"false\" data-autoplayvideo=\"false\" data-isresponsive=\"true\" data-fullwidth=\"false\" data-isfullscreen=\"false\" data-ratioresponsive=\"false\" data-showtext=\"true\" data-showtimer=\"false\" data-showbottomshadow=\"false\" data-navshowpreview=\"false\" data-textautohide=\"true\" data-lightboxresponsive=\"true\" data-lightboxshownavigation=\"false\" data-lightboxshowtitle=\"true\" data-lightboxshowdescription=\"false\" data-texteffectresponsive=\"true\" data-donotinit=\"false\" data-addinitscript=\"false\" data-lightboxfullscreenmode=\"false\" data-lightboxcloseonoverlay=\"true\" data-lightboxvideohidecontrols=\"false\" data-lightboxnogroup=\"false\" data-lightboxautoslide=\"false\" data-lightboxshowtimer=\"true\" data-lightboxshowplaybutton=\"true\" data-lightboxalwaysshownavarrows=\"false\" data-lightboxshowtitleprefix=\"true\" data-titleusealt=\"false\" data-outputtext=\"false\" data-scalemode=\"fit\" data-arrowstyle=\"always\" data-transition=\"slide\" data-loop=\"0\" data-border=\"0\" data-slideinterval=\"8000\" data-arrowimage=\"arrows-36-80-0.png\" data-arrowwidth=\"36\" data-arrowheight=\"80\" data-arrowtop=\"50\" data-arrowmargin=\"-18\" data-navstyle=\"bullets\" data-navimage=\"bullet-24-24-1.png\" data-navwidth=\"24\" data-navheight=\"24\" data-navspacing=\"8\" data-navmarginx=\"16\" data-navmarginy=\"16\" data-navposition=\"bottom\" data-playvideoimage=\"playvideo-64-64-0.png\" data-playvideoimagewidth=\"64\" data-playvideoimageheight=\"64\" data-lightboxthumbwidth=\"90\" data-lightboxthumbheight=\"60\" data-lightboxthumbtopmargin=\"12\" data-lightboxthumbbottommargin=\"4\" data-lightboxbarheight=\"64\" data-lightboxtitlebottomcss=\"color:#333; font-size:14px; font-family:Armata,sans-serif,Arial; overflow:hidden; text-align:left;\" data-lightboxdescriptionbottomcss=\"color:#333; font-size:12px; font-family:Arial,Helvetica,sans-serif; overflow:hidden; text-align:left; margin:4px 0px 0px; padding: 0px;\" data-textformat=\"Color box\" data-textpositionstatic=\"bottom\" data-textpositiondynamic=\"topleft\" data-paddingleft=\"0\" data-paddingright=\"0\" data-paddingtop=\"0\" data-paddingbottom=\"0\" data-texteffectresponsivesize=\"640\" data-fadeduration=\"1000\" data-crossfadeduration=\"1000\" data-slideduration=\"1000\" data-elasticduration=\"1000\" data-sliceduration=\"1500\" data-blindsduration=\"1500\" data-blocksduration=\"1500\" data-shuffleduration=\"1500\" data-tilesduration=\"2000\" data-kenburnsduration=\"5000\" data-flipduration=\"1500\" data-flipwithzoomduration=\"2000\" data-threedduration=\"1500\" data-threedhorizontalduration=\"1500\" data-threedwithzoomduration=\"2500\" data-threedhorizontalwithzoomduration=\"2200\" data-threedflipduration=\"1500\" data-threedflipwithzoomduration=\"2000\" data-threedtilesduration=\"2000\" data-threedfallback=\"flip\" data-threedhorizontalfallback=\"flip\" data-threedwithzoomfallback=\"flipwithzoom\" data-threedhorizontalwithzoomfallback=\"flipwithzoom\" data-threedflipfallback=\"flip\" data-threedflipwithzoomfallback=\"flipwithzoom\" data-threedtilesfallback=\"tiles\" data-ratiomediumscreen=\"800\" data-ratiomediumheight=\"1.2\" data-ratiosmallscreen=\"480\" data-ratiosmallheight=\"1.6\" data-lightboxtitlestyle=\"bottom\" data-lightboximagepercentage=\"75\" data-lightboxdefaultvideovolume=\"1\" data-lightboxoverlaybgcolor=\"#000\" data-lightboxoverlayopacity=\"0.9\" data-lightboxbgcolor=\"#fff\" data-lightboxtitleprefix=\"%NUM \/ %TOTAL\" data-lightboxtitleinsidecss=\"color:#fff; font-size:16px; font-family:Arial,Helvetica,sans-serif; overflow:hidden; text-align:left;\" data-lightboxdescriptioninsidecss=\"color:#fff; font-size:12px; font-family:Arial,Helvetica,sans-serif; overflow:hidden; text-align:left; margin:4px 0px 0px; padding: 0px;\" data-lightboxslideinterval=\"5000\" data-lightboxtimerposition=\"bottom\" data-lightboxtimercolor=\"#dc572e\" data-lightboxtimeropacity=\"1\" data-lightboxbordersize=\"8\" data-lightboxborderradius=\"0\" data-textcss=\"display:block; padding:8px 16px; text-align:left;\" data-textbgcss=\"display:none;\" data-titlecss=\"color: #1b96cf;    font-family: &quot;Open Sans&quot;,sans-serif;    font-size: 32px;    font-weight: bold;    line-height: 44px;    margin-bottom: 0;    margin-top: 20px;    text-transform: uppercase;\" data-descriptioncss=\"color: #282828;    font-size: 18px;    line-height: 30px;\" data-buttoncss=\"display:block; position:relative; margin-top:10px;\" data-titlecssresponsive=\"font-size:12px;\" data-descriptioncssresponsive=\"display:none !important;\" data-buttoncssresponsive=\"font-size: 9px !important;width:100%;\" data-jsfolder=\"https:\/\/nanovea.com\/wp-content\/plugins\/wonderplugin-slider-lite\/engine\/\" style=\"display:none;\" ><ul class=\"amazingslider-slides\"  style=\"display:none;\"><li><img decoding=\"async\" class=\"amazingslider-img-elem amazingsliderimg\" src=\"https:\/\/nanovea.com\/wp-content\/uploads\/2015\/04\/slide-microwear-accuracy.jpg\" alt=\"MICRO WEAR\" title=\"MICRO WEAR\" data-description=\"Highly accurate linear wear, friction &lt;br \/&gt;&amp; acoustic emission failure detection\" \/><\/li><li><img decoding=\"async\" class=\"amazingslider-img-elem amazingsliderimg\" src=\"https:\/\/nanovea.com\/wp-content\/uploads\/2015\/04\/slide-microwear-wear-rate.jpg\" alt=\"MICRO WEAR\" title=\"MICRO WEAR\" data-description=\"Highly accurate wear rate measurement\" \/><\/li><li><img decoding=\"async\" class=\"amazingslider-img-elem amazingsliderimg\" src=\"https:\/\/nanovea.com\/wp-content\/uploads\/2017\/03\/3d-fretting.jpg\" alt=\"MICRO WEAR\" title=\"MICRO WEAR\" data-description=\"Fretting 3D volume measurement\" \/><\/li><\/ul><\/div><\/div>\n<h1><strong>MICRO WEAR | FRICTION TESTING<\/strong><\/h1>\n<p><a href=\"https:\/\/nanovea.com\/mechanical-tester\">Comprobadores mec\u00e1nicos<\/a> | <a href=\"https:\/\/nanovea.com\/lab-services\/\">Servicios de laboratorio<\/a> | <a href=\"https:\/\/nanovea.com\/nano-module\">M\u00f3dulo Nano<\/a> | <a href=\"https:\/\/nanovea.com\/micro-macro-module\">Micro m\u00f3dulo<\/a> | <a href=\"https:\/\/nanovea.com\/application-notes\">Notas de aplicaci\u00f3n<\/a><\/p>\n<div class=\"product-desc\">\n<p align=\"justify\"><strong>Micro Wear Process:<\/strong><br \/>\nDuring Micro Wear Testing a pin or a ball is loaded onto a test sample with a stable weight with feedback control. This ensures high accuracy and precise wear rate data. Wear rates for the pin and the sample can also be calculated from the volume of material lost measured with an attached AFM or an Optical Profilometer. Linear mode with friction measurement is possible with the standard x-y motorized table while the rotative test require the rotation table upgrade. The Micro module can also be used to measure friction coefficient in higher load ranges.<\/p>\n<p>&nbsp;<\/p>\n<p><strong>Normas:<\/strong><\/p>\n<ul>\n<li>ASTM G 133<\/li>\n<\/ul>\n<p>&nbsp;<\/p>\n<p><strong>Properties Analyzed During Micro Wear:<\/strong><\/p>\n<ul>\n<li>Tasas de desgaste<\/li>\n<li>Coeficiente de fricci\u00f3n<\/li>\n<li>Fretting Wear<\/li>\n<\/ul>\n<p>&nbsp;<\/p>\n<p><strong>Micro Wear Software Features:<\/strong><\/p>\n<ul>\n<li>Recetas<\/li>\n<li>Exportar datos sin procesar e im\u00e1genes<\/li>\n<li>Visualizaci\u00f3n en tiempo real<\/li>\n<li>Informes autom\u00e1ticos<\/li>\n<li>Soporte multiling\u00fce<\/li>\n<\/ul>\n<p><strong><br \/>\nAdvanced Micro Wear Automation:<\/strong><\/p>\n<ul>\n<li>Herramienta de selecci\u00f3n de mapas Broadview: Cartograf\u00eda avanzada en im\u00e1genes unidas<\/li>\n<li>Prueba automatizada de m\u00faltiples muestras (admite variaciones de altura de hasta 50 mm)<\/li>\n<li>Navegaci\u00f3n Plus: im\u00e1genes de navegaci\u00f3n de superficie f\u00e1ciles de usar<\/li>\n<li>Enfoque r\u00e1pido, detecci\u00f3n autom\u00e1tica de superficies y an\u00e1lisis autom\u00e1tico<\/li>\n<li>Herramientas de calibraci\u00f3n f\u00e1cil y directa para carga y profundidad<\/li>\n<li>Recetas guardables de todos los macros programados<\/li>\n<\/ul>\n<p>&nbsp;<\/p>\n<p><strong>Indentadores:<\/strong> (Diamante, WC y muchos otros materiales)<\/p>\n<ul>\n<li>C\u00f3nico-esf\u00e9rico<\/li>\n<li>Vickers<\/li>\n<li>Cuchillo<\/li>\n<li>Bolas de 1 a 6 mm<\/li>\n<\/ul>\n<p>&nbsp;<\/p>\n<p><strong>Condiciones ambientales y soportes para muestras:<\/strong><\/p>\n<ul>\n<li>Horno de 275 \u00b0C y 450 \u00b0C<\/li>\n<li>C\u00e1mara de enfriamiento hasta -10 \u00b0C<\/li>\n<li>C\u00e1mara de humedad<\/li>\n<li>Vasos para l\u00edquidos<\/li>\n<li>Muestras personalizadas y soportes para penetradores<\/li>\n<\/ul>\n<p>&nbsp;<\/p>\n<p><strong>Modos adicionales del microm\u00f3dulo:<\/strong><\/p>\n<p><a href=\"https:\/\/nanovea.com\/micro-scratch-tester\">Micro Scratch | Adhesion Testing<\/a><\/p>\n<p><a href=\"https:\/\/nanovea.com\/micro-indentation-tester\">Microindentaci\u00f3n | Ensayo de microdureza<\/a><\/p>\n<\/div>","protected":false},"excerpt":{"rendered":"<p>MICRO WEAR | FRICTION TESTING Mechanical Testers | Lab Services | Nano Module | Micro Module | Application Notes Micro Wear Process: During Micro Wear Testing a pin or a ball is loaded onto a test sample with a stable weight with feedback control. This ensures high accuracy and precise wear rate data. Wear rates [&hellip;]<\/p>","protected":false},"author":1,"featured_media":0,"parent":0,"menu_order":0,"comment_status":"open","ping_status":"open","template":"tpl-newslider.php","meta":{"_exactmetrics_skip_tracking":false,"_exactmetrics_sitenote_active":false,"_exactmetrics_sitenote_note":"","_exactmetrics_sitenote_category":0,"footnotes":""},"class_list":["post-196","page","type-page","status-publish","hentry"],"_links":{"self":[{"href":"https:\/\/nanovea.com\/es\/wp-json\/wp\/v2\/pages\/196","targetHints":{"allow":["GET"]}}],"collection":[{"href":"https:\/\/nanovea.com\/es\/wp-json\/wp\/v2\/pages"}],"about":[{"href":"https:\/\/nanovea.com\/es\/wp-json\/wp\/v2\/types\/page"}],"author":[{"embeddable":true,"href":"https:\/\/nanovea.com\/es\/wp-json\/wp\/v2\/users\/1"}],"replies":[{"embeddable":true,"href":"https:\/\/nanovea.com\/es\/wp-json\/wp\/v2\/comments?post=196"}],"version-history":[{"count":18,"href":"https:\/\/nanovea.com\/es\/wp-json\/wp\/v2\/pages\/196\/revisions"}],"predecessor-version":[{"id":19460,"href":"https:\/\/nanovea.com\/es\/wp-json\/wp\/v2\/pages\/196\/revisions\/19460"}],"wp:attachment":[{"href":"https:\/\/nanovea.com\/es\/wp-json\/wp\/v2\/media?parent=196"}],"curies":[{"name":"wp","href":"https:\/\/api.w.org\/{rel}","templated":true}]}}