{"id":194,"date":"2015-03-04T16:40:28","date_gmt":"2015-03-04T16:40:28","guid":{"rendered":"http:\/\/nanovea.com\/?page_id=194"},"modified":"2022-04-22T21:51:06","modified_gmt":"2022-04-22T21:51:06","slug":"microcomprobador-de-aranazos","status":"publish","type":"page","link":"https:\/\/nanovea.com\/es\/microcomprobador-de-aranazos\/","title":{"rendered":"Prueba de microara\u00f1azos"},"content":{"rendered":"<div class=\"wonderpluginslider-container\" id=\"wonderpluginslider-container-9\" style=\"max-width:1035px;margin:0 auto;padding-left:0px;padding-right:0px;padding-top:0px;padding-bottom:0px;\"><div class=\"wonderpluginslider\" id=\"wonderpluginslider-9\" data-sliderid=\"9\" data-width=\"1035\" data-height=\"375\" data-skin=\"cube\" data-autoplay=\"true\" data-randomplay=\"false\" data-loadimageondemand=\"false\" data-transitiononfirstslide=\"false\" data-autoplayvideo=\"false\" data-isresponsive=\"true\" data-fullwidth=\"false\" data-isfullscreen=\"false\" data-ratioresponsive=\"false\" data-showtext=\"true\" data-showtimer=\"false\" data-showbottomshadow=\"false\" data-navshowpreview=\"false\" data-textautohide=\"true\" data-lightboxresponsive=\"true\" data-lightboxshownavigation=\"false\" data-lightboxshowtitle=\"true\" data-lightboxshowdescription=\"false\" data-texteffectresponsive=\"true\" data-donotinit=\"false\" data-addinitscript=\"false\" data-lightboxfullscreenmode=\"false\" data-lightboxcloseonoverlay=\"true\" data-lightboxvideohidecontrols=\"false\" data-lightboxnogroup=\"false\" data-lightboxautoslide=\"false\" data-lightboxshowtimer=\"true\" data-lightboxshowplaybutton=\"true\" data-lightboxalwaysshownavarrows=\"false\" data-lightboxshowtitleprefix=\"true\" data-titleusealt=\"false\" data-outputtext=\"false\" data-scalemode=\"fit\" data-arrowstyle=\"always\" data-transition=\"slide\" data-loop=\"0\" data-border=\"0\" data-slideinterval=\"8000\" data-arrowimage=\"arrows-36-80-0.png\" data-arrowwidth=\"36\" data-arrowheight=\"80\" data-arrowtop=\"50\" data-arrowmargin=\"-18\" data-navstyle=\"bullets\" data-navimage=\"bullet-24-24-1.png\" data-navwidth=\"24\" data-navheight=\"24\" data-navspacing=\"8\" data-navmarginx=\"16\" data-navmarginy=\"16\" data-navposition=\"bottom\" data-playvideoimage=\"playvideo-64-64-0.png\" data-playvideoimagewidth=\"64\" data-playvideoimageheight=\"64\" data-lightboxthumbwidth=\"90\" data-lightboxthumbheight=\"60\" data-lightboxthumbtopmargin=\"12\" data-lightboxthumbbottommargin=\"4\" data-lightboxbarheight=\"64\" data-lightboxtitlebottomcss=\"color:#333; font-size:14px; font-family:Armata,sans-serif,Arial; overflow:hidden; text-align:left;\" data-lightboxdescriptionbottomcss=\"color:#333; font-size:12px; font-family:Arial,Helvetica,sans-serif; overflow:hidden; text-align:left; margin:4px 0px 0px; padding: 0px;\" data-textformat=\"Color box\" data-textpositionstatic=\"bottom\" data-textpositiondynamic=\"topleft\" data-paddingleft=\"0\" data-paddingright=\"0\" data-paddingtop=\"0\" data-paddingbottom=\"0\" data-texteffectresponsivesize=\"640\" data-fadeduration=\"1000\" data-crossfadeduration=\"1000\" data-slideduration=\"1000\" data-elasticduration=\"1000\" data-sliceduration=\"1500\" data-blindsduration=\"1500\" data-blocksduration=\"1500\" data-shuffleduration=\"1500\" data-tilesduration=\"2000\" data-kenburnsduration=\"5000\" data-flipduration=\"1500\" data-flipwithzoomduration=\"2000\" data-threedduration=\"1500\" data-threedhorizontalduration=\"1500\" data-threedwithzoomduration=\"2500\" data-threedhorizontalwithzoomduration=\"2200\" data-threedflipduration=\"1500\" data-threedflipwithzoomduration=\"2000\" data-threedtilesduration=\"2000\" data-threedfallback=\"flip\" data-threedhorizontalfallback=\"flip\" data-threedwithzoomfallback=\"flipwithzoom\" data-threedhorizontalwithzoomfallback=\"flipwithzoom\" data-threedflipfallback=\"flip\" data-threedflipwithzoomfallback=\"flipwithzoom\" data-threedtilesfallback=\"tiles\" data-ratiomediumscreen=\"800\" data-ratiomediumheight=\"1.2\" data-ratiosmallscreen=\"480\" data-ratiosmallheight=\"1.6\" data-lightboxtitlestyle=\"bottom\" data-lightboximagepercentage=\"75\" data-lightboxdefaultvideovolume=\"1\" data-lightboxoverlaybgcolor=\"#000\" data-lightboxoverlayopacity=\"0.9\" data-lightboxbgcolor=\"#fff\" data-lightboxtitleprefix=\"%NUM \/ %TOTAL\" data-lightboxtitleinsidecss=\"color:#fff; font-size:16px; font-family:Arial,Helvetica,sans-serif; overflow:hidden; text-align:left;\" data-lightboxdescriptioninsidecss=\"color:#fff; font-size:12px; font-family:Arial,Helvetica,sans-serif; overflow:hidden; text-align:left; margin:4px 0px 0px; padding: 0px;\" data-lightboxslideinterval=\"5000\" data-lightboxtimerposition=\"bottom\" data-lightboxtimercolor=\"#dc572e\" data-lightboxtimeropacity=\"1\" data-lightboxbordersize=\"8\" data-lightboxborderradius=\"0\" data-textcss=\"display:block; padding:8px 16px; text-align:left;\" data-textbgcss=\"display:none;\" data-titlecss=\"color: #1b96cf;    font-family: &quot;Open Sans&quot;,sans-serif;    font-size: 32px;    font-weight: bold;    line-height: 44px;    margin-bottom: 0;    margin-top: 20px;    text-transform: uppercase;\" data-descriptioncss=\"color: #282828;    font-size: 18px;    line-height: 30px;\" data-buttoncss=\"display:block; position:relative; margin-top:10px;\" data-titlecssresponsive=\"font-size:12px;\" data-descriptioncssresponsive=\"display:none !important;\" data-buttoncssresponsive=\"font-size: 9px !important;width:100%;\" data-jsfolder=\"https:\/\/nanovea.com\/wp-content\/plugins\/wonderplugin-slider-lite\/engine\/\" style=\"display:none;\" ><ul class=\"amazingslider-slides\"  style=\"display:none;\"><li><img decoding=\"async\" class=\"amazingslider-img-elem amazingsliderimg\" src=\"https:\/\/nanovea.com\/wp-content\/uploads\/2015\/04\/slide-microscratch-accuracy.jpg\" alt=\"MICRO RAY\u00d3N\" title=\"MICRO RAY\u00d3N\" data-description=\"Highly accurate friction, true depth &lt;br \/&gt;&amp; acoustic emissions measurement\" \/><\/li><li><img decoding=\"async\" class=\"amazingslider-img-elem amazingsliderimg\" src=\"https:\/\/nanovea.com\/wp-content\/uploads\/2015\/04\/slide-microscratch-panoramic-view.jpg\" alt=\"MICRO RAY\u00d3N\" title=\"MICRO RAY\u00d3N\" data-description=\"Full scratch imaging for failure &lt;br \/&gt;identification &amp; analysis\" \/><\/li><li><img decoding=\"async\" class=\"amazingslider-img-elem amazingsliderimg\" src=\"https:\/\/nanovea.com\/wp-content\/uploads\/2015\/04\/slide-microscratch-mapping.jpg\" alt=\"MICRO RAY\u00d3N\" title=\"MICRO RAY\u00d3N\" data-description=\"Mapping with various loading &lt;br \/&gt;options for failure identification\" \/><\/li><\/ul><\/div><\/div>\n<h1><strong>MICROARA\u00d1AZO | PRUEBA DE MICROADHESI\u00d3N<\/strong><\/h1>\n<p><a href=\"https:\/\/nanovea.com\/mechanical-tester\">Comprobadores mec\u00e1nicos<\/a> | <a href=\"https:\/\/nanovea.com\/lab-services\/\">Servicios de laboratorio<\/a> | <a href=\"https:\/\/nanovea.com\/nano-module\">M\u00f3dulo Nano<\/a> | <a href=\"https:\/\/nanovea.com\/micro-macro-module\">Micro m\u00f3dulo<\/a> | <a href=\"https:\/\/nanovea.com\/application-notes\">Notas de aplicaci\u00f3n<\/a><\/p>\n<div class=\"product-desc\">\n<p><strong>Proceso de microara\u00f1azos:<\/strong><br \/>\nDurante la prueba de microara\u00f1azos, se arrastra una punta esf\u00e9rica c\u00f3nica, de diamante o WC, por la superficie recubierta con una carga creciente, lo que da lugar a diversos tipos de fallos a cargas cr\u00edticas espec\u00edficas. La prueba de adhesi\u00f3n por microara\u00f1azos identifica las cargas cr\u00edticas de forma \u00f3ptica mediante un microscopio de v\u00eddeo integrado. Estas cargas cr\u00edticas se utilizan para cuantificar las propiedades adhesivas y cohesivas de diferentes combinaciones de pel\u00edcula\/sustrato. Adem\u00e1s, los puntos de fallo pueden determinarse utilizando mediciones de la fuerza de fricci\u00f3n y la profundidad. Las mediciones de profundidad proporcionan la parte pl\u00e1stica y el\u00e1stica de la deformaci\u00f3n. La prueba de rayado con carga constante puede utilizarse, en el mapeo, para comprobar la uniformidad de la superficie. Mediciones de profundidad reales basadas en (patente europea n.\u00ba 0663068) que proporcionan una deformaci\u00f3n el\u00e1stica y pl\u00e1stica precisa.<\/p>\n<p>&nbsp;<\/p>\n<p><strong>Normas: <\/strong><\/p>\n<ul>\n<li>ASTM D7187<\/li>\n<li>ASTM C1624<\/li>\n<li>ASTM D7027<\/li>\n<li>ASTM G171<\/li>\n<li>ISO 20502<\/li>\n<li>ISO 1518<\/li>\n<li>DIN EN 1071<\/li>\n<li>DVM-0058-PA<\/li>\n<\/ul>\n<p>&nbsp;<\/p>\n<p><strong>Propiedades analizadas durante el microara\u00f1azo:<\/strong><\/p>\n<ul>\n<li>Fallo cohesivo y adhesivo<\/li>\n<li>Resistencia de adhesi\u00f3n<\/li>\n<li>Deformaci\u00f3n (resistencia) e inicio de grietas\/fracturas<\/li>\n<li>Profundidad de deformaci\u00f3n pl\u00e1stica y el\u00e1stica, entre otras.<\/li>\n<\/ul>\n<p>&nbsp;<\/p>\n<p><strong>Caracter\u00edsticas del software Micro Scratch:<\/strong><\/p>\n<ul>\n<li>Recetas<\/li>\n<li>Exportar datos sin procesar e im\u00e1genes<\/li>\n<li>Visualizaci\u00f3n en tiempo real<\/li>\n<li>Informes autom\u00e1ticos<\/li>\n<li>Soporte multiling\u00fce<\/li>\n<li>Comparaci\u00f3n de fallos<\/li>\n<li>Cartograf\u00eda<\/li>\n<li>Imagen completa desde cero para la inspecci\u00f3n posterior utilizando la vista ampliada de seguimiento.<\/li>\n<li>Seguimiento de la vista ampliada para facilitar la inspecci\u00f3n posterior con an\u00e1lisis de profundidad de datos, fricci\u00f3n y AE.<\/li>\n<\/ul>\n<p>&nbsp;<\/p>\n<p><strong>Automatizaci\u00f3n avanzada de microara\u00f1azos:<\/strong><\/p>\n<ul>\n<li>Herramienta de selecci\u00f3n de mapas Broadview: Cartograf\u00eda avanzada en im\u00e1genes unidas<\/li>\n<li>Prueba automatizada de m\u00faltiples muestras (admite variaciones de altura de hasta 50 mm)<\/li>\n<li>Navegaci\u00f3n Plus: im\u00e1genes de navegaci\u00f3n de superficie f\u00e1ciles de usar<\/li>\n<li>Enfoque r\u00e1pido, detecci\u00f3n autom\u00e1tica de superficies y an\u00e1lisis autom\u00e1tico<\/li>\n<li>Herramientas de calibraci\u00f3n f\u00e1cil y directa para carga y profundidad<\/li>\n<li>Funci\u00f3n de \u00e1rea de sangr\u00eda \u00fanica (Patente europea n.\u00ba 3076153)<\/li>\n<li>Control de calidad cuantificable para penetrador (Patente europea n.\u00ba 3076153)<\/li>\n<li>Asistente (patente en tr\u00e1mite): generador autom\u00e1tico de par\u00e1metros de prueba.<\/li>\n<li>Recetas guardables de todos los macros programados<\/li>\n<\/ul>\n<p>&nbsp;<\/p>\n<p><strong>Indentadores: <\/strong>(Diamante, WC y muchos otros materiales)<\/p>\n<ul>\n<li>Vickers<\/li>\n<li>Esquina del cubo<\/li>\n<li>C\u00f3nico-esf\u00e9rico<\/li>\n<li>Cuchillo<\/li>\n<\/ul>\n<p>&nbsp;<\/p>\n<p><strong>Portamuestras y condiciones ambientales:<\/strong><\/p>\n<ul>\n<li>Horno de 275 \u00b0C y 450 \u00b0C<\/li>\n<li>C\u00e1mara de enfriamiento hasta -10 \u00b0C<\/li>\n<li>C\u00e1mara de humedad<\/li>\n<li>Vasos para l\u00edquidos<\/li>\n<li>Muestras personalizadas y soportes para penetradores<\/li>\n<\/ul>\n<p>&nbsp;<\/p>\n<p><strong>Modos adicionales del microm\u00f3dulo:<\/strong><\/p>\n<p><a href=\"https:\/\/nanovea.com\/micro-indentation-tester\">Microindentaci\u00f3n | Ensayo de microdureza<\/a><\/p>\n<p><a href=\"https:\/\/nanovea.com\/micro-wear-tester\">Microdesgaste | Prueba de fricci\u00f3n<\/a><\/p>\n<p align=\"justify\">\n<\/div>","protected":false},"excerpt":{"rendered":"<p>MICRO SCRATCH | MICRO ADHESION TESTING Mechanical Testers | Lab Services | Nano Module | Micro Module | Application Notes Micro Scratch Process: During Micro Scratch Testing, a conical spherical tip, diamond or WC, is drawn across the coated surface with an increasing load, resulting in various types of failure at specific critical loads. Micro [&hellip;]<\/p>","protected":false},"author":1,"featured_media":0,"parent":0,"menu_order":0,"comment_status":"open","ping_status":"open","template":"tpl-newslider.php","meta":{"_exactmetrics_skip_tracking":false,"_exactmetrics_sitenote_active":false,"_exactmetrics_sitenote_note":"","_exactmetrics_sitenote_category":0,"footnotes":""},"class_list":["post-194","page","type-page","status-publish","hentry"],"_links":{"self":[{"href":"https:\/\/nanovea.com\/es\/wp-json\/wp\/v2\/pages\/194","targetHints":{"allow":["GET"]}}],"collection":[{"href":"https:\/\/nanovea.com\/es\/wp-json\/wp\/v2\/pages"}],"about":[{"href":"https:\/\/nanovea.com\/es\/wp-json\/wp\/v2\/types\/page"}],"author":[{"embeddable":true,"href":"https:\/\/nanovea.com\/es\/wp-json\/wp\/v2\/users\/1"}],"replies":[{"embeddable":true,"href":"https:\/\/nanovea.com\/es\/wp-json\/wp\/v2\/comments?post=194"}],"version-history":[{"count":23,"href":"https:\/\/nanovea.com\/es\/wp-json\/wp\/v2\/pages\/194\/revisions"}],"predecessor-version":[{"id":19458,"href":"https:\/\/nanovea.com\/es\/wp-json\/wp\/v2\/pages\/194\/revisions\/19458"}],"wp:attachment":[{"href":"https:\/\/nanovea.com\/es\/wp-json\/wp\/v2\/media?parent=194"}],"curies":[{"name":"wp","href":"https:\/\/api.w.org\/{rel}","templated":true}]}}