{"id":149,"date":"2015-03-04T15:24:09","date_gmt":"2015-03-04T15:24:09","guid":{"rendered":"http:\/\/nanovea.com\/?page_id=149"},"modified":"2018-11-21T17:56:52","modified_gmt":"2018-11-21T17:56:52","slug":"nano-modulo","status":"publish","type":"page","link":"https:\/\/nanovea.com\/es\/nano-modulo\/","title":{"rendered":"M\u00f3dulo Nano"},"content":{"rendered":"<div id=\"newslider\" style=\"min-height: auto; overflow: hidden;\">\n<ul>\n<li>\n<div class=\"slider-text\">\n<h2>M\u00d3DULO NANO<\/h2>\n<p>Fuerza independiente, sensores de profundidad y<br \/>\nmedici\u00f3n continua de la carga aplicada<br \/>\ndurante los modos de indentaci\u00f3n, rayado y desgaste.<\/p>\n<\/div>\n<p><!--<img fetchpriority=\"high\" decoding=\"async\" class=\"alignnone\" src=\"https:\/\/nanovea.com\/wp-content\/uploads\/2015\/04\/slide-nanomodule.jpg\" alt=\"Nanoindenter\" width=\"1033\" height=\"345\" \/>!--><br \/>\n<a href=\"https:\/\/nanovea.com\/wp-content\/uploads\/2018\/11\/Micro-Module-with-Nano-Box.jpg\"><img decoding=\"async\" class=\"alignnone size-full wp-image-4216\" src=\"https:\/\/nanovea.com\/wp-content\/uploads\/2018\/11\/Micro-Module-with-Nano-Box.jpg\" alt=\"\" width=\"1033\" height=\"345\" \/><\/a><\/li>\n<\/ul>\n<\/div>\n<h1><strong>INTRODUCCI\u00d3N AL M\u00d3DULO NANO<\/strong><\/h1>\n<p><a href=\"https:\/\/nanovea.com\/mechanical-tester\">Comprobadores mec\u00e1nicos <\/a>| <a href=\"https:\/\/nanovea.com\/micro-macro-module\">Micro m\u00f3dulo<\/a> | <a href=\"https:\/\/nanovea.com\/application-notes\">Notas de aplicaci\u00f3n<\/a><\/p>\n<div class=\"product-pic\"><\/div>\n<div class=\"product-desc\">\n<p align=\"justify\">Dise\u00f1ado con la visi\u00f3n de proporcionar a los clientes alta precisi\u00f3n con facilidad de uso, longevidad y bajo costo de mantenimiento, el m\u00f3dulo nano logra esto con su combinaci\u00f3n \u00fanica de actuador piezoel\u00e9ctrico, c\u00e9lula de carga ultrasensible y un anillo capacitivo de gran superficie, todos alineados verticalmente para obtener la m\u00e1xima rigidez. El uso exclusivo de sensores de profundidad y carga independientes garantiza una alta precisi\u00f3n en todas las condiciones, pero tambi\u00e9n proporciona una excelente detecci\u00f3n del punto de contacto, ya que la carga aplicada se mide directamente por el sensor independiente cuando el indentador toca la superficie por primera vez. El m\u00f3dulo tambi\u00e9n proporciona un verdadero bucle de retroalimentaci\u00f3n de control cerrado utilizando datos de sensores de profundidad o carga independientes. Esta caracter\u00edstica es esencial para reaccionar con rapidez y precisi\u00f3n ante eventos r\u00e1pidos, como durante las pruebas de rayado y desgaste o cuando se producen fracturas durante la indentaci\u00f3n. La medici\u00f3n de la carga real aplicada tambi\u00e9n garantiza la precisi\u00f3n durante las pruebas DMA r\u00e1pidas y permite la automatizaci\u00f3n. La c\u00e9lula de carga ultrasensible tambi\u00e9n es f\u00e1cil de calibrar con una b\u00e1scula de peso directa. Por lo tanto, el usuario puede calibrar r\u00e1pidamente cada m\u00f3dulo Nano en menos de 15 minutos para la carga, la profundidad y la conformidad. Esto garantiza una precisi\u00f3n constante de los datos a lo largo del tiempo y de un instrumento a otro. Nanovea logra esta alta precisi\u00f3n con algunos de los mejores niveles de ruido comparativos de la industria.<\/p>\n<p align=\"justify\">El m\u00f3dulo permite realizar pruebas a escala nanom\u00e9trica en los modos de prueba de indentaci\u00f3n, rayado y desgaste. Cada modo de prueba ofrece una amplia gama de pruebas que pueden proporcionar propiedades como dureza, fluencia, m\u00f3dulo el\u00e1stico, curvas de tensi\u00f3n-deformaci\u00f3n, l\u00edmite el\u00e1stico, fatiga, m\u00f3dulo de p\u00e9rdida y almacenamiento, resistencia a la fractura, \u00edndice de desgaste, coeficiente de fricci\u00f3n, resistencia al rayado y al desgaste, deformaci\u00f3n pl\u00e1stica\/el\u00e1stica, entre otras pruebas. En combinaci\u00f3n con la mesa motorizada x-y integrada, se pueden realizar pruebas en lugares muy espec\u00edficos o hacer un mapeo completo de las propiedades en un \u00e1rea elegida. De hecho, el dise\u00f1o \u00fanico del m\u00f3dulo nano con el actuador piezoel\u00e9ctrico permite realizar indentaciones precisas en menos de 3 segundos, lo que hace posible el mapeo en cuesti\u00f3n de minutos. El m\u00f3dulo Nano es ideal para caracterizar con precisi\u00f3n recubrimientos o pel\u00edculas industriales delgados. Algunos ejemplos son los recubrimientos polim\u00e9ricos delgados para la industria de dispositivos m\u00e9dicos y diversos recubrimientos delgados para las industrias solar y de lentes \u00f3pticas. Otra aplicaci\u00f3n importante del m\u00f3dulo nano es el rayado de superficies superiores, como las capas de barniz transparente utilizadas en la industria automotriz y otros recubrimientos protectores utilizados en dispositivos port\u00e1tiles, como los dispositivos electr\u00f3nicos m\u00f3viles.<\/p>\n<p align=\"justify\">El m\u00f3dulo Nano ha sido dise\u00f1ado para ofrecer una alta estabilidad t\u00e9rmica con una deriva t\u00e9rmica sin corregir de los datos brutos inferior a 0,02 nm\/seg. A altas temperaturas, el horno proporciona una temperatura uniforme de la punta y la muestra para aumentar la precisi\u00f3n y reducir los niveles de deriva sin necesidad de compensaci\u00f3n. Cuando se utiliza con el horno de alta temperatura, el m\u00f3dulo Nano est\u00e1 dise\u00f1ado con MACOR, un material con un coeficiente de expansi\u00f3n t\u00e9rmica inferior a 10-6 \/ \u00b0C. Esto reduce cualquier deriva t\u00e9rmica a altas temperaturas.<\/p>\n<p><strong>MODOS DE PRUEBA NANO<\/strong><\/p>\n<p><a href=\"https:\/\/nanovea.com\/nano-indentation-tester\">Nanoindentaci\u00f3n | Ensayo de dureza nano<\/a><strong><br \/>\n<\/strong><\/p>\n<p><a href=\"https:\/\/nanovea.com\/nano-scratch-tester\">Nano Scratch | Prueba de adhesi\u00f3n<\/a><\/p>\n<p><a href=\"https:\/\/nanovea.com\/nano-wear-tester\">Nano Wear | Prueba de fricci\u00f3n<\/a><\/p>\n<\/div>","protected":false},"excerpt":{"rendered":"<p>NANO MODULE Independent force, depth sensors and continuous measurement of applied load during indentation, scratch and wear modes. NANO MODULE INTRO Mechanical Testers | Micro Module | Application Notes Designed with the vision of providing clients high accuracy with ease of use, longevity with low maintenance cost; the nano module achieves this with its unique [&hellip;]<\/p>","protected":false},"author":1,"featured_media":0,"parent":0,"menu_order":0,"comment_status":"open","ping_status":"open","template":"tpl-newslider.php","meta":{"_exactmetrics_skip_tracking":false,"_exactmetrics_sitenote_active":false,"_exactmetrics_sitenote_note":"","_exactmetrics_sitenote_category":0,"footnotes":""},"class_list":["post-149","page","type-page","status-publish","hentry"],"_links":{"self":[{"href":"https:\/\/nanovea.com\/es\/wp-json\/wp\/v2\/pages\/149","targetHints":{"allow":["GET"]}}],"collection":[{"href":"https:\/\/nanovea.com\/es\/wp-json\/wp\/v2\/pages"}],"about":[{"href":"https:\/\/nanovea.com\/es\/wp-json\/wp\/v2\/types\/page"}],"author":[{"embeddable":true,"href":"https:\/\/nanovea.com\/es\/wp-json\/wp\/v2\/users\/1"}],"replies":[{"embeddable":true,"href":"https:\/\/nanovea.com\/es\/wp-json\/wp\/v2\/comments?post=149"}],"version-history":[{"count":22,"href":"https:\/\/nanovea.com\/es\/wp-json\/wp\/v2\/pages\/149\/revisions"}],"predecessor-version":[{"id":4217,"href":"https:\/\/nanovea.com\/es\/wp-json\/wp\/v2\/pages\/149\/revisions\/4217"}],"wp:attachment":[{"href":"https:\/\/nanovea.com\/es\/wp-json\/wp\/v2\/media?parent=149"}],"curies":[{"name":"wp","href":"https:\/\/api.w.org\/{rel}","templated":true}]}}