{"id":104,"date":"2015-03-03T22:13:43","date_gmt":"2015-03-03T22:13:43","guid":{"rendered":"http:\/\/nanovea.com\/?page_id=104"},"modified":"2022-04-25T14:42:01","modified_gmt":"2022-04-25T14:42:01","slug":"medicion-de-la-altura-del-escalon-de-la-superficie","status":"publish","type":"page","link":"https:\/\/nanovea.com\/es\/surface-step-height-measurement\/","title":{"rendered":"Medici\u00f3n de la altura de los escalones de la superficie"},"content":{"rendered":"<div class=\"wonderpluginslider-container\" id=\"wonderpluginslider-container-21\" style=\"max-width:1035px;margin:0 auto;padding-left:0px;padding-right:0px;padding-top:0px;padding-bottom:0px;\"><div class=\"wonderpluginslider\" id=\"wonderpluginslider-21\" data-sliderid=\"21\" data-width=\"1035\" data-height=\"375\" data-skin=\"cube\" data-autoplay=\"true\" data-randomplay=\"false\" data-loadimageondemand=\"false\" data-transitiononfirstslide=\"false\" data-autoplayvideo=\"false\" data-isresponsive=\"true\" data-fullwidth=\"false\" data-isfullscreen=\"false\" data-ratioresponsive=\"false\" data-showtext=\"true\" data-showtimer=\"false\" data-showbottomshadow=\"false\" data-navshowpreview=\"false\" data-textautohide=\"true\" data-lightboxresponsive=\"true\" data-lightboxshownavigation=\"false\" data-lightboxshowtitle=\"true\" data-lightboxshowdescription=\"false\" data-texteffectresponsive=\"true\" data-donotinit=\"false\" data-addinitscript=\"false\" data-lightboxfullscreenmode=\"false\" data-lightboxcloseonoverlay=\"true\" data-lightboxvideohidecontrols=\"false\" data-lightboxnogroup=\"false\" data-lightboxautoslide=\"false\" data-lightboxshowtimer=\"true\" data-lightboxshowplaybutton=\"true\" data-lightboxalwaysshownavarrows=\"false\" data-lightboxshowtitleprefix=\"true\" data-titleusealt=\"false\" data-outputtext=\"false\" data-scalemode=\"fit\" data-arrowstyle=\"always\" data-transition=\"slide\" data-loop=\"0\" data-border=\"0\" data-slideinterval=\"8000\" data-arrowimage=\"arrows-36-80-0.png\" data-arrowwidth=\"36\" data-arrowheight=\"80\" data-arrowtop=\"50\" data-arrowmargin=\"-18\" data-navstyle=\"bullets\" data-navimage=\"bullet-24-24-1.png\" data-navwidth=\"24\" data-navheight=\"24\" data-navspacing=\"8\" data-navmarginx=\"16\" data-navmarginy=\"16\" data-navposition=\"bottom\" data-playvideoimage=\"playvideo-64-64-0.png\" data-playvideoimagewidth=\"64\" data-playvideoimageheight=\"64\" data-lightboxthumbwidth=\"90\" data-lightboxthumbheight=\"60\" data-lightboxthumbtopmargin=\"12\" data-lightboxthumbbottommargin=\"4\" data-lightboxbarheight=\"64\" data-lightboxtitlebottomcss=\"color:#333; font-size:14px; font-family:Armata,sans-serif,Arial; overflow:hidden; text-align:left;\" data-lightboxdescriptionbottomcss=\"color:#333; font-size:12px; font-family:Arial,Helvetica,sans-serif; overflow:hidden; text-align:left; margin:4px 0px 0px; padding: 0px;\" data-textformat=\"Color box\" data-textpositionstatic=\"bottom\" data-textpositiondynamic=\"topleft\" data-paddingleft=\"0\" data-paddingright=\"0\" data-paddingtop=\"0\" data-paddingbottom=\"0\" data-texteffectresponsivesize=\"640\" data-fadeduration=\"1000\" data-crossfadeduration=\"1000\" data-slideduration=\"1000\" data-elasticduration=\"1000\" data-sliceduration=\"1500\" data-blindsduration=\"1500\" data-blocksduration=\"1500\" data-shuffleduration=\"1500\" data-tilesduration=\"2000\" data-kenburnsduration=\"5000\" data-flipduration=\"1500\" data-flipwithzoomduration=\"2000\" data-threedduration=\"1500\" data-threedhorizontalduration=\"1500\" data-threedwithzoomduration=\"2500\" data-threedhorizontalwithzoomduration=\"2200\" data-threedflipduration=\"1500\" data-threedflipwithzoomduration=\"2000\" data-threedtilesduration=\"2000\" data-threedfallback=\"flip\" data-threedhorizontalfallback=\"flip\" data-threedwithzoomfallback=\"flipwithzoom\" data-threedhorizontalwithzoomfallback=\"flipwithzoom\" data-threedflipfallback=\"flip\" data-threedflipwithzoomfallback=\"flipwithzoom\" data-threedtilesfallback=\"tiles\" data-ratiomediumscreen=\"800\" data-ratiomediumheight=\"1.2\" data-ratiosmallscreen=\"480\" data-ratiosmallheight=\"1.6\" data-lightboxtitlestyle=\"bottom\" data-lightboximagepercentage=\"75\" data-lightboxdefaultvideovolume=\"1\" data-lightboxoverlaybgcolor=\"#000\" data-lightboxoverlayopacity=\"0.9\" data-lightboxbgcolor=\"#fff\" data-lightboxtitleprefix=\"%NUM \/ %TOTAL\" data-lightboxtitleinsidecss=\"color:#fff; font-size:16px; font-family:Arial,Helvetica,sans-serif; overflow:hidden; text-align:left;\" data-lightboxdescriptioninsidecss=\"color:#fff; font-size:12px; font-family:Arial,Helvetica,sans-serif; overflow:hidden; text-align:left; margin:4px 0px 0px; padding: 0px;\" data-lightboxslideinterval=\"5000\" data-lightboxtimerposition=\"bottom\" data-lightboxtimercolor=\"#dc572e\" data-lightboxtimeropacity=\"1\" data-lightboxbordersize=\"8\" data-lightboxborderradius=\"0\" data-textcss=\"display:block; padding:8px 16px; text-align:left;\" data-textbgcss=\"display:none;\" data-titlecss=\"color: #1b96cf;    font-family: &quot;Open Sans&quot;,sans-serif;    font-size: 32px;    font-weight: bold;    line-height: 44px;    margin-bottom: 0;    margin-top: 20px;    text-transform: uppercase;\" data-descriptioncss=\"color: #282828;    font-size: 18px;    line-height: 30px;\" data-buttoncss=\"display:block; position:relative; margin-top:10px;\" data-titlecssresponsive=\"font-size:12px;\" data-descriptioncssresponsive=\"display:none !important;\" data-buttoncssresponsive=\"font-size: 9px !important;width:100%;\" data-jsfolder=\"https:\/\/nanovea.com\/wp-content\/plugins\/wonderplugin-slider-lite\/engine\/\" style=\"display:none;\" ><ul class=\"amazingslider-slides\"  style=\"display:none;\"><li><img decoding=\"async\" class=\"amazingslider-img-elem amazingsliderimg\" src=\"http:\/\/nanovea.com\/wp-content\/uploads\/2015\/04\/step-height-2d-3d.jpg\" alt=\"ALTURA DEL ESCAL\u00d3N | PROFUNDIDAD | ESPESOR\" title=\"ALTURA DEL ESCAL\u00d3N | PROFUNDIDAD | ESPESOR\" data-description=\"Precise measurement of step height, depth and thickness &lt;br \/&gt;with a single 2D profile or 3D area\" \/><\/li><li><img decoding=\"async\" class=\"amazingslider-img-elem amazingsliderimg\" src=\"http:\/\/nanovea.com\/wp-content\/uploads\/2015\/04\/step-height-large-area.jpg\" alt=\"ALTURA DEL ESCAL\u00d3N | PROFUNDIDAD | ESPESOR\" title=\"ALTURA DEL ESCAL\u00d3N | PROFUNDIDAD | ESPESOR\" data-description=\"Accurately measure height and depth across large areas\" \/><\/li><li><img decoding=\"async\" class=\"amazingslider-img-elem amazingsliderimg\" src=\"http:\/\/nanovea.com\/wp-content\/uploads\/2015\/04\/step-height-challenging.jpg\" alt=\"ALTURA DEL ESCAL\u00d3N | PROFUNDIDAD | ESPESOR\" title=\"ALTURA DEL ESCAL\u00d3N | PROFUNDIDAD | ESPESOR\" data-description=\"Superior ability to accurately measure step height on&lt;br \/&gt;challenging surfaces\" \/><\/li><\/ul><\/div><\/div>\n<h1><strong>MEDICI\u00d3N DE LA ALTURA DE LOS ESCALONES | PROFUNDIDAD Y ESPESOR<\/strong><\/h1>\n<p><a href=\"https:\/\/nanovea.com\/profilometer\">Instrumentos perfil\u00f3metros<\/a> | <a href=\"https:\/\/nanovea.com\/lab-services\/\">Servicios de laboratorio<\/a> | <a href=\"https:\/\/nanovea.com\/chromatic-confocal\">Confocal crom\u00e1tico<\/a> | <a href=\"https:\/\/nanovea.com\/application-notes\">Notas de aplicaci\u00f3n<\/a><\/p>\n<div class=\"product-desc\">\n<p>La t\u00e9cnica confocal crom\u00e1tica ofrece la mejor precisi\u00f3n en la medici\u00f3n de alturas de escal\u00f3n de entre 60 nm y 20 mm. La ventaja de esta t\u00e9cnica para medir con precisi\u00f3n el espesor radica en el hecho de que la confocal crom\u00e1tica no se ve afectada por grandes cambios en la reflectividad o la textura, como ocurre a veces al pasar de un recubrimiento a su sustrato. El espesor de una capa \u00f3ptica transparente tambi\u00e9n se puede medir con una resoluci\u00f3n y un rango similares (&gt; 7 \u03bcm).<\/p>\n<p>&nbsp;<\/p>\n<p><strong>Normas: <\/strong><\/p>\n<ul>\n<li>ISO 5436-1<\/li>\n<\/ul>\n<p>&nbsp;<\/p>\n<p align=\"justify\"><strong>An\u00e1lisis de medici\u00f3n est\u00e1ndar:<\/strong><\/p>\n<ul>\n<li>Punto a punto<\/li>\n<li>De avi\u00f3n en avi\u00f3n<\/li>\n<li>Alturas m\u00e1xima, m\u00ednima y media<\/li>\n<li>Mapa 3D o 2D del espesor<\/li>\n<li>Curva de distribuci\u00f3n del espesor<\/li>\n<\/ul>\n<p>&nbsp;<\/p>\n<p><strong>Caracter\u00edsticas del software:<\/strong><\/p>\n<ul>\n<li>Escaneos de l\u00edneas o \u00e1reas f\u00e1cilmente definibles<\/li>\n<li>Recetas<\/li>\n<li>Resoluci\u00f3n lateral<\/li>\n<li>Exportar datos sin procesar e im\u00e1genes<\/li>\n<li>Visualizaci\u00f3n en tiempo real<\/li>\n<li>Informes autom\u00e1ticos<\/li>\n<li>Soporte multiling\u00fce<\/li>\n<li>Cartograf\u00eda<\/li>\n<\/ul>\n<p>&nbsp;<\/p>\n<p align=\"justify\"><strong>Caracter\u00edsticas del software de an\u00e1lisis:<\/strong><\/p>\n<ul>\n<li>Filtrado<\/li>\n<li>Nivelaci\u00f3n<\/li>\n<li>Umbral<\/li>\n<li>Acercar<\/li>\n<li>Herramientas de selecci\u00f3n de \u00e1rea y eliminaci\u00f3n de formas<\/li>\n<li>Funciones de resta y comparaci\u00f3n, entre muchas otras.<\/li>\n<\/ul>\n<p>&nbsp;<\/p>\n<p align=\"justify\"><strong>Automatizaci\u00f3n avanzada:<\/strong><\/p>\n<ul>\n<li>Enfoque autom\u00e1tico (\u00f3ptico y microscopio), plantilla de an\u00e1lisis autom\u00e1tico<\/li>\n<li>Macros para el manejo de m\u00faltiples muestras<\/li>\n<li>F\u00e1cil selecci\u00f3n del \u00e1rea bajo el microscopio para la creaci\u00f3n de perfiles o pruebas AFM.<\/li>\n<li>Doble frecuencia autom\u00e1tica para superficies con reflectividades variables.<\/li>\n<li>Etapa rotacional<\/li>\n<li>Reconocimiento de patrones<\/li>\n<li>Comunicaciones de bases de datos<\/li>\n<li>L\u00edmites de aprobado\/reprobado<\/li>\n<li>Sensores lineales para mediciones hasta 200 veces m\u00e1s r\u00e1pidas<\/li>\n<\/ul>\n<p>&nbsp;<\/p>\n<p><strong>Portamuestras y condiciones ambientales:<\/strong><\/p>\n<ul>\n<li>Portamuestras personalizados y est\u00e1ndar<\/li>\n<li>Etapa de calentamiento<\/li>\n<\/ul>\n<p>&nbsp;<\/p>\n<p><strong>Medidas adicionales de la superficie:<\/strong><strong><br \/>\n<\/strong><\/p>\n<p><a href=\"https:\/\/nanovea.com\/surface-roughness-measurement\">Medici\u00f3n de la rugosidad superficial<\/a><\/p>\n<p><a href=\"https:\/\/nanovea.com\/surface-profile-measurement\">Medici\u00f3n del perfil de la superficie<\/a><\/p>\n<p><a href=\"https:\/\/nanovea.com\/surface-topography-measurement\">Medici\u00f3n de la topograf\u00eda de la superficie<\/a><\/p>\n<p><a href=\"https:\/\/nanovea.com\/surface-flatness-measurement\">Medici\u00f3n de la planitud de la superficie<\/a><\/p>\n<p><a href=\"https:\/\/nanovea.com\/surface-volume-measurement\">Medici\u00f3n del volumen superficial<\/a><\/p>\n<\/div>","protected":false},"excerpt":{"rendered":"<p>SURFACE STEP HEIGHT MEASUREMENT | DEPTH &amp; THICKNESS Profilometer Instruments | Lab Services | Chromatic Confocal | Application Notes The chromatic confocal technique offers the best accurately measures step heights from 60nm to 20mm. The advantage of the technique to accurately measure thickness lies on the fact that chromatic confocal is not influence by large [&hellip;]<\/p>\n","protected":false},"author":1,"featured_media":0,"parent":0,"menu_order":0,"comment_status":"open","ping_status":"open","template":"tpl-newslider.php","meta":{"_exactmetrics_skip_tracking":false,"_exactmetrics_sitenote_active":false,"_exactmetrics_sitenote_note":"","_exactmetrics_sitenote_category":0,"footnotes":""},"class_list":["post-104","page","type-page","status-publish","hentry"],"_links":{"self":[{"href":"https:\/\/nanovea.com\/es\/wp-json\/wp\/v2\/pages\/104","targetHints":{"allow":["GET"]}}],"collection":[{"href":"https:\/\/nanovea.com\/es\/wp-json\/wp\/v2\/pages"}],"about":[{"href":"https:\/\/nanovea.com\/es\/wp-json\/wp\/v2\/types\/page"}],"author":[{"embeddable":true,"href":"https:\/\/nanovea.com\/es\/wp-json\/wp\/v2\/users\/1"}],"replies":[{"embeddable":true,"href":"https:\/\/nanovea.com\/es\/wp-json\/wp\/v2\/comments?post=104"}],"version-history":[{"count":23,"href":"https:\/\/nanovea.com\/es\/wp-json\/wp\/v2\/pages\/104\/revisions"}],"predecessor-version":[{"id":19481,"href":"https:\/\/nanovea.com\/es\/wp-json\/wp\/v2\/pages\/104\/revisions\/19481"}],"wp:attachment":[{"href":"https:\/\/nanovea.com\/es\/wp-json\/wp\/v2\/media?parent=104"}],"curies":[{"name":"wp","href":"https:\/\/api.w.org\/{rel}","templated":true}]}}