{"id":99,"date":"2015-03-03T22:06:46","date_gmt":"2015-03-03T22:06:46","guid":{"rendered":"http:\/\/nanovea.com\/?page_id=99"},"modified":"2023-07-12T22:02:22","modified_gmt":"2023-07-12T22:02:22","slug":"oberflachen-ebenheits-messung","status":"publish","type":"page","link":"https:\/\/nanovea.com\/de\/oberflachen-ebenheits-messung\/","title":{"rendered":"Messung der Oberfl\u00e4chenebenheit"},"content":{"rendered":"<div class=\"wonderpluginslider-container\" id=\"wonderpluginslider-container-18\" style=\"max-width:1035px;margin:0 auto;padding-left:0px;padding-right:0px;padding-top:0px;padding-bottom:0px;\"><div class=\"wonderpluginslider\" id=\"wonderpluginslider-18\" data-sliderid=\"18\" data-width=\"1035\" data-height=\"375\" data-skin=\"cube\" data-autoplay=\"true\" data-randomplay=\"false\" data-loadimageondemand=\"false\" data-transitiononfirstslide=\"false\" data-autoplayvideo=\"false\" data-isresponsive=\"true\" data-fullwidth=\"false\" data-isfullscreen=\"false\" data-ratioresponsive=\"false\" data-showtext=\"true\" data-showtimer=\"false\" data-showbottomshadow=\"false\" data-navshowpreview=\"false\" data-textautohide=\"true\" data-lightboxresponsive=\"true\" data-lightboxshownavigation=\"false\" data-lightboxshowtitle=\"true\" data-lightboxshowdescription=\"false\" data-texteffectresponsive=\"true\" data-donotinit=\"false\" data-addinitscript=\"false\" data-lightboxfullscreenmode=\"false\" data-lightboxcloseonoverlay=\"true\" data-lightboxvideohidecontrols=\"false\" data-lightboxnogroup=\"false\" data-lightboxautoslide=\"false\" data-lightboxshowtimer=\"true\" data-lightboxshowplaybutton=\"true\" data-lightboxalwaysshownavarrows=\"false\" data-lightboxshowtitleprefix=\"true\" data-titleusealt=\"false\" data-outputtext=\"false\" data-scalemode=\"fit\" data-arrowstyle=\"always\" data-transition=\"slide\" data-loop=\"0\" data-border=\"0\" data-slideinterval=\"8000\" data-arrowimage=\"arrows-36-80-0.png\" data-arrowwidth=\"36\" data-arrowheight=\"80\" data-arrowtop=\"50\" data-arrowmargin=\"-18\" data-navstyle=\"bullets\" data-navimage=\"bullet-24-24-1.png\" data-navwidth=\"24\" data-navheight=\"24\" data-navspacing=\"8\" data-navmarginx=\"16\" data-navmarginy=\"16\" data-navposition=\"bottom\" data-playvideoimage=\"playvideo-64-64-0.png\" data-playvideoimagewidth=\"64\" data-playvideoimageheight=\"64\" data-lightboxthumbwidth=\"90\" data-lightboxthumbheight=\"60\" data-lightboxthumbtopmargin=\"12\" data-lightboxthumbbottommargin=\"4\" data-lightboxbarheight=\"64\" data-lightboxtitlebottomcss=\"color:#333; font-size:14px; font-family:Armata,sans-serif,Arial; overflow:hidden; text-align:left;\" data-lightboxdescriptionbottomcss=\"color:#333; font-size:12px; font-family:Arial,Helvetica,sans-serif; overflow:hidden; text-align:left; margin:4px 0px 0px; padding: 0px;\" data-textformat=\"Color box\" data-textpositionstatic=\"bottom\" data-textpositiondynamic=\"topleft\" data-paddingleft=\"0\" data-paddingright=\"0\" data-paddingtop=\"0\" data-paddingbottom=\"0\" data-texteffectresponsivesize=\"640\" data-fadeduration=\"1000\" data-crossfadeduration=\"1000\" data-slideduration=\"1000\" data-elasticduration=\"1000\" data-sliceduration=\"1500\" data-blindsduration=\"1500\" data-blocksduration=\"1500\" data-shuffleduration=\"1500\" data-tilesduration=\"2000\" data-kenburnsduration=\"5000\" data-flipduration=\"1500\" data-flipwithzoomduration=\"2000\" data-threedduration=\"1500\" data-threedhorizontalduration=\"1500\" data-threedwithzoomduration=\"2500\" data-threedhorizontalwithzoomduration=\"2200\" data-threedflipduration=\"1500\" data-threedflipwithzoomduration=\"2000\" data-threedtilesduration=\"2000\" data-threedfallback=\"flip\" data-threedhorizontalfallback=\"flip\" data-threedwithzoomfallback=\"flipwithzoom\" data-threedhorizontalwithzoomfallback=\"flipwithzoom\" data-threedflipfallback=\"flip\" data-threedflipwithzoomfallback=\"flipwithzoom\" data-threedtilesfallback=\"tiles\" data-ratiomediumscreen=\"800\" data-ratiomediumheight=\"1.2\" data-ratiosmallscreen=\"480\" data-ratiosmallheight=\"1.6\" data-lightboxtitlestyle=\"bottom\" data-lightboximagepercentage=\"75\" data-lightboxdefaultvideovolume=\"1\" data-lightboxoverlaybgcolor=\"#000\" data-lightboxoverlayopacity=\"0.9\" data-lightboxbgcolor=\"#fff\" data-lightboxtitleprefix=\"%NUM \/ %TOTAL\" data-lightboxtitleinsidecss=\"color:#fff; font-size:16px; font-family:Arial,Helvetica,sans-serif; overflow:hidden; text-align:left;\" data-lightboxdescriptioninsidecss=\"color:#fff; font-size:12px; font-family:Arial,Helvetica,sans-serif; overflow:hidden; text-align:left; margin:4px 0px 0px; padding: 0px;\" data-lightboxslideinterval=\"5000\" data-lightboxtimerposition=\"bottom\" data-lightboxtimercolor=\"#dc572e\" data-lightboxtimeropacity=\"1\" data-lightboxbordersize=\"8\" data-lightboxborderradius=\"0\" data-textcss=\"display:block; padding:8px 16px; text-align:left;\" data-textbgcss=\"display:none;\" data-titlecss=\"color: #1b96cf;    font-family: &quot;Open Sans&quot;,sans-serif;    font-size: 32px;    font-weight: bold;    line-height: 44px;    margin-bottom: 0;    margin-top: 20px;    text-transform: uppercase;\" data-descriptioncss=\"color: #282828;    font-size: 18px;    line-height: 30px;\" data-buttoncss=\"display:block; position:relative; margin-top:10px;\" data-titlecssresponsive=\"font-size:12px;\" data-descriptioncssresponsive=\"display:none !important;\" data-buttoncssresponsive=\"font-size: 9px !important;width:100%;\" data-jsfolder=\"https:\/\/nanovea.com\/wp-content\/plugins\/wonderplugin-slider-lite\/engine\/\" style=\"display:none;\" ><ul class=\"amazingslider-slides\"  style=\"display:none;\"><li><img decoding=\"async\" class=\"amazingslider-img-elem amazingsliderimg\" src=\"https:\/\/nanovea.com\/wp-content\/uploads\/2015\/04\/flatness-capability.jpg\" alt=\"EBENHEIT | VERZUG | EBENHEIT\" title=\"EBENHEIT | VERZUG | EBENHEIT\" data-description=\"Precise measurement of flatness, warpage and &lt;br \/&gt;planarity with a single 2D profile or 3D area\" \/><\/li><li><img decoding=\"async\" class=\"amazingslider-img-elem amazingsliderimg\" src=\"https:\/\/nanovea.com\/wp-content\/uploads\/2015\/04\/flatness-rotation.jpg\" alt=\"EBENHEIT | VERZUG | EBENHEIT\" title=\"EBENHEIT | VERZUG | EBENHEIT\" data-description=\"Accurately measure flatness across large areas and rotational &lt;br \/&gt;capability\" \/><\/li><li><img decoding=\"async\" class=\"amazingslider-img-elem amazingsliderimg\" src=\"https:\/\/nanovea.com\/wp-content\/uploads\/2015\/04\/flatness-co-planarity.jpg\" alt=\"EBENHEIT | VERZUG | EBENHEIT\" title=\"EBENHEIT | VERZUG | EBENHEIT\" data-description=\"Superior ability to accurately measure coplanarity across &lt;br \/&gt;large ares\" \/><\/li><\/ul><\/div><\/div>\n<h1><strong>MESSUNG DER OBERFL\u00c4CHENEBENHEIT | VERZUG &amp; EBENHEIT<\/strong><\/h1>\n<p><a href=\"https:\/\/nanovea.com\/profilometers\/\">Profilometer-Instrumente<\/a> | <a href=\"https:\/\/nanovea.com\/lab-services\/\">Labor-Dienstleistungen<\/a> | <a href=\"https:\/\/nanovea.com\/chromatic-confocal\">Chromatisch Konfokal<\/a> | <a href=\"https:\/\/nanovea.com\/application-notes\">Application Notes<\/a><\/p>\n<div class=\"product-desc\">\n<p>Die chromatisch konfokale Technik eignet sich ideal f\u00fcr die Messung von Oberfl\u00e4chenebenheit, Verzug und Ebenheit bei Anwendungen, bei denen dies oft kritisch ist, wie bei Mikroteilen, Glas, Dichtungen und vielen anderen. Da f\u00fcr gro\u00dfe Oberfl\u00e4chen keine N\u00e4hte erforderlich sind, kann die chromatisch konfokale Technik diese zus\u00e4tzlich zur Erkennung lokaler Defekte innerhalb von Sekunden genau messen.  Mit dem HS2000 kann die Oberfl\u00e4chenebenheit auf der gesamten Fl\u00e4che von 400 x 500 mm mit einer Abweichung von weniger als 1 Mikrometer in sehr kurzer Zeit gemessen werden.  Es ist auch m\u00f6glich, das beste Anpassungspolynom der Form zu erhalten, die die Abweichung der Oberfl\u00e4chenebenheit verursacht. Mit Mustererkennung und Automatisierung, zus\u00e4tzlich zu Pass-Fail-Bedingungen und Datenbankkommunikation, kann das Ger\u00e4t als fortschrittliches Qualit\u00e4tskontrollinstrument eingesetzt werden.<\/p>\n<p>&nbsp;<\/p>\n<p><strong>Normen: <\/strong><\/p>\n<ul>\n<li>ISO 25178<\/li>\n<li>ISO 4287<\/li>\n<li>ISO 13565-2<\/li>\n<li>ISO 12085<\/li>\n<li>ISO 12780<\/li>\n<li>ISO 12181<\/li>\n<\/ul>\n<p>&nbsp;<\/p>\n<p align=\"justify\"><strong>Analyse von Standardmessungen:<\/strong><\/p>\n<ul>\n<li>3D- und 2D-Welligkeit und Ebenheit von Oberfl\u00e4chen<\/li>\n<li>Beste polynomielle \u00dcbereinstimmung<\/li>\n<li>Material- und Tragf\u00e4higkeitsverh\u00e4ltnisse<\/li>\n<\/ul>\n<p>&nbsp;<\/p>\n<p><strong>Software-Merkmale:<\/strong><\/p>\n<ul>\n<li>Einfach zu definierende Linien- oder Fl\u00e4chenscans<\/li>\n<li>Rezepte<\/li>\n<li>Seitliche Aufl\u00f6sung<\/li>\n<li>Rohdaten und Bilder exportieren<\/li>\n<li>Anzeige in Echtzeit<\/li>\n<li>Automatische Berichterstattung<\/li>\n<li>Unterst\u00fctzung mehrerer Sprachen<\/li>\n<li>Kartierung<\/li>\n<\/ul>\n<p>&nbsp;<\/p>\n<p align=\"justify\"><strong>Analyse-Software-Funktionen:<\/strong><\/p>\n<ul>\n<li>Filtern<\/li>\n<li>Nivellierung<\/li>\n<li>Schwellenwert<\/li>\n<li>Zoomen<\/li>\n<li>Werkzeuge zur Bereichsauswahl und Formularentfernung<\/li>\n<li>Subtraktions- und Vergleichsfunktionen und viele andere<\/li>\n<\/ul>\n<p>&nbsp;<\/p>\n<p align=\"justify\"><strong>Erweiterte Automatisierung:<\/strong><\/p>\n<ul>\n<li>Automatischer Fokus (optisch und mikroskopisch), automatische Analyseschablone<\/li>\n<li>Makros zur Handhabung mehrerer Proben<\/li>\n<li>Einfache Auswahl des Bereichs unter dem Mikroskop f\u00fcr die Profilerstellung oder AFM-Pr\u00fcfung<\/li>\n<li>Automatische Doppelfrequenz f\u00fcr Oberfl\u00e4chen mit unterschiedlichen Reflexionsgraden<\/li>\n<li>Rotationsphase<\/li>\n<li>Mustererkennung<\/li>\n<li>Datenbank-Kommunikation<\/li>\n<li>Pass\/Fail-Grenzen<\/li>\n<li>Zeilensensoren f\u00fcr bis zu 200-mal schnellere Messungen<\/li>\n<\/ul>\n<p>&nbsp;<\/p>\n<p><strong>Halter der Probe(n) und Umweltbedingungen:<\/strong><\/p>\n<ul>\n<li>Kundenspezifische und Standard-Probenhalter<\/li>\n<li>Heizstufe<\/li>\n<\/ul>\n<p>&nbsp;<\/p>\n<p><strong>Zus\u00e4tzliche Oberfl\u00e4chenabmessungen:<br \/>\n<\/strong><\/p>\n<p><a href=\"https:\/\/nanovea.com\/surface-roughness-measurement\">Messung der Oberfl\u00e4chenrauhigkeit<\/a><\/p>\n<p><a href=\"https:\/\/nanovea.com\/surface-profile-measurement\">Messung des Oberfl\u00e4chenprofils<\/a><\/p>\n<p><a href=\"https:\/\/nanovea.com\/surface-topography-measurement\">Messung der Oberfl\u00e4chentopographie<\/a><\/p>\n<p><a href=\"https:\/\/nanovea.com\/surface-volume-measurement\">Messung des Oberfl\u00e4chenvolumens<\/a><\/p>\n<p><a href=\"https:\/\/nanovea.com\/surface-step-height-measurement\">Messung der Stufenh\u00f6he an der Oberfl\u00e4che<\/a><\/p>\n<p align=\"justify\">\n<\/div>","protected":false},"excerpt":{"rendered":"<p>MESSUNG DER OBERFL\u00c4CHENEBEL\u00c4NDIGKEIT | VERZIEHUNG &amp; PLANARIT\u00c4T Profilometer Instruments | Lab Services | Chromatic Confocal | Application Notes Die chromatische Konfokaltechnik ist ideal f\u00fcr die Messung von Oberfl\u00e4chenebenheit, Verzug und Planarit\u00e4t bei Anwendungen, bei denen dies oft kritisch ist, wie z. B. bei Mikroteilen, Glas, Dichtungen und vielen anderen. Da f\u00fcr die Messung keine N\u00e4hte erforderlich sind, [...]<\/p>","protected":false},"author":1,"featured_media":0,"parent":0,"menu_order":0,"comment_status":"open","ping_status":"open","template":"tpl-newslider.php","meta":{"_exactmetrics_skip_tracking":false,"_exactmetrics_sitenote_active":false,"_exactmetrics_sitenote_note":"","_exactmetrics_sitenote_category":0,"footnotes":""},"class_list":["post-99","page","type-page","status-publish","hentry"],"_links":{"self":[{"href":"https:\/\/nanovea.com\/de\/wp-json\/wp\/v2\/pages\/99","targetHints":{"allow":["GET"]}}],"collection":[{"href":"https:\/\/nanovea.com\/de\/wp-json\/wp\/v2\/pages"}],"about":[{"href":"https:\/\/nanovea.com\/de\/wp-json\/wp\/v2\/types\/page"}],"author":[{"embeddable":true,"href":"https:\/\/nanovea.com\/de\/wp-json\/wp\/v2\/users\/1"}],"replies":[{"embeddable":true,"href":"https:\/\/nanovea.com\/de\/wp-json\/wp\/v2\/comments?post=99"}],"version-history":[{"count":24,"href":"https:\/\/nanovea.com\/de\/wp-json\/wp\/v2\/pages\/99\/revisions"}],"predecessor-version":[{"id":23021,"href":"https:\/\/nanovea.com\/de\/wp-json\/wp\/v2\/pages\/99\/revisions\/23021"}],"wp:attachment":[{"href":"https:\/\/nanovea.com\/de\/wp-json\/wp\/v2\/media?parent=99"}],"curies":[{"name":"wp","href":"https:\/\/api.w.org\/{rel}","templated":true}]}}