{"id":94,"date":"2015-03-03T21:59:42","date_gmt":"2015-03-03T21:59:42","guid":{"rendered":"http:\/\/nanovea.com\/?page_id=94"},"modified":"2022-04-25T14:40:18","modified_gmt":"2022-04-25T14:40:18","slug":"oberflachen-topographie-messung","status":"publish","type":"page","link":"https:\/\/nanovea.com\/de\/oberflachen-topographie-messung\/","title":{"rendered":"Messung der Oberfl\u00e4chentopographie"},"content":{"rendered":"<div class=\"wonderpluginslider-container\" id=\"wonderpluginslider-container-22\" style=\"max-width:1035px;margin:0 auto;padding-left:0px;padding-right:0px;padding-top:0px;padding-bottom:0px;\"><div class=\"wonderpluginslider\" id=\"wonderpluginslider-22\" data-sliderid=\"22\" data-width=\"1035\" data-height=\"375\" data-skin=\"cube\" data-autoplay=\"true\" data-randomplay=\"false\" data-loadimageondemand=\"false\" data-transitiononfirstslide=\"false\" data-autoplayvideo=\"false\" data-isresponsive=\"true\" data-fullwidth=\"false\" data-isfullscreen=\"false\" data-ratioresponsive=\"false\" data-showtext=\"true\" data-showtimer=\"false\" data-showbottomshadow=\"false\" data-navshowpreview=\"false\" data-textautohide=\"true\" data-lightboxresponsive=\"true\" data-lightboxshownavigation=\"false\" data-lightboxshowtitle=\"true\" data-lightboxshowdescription=\"false\" data-texteffectresponsive=\"true\" data-donotinit=\"false\" data-addinitscript=\"false\" data-lightboxfullscreenmode=\"false\" data-lightboxcloseonoverlay=\"true\" data-lightboxvideohidecontrols=\"false\" data-lightboxnogroup=\"false\" data-lightboxautoslide=\"false\" data-lightboxshowtimer=\"true\" data-lightboxshowplaybutton=\"true\" data-lightboxalwaysshownavarrows=\"false\" data-lightboxshowtitleprefix=\"true\" data-titleusealt=\"false\" data-outputtext=\"false\" data-scalemode=\"fit\" data-arrowstyle=\"always\" data-transition=\"slide\" data-loop=\"0\" data-border=\"0\" data-slideinterval=\"8000\" data-arrowimage=\"arrows-36-80-0.png\" data-arrowwidth=\"36\" data-arrowheight=\"80\" data-arrowtop=\"50\" data-arrowmargin=\"-18\" data-navstyle=\"bullets\" data-navimage=\"bullet-24-24-1.png\" data-navwidth=\"24\" data-navheight=\"24\" data-navspacing=\"8\" data-navmarginx=\"16\" data-navmarginy=\"16\" data-navposition=\"bottom\" data-playvideoimage=\"playvideo-64-64-0.png\" data-playvideoimagewidth=\"64\" data-playvideoimageheight=\"64\" data-lightboxthumbwidth=\"90\" data-lightboxthumbheight=\"60\" data-lightboxthumbtopmargin=\"12\" data-lightboxthumbbottommargin=\"4\" data-lightboxbarheight=\"64\" data-lightboxtitlebottomcss=\"color:#333; font-size:14px; font-family:Armata,sans-serif,Arial; overflow:hidden; text-align:left;\" data-lightboxdescriptionbottomcss=\"color:#333; font-size:12px; font-family:Arial,Helvetica,sans-serif; overflow:hidden; text-align:left; margin:4px 0px 0px; padding: 0px;\" data-textformat=\"Color box\" data-textpositionstatic=\"bottom\" data-textpositiondynamic=\"topleft\" data-paddingleft=\"0\" data-paddingright=\"0\" data-paddingtop=\"0\" data-paddingbottom=\"0\" data-texteffectresponsivesize=\"640\" data-fadeduration=\"1000\" data-crossfadeduration=\"1000\" data-slideduration=\"1000\" data-elasticduration=\"1000\" data-sliceduration=\"1500\" data-blindsduration=\"1500\" data-blocksduration=\"1500\" data-shuffleduration=\"1500\" data-tilesduration=\"2000\" data-kenburnsduration=\"5000\" data-flipduration=\"1500\" data-flipwithzoomduration=\"2000\" data-threedduration=\"1500\" data-threedhorizontalduration=\"1500\" data-threedwithzoomduration=\"2500\" data-threedhorizontalwithzoomduration=\"2200\" data-threedflipduration=\"1500\" data-threedflipwithzoomduration=\"2000\" data-threedtilesduration=\"2000\" data-threedfallback=\"flip\" data-threedhorizontalfallback=\"flip\" data-threedwithzoomfallback=\"flipwithzoom\" data-threedhorizontalwithzoomfallback=\"flipwithzoom\" data-threedflipfallback=\"flip\" data-threedflipwithzoomfallback=\"flipwithzoom\" data-threedtilesfallback=\"tiles\" data-ratiomediumscreen=\"800\" data-ratiomediumheight=\"1.2\" data-ratiosmallscreen=\"480\" data-ratiosmallheight=\"1.6\" data-lightboxtitlestyle=\"bottom\" data-lightboximagepercentage=\"75\" data-lightboxdefaultvideovolume=\"1\" data-lightboxoverlaybgcolor=\"#000\" data-lightboxoverlayopacity=\"0.9\" data-lightboxbgcolor=\"#fff\" data-lightboxtitleprefix=\"%NUM \/ %TOTAL\" data-lightboxtitleinsidecss=\"color:#fff; font-size:16px; font-family:Arial,Helvetica,sans-serif; overflow:hidden; text-align:left;\" data-lightboxdescriptioninsidecss=\"color:#fff; font-size:12px; font-family:Arial,Helvetica,sans-serif; overflow:hidden; text-align:left; margin:4px 0px 0px; padding: 0px;\" data-lightboxslideinterval=\"5000\" data-lightboxtimerposition=\"bottom\" data-lightboxtimercolor=\"#dc572e\" data-lightboxtimeropacity=\"1\" data-lightboxbordersize=\"8\" data-lightboxborderradius=\"0\" data-textcss=\"display:block; padding:8px 16px; text-align:left;\" data-textbgcss=\"display:none;\" data-titlecss=\"color: #1b96cf;    font-family: &quot;Open Sans&quot;,sans-serif;    font-size: 32px;    font-weight:bold;    line-height: 44px;    margin-bottom: 0;    margin-top: 20px;    text-transform: uppercase;\" data-descriptioncss=\"color: #282828;    font-size: 18px;    line-height: 26px;\" data-buttoncss=\"display:block; position:relative; margin-top:10px;\" data-titlecssresponsive=\"font-size:12px;\" data-descriptioncssresponsive=\"display:none !important;\" data-buttoncssresponsive=\"font-size: 9px !important;width:100%;\" data-jsfolder=\"https:\/\/nanovea.com\/wp-content\/plugins\/wonderplugin-slider-lite\/engine\/\" style=\"display:none;\" ><ul class=\"amazingslider-slides\"  style=\"display:none;\"><li><img decoding=\"async\" class=\"amazingslider-img-elem amazingsliderimg\" src=\"https:\/\/nanovea.com\/wp-content\/uploads\/2015\/04\/topography-any-surface.jpg\" alt=\"TOPOGRAPHIE|GESTALT|FORM\" title=\"TOPOGRAPHIE|GESTALT|FORM\" data-description=\"Precise topography measurement on any surface\" \/><\/li><li><img decoding=\"async\" class=\"amazingslider-img-elem amazingsliderimg\" src=\"https:\/\/nanovea.com\/wp-content\/uploads\/2015\/04\/shape-small-parts.jpg\" alt=\"TOPOGRAPHIE|GESTALT|FORM\" title=\"TOPOGRAPHIE|GESTALT|FORM\" data-description=\"Accurate shape measurement of small parts &amp; features\" \/><\/li><li><img decoding=\"async\" class=\"amazingslider-img-elem amazingsliderimg\" src=\"https:\/\/nanovea.com\/wp-content\/uploads\/2015\/04\/form-analysis.jpg\" alt=\"TOPOGRAPHIE|GESTALT|FORM\" title=\"TOPOGRAPHIE|GESTALT|FORM\" data-description=\"Superior ability to accurately measure and analyze &lt;br \/&gt;surface form\" \/><\/li><\/ul><\/div><\/div>\n<h1><strong>MESSUNG DER OBERFL\u00c4CHENTOPOGRAFIE | FORM &amp; GESTALT<\/strong><\/h1>\n<p><a href=\"https:\/\/nanovea.com\/profilometer\">Profilometer-Instrumente<\/a> | <a href=\"https:\/\/nanovea.com\/lab-services\/\">Labor-Dienstleistungen<\/a> | <a href=\"https:\/\/nanovea.com\/chromatic-confocal\">Chromatisch Konfokal<\/a> | <a href=\"https:\/\/nanovea.com\/application-notes\">Application Notes<\/a><\/p>\n<div class=\"product-desc\">\n<p align=\"justify\">Mit einem gro\u00dfen H\u00f6henbereich von bis zu 25 mm und der F\u00e4higkeit, steile Winkel zu messen, ist die chromatische Konfokaltechnik ideal f\u00fcr Messungen von Topografie, Form und Gestalt auf unbekannten und komplexen Oberfl\u00e4chen wie Weichgewebe, Pflanzen und Gestein, Kleinteilen und vielen anderen. Da bei gro\u00dfen Oberfl\u00e4chen kein Stitching erforderlich ist, k\u00f6nnen mit der chromatisch konfokalen Technik die erforderlichen Formdaten in wenigen Sekunden gemessen werden. Die resultierenden Daten sind die beste polynomiale \u00dcbereinstimmung f\u00fcr die zu pr\u00fcfende Form. Mit Mustererkennung und Automatisierung zus\u00e4tzlich zu Pass-Fail-Bedingungen und Datenbankkommunikation kann das Ger\u00e4t als fortschrittliches Qualit\u00e4tskontrollinstrument f\u00fcr Form- und Gestaltmessungen eingesetzt werden.<\/p>\n<p>&nbsp;<\/p>\n<h4><b>Normen:<\/b><\/h4>\n<ul>\n<li style=\"text-align: left;\">ISO 25178<\/li>\n<li style=\"text-align: left;\">ISO 4287<\/li>\n<li style=\"text-align: left;\">ISO 13565-2<\/li>\n<li style=\"text-align: left;\">ISO 12085<\/li>\n<li style=\"text-align: left;\">ISO 12780<\/li>\n<li style=\"text-align: left;\">ISO 12181<\/li>\n<\/ul>\n<p>&nbsp;<\/p>\n<h4><b>Analyse von Standardmessungen:<\/b><\/h4>\n<ul>\n<li style=\"text-align: left;\">Welligkeit und Schlagparameter<\/li>\n<li style=\"text-align: left;\">Schiefe und Kurtosis<\/li>\n<li style=\"text-align: left;\">Oberfl\u00e4chenvergleich oder Subtraktion<\/li>\n<li style=\"text-align: left;\">Abbott-Firestone-Kurve<\/li>\n<li style=\"text-align: left;\">Beste polynomielle \u00dcbereinstimmung<\/li>\n<\/ul>\n<p>&nbsp;<\/p>\n<h4><b>Software-Merkmale:<\/b><\/h4>\n<ul>\n<li style=\"text-align: left;\">Einfach zu definierende Linien- oder Fl\u00e4chenscans<\/li>\n<li style=\"text-align: left;\">Rezepte<\/li>\n<li style=\"text-align: left;\">Seitliche Aufl\u00f6sung<\/li>\n<li style=\"text-align: left;\">Rohdaten und Bilder exportieren<\/li>\n<li style=\"text-align: left;\">Anzeige in Echtzeit<\/li>\n<li style=\"text-align: left;\">Automatische Berichterstattung<\/li>\n<li style=\"text-align: left;\">Unterst\u00fctzung mehrerer Sprachen<\/li>\n<li style=\"text-align: left;\">Kartierung<\/li>\n<\/ul>\n<p>&nbsp;<\/p>\n<h4><b>Analyse-Software-Funktionen:<\/b><\/h4>\n<ul>\n<li style=\"text-align: left;\">Filtern<\/li>\n<li style=\"text-align: left;\">Nivellierung<\/li>\n<li style=\"text-align: left;\">Schwellenwert<\/li>\n<li style=\"text-align: left;\">Zoomen<\/li>\n<li style=\"text-align: left;\">Werkzeuge zur Bereichsauswahl und Formularentfernung<\/li>\n<li style=\"text-align: left;\">Subtraktions- und Vergleichsfunktionen und viele andere<\/li>\n<\/ul>\n<p>&nbsp;<\/p>\n<h4><b>Erweiterte Automatisierung:<\/b><\/h4>\n<ul>\n<li style=\"text-align: left;\">Automatischer Fokus (optisch und mikroskopisch), automatische Analyseschablone<\/li>\n<li style=\"text-align: left;\">Makros zur Handhabung mehrerer Proben<\/li>\n<li style=\"text-align: left;\">Einfache Auswahl des Bereichs unter dem Mikroskop f\u00fcr die Profilerstellung oder AFM-Pr\u00fcfung<\/li>\n<li style=\"text-align: left;\">Automatische Doppelfrequenz f\u00fcr Oberfl\u00e4chen mit unterschiedlichen Reflexionsgraden<\/li>\n<li style=\"text-align: left;\">Rotationsphase<\/li>\n<li style=\"text-align: left;\">Mustererkennung<\/li>\n<li style=\"text-align: left;\">Datenbank-Kommunikation<\/li>\n<li style=\"text-align: left;\">Pass\/Fail-Grenzen<\/li>\n<li style=\"text-align: left;\">Zeilensensoren f\u00fcr bis zu 200-mal schnellere Messungen<\/li>\n<\/ul>\n<p>&nbsp;<\/p>\n<h4><b>Halter der Probe(n) und Umweltbedingungen:<\/b><\/h4>\n<ul>\n<li style=\"text-align: left;\">Kundenspezifische und Standard-Probenhalter<\/li>\n<li style=\"text-align: left;\">Heizstufe<\/li>\n<\/ul>\n<p>&nbsp;<\/p>\n<h4><b>Zus\u00e4tzliche Oberfl\u00e4chenabmessungen:<\/b><\/h4>\n<p><a href=\"https:\/\/nanovea.com\/surface-roughness-measurement\">Messung der Oberfl\u00e4chenrauhigkeit<\/a><br \/>\n<a href=\"https:\/\/nanovea.com\/surface-profile-measurement\">Messung des Oberfl\u00e4chenprofils<\/a><br \/>\n<a href=\"https:\/\/nanovea.com\/surface-flatness-measurement\">Messung der Oberfl\u00e4chenebenheit<\/a><br \/>\n<a href=\"https:\/\/nanovea.com\/surface-volume-measurement\">Messung des Oberfl\u00e4chenvolumens<\/a><br \/>\n<a href=\"https:\/\/nanovea.com\/surface-step-height-measurement\">Messung der Stufenh\u00f6he an der Oberfl\u00e4che<\/a><\/p>\n<\/div>","protected":false},"excerpt":{"rendered":"<p>MESSUNG DER OBERFL\u00c4CHEN-TOPOGRAPHIE | FORM &amp; GESTALT Profilometer Instrumente | Labordienstleistungen | Chromatisch Konfokal | Anwendungshinweise Mit einem gro\u00dfen H\u00f6henbereich von bis zu 25 mm und der M\u00f6glichkeit, steile Winkel zu messen, ist die chromatisch konfokale Technik ideal f\u00fcr die Messung von Topografie, Form und Gestalt auf unbekannten und komplexen Oberfl\u00e4chen wie Weichgewebe, [...]<\/p>","protected":false},"author":1,"featured_media":0,"parent":0,"menu_order":0,"comment_status":"open","ping_status":"open","template":"tpl-newslider.php","meta":{"_exactmetrics_skip_tracking":false,"_exactmetrics_sitenote_active":false,"_exactmetrics_sitenote_note":"","_exactmetrics_sitenote_category":0,"footnotes":""},"class_list":["post-94","page","type-page","status-publish","hentry"],"_links":{"self":[{"href":"https:\/\/nanovea.com\/de\/wp-json\/wp\/v2\/pages\/94","targetHints":{"allow":["GET"]}}],"collection":[{"href":"https:\/\/nanovea.com\/de\/wp-json\/wp\/v2\/pages"}],"about":[{"href":"https:\/\/nanovea.com\/de\/wp-json\/wp\/v2\/types\/page"}],"author":[{"embeddable":true,"href":"https:\/\/nanovea.com\/de\/wp-json\/wp\/v2\/users\/1"}],"replies":[{"embeddable":true,"href":"https:\/\/nanovea.com\/de\/wp-json\/wp\/v2\/comments?post=94"}],"version-history":[{"count":20,"href":"https:\/\/nanovea.com\/de\/wp-json\/wp\/v2\/pages\/94\/revisions"}],"predecessor-version":[{"id":19476,"href":"https:\/\/nanovea.com\/de\/wp-json\/wp\/v2\/pages\/94\/revisions\/19476"}],"wp:attachment":[{"href":"https:\/\/nanovea.com\/de\/wp-json\/wp\/v2\/media?parent=94"}],"curies":[{"name":"wp","href":"https:\/\/api.w.org\/{rel}","templated":true}]}}