{"id":81,"date":"2015-03-02T16:24:24","date_gmt":"2015-03-02T16:24:24","guid":{"rendered":"http:\/\/nanovea.com\/?page_id=81"},"modified":"2021-07-30T21:56:13","modified_gmt":"2021-07-30T21:56:13","slug":"profilometer-anwendungen","status":"publish","type":"page","link":"https:\/\/nanovea.com\/de\/profilometer-anwendungen\/","title":{"rendered":"Profilometer Anwendungen"},"content":{"rendered":"<div id=\"newslider\" style=\"min-height: auto; overflow: hidden;\">\n<ul>\n<li>\n<div class=\"slider-text\">\n<h2>Profilometer<\/h2>\n<p><!--Applications!-->Oberfl\u00e4chenmessung mit \u00fcberlegenen<br \/>\nChromatische konfokale Profilometrie<\/p>\n<\/div>\n<p><!--<img decoding=\"async\" src=\"https:\/\/nanovea.com\/wp-content\/uploads\/2015\/04\/slide-profilometer.jpg\" alt=\"Lab Testing\" \/>!--><br \/>\n<img decoding=\"async\" src=\"https:\/\/nanovea.com\/wp-content\/uploads\/2018\/01\/slide-profilometer-1-1.jpg\" alt=\"Labortests\" \/><\/li>\n<\/ul>\n<\/div>\n<h1 align=\"justify\"><strong>PROFILOMETER-ANWENDUNGEN <\/strong><\/h1>\n<p align=\"justify\"><a href=\"https:\/\/nanovea.com\/profilometer\">Profilometer<\/a> | <a href=\"https:\/\/nanovea.com\/chromatic-confocal\">Technik<\/a> | <a href=\"https:\/\/nanovea.com\/profilometers-optics\">Optik<\/a> | <a href=\"https:\/\/nanovea.com\/application-notes\">Application Notes<\/a> | <a href=\"https:\/\/nanovea.com\/profilometer-brochure\" target=\"_blank\" rel=\"noopener noreferrer\">Brosch\u00fcre Download<\/a> | <a href=\"https:\/\/nanovea.com\/profilometers-video\" target=\"_blank\" rel=\"noopener noreferrer\">Video ansehen<\/a><\/p>\n<p>Nanovea Profilometer messen nahezu jedes Material mit einem gr\u00f6\u00dferen Messbereich als jedes andere Profilometer. Und weil das so ist, kann praktisch jede Oberfl\u00e4che eine Anwendung in Bereichen sein, einschlie\u00dflich: Bio &amp; Biotechnologie, Baumaterialien, Konsumg\u00fcter, Medizin, Metalle, \u00d6l &amp; Bergbau, Optik, Farben &amp; Beschichtungen, Pharmazie, Halbleiter\/Elektronik\/Solar, Textilien\/Leder\/Papier, Werkzeuge &amp; Maschinen und Transport.<\/p>\n<table border=\"0\" width=\"1016\" cellspacing=\"0\" cellpadding=\"0\">\n<tbody>\n<tr>\n<td width=\"254\">\n<div align=\"center\"><img decoding=\"async\" src=\"https:\/\/nanovea.com\/wp-content\/themes\/wp-nanovea\/images\/images\/app1.jpg\" alt=\"Elektronische Oberfl\u00e4chen\" width=\"150\" height=\"113\" \/><\/div>\n<\/td>\n<td width=\"254\">\n<div align=\"center\"><img decoding=\"async\" src=\"https:\/\/nanovea.com\/wp-content\/themes\/wp-nanovea\/images\/images\/app2.jpg\" alt=\"Optische Oberfl\u00e4chen\" width=\"150\" height=\"113\" \/><\/div>\n<\/td>\n<td width=\"254\">\n<div align=\"center\"><img decoding=\"async\" src=\"https:\/\/nanovea.com\/wp-content\/themes\/wp-nanovea\/images\/images\/app3.jpg\" alt=\"Automobiloberfl\u00e4chen\" width=\"150\" height=\"113\" \/><\/div>\n<\/td>\n<td width=\"254\">\n<div align=\"center\"><img loading=\"lazy\" decoding=\"async\" src=\"https:\/\/nanovea.com\/wp-content\/themes\/wp-nanovea\/images\/images\/app4.jpg\" alt=\"Bearbeitete Oberfl\u00e4chen\" width=\"150\" height=\"113\" \/><\/div>\n<\/td>\n<\/tr>\n<\/tbody>\n<\/table>\n<table border=\"0\" width=\"1016\" cellspacing=\"0\" cellpadding=\"0\">\n<tbody>\n<tr>\n<td width=\"254\">\n<div align=\"center\">\n<p>&nbsp;<\/p>\n<p><img loading=\"lazy\" decoding=\"async\" src=\"https:\/\/nanovea.com\/wp-content\/themes\/wp-nanovea\/images\/images\/app5.jpg\" alt=\"Pharmazeutische Oberfl\u00e4chen\" width=\"150\" height=\"113\" \/><\/p>\n<\/div>\n<\/td>\n<td width=\"254\">\n<div align=\"center\">\n<p>&nbsp;<\/p>\n<p><img loading=\"lazy\" decoding=\"async\" src=\"https:\/\/nanovea.com\/wp-content\/themes\/wp-nanovea\/images\/images\/app7.jpg\" alt=\"Zellstoffoberfl\u00e4chen\" width=\"150\" height=\"113\" \/><\/p>\n<\/div>\n<\/td>\n<td width=\"254\">\n<div align=\"center\">\n<p>&nbsp;<\/p>\n<p><img loading=\"lazy\" decoding=\"async\" src=\"https:\/\/nanovea.com\/wp-content\/themes\/wp-nanovea\/images\/images\/app12.jpg\" alt=\"Umweltbezogene Oberfl\u00e4chen\" width=\"150\" height=\"113\" \/><\/p>\n<\/div>\n<\/td>\n<td width=\"254\">\n<div align=\"center\">\n<p>&nbsp;<\/p>\n<p><img loading=\"lazy\" decoding=\"async\" src=\"https:\/\/nanovea.com\/wp-content\/themes\/wp-nanovea\/images\/images\/app6.jpg\" alt=\"Umweltbezogene Oberfl\u00e4chen\" width=\"150\" height=\"113\" \/><\/p>\n<\/div>\n<\/td>\n<\/tr>\n<\/tbody>\n<\/table>\n<table border=\"0\" width=\"1016\" cellspacing=\"0\" cellpadding=\"0\">\n<tbody>\n<tr>\n<td width=\"254\">\n<div align=\"center\">\n<p>&nbsp;<\/p>\n<p><img loading=\"lazy\" decoding=\"async\" src=\"https:\/\/nanovea.com\/wp-content\/themes\/wp-nanovea\/images\/images\/app9.jpg\" alt=\"Pharmazeutische Oberfl\u00e4chen\" width=\"150\" height=\"113\" \/><\/p>\n<\/div>\n<\/td>\n<td width=\"254\">\n<div align=\"center\">\n<p>&nbsp;<\/p>\n<p><img loading=\"lazy\" decoding=\"async\" src=\"https:\/\/nanovea.com\/wp-content\/themes\/wp-nanovea\/images\/images\/app10.jpg\" alt=\"Zellstoffoberfl\u00e4chen\" width=\"150\" height=\"113\" \/><\/p>\n<\/div>\n<\/td>\n<td width=\"254\">\n<div align=\"center\">\n<p>&nbsp;<\/p>\n<p><img loading=\"lazy\" decoding=\"async\" src=\"https:\/\/nanovea.com\/wp-content\/themes\/wp-nanovea\/images\/images\/app11.jpg\" alt=\"Wafer-Oberfl\u00e4chen\" width=\"150\" height=\"113\" \/><\/p>\n<\/div>\n<\/td>\n<td width=\"254\">\n<div align=\"center\">\n<p>&nbsp;<\/p>\n<p><img loading=\"lazy\" decoding=\"async\" src=\"https:\/\/nanovea.com\/wp-content\/themes\/wp-nanovea\/images\/images\/app8.jpg\" alt=\"Umweltbezogene Oberfl\u00e4chen\" width=\"150\" height=\"113\" \/><\/p>\n<\/div>\n<\/td>\n<\/tr>\n<\/tbody>\n<\/table>","protected":false},"excerpt":{"rendered":"<p>Profilometer Oberfl\u00e4chenmessung mit \u00fcberlegener Chromatisch Konfokaler Profilometrie PROFILOMETER ANWENDUNGEN Profilometer | Technik | Optik | Anwendungshinweise | Brosch\u00fcre Download | Video ansehen Nanovea Profilometer messen nahezu jedes Material mit einem gr\u00f6\u00dferen Messbereich als jedes andere Profilometer. Und weil das so ist, kann praktisch jede Oberfl\u00e4che eine Anwendung in Bereichen sein, einschlie\u00dflich: Bio &amp; [...]<\/p>","protected":false},"author":1,"featured_media":0,"parent":0,"menu_order":0,"comment_status":"open","ping_status":"closed","template":"tpl-newslider.php","meta":{"_exactmetrics_skip_tracking":false,"_exactmetrics_sitenote_active":false,"_exactmetrics_sitenote_note":"","_exactmetrics_sitenote_category":0,"footnotes":""},"class_list":["post-81","page","type-page","status-publish","hentry"],"_links":{"self":[{"href":"https:\/\/nanovea.com\/de\/wp-json\/wp\/v2\/pages\/81","targetHints":{"allow":["GET"]}}],"collection":[{"href":"https:\/\/nanovea.com\/de\/wp-json\/wp\/v2\/pages"}],"about":[{"href":"https:\/\/nanovea.com\/de\/wp-json\/wp\/v2\/types\/page"}],"author":[{"embeddable":true,"href":"https:\/\/nanovea.com\/de\/wp-json\/wp\/v2\/users\/1"}],"replies":[{"embeddable":true,"href":"https:\/\/nanovea.com\/de\/wp-json\/wp\/v2\/comments?post=81"}],"version-history":[{"count":18,"href":"https:\/\/nanovea.com\/de\/wp-json\/wp\/v2\/pages\/81\/revisions"}],"predecessor-version":[{"id":12630,"href":"https:\/\/nanovea.com\/de\/wp-json\/wp\/v2\/pages\/81\/revisions\/12630"}],"wp:attachment":[{"href":"https:\/\/nanovea.com\/de\/wp-json\/wp\/v2\/media?parent=81"}],"curies":[{"name":"wp","href":"https:\/\/api.w.org\/{rel}","templated":true}]}}