{"id":2271,"date":"2016-01-25T17:33:58","date_gmt":"2016-01-25T17:33:58","guid":{"rendered":"http:\/\/nanovea.com\/?page_id=2271"},"modified":"2018-11-20T17:18:34","modified_gmt":"2018-11-20T17:18:34","slug":"veroffentlichungen","status":"publish","type":"page","link":"https:\/\/nanovea.com\/de\/veroffentlichungen\/","title":{"rendered":"Ver\u00f6ffentlichungen"},"content":{"rendered":"<p><strong>VER\u00d6FFENTLICHUNGEN<br \/>\n<\/strong><\/p>\n<p>Nanovea treibt die Mess- und Oberfl\u00e4chenforschungstechnologie weiter voran. Mehr als 250 Forschungsartikel, in denen Nanovea-Instrumente verwendet werden, wurden in von Experten begutachteten Fachzeitschriften ver\u00f6ffentlicht. Nachstehend finden Sie eine ausgew\u00e4hlte Liste der Artikel. Bitte <a href=\"https:\/\/nanovea.com\/request-form\" target=\"_blank\" rel=\"noopener noreferrer\">Kontakt<\/a> Nanovea f\u00fcr eine vollst\u00e4ndige Liste der Ver\u00f6ffentlichungen.<\/p>\n<table style=\"width: 100%;\" border=\"0\">\n<tbody>\n<tr>\n<td style=\"width: 25%; vertical-align: top; padding-right: 10px;\" height=\"152\"><strong><br \/>\nPROFILOMETER<\/strong><\/p>\n<ul>\n<li><a href=\"https:\/\/www.sciencedirect.com\/science\/article\/pii\/S0921509310007318\">Mikrostruktur und Verschlei\u00dfeigenschaften von laserabgeschiedenen WC-12%Co-Verbundwerkstoffen<\/a>, Materialwissenschaft und Werkstofftechnik: A 527, 24-25, 6677-6682<\/li>\n<li><a href=\"https:\/\/www.sciencedirect.com\/science\/article\/pii\/S0169433213021879\">Einfluss des Diamantschleifverfahrens auf die Mikro-Topographie der Oberfl\u00e4che und die Eigenschaften von SiO2\/SiO2-Verbundwerkstoffen<\/a>Angewandte Oberfl\u00e4chenwissenschaft 292, 181-189<\/li>\n<li><a href=\"https:\/\/www.sciencedirect.com\/science\/article\/pii\/S0043164813001841\">Oberfl\u00e4chenrauhigkeit und Erosionsrate von mit Abrasivstrahlen mikrogefertigten Kan\u00e4len: Experimente und analytisches Modell<\/a>, Verschlei\u00df 303, 1-2, 138-145<\/li>\n<li><a href=\"https:\/\/www.sciencedirect.com\/science\/article\/pii\/S0008622310009425\">Stabile superhydrophobe Verbundbeschichtungen aus einer w\u00e4ssrigen Dispersion von Kohlenstoffnanor\u00f6hren und einem Fluorpolymer<\/a>, Kohle 49, 5, 1769-1774<\/li>\n<li><a href=\"https:\/\/www.sciencedirect.com\/science\/article\/pii\/S1359645410003605\">Adaptive VN\/Ag-Nanokomposit-Beschichtungen mit schmierf\u00e4higem Verhalten von 25 bis 1000 \u00b0C<\/a>Acta Materialia 58, 16, 5326-5331<\/li>\n<li><a href=\"https:\/\/www.sciencedirect.com\/science\/article\/pii\/S0257897208006749\">Oberfl\u00e4chentexturierung f\u00fcr adaptive Feststoffschmierung<\/a>Oberfl\u00e4chen- und Beschichtungstechnik 203, 1-2, 73-79<\/li>\n<li><a href=\"https:\/\/dx.doi.org\/10.1002\/jbm.a.32952\">Kaltgespritzte glasartige Beschichtung auf Aluminiumbasis: Synthese, Verschlei\u00df- und Korrosionseigenschaften<\/a>Oberfl\u00e4chen- und Beschichtungstechnik 232, 33-40<\/li>\n<li><a href=\"https:\/\/www.sciencedirect.com\/science\/article\/pii\/S0043164810001183\">CrN-Ag-Nanokomposit-Beschichtungen: Tribologische Reaktion bei hohen Temperaturen<\/a>, Verschlei\u00df 269, 1-2, 125-131<\/li>\n<li><a href=\"https:\/\/www.sciencedirect.com\/science\/article\/pii\/S0008622312003958\">Synthese und Eigenschaften von durch Funkenplasmasintern verfestigten Graphen-Nanopl\u00e4ttchen<\/a>, Kohlenstoff 50, 11, 4068-4077<\/li>\n<li><a href=\"https:\/\/www.sciencedirect.com\/science\/article\/pii\/S0257897211000818\">In-situ-Synthese von TiC\/SiC\/Ti3SiC2-Verbundschichten durch Funkenplasmasintern<\/a>Oberfl\u00e4chen- und Beschichtungstechnik 205, 13-14, 3840-3846<\/li>\n<\/ul>\n<div id=\"stcpDiv\"><\/div>\n<\/td>\n<td style=\"width: 25%; vertical-align: top; padding-right: 10px;\"><strong><br \/>\nMECHANICAL TESTER<\/strong><\/p>\n<ul>\n<li><a href=\"https:\/\/www.sciencedirect.com\/science\/article\/pii\/S0010938X14005952\">Oxidationsschutz von Kohlenstoff\/Kohlenstoff-Verbundwerkstoffen durch eine neuartige SiC-Nanoband-verst\u00e4rkte SiC-Si-Keramikbeschichtung<\/a>Korrosionswissenschaft 92, 272-279<\/li>\n<li><a href=\"https:\/\/www.sciencedirect.com\/science\/article\/pii\/S0257897213009389\">Charakterisierung und mechanische Eigenschaften von Duplex-Beschichtungen, die durch Funkenerosion und Mikrolichtbogenoxidation auf Stahl hergestellt werden<\/a>Oberfl\u00e4chen- und Beschichtungstechnik 236, 303-308<\/li>\n<li><a href=\"https:\/\/www.sciencedirect.com\/science\/article\/pii\/S0169433212014821\">Charakterisierung und mechanische Eigenschaften von Beschichtungen auf Magnesium durch Mikro-Lichtbogen-Oxidation<\/a>Angewandte Oberfl\u00e4chenwissenschaft 261, 774-782<\/li>\n<li><a href=\"https:\/\/www.sciencedirect.com\/science\/article\/pii\/B9780127999470000134\">Kapitel 13 - Plasma-Induktionsspritzen von nanokristallinen Hydroxylapatit-Schichten auf intraoss\u00e4ren Titan-Implantaten<\/a>Handbuch der Nanokeramik und Nanokomposit-Beschichtungen und -Materialien 293-317<\/li>\n<li><a href=\"https:\/\/www.sciencedirect.com\/science\/article\/pii\/S0921509315004165\">Metallurgische Eigenschaften und \u00dcbergang der Versagensart bei Punktschwei\u00dfungen mit ungleichem Widerstand zwischen ultrafeink\u00f6rnigen und grobk\u00f6rnigen Blechen aus kohlenstoffarmen St\u00e4hlen<\/a>Materialwissenschaft und Werkstofftechnik: A 637, 42360<\/li>\n<li><a href=\"https:\/\/dx.doi.org\/10.1111\/jace.12621\">Korrelationen zwischen Mikrostruktur und mechanischen Eigenschaften von luftplasmagespritzten W\u00e4rmed\u00e4mmschichten, die einer hohen Temperatur ausgesetzt sind<\/a>Journal of the American Ceramic Society 96, 12, 3901-3907<\/li>\n<li><a href=\"https:\/\/link.springer.com\/article\/10.1007\/s10570-012-9659-7\">Einfluss der Natriumsilikatkonzentration auf die strukturellen und tribologischen Eigenschaften von Mikrolichtbogen-Oxidationsschichten auf Substraten aus der Aluminiumlegierung 2017A<\/a>Journal of Alloys and Compounds 504, 2, 519-526<\/li>\n<li><a href=\"https:\/\/www.sciencedirect.com\/science\/article\/pii\/S025789721400108X\">HIPIMS-Abscheidung von TiAlN-Schichten auf der Innenwand von Mikrod\u00fcsen und ihre Anwendbarkeit in der Mikroblechumformung<\/a>Oberfl\u00e4chen- und Beschichtungstechnik 250, 44-51<\/li>\n<li><a href=\"https:\/\/www.sciencedirect.com\/science\/article\/pii\/S0257897215005009\">Eine Untersuchung der Material- und tribologischen Eigenschaften von Sb2O3\/Au-dotierten MoS2-Festschmierstofffilmen bei Gleit- und Rollkontakt in verschiedenen Umgebungen<\/a>Oberfl\u00e4chen- und Beschichtungstechnik, im Druck<\/li>\n<li><a href=\"https:\/\/www.sciencedirect.com\/science\/article\/pii\/S0257897210000265\">Der Einfluss der Nachgiebigkeit der Beschichtung auf die Delamination von W\u00e4rmed\u00e4mmschichten<\/a>Oberfl\u00e4chen- und Beschichtungstechnik 204, 15, 2432-2441<\/li>\n<li><a href=\"https:\/\/doi.org\/10.1088\/1402-4896\/aa9292\">Vergleichende Studie \u00fcber die mechanischen Eigenschaften verschiedener Wolframwerkstoffe f\u00fcr Schmelzanwendungen<\/a>, S Krimpalis et al 2017 Phys. Scr. 2017 014068<\/li>\n<\/ul>\n<\/td>\n<td style=\"width: 25%; vertical-align: top; padding-right: 10px;\" colspan=\"2\"><strong><br \/>\nTRIBOMETER<\/strong><\/p>\n<ul>\n<li><a href=\"https:\/\/link.springer.com\/article\/10.1007\/s11666-011-9669-2\">Verschlei\u00dfverhalten einer plasmagespritzten, mit Kohlenstoffnanor\u00f6hrchen verst\u00e4rkten Aluminiumoxidbeschichtung in Meeres- und Hochtemperaturumgebungen<\/a>Journal of Thermal Spray Technology 20, 6, 1217-1230<\/li>\n<li><a href=\"https:\/\/www.sciencedirect.com\/science\/article\/pii\/S0257897209009748\">Tribologisches Verhalten einer mit Kohlenstoffnanor\u00f6hrchen verst\u00e4rkten plasmagespritzten Aluminiumoxidschicht bei mittleren Temperaturen<\/a>Oberfl\u00e4chen- und Beschichtungstechnik 204, 11, 1847-1855<\/li>\n<li><a href=\"https:\/\/www.sciencedirect.com\/science\/article\/pii\/S1742706109001330\">Lasergest\u00fctzte Zr\/ZrO2-Beschichtung auf Ti f\u00fcr lasttragende Implantate<\/a>Acta Biomaterialia 5, 7, 2800-2809<\/li>\n<li><a href=\"https:\/\/www.sciencedirect.com\/science\/article\/pii\/S0008622310003143\">Mit Kohlenstoffnanor\u00f6hrchen geh\u00e4rteter Hydroxylapatit durch Funkenplasmasintern: Mikrostrukturelle Entwicklung und multiskalige tribologische Eigenschaften<\/a>, Kohlenstoff 48, 11, 3103-3120<\/li>\n<li><a href=\"https:\/\/www.sciencedirect.com\/science\/article\/pii\/S1359646210003003\">Laserbearbeitung einer mit SiC-Partikeln verst\u00e4rkten Beschichtung auf Titan<\/a>Scripta Materialia 63, 4, 438-441<\/li>\n<li><a href=\"https:\/\/www.sciencedirect.com\/science\/article\/pii\/S0928493110001724\">In-vitro-Verschlei\u00dfrate und Co-Ionen-Freisetzung von CoCrMo-Ti6Al4V-Strukturen, die in ihrer Zusammensetzung und Struktur abgestuft sind<\/a>, Materialwissenschaft und Werkstofftechnik: C 31, 4, 809-814<\/li>\n<li><a href=\"https:\/\/www.sciencedirect.com\/science\/article\/pii\/S0043164813004717\">Mikrostruktur und tribologische Eigenschaften einer l\u00f6sungsbehandelten Tribaloy-Legierung<\/a>, Verschlei\u00df 307, 1-2, 22-27<\/li>\n<li><a href=\"https:\/\/www.sciencedirect.com\/science\/article\/pii\/S0040609009003216\">Wachstum, Struktur und Reibungsverhalten von titandotierten Wolframdisulfid (Ti-WS2) Nanokomposit-D\u00fcnnschichten<\/a>D\u00fcnne feste Schichten 517, 19, 5666-5675<\/li>\n<li><a href=\"https:\/\/www.sciencedirect.com\/science\/article\/pii\/S0008622309006381\">Synthese von Aluminiumoxidbeschichtungen mit Kohlenstoffnanor\u00f6hrchen als Verst\u00e4rkung durch chemische Gasphasenabscheidung zur Verbesserung der Bruch- und Verschlei\u00dffestigkeit<\/a>, Kohlenstoff 48, 2, 431-442<\/li>\n<li><a href=\"https:\/\/dx.doi.org\/10.1111\/j.1551-2916.2010.04345.x\">Eine Bewertung der Wirksamkeit der Hertz'schen Eindringtechnik zur Bestimmung der Bruchz\u00e4higkeit spr\u00f6der Materialien<\/a>Zeitschrift der Amerikanischen Keramischen Gesellschaft 94, 7, 2153-2161<\/li>\n<li><a href=\"https:\/\/www.nature.com\/nature\/journal\/v536\/n7614\/pdf\/nature18948.pdf\">Tribofilme auf Kohlenstoffbasis aus Schmier\u00f6len<\/a>Natur 536, 67-71<\/li>\n<\/ul>\n<\/td>\n<\/tr>\n<\/tbody>\n<\/table>\n<p>&nbsp;<\/p>\n<p>&nbsp;<\/p>","protected":false},"excerpt":{"rendered":"<p>PUBLIKATIONEN Nanovea treibt die Mess- und Oberfl\u00e4chenforschungstechnologie weiter voran. Mehr als 250 Forschungsartikel, in denen Nanovea-Instrumente verwendet werden, wurden in von Experten begutachteten Fachzeitschriften ver\u00f6ffentlicht. Nachstehend finden Sie eine ausgew\u00e4hlte Liste der Artikel. Bitte wenden Sie sich an Nanovea, um eine vollst\u00e4ndige Liste der Ver\u00f6ffentlichungen zu erhalten. PROFILOMETER Microstructure and wear properties of laser deposited WC-12%Co composites, Materials Science and Engineering: [...]<\/p>","protected":false},"author":1,"featured_media":0,"parent":0,"menu_order":0,"comment_status":"closed","ping_status":"closed","template":"","meta":{"_exactmetrics_skip_tracking":false,"_exactmetrics_sitenote_active":false,"_exactmetrics_sitenote_note":"","_exactmetrics_sitenote_category":0,"footnotes":""},"class_list":["post-2271","page","type-page","status-publish","hentry"],"_links":{"self":[{"href":"https:\/\/nanovea.com\/de\/wp-json\/wp\/v2\/pages\/2271","targetHints":{"allow":["GET"]}}],"collection":[{"href":"https:\/\/nanovea.com\/de\/wp-json\/wp\/v2\/pages"}],"about":[{"href":"https:\/\/nanovea.com\/de\/wp-json\/wp\/v2\/types\/page"}],"author":[{"embeddable":true,"href":"https:\/\/nanovea.com\/de\/wp-json\/wp\/v2\/users\/1"}],"replies":[{"embeddable":true,"href":"https:\/\/nanovea.com\/de\/wp-json\/wp\/v2\/comments?post=2271"}],"version-history":[{"count":7,"href":"https:\/\/nanovea.com\/de\/wp-json\/wp\/v2\/pages\/2271\/revisions"}],"predecessor-version":[{"id":4148,"href":"https:\/\/nanovea.com\/de\/wp-json\/wp\/v2\/pages\/2271\/revisions\/4148"}],"wp:attachment":[{"href":"https:\/\/nanovea.com\/de\/wp-json\/wp\/v2\/media?parent=2271"}],"curies":[{"name":"wp","href":"https:\/\/api.w.org\/{rel}","templated":true}]}}