{"id":2254,"date":"2016-01-25T17:01:39","date_gmt":"2016-01-25T17:01:39","guid":{"rendered":"http:\/\/nanovea.com\/?page_id=2254"},"modified":"2018-11-16T17:08:40","modified_gmt":"2018-11-16T17:08:40","slug":"korrosions-tribologie-prufung","status":"publish","type":"page","link":"https:\/\/nanovea.com\/de\/korrosions-tribologie-prufung\/","title":{"rendered":"Korrosions-Tribologie-Pr\u00fcfung"},"content":{"rendered":"<div class=\"wonderpluginslider-container\" id=\"wonderpluginslider-container-7\" style=\"max-width:1035px;margin:0 auto;padding-left:0px;padding-right:0px;padding-top:0px;padding-bottom:0px;\"><div class=\"wonderpluginslider\" id=\"wonderpluginslider-7\" data-sliderid=\"7\" data-width=\"1035\" data-height=\"380\" data-skin=\"cube\" data-autoplay=\"true\" data-randomplay=\"false\" data-loadimageondemand=\"false\" data-transitiononfirstslide=\"false\" data-autoplayvideo=\"false\" data-isresponsive=\"true\" data-fullwidth=\"false\" data-isfullscreen=\"false\" data-ratioresponsive=\"false\" data-showtext=\"true\" data-showtimer=\"false\" data-showbottomshadow=\"false\" data-navshowpreview=\"false\" data-textautohide=\"true\" data-lightboxresponsive=\"true\" data-lightboxshownavigation=\"false\" data-lightboxshowtitle=\"true\" data-lightboxshowdescription=\"false\" data-texteffectresponsive=\"true\" data-donotinit=\"false\" data-addinitscript=\"false\" data-lightboxfullscreenmode=\"false\" data-lightboxcloseonoverlay=\"true\" data-lightboxvideohidecontrols=\"false\" data-lightboxnogroup=\"false\" data-lightboxautoslide=\"false\" data-lightboxshowtimer=\"true\" data-lightboxshowplaybutton=\"true\" data-lightboxalwaysshownavarrows=\"false\" data-lightboxshowtitleprefix=\"true\" data-titleusealt=\"false\" data-outputtext=\"false\" data-scalemode=\"fit\" data-arrowstyle=\"always\" data-transition=\"slide\" data-loop=\"0\" data-border=\"0\" data-slideinterval=\"8000\" data-arrowimage=\"arrows-36-80-0.png\" data-arrowwidth=\"36\" data-arrowheight=\"80\" data-arrowtop=\"50\" data-arrowmargin=\"-18\" data-navstyle=\"bullets\" data-navimage=\"bullet-24-24-1.png\" data-navwidth=\"24\" data-navheight=\"24\" data-navspacing=\"8\" data-navmarginx=\"16\" data-navmarginy=\"16\" data-navposition=\"bottom\" data-playvideoimage=\"playvideo-64-64-0.png\" data-playvideoimagewidth=\"64\" data-playvideoimageheight=\"64\" data-lightboxthumbwidth=\"90\" data-lightboxthumbheight=\"60\" data-lightboxthumbtopmargin=\"12\" data-lightboxthumbbottommargin=\"4\" data-lightboxbarheight=\"64\" data-lightboxtitlebottomcss=\"color:#333; font-size:14px; font-family:Armata,sans-serif,Arial; overflow:hidden; text-align:left;\" data-lightboxdescriptionbottomcss=\"color:#333; font-size:12px; font-family:Arial,Helvetica,sans-serif; overflow:hidden; text-align:left; margin:4px 0px 0px; padding: 0px;\" data-textformat=\"Color box\" data-textpositionstatic=\"bottom\" data-textpositiondynamic=\"topleft\" data-paddingleft=\"0\" data-paddingright=\"0\" data-paddingtop=\"0\" data-paddingbottom=\"0\" data-texteffectresponsivesize=\"640\" data-fadeduration=\"1000\" data-crossfadeduration=\"1000\" data-slideduration=\"1000\" data-elasticduration=\"1000\" data-sliceduration=\"1500\" data-blindsduration=\"1500\" data-blocksduration=\"1500\" data-shuffleduration=\"1500\" data-tilesduration=\"2000\" data-kenburnsduration=\"5000\" data-flipduration=\"1500\" data-flipwithzoomduration=\"2000\" data-threedduration=\"1500\" data-threedhorizontalduration=\"1500\" data-threedwithzoomduration=\"2500\" data-threedhorizontalwithzoomduration=\"2200\" data-threedflipduration=\"1500\" data-threedflipwithzoomduration=\"2000\" data-threedtilesduration=\"2000\" data-threedfallback=\"flip\" data-threedhorizontalfallback=\"flip\" data-threedwithzoomfallback=\"flipwithzoom\" data-threedhorizontalwithzoomfallback=\"flipwithzoom\" data-threedflipfallback=\"flip\" data-threedflipwithzoomfallback=\"flipwithzoom\" data-threedtilesfallback=\"tiles\" data-ratiomediumscreen=\"800\" data-ratiomediumheight=\"1.2\" data-ratiosmallscreen=\"480\" data-ratiosmallheight=\"1.6\" data-lightboxtitlestyle=\"bottom\" data-lightboximagepercentage=\"75\" data-lightboxdefaultvideovolume=\"1\" data-lightboxoverlaybgcolor=\"#000\" data-lightboxoverlayopacity=\"0.9\" data-lightboxbgcolor=\"#fff\" data-lightboxtitleprefix=\"%NUM \/ %TOTAL\" data-lightboxtitleinsidecss=\"color:#fff; font-size:16px; font-family:Arial,Helvetica,sans-serif; overflow:hidden; text-align:left;\" data-lightboxdescriptioninsidecss=\"color:#fff; font-size:12px; font-family:Arial,Helvetica,sans-serif; overflow:hidden; text-align:left; margin:4px 0px 0px; padding: 0px;\" data-lightboxslideinterval=\"5000\" data-lightboxtimerposition=\"bottom\" data-lightboxtimercolor=\"#dc572e\" data-lightboxtimeropacity=\"1\" data-lightboxbordersize=\"8\" data-lightboxborderradius=\"0\" data-textcss=\"display:block; padding:8px 16px; text-align:left;\" data-textbgcss=\"display:none;\" data-titlecss=\"color: #1b96cf;    font-family: &quot;Open Sans&quot;,sans-serif;    font-size: 32px;    margin-top: 25px;    margin-left: -20px;    font-weight: bold;\" data-descriptioncss=\"color: #282828;    font-size: 18px;    line-height: 30px;    margin-left: -20px;    margin-top: 03px;\" data-buttoncss=\"display:block; position:relative; margin-top:10px;\" data-titlecssresponsive=\"font-size:12px;\" data-descriptioncssresponsive=\"display:none !important;\" data-buttoncssresponsive=\"font-size: 9px !important;width:100%;\" data-jsfolder=\"https:\/\/nanovea.com\/wp-content\/plugins\/wonderplugin-slider-lite\/engine\/\" style=\"display:none;\" ><ul class=\"amazingslider-slides\"  style=\"display:none;\"><li><img decoding=\"async\" class=\"amazingslider-img-elem amazingsliderimg\" src=\"https:\/\/nanovea.com\/wp-content\/uploads\/2015\/04\/corrosion-tribology-1.jpg\" alt=\"KORROSIONSTRIBOLOGIE\" title=\"KORROSIONSTRIBOLOGIE\" data-description=\"Open Tribocorrosion test set-up\" \/><\/li><li><img decoding=\"async\" class=\"amazingslider-img-elem amazingsliderimg\" src=\"https:\/\/nanovea.com\/wp-content\/uploads\/2015\/04\/corrosion-tribology-2.jpg\" alt=\"KORROSIONSTRIBOLOGIE\" title=\"KORROSIONSTRIBOLOGIE\" data-description=\"Open circuit potential, anodic and cathodic potential\" \/><\/li><li><img decoding=\"async\" class=\"amazingslider-img-elem amazingsliderimg\" src=\"https:\/\/nanovea.com\/wp-content\/uploads\/2015\/04\/corrosion-tribology-3.jpg\" alt=\"KORROSIONSTRIBOLOGIE\" title=\"KORROSIONSTRIBOLOGIE\" data-description=\"Wear tracks after dry\/corrosive wear and Electrochemical &lt;br \/&gt;Impedance Spectroscopy\" \/><\/li><\/ul><\/div><\/div>\n<h1><strong>EINF\u00dcHRUNG IN DIE KORROSIONSTRIBOLOGIE<\/strong><\/h1>\n<p><a href=\"https:\/\/nanovea.com\/tribometers\">Tribometer-Instrumente<\/a> | <a href=\"https:\/\/nanovea.com\/lab-services\/\">Labor-Dienstleistungen<\/a> | <a href=\"https:\/\/nanovea.com\/rotative-wear-test\">Rotativ<\/a> | <a href=\"https:\/\/nanovea.com\/application-notes\">Application Notes<\/a><\/p>\n<div class=\"product-pic\">\n<p><img decoding=\"async\" src=\"https:\/\/nanovea.com\/wp-content\/themes\/wp-nanovea\/images\/images\/corrosion-tribology.jpg\" alt=\"Fl\u00fcssigkeits-Tribologie\" width=\"95\" height=\"95\" align=\"left\" border=\"none\" \/><\/p>\n<\/div>\n<div class=\"product-desc\">\n<p align=\"justify\"><strong>Korrosion Tribologie Prozess:<br \/>\n<\/strong>Tribokorrosion ist ein Oberfl\u00e4chenverschlei\u00dfprozess, der durch gleichzeitige tribologische und elektrochemische Vorg\u00e4nge in einer korrosiven Umgebung entsteht. Bei Tribokorrosionstests werden Verschlei\u00df- und Korrosionsexperimente gleichzeitig durchgef\u00fchrt, wobei eine gleitende Kugel-auf-Platte-Konfiguration verwendet wird, bei der der Kontakt des Verschlei\u00dfprozesses vollst\u00e4ndig in den Testelektrolyten eingetaucht ist. Das Tribokorrosionsmodul ist eine elektrochemische Zelle mit drei Anschl\u00fcssen, die auf dem Probentisch installiert ist, wobei die Probe, ein Platindraht und eine Ag\/AgCl-, NaCl-(satt)-Elektrode als Arbeits-, Gegen- bzw. Referenzelektrode dienen. Das Leerlaufpotential (OCP) wird in situ gemessen, um die Entwicklung des Tribokorrosionsprozesses zu \u00fcberwachen. Die Verringerung des OCP dient als Indikator f\u00fcr das Versagen der Schutzschichten. Die \u00c4nderung des Reibungskoeffizienten (COF) gibt ebenfalls Aufschluss \u00fcber die verschiedenen Stadien der Verschlei\u00dfentwicklung. Die Verschlei\u00dftests k\u00f6nnen auch unter anodischen oder kathodischen Polarisationsbedingungen durchgef\u00fchrt werden, um den Korrosionsprozess entweder zu beschleunigen oder zu hemmen und so die Auswirkungen von Korrosionsreaktionen auf die Tribokorrosionsrate zu untersuchen.<\/p>\n<p>&nbsp;<\/p>\n<p><strong>Normen:<\/strong><\/p>\n<p>- ASTM G133<\/p>\n<p>&nbsp;<\/p>\n<p><strong>Analysierte Eigenschaften w\u00e4hrend der Tribokorrosion:<\/strong><\/p>\n<p>- Abnutzungsraten<\/p>\n<p>- Reibungskoeffizient<\/p>\n<p>- Korrosionsbest\u00e4ndigkeit<\/p>\n<p>- Tribokorrosions-Verhalten<\/p>\n<p>&nbsp;<\/p>\n<p><strong>Software-Kontrollen bei Tribokorrosion:<\/strong><\/p>\n<p>- Abnutzung bei offenem Stromkreis Potential<\/p>\n<p>- Abnutzung bei anodischem\/kathodischem Potenzial<\/p>\n<p>- Elektrochemische Impedanzspektroskopie-Analyse<\/p>\n<p>- Potentiodynamische Polarisierung<\/p>\n<p>- Variable Geschwindigkeitskontrolle w\u00e4hrend des Tests und viele andere<\/p>\n<p>&nbsp;<\/p>\n<p><strong>Umweltkontrollen w\u00e4hrend der Tribokorrosion:<\/strong><\/p>\n<p>- Verschiedene L\u00f6sungen zur Simulation von realistischen Anwendungen<\/p>\n<p>- Beschleunigte\/verz\u00f6gerte Korrosionsrate<\/p>\n<p>&nbsp;<\/p>\n<p><strong>Tipps: (Stahl und andere leitf\u00e4hige Materialien):<\/strong><\/p>\n<p>- 3, 6, 10 und 25 mm Kugel<\/p>\n<p>- Kundenspezifische Kugelgr\u00f6\u00dfen<\/p>\n<p>- Benutzerdefinierte Pins<\/p>\n<p>- Flache Platte<\/p>\n<p>- Kundenspezifische Geometrien<\/p>\n<p>&nbsp;<\/p>\n<p><strong>Inhaber der Probe(n):<\/strong><\/p>\n<p>- Standard-Klammer<\/p>\n<p>- Clip-Montage an der Tribokorrosionszelle<\/p>\n<p>- Andere Probenhalter f\u00fcr verschiedene Geometrien verf\u00fcgbar<\/p>\n<p>&nbsp;<\/p>\n<p><strong>Zus\u00e4tzliche tribologische Pr\u00fcfungen:<\/strong><br \/>\n<a href=\"https:\/\/nanovea.com\/temperature-tribology-testing\" target=\"_blank\" rel=\"noopener\">Temperatur <\/a><br \/>\n<a href=\"https:\/\/nanovea.com\/liquid-tribology-testing\" target=\"_blank\" rel=\"noopener\">Fl\u00fcssig<\/a><\/p>\n<\/div>","protected":false},"excerpt":{"rendered":"<p>KORROSION TRIBOLOGIE INTRO Tribometer Instrumente | Labordienstleistungen | Rotativ | Anwendungshinweise Korrosion Tribologie Prozess: Tribokorrosion ist ein Oberfl\u00e4chenverschlei\u00dfprozess, der durch gleichzeitige tribologische und elektrochemische Vorg\u00e4nge in einer korrosiven Umgebung entsteht. Beim Tribokorrosionstest werden Verschlei\u00df- und Korrosionsexperimente gleichzeitig durchgef\u00fchrt, wobei eine gleitende Kugel-auf-Platte-Konfiguration verwendet wird, bei der der Kontakt des Verschlei\u00dfprozesses vollst\u00e4ndig [...]<\/p>","protected":false},"author":1,"featured_media":0,"parent":0,"menu_order":0,"comment_status":"closed","ping_status":"closed","template":"","meta":{"_exactmetrics_skip_tracking":false,"_exactmetrics_sitenote_active":false,"_exactmetrics_sitenote_note":"","_exactmetrics_sitenote_category":0,"footnotes":""},"class_list":["post-2254","page","type-page","status-publish","hentry"],"_links":{"self":[{"href":"https:\/\/nanovea.com\/de\/wp-json\/wp\/v2\/pages\/2254","targetHints":{"allow":["GET"]}}],"collection":[{"href":"https:\/\/nanovea.com\/de\/wp-json\/wp\/v2\/pages"}],"about":[{"href":"https:\/\/nanovea.com\/de\/wp-json\/wp\/v2\/types\/page"}],"author":[{"embeddable":true,"href":"https:\/\/nanovea.com\/de\/wp-json\/wp\/v2\/users\/1"}],"replies":[{"embeddable":true,"href":"https:\/\/nanovea.com\/de\/wp-json\/wp\/v2\/comments?post=2254"}],"version-history":[{"count":9,"href":"https:\/\/nanovea.com\/de\/wp-json\/wp\/v2\/pages\/2254\/revisions"}],"predecessor-version":[{"id":4057,"href":"https:\/\/nanovea.com\/de\/wp-json\/wp\/v2\/pages\/2254\/revisions\/4057"}],"wp:attachment":[{"href":"https:\/\/nanovea.com\/de\/wp-json\/wp\/v2\/media?parent=2254"}],"curies":[{"name":"wp","href":"https:\/\/api.w.org\/{rel}","templated":true}]}}