{"id":220,"date":"2015-03-04T17:51:07","date_gmt":"2015-03-04T17:51:07","guid":{"rendered":"http:\/\/nanovea.com\/?page_id=220"},"modified":"2021-07-30T21:34:11","modified_gmt":"2021-07-30T21:34:11","slug":"tribometer-anwendungen","status":"publish","type":"page","link":"https:\/\/nanovea.com\/de\/tribometer-anwendungen\/","title":{"rendered":"Tribometer-Anwendungen"},"content":{"rendered":"<div id=\"newslider\" style=\"min-height:auto; overflow:hidden;\">\n<ul>\n<li>\n<div class=\"slider-text\">\n<h2>TRIBOMETER<\/h2>\n<p>Reibungspr\u00fcfung mit pr\u00e4ziser Drehzahlregelung\n<\/p><\/div>\n<p><!--<img decoding=\"async\" src=\"https:\/\/nanovea.com\/wp-content\/uploads\/2015\/04\/slide-tapplications.jpg\" alt=\"\" \/>!--><br \/>\n<img decoding=\"async\" src=\"https:\/\/nanovea.com\/wp-content\/uploads\/2018\/01\/app-tribo.jpg\" alt=\"\" \/>\n<\/li>\n<\/ul>\n<\/div>\n<h1 align=\"justify\"><strong>TRIBOMETER-ANWENDUNGEN<\/strong><\/h1>\n<p align=\"justify\"><a href=\"https:\/\/nanovea.com\/tribometers\">Tribometer<\/a> | <a href=\"https:\/\/nanovea.com\/rotative-wear-test\">Rotativ<\/a> | <a href=\"https:\/\/nanovea.com\/linear-wear-test\">Linear<\/a> | <a href=\"https:\/\/nanovea.com\/tribometer-optics\"> Optik<\/a> | <a href=\"https:\/\/nanovea.com\/application-notes\">Application Notes<\/a> | <a href=\"https:\/\/nanovea.com\/tribometer-brochure\" target=\"_blank\" rel=\"noopener\">Tribometer Download<\/a> | <a href=\"https:\/\/nanovea.com\/tribometers-video\" target=\"_blank\" rel=\"noopener\">Video ansehen<\/a><\/p>\n<p>Die Tribometer von Nanovea messen die Reibung von rotierendem und linearem Verschlei\u00df mit einem einzigen System und bieten Optionen zur Temperatur-, Atomosph\u00e4ren- und Fl\u00fcssigkeitskontrolle. Tribologie ist ein wichtiges Thema in fast allen Industriezweigen, darunter: Automobilindustrie, Luft- und Raumfahrt, Metallurgie, Bearbeitung, Beschichtungen, Pharmazie, Biomedizin, Umwelttechnik und viele andere.<\/p>\n<table border=\"0\" width=\"1016\" cellspacing=\"0\" cellpadding=\"0\">\n<tbody>\n<tr>\n<td width=\"254\">\n<div align=\"center\"><img decoding=\"async\" src=\"https:\/\/nanovea.com\/wp-content\/themes\/wp-nanovea\/images\/images\/app4.jpg\" alt=\"Bearbeitete Oberfl\u00e4chen\" width=\"150\" height=\"113\" \/><\/div>\n<\/td>\n<td width=\"254\">\n<div align=\"center\"><img decoding=\"async\" src=\"https:\/\/nanovea.com\/wp-content\/themes\/wp-nanovea\/images\/images\/app15.jpg\" alt=\"Optische Oberfl\u00e4chen\" width=\"150\" height=\"113\" \/><\/div>\n<\/td>\n<td width=\"254\">\n<div align=\"center\"><img decoding=\"async\" class=\"alignnone\" src=\"https:\/\/nanovea.com\/wp-content\/themes\/wp-nanovea\/images\/images\/app7.jpg\" alt=\"Papieroberfl\u00e4chen\" width=\"150\" height=\"113\" \/><\/div>\n<\/td>\n<td width=\"254\">\n<div align=\"center\"><img loading=\"lazy\" decoding=\"async\" class=\"alignnone\" src=\"https:\/\/nanovea.com\/wp-content\/themes\/wp-nanovea\/images\/images\/app16.jpg\" alt=\"Pharmazeutische Oberfl\u00e4chen\" width=\"150\" height=\"113\" \/><\/div>\n<\/td>\n<\/tr>\n<\/tbody>\n<\/table>\n<table border=\"0\" width=\"1016\" cellspacing=\"0\" cellpadding=\"0\">\n<tbody>\n<tr>\n<td width=\"254\">\n<div align=\"center\">\n<p>&nbsp;<\/p>\n<p><img loading=\"lazy\" decoding=\"async\" src=\"https:\/\/nanovea.com\/wp-content\/themes\/wp-nanovea\/images\/images\/app1.jpg\" alt=\"Pharmazeutische Oberfl\u00e4chen\" width=\"150\" height=\"113\" \/><\/p>\n<\/div>\n<\/td>\n<td width=\"254\">\n<div align=\"center\">\n<p>&nbsp;<\/p>\n<p><img loading=\"lazy\" decoding=\"async\" class=\"alignnone\" src=\"https:\/\/nanovea.com\/wp-content\/themes\/wp-nanovea\/images\/images\/app20.jpg\" alt=\"Betonoberfl\u00e4chen\" width=\"150\" height=\"113\" \/><\/p>\n<\/div>\n<\/td>\n<td width=\"254\">\n<div align=\"center\">\n<p>&nbsp;<\/p>\n<p><img loading=\"lazy\" decoding=\"async\" class=\"alignnone\" src=\"https:\/\/nanovea.com\/wp-content\/themes\/wp-nanovea\/images\/images\/app12.jpg\" alt=\"Biomedizinische Oberfl\u00e4chen\" width=\"150\" height=\"113\" \/><\/p>\n<\/div>\n<\/td>\n<td width=\"254\">\n<div align=\"center\">\n<p>&nbsp;<\/p>\n<p><img loading=\"lazy\" decoding=\"async\" src=\"https:\/\/nanovea.com\/wp-content\/themes\/wp-nanovea\/images\/images\/app6.jpg\" alt=\"Umweltbezogene Oberfl\u00e4chen\" width=\"150\" height=\"113\" \/><\/p>\n<\/div>\n<\/td>\n<\/tr>\n<\/tbody>\n<\/table>\n<table border=\"0\" width=\"1016\" cellspacing=\"0\" cellpadding=\"0\">\n<tbody>\n<tr>\n<td width=\"254\">\n<div align=\"center\">\n<p>&nbsp;<\/p>\n<p><img loading=\"lazy\" decoding=\"async\" class=\"alignnone\" src=\"https:\/\/nanovea.com\/wp-content\/themes\/wp-nanovea\/images\/images\/app19.jpg\" alt=\"Automotive Oberfl\u00e4che\" width=\"150\" height=\"113\" \/><\/p>\n<\/div>\n<\/td>\n<td width=\"254\">\n<div align=\"center\">\n<p>&nbsp;<\/p>\n<p><img loading=\"lazy\" decoding=\"async\" class=\"alignnone\" src=\"https:\/\/nanovea.com\/wp-content\/themes\/wp-nanovea\/images\/images\/app17.jpg\" alt=\"Wafer-Oberfl\u00e4che\" width=\"150\" height=\"113\" \/><\/p>\n<\/div>\n<\/td>\n<td width=\"254\">\n<div align=\"center\">\n<p>&nbsp;<\/p>\n<p><img loading=\"lazy\" decoding=\"async\" class=\"alignnone\" src=\"https:\/\/nanovea.com\/wp-content\/themes\/wp-nanovea\/images\/images\/app9.jpg\" alt=\"Oberfl\u00e4che der Bremse\" width=\"150\" height=\"113\" \/><\/p>\n<\/div>\n<\/td>\n<td width=\"254\">\n<div align=\"center\">\n<p>&nbsp;<\/p>\n<p><img loading=\"lazy\" decoding=\"async\" class=\"alignnone\" src=\"https:\/\/nanovea.com\/wp-content\/themes\/wp-nanovea\/images\/images\/app10.jpg\" alt=\"Werkzeug Oberfl\u00e4che\" width=\"150\" height=\"113\" \/><\/p>\n<\/div>\n<\/td>\n<\/tr>\n<\/tbody>\n<\/table>\n<p>&nbsp;<\/p>","protected":false},"excerpt":{"rendered":"<p>TRIBOMETER Verschlei\u00dfpr\u00fcfung mit pr\u00e4ziser Drehzahlregelung TRIBOMETER ANWENDUNGEN Tribometer | Rotativ | Linear | Optik | Anwendungshinweise | Tribometer Download | Video ansehen Nanovea Tribometer messen rotative und lineare Verschlei\u00dfreibung mit einem einzigen System, mit Optionen zur Temperatur-, Atomosph\u00e4ren- und Fl\u00fcssigkeitssteuerung. Tribologie ist ein wichtiges Thema in fast allen Branchen: [...]<\/p>","protected":false},"author":1,"featured_media":0,"parent":0,"menu_order":0,"comment_status":"open","ping_status":"open","template":"tpl-newslider.php","meta":{"_exactmetrics_skip_tracking":false,"_exactmetrics_sitenote_active":false,"_exactmetrics_sitenote_note":"","_exactmetrics_sitenote_category":0,"footnotes":""},"class_list":["post-220","page","type-page","status-publish","hentry"],"_links":{"self":[{"href":"https:\/\/nanovea.com\/de\/wp-json\/wp\/v2\/pages\/220","targetHints":{"allow":["GET"]}}],"collection":[{"href":"https:\/\/nanovea.com\/de\/wp-json\/wp\/v2\/pages"}],"about":[{"href":"https:\/\/nanovea.com\/de\/wp-json\/wp\/v2\/types\/page"}],"author":[{"embeddable":true,"href":"https:\/\/nanovea.com\/de\/wp-json\/wp\/v2\/users\/1"}],"replies":[{"embeddable":true,"href":"https:\/\/nanovea.com\/de\/wp-json\/wp\/v2\/comments?post=220"}],"version-history":[{"count":14,"href":"https:\/\/nanovea.com\/de\/wp-json\/wp\/v2\/pages\/220\/revisions"}],"predecessor-version":[{"id":12705,"href":"https:\/\/nanovea.com\/de\/wp-json\/wp\/v2\/pages\/220\/revisions\/12705"}],"wp:attachment":[{"href":"https:\/\/nanovea.com\/de\/wp-json\/wp\/v2\/media?parent=220"}],"curies":[{"name":"wp","href":"https:\/\/api.w.org\/{rel}","templated":true}]}}