{"id":216,"date":"2015-03-04T17:50:29","date_gmt":"2015-03-04T17:50:29","guid":{"rendered":"http:\/\/nanovea.com\/?page_id=216"},"modified":"2022-03-25T21:04:12","modified_gmt":"2022-03-25T21:04:12","slug":"linear-verschleis-test","status":"publish","type":"page","link":"https:\/\/nanovea.com\/de\/linear-verschleis-test\/","title":{"rendered":"Linearer Verschlei\u00dftest"},"content":{"rendered":"<div class=\"wonderpluginslider-container\" id=\"wonderpluginslider-container-8\" style=\"max-width:1035px;margin:0 auto;padding-left:0px;padding-right:0px;padding-top:0px;padding-bottom:0px;\"><div class=\"wonderpluginslider\" id=\"wonderpluginslider-8\" data-sliderid=\"8\" data-width=\"1035\" data-height=\"375\" data-skin=\"cube\" data-autoplay=\"true\" data-randomplay=\"false\" data-loadimageondemand=\"false\" data-transitiononfirstslide=\"false\" data-autoplayvideo=\"false\" data-isresponsive=\"true\" data-fullwidth=\"false\" data-isfullscreen=\"false\" data-ratioresponsive=\"false\" data-showtext=\"true\" data-showtimer=\"false\" data-showbottomshadow=\"false\" data-navshowpreview=\"false\" data-textautohide=\"true\" data-lightboxresponsive=\"true\" data-lightboxshownavigation=\"false\" data-lightboxshowtitle=\"true\" data-lightboxshowdescription=\"false\" data-texteffectresponsive=\"true\" data-donotinit=\"false\" data-addinitscript=\"false\" data-lightboxfullscreenmode=\"false\" data-lightboxcloseonoverlay=\"true\" data-lightboxvideohidecontrols=\"false\" data-lightboxnogroup=\"false\" data-lightboxautoslide=\"false\" data-lightboxshowtimer=\"true\" data-lightboxshowplaybutton=\"true\" data-lightboxalwaysshownavarrows=\"false\" data-lightboxshowtitleprefix=\"true\" data-titleusealt=\"false\" data-outputtext=\"false\" data-scalemode=\"fit\" data-arrowstyle=\"always\" data-transition=\"slide\" data-loop=\"0\" data-border=\"0\" data-slideinterval=\"8000\" data-arrowimage=\"arrows-36-80-0.png\" data-arrowwidth=\"36\" data-arrowheight=\"80\" data-arrowtop=\"50\" data-arrowmargin=\"-18\" data-navstyle=\"bullets\" data-navimage=\"bullet-24-24-1.png\" data-navwidth=\"24\" data-navheight=\"24\" data-navspacing=\"8\" data-navmarginx=\"16\" data-navmarginy=\"16\" data-navposition=\"bottom\" data-playvideoimage=\"playvideo-64-64-0.png\" data-playvideoimagewidth=\"64\" data-playvideoimageheight=\"64\" data-lightboxthumbwidth=\"90\" data-lightboxthumbheight=\"60\" data-lightboxthumbtopmargin=\"12\" data-lightboxthumbbottommargin=\"4\" data-lightboxbarheight=\"64\" data-lightboxtitlebottomcss=\"color:#333; font-size:14px; font-family:Armata,sans-serif,Arial; overflow:hidden; text-align:left;\" data-lightboxdescriptionbottomcss=\"color:#333; font-size:12px; font-family:Arial,Helvetica,sans-serif; overflow:hidden; text-align:left; margin:4px 0px 0px; padding: 0px;\" data-textformat=\"Color box\" data-textpositionstatic=\"bottom\" data-textpositiondynamic=\"topleft\" data-paddingleft=\"0\" data-paddingright=\"0\" data-paddingtop=\"0\" data-paddingbottom=\"0\" data-texteffectresponsivesize=\"640\" data-fadeduration=\"1000\" data-crossfadeduration=\"1000\" data-slideduration=\"1000\" data-elasticduration=\"1000\" data-sliceduration=\"1500\" data-blindsduration=\"1500\" data-blocksduration=\"1500\" data-shuffleduration=\"1500\" data-tilesduration=\"2000\" data-kenburnsduration=\"5000\" data-flipduration=\"1500\" data-flipwithzoomduration=\"2000\" data-threedduration=\"1500\" data-threedhorizontalduration=\"1500\" data-threedwithzoomduration=\"2500\" data-threedhorizontalwithzoomduration=\"2200\" data-threedflipduration=\"1500\" data-threedflipwithzoomduration=\"2000\" data-threedtilesduration=\"2000\" data-threedfallback=\"flip\" data-threedhorizontalfallback=\"flip\" data-threedwithzoomfallback=\"flipwithzoom\" data-threedhorizontalwithzoomfallback=\"flipwithzoom\" data-threedflipfallback=\"flip\" data-threedflipwithzoomfallback=\"flipwithzoom\" data-threedtilesfallback=\"tiles\" data-ratiomediumscreen=\"800\" data-ratiomediumheight=\"1.2\" data-ratiosmallscreen=\"480\" data-ratiosmallheight=\"1.6\" data-lightboxtitlestyle=\"bottom\" data-lightboximagepercentage=\"75\" data-lightboxdefaultvideovolume=\"1\" data-lightboxoverlaybgcolor=\"#000\" data-lightboxoverlayopacity=\"0.9\" data-lightboxbgcolor=\"#fff\" data-lightboxtitleprefix=\"%NUM \/ %TOTAL\" data-lightboxtitleinsidecss=\"color:#fff; font-size:16px; font-family:Arial,Helvetica,sans-serif; overflow:hidden; text-align:left;\" data-lightboxdescriptioninsidecss=\"color:#fff; font-size:12px; font-family:Arial,Helvetica,sans-serif; overflow:hidden; text-align:left; margin:4px 0px 0px; padding: 0px;\" data-lightboxslideinterval=\"5000\" data-lightboxtimerposition=\"bottom\" data-lightboxtimercolor=\"#dc572e\" data-lightboxtimeropacity=\"1\" data-lightboxbordersize=\"8\" data-lightboxborderradius=\"0\" data-textcss=\"display:block; padding:8px 16px; text-align:left;\" data-textbgcss=\"display:none;\" data-titlecss=\"color: #1b96cf;    font-family: &quot;Open Sans&quot;,sans-serif;    font-size: 32px;    font-weight: bold;    line-height: 44px;    margin-bottom: 0;    margin-top: 20px;    text-transform: uppercase;\" data-descriptioncss=\"color: #282828;    font-size: 18px;    line-height: 30px;\" data-buttoncss=\"display:block; position:relative; margin-top:10px;\" data-titlecssresponsive=\"font-size:12px;\" data-descriptioncssresponsive=\"display:none !important;\" data-buttoncssresponsive=\"font-size: 9px !important;width:100%;\" data-jsfolder=\"https:\/\/nanovea.com\/wp-content\/plugins\/wonderplugin-slider-lite\/engine\/\" style=\"display:none;\" ><ul class=\"amazingslider-slides\"  style=\"display:none;\"><li><img decoding=\"async\" class=\"amazingslider-img-elem amazingsliderimg\" src=\"https:\/\/nanovea.com\/wp-content\/uploads\/2018\/01\/slide-linear-wear-test.jpg\" alt=\"LINEARE REIBUNG\" title=\"LINEARE REIBUNG\" data-description=\"Optional flexibility and testing function &lt;br \/&gt;an a single system\" \/><\/li><li><img decoding=\"async\" class=\"amazingslider-img-elem amazingsliderimg\" src=\"https:\/\/nanovea.com\/wp-content\/uploads\/2015\/04\/linear-wear-friction-cycle.jpg\" alt=\"LINEARE REIBUNG\" title=\"LINEARE REIBUNG\" data-description=\"Friction &amp; depth vs cycle\/ time using precise fix &lt;br \/&gt;cycle view with 3D profiler integration\" \/><\/li><li><img decoding=\"async\" class=\"amazingslider-img-elem amazingsliderimg\" src=\"https:\/\/nanovea.com\/wp-content\/uploads\/2015\/04\/linear-wear-friction-comparative.jpg\" alt=\"LINEARE REIBUNG\" title=\"LINEARE REIBUNG\" data-description=\"Same system linear provides a critical &lt;br \/&gt;comparative wear evaluation\" \/><\/li><li><img decoding=\"async\" class=\"amazingslider-img-elem amazingsliderimg\" src=\"https:\/\/nanovea.com\/wp-content\/uploads\/2015\/04\/linear-wear-friction-sample.jpg\" alt=\"LINEARE REIBUNG\" title=\"LINEARE REIBUNG\" data-description=\"Certain sample size and geometries can be &lt;br \/&gt;better tested with Linear\" \/><\/li><\/ul><\/div><\/div>\n<h1><strong>LINEARER VERSCHLEISS REIBUNG INTRO<\/strong><\/h1>\n<p><a href=\"https:\/\/nanovea.com\/tribometers\">Tribometer-Instrumente<\/a> | <a href=\"https:\/\/nanovea.com\/lab-services\/\">Labor-Dienstleistungen<\/a> | <a href=\"https:\/\/nanovea.com\/rotative-wear-test\">Rotativ<\/a> | <a href=\"https:\/\/nanovea.com\/application-notes\">Application Notes<\/a><\/p>\n<div class=\"product-desc\">\n<p align=\"justify\"><strong>Linearer Reibungsverschlei\u00dfprozess:<br \/>\n<\/strong>Der lineare Verschlei\u00df-Reibungstest reproduziert die lineare Hin- und Herbewegung, die in vielen realen tribologischen Mechanismen vorkommt. Eine flache, stiftf\u00f6rmige oder kugelf\u00f6rmige Spitze wird mit einem pr\u00e4zisen Gewicht auf ein Pr\u00fcfmuster aufgebracht. Die Pr\u00fcflinge k\u00f6nnen unterschiedliche Formen haben (z. B. zylindrisch), solange es in der Bewegungsrichtung eine flache Zone von einer bestimmten L\u00e4nge gibt. Die L\u00e4nge der Spur kann vor dem Beginn der Messung eingestellt werden. Zu Beginn des Tests erzeugt die Spitze eine lineare Verschlei\u00dfspur (auch Zickzackmuster m\u00f6glich). Der Reibungskoeffizient wird w\u00e4hrend der Pr\u00fcfung durch die Auslenkung der einfach und schnell zu kalibrierenden Kraftmessdose genau gemessen. Die Reibungskr\u00e4fte werden sowohl f\u00fcr die Vorw\u00e4rts- als auch f\u00fcr die R\u00fcckw\u00e4rtsbewegung des Hubs aufgezeichnet. Die Geschwindigkeit der Bewegung folgt einer Sinuskurve mit maximaler Geschwindigkeit in der Mitte der Bahn. Die Reibung variiert daher an jeder Position auf der Bahn entsprechend der Geschwindigkeit und der Bewegungsrichtung.  Dank des integrierten externen 16-Bit-Positionsgebers kann die Reibung f\u00fcr jeden einzelnen Punkt bei jedem Durchlauf angezeigt werden. Dies ist wichtig, um den Trend der Reibung \u00fcber die gesamte L\u00e4nge des Tests genau zu untersuchen. Die Verschlei\u00dfraten f\u00fcr die Spitze und die Probe werden aus dem Volumen des verlorenen Materials berechnet.<\/p>\n<p>&nbsp;<\/p>\n<p align=\"justify\"><strong>Normen:<\/strong><\/p>\n<p align=\"justify\">- ASTM G133<\/p>\n<\/div>\n<div class=\"product-desc\">\n<p>- ASTM G171<\/p>\n<p>- ASTM F732<\/p>\n<p>&nbsp;<\/p>\n<p><strong>W\u00e4hrend des linearen Reibungstests analysierte Eigenschaften:<\/strong><\/p>\n<p>- Reibungskoeffizient<\/p>\n<p>- Abnutzungsraten<\/p>\n<p>- St\u00f6rungspunkte<\/p>\n<p>- Elektrischer Widerstand<\/p>\n<p>- Studien zu Schmierung und Korrosion<\/p>\n<p>- Reibung vs. Geschwindigkeit<\/p>\n<p>- Kratzh\u00e4rte und viele andere<\/p>\n<p>&nbsp;<\/p>\n<p><strong>Linear Wear Friction Test Software Eigenschaften:<\/strong><\/p>\n<p>- Rohdaten und Bilder exportieren<\/p>\n<p>- Echtzeit-Anzeige<\/p>\n<p>- Automatische Berichterstattung<\/p>\n<p>- Mehrsprachige Unterst\u00fctzung<\/p>\n<p>- Makros mit Variation der Geschwindigkeit<\/p>\n<p>- Feste Zyklusansicht<\/p>\n<p>- Zyklusvergleichsansicht<\/p>\n<p>- Berechnung der Ritzh\u00e4rte<\/p>\n<p>- Automatische Abnutzungsberechnung<\/p>\n<p>- Variable Drehzahlregelung<\/p>\n<p>- 3D- oder 2D-In-situ-Verschlei\u00dfanalyse und viele andere<\/p>\n<p>&nbsp;<\/p>\n<p><strong>Spitzen: (Diamant, WC, Gummi und viele andere Materialien):<\/strong><\/p>\n<p>- 3, 6, 10 und 25 mm Kugel<\/p>\n<p>- Kundenspezifische Kugelgr\u00f6\u00dfen<\/p>\n<p>- Benutzerdefinierte Pins<\/p>\n<p>- Flache Platte<\/p>\n<p>- Kundenspezifische Geometrien<\/p>\n<p>&nbsp;<\/p>\n<p><strong>Umweltbedingungen:<\/strong><\/p>\n<p>- 450\u00b0C Heizofen<\/p>\n<p>- Fl\u00fcssigkeitsbecher und Fl\u00fcssigkeitsheizung bis zu 150 \u00b0C<\/p>\n<p>- Schmierung Tropfen f\u00fcr Tropfen<\/p>\n<p>- Kontrolle der Luftfeuchtigkeit<\/p>\n<p>- K\u00fchlkammer -40 \u00b0C<\/p>\n<p>- Korrosionspr\u00fcfbecher<\/p>\n<p>- Verschiedene Gase<\/p>\n<p>- Vakuum<\/p>\n<p>&nbsp;<\/p>\n<p><strong>Inhaber der Probe(n):<\/strong><\/p>\n<p>- Standard-Klammer<\/p>\n<p>- Clip-Montage auf Grundplatte<\/p>\n<p>- Andere Probenhalter f\u00fcr unterschiedliche Geometrien verf\u00fcgbar<\/p>\n<p>&nbsp;<\/p>\n<p><strong>Lineare Pr\u00fcfmodi:<\/strong><br \/>\n<a href=\"https:\/\/nanovea.com\/temperature-tribology-testing\" target=\"_blank\" rel=\"noopener noreferrer\">Temperatur-Tribologiepr\u00fcfung<\/a><br \/>\n<a href=\"https:\/\/nanovea.com\/liquid-tribology-testing\" target=\"_blank\" rel=\"noopener noreferrer\">Fl\u00fcssigkeits-Tribologietests <\/a><br \/>\n<a href=\"https:\/\/nanovea.com\/corrosion-tribology-testing\" target=\"_blank\" rel=\"noopener noreferrer\">Korrosions-Tribologie-Pr\u00fcfung <\/a><\/p>\n<p align=\"justify\"><a href=\"https:\/\/www.nanovea.com\/NanoWearTester.html\">\u00a0<\/a><\/p>\n<\/div>","protected":false},"excerpt":{"rendered":"<p>LINEAR WEAR FRICTION INTRO Tribometer Instruments | Lab Services | Rotative | Application Notes Linearer Verschlei\u00dfreibungsprozess: Der lineare Verschlei\u00dfreibungsversuch reproduziert die lineare Hin- und Herbewegung, die in vielen realen tribologischen Mechanismen vorkommt. Eine flache, stiftf\u00f6rmige oder kugelf\u00f6rmige Spitze wird mit einem pr\u00e4zisen Gewicht auf ein Pr\u00fcfmuster aufgebracht. Die Pr\u00fcfk\u00f6rper k\u00f6nnen aus [...]<\/p>","protected":false},"author":1,"featured_media":0,"parent":0,"menu_order":0,"comment_status":"open","ping_status":"open","template":"tpl-newslider.php","meta":{"_exactmetrics_skip_tracking":false,"_exactmetrics_sitenote_active":false,"_exactmetrics_sitenote_note":"","_exactmetrics_sitenote_category":0,"footnotes":""},"class_list":["post-216","page","type-page","status-publish","hentry"],"_links":{"self":[{"href":"https:\/\/nanovea.com\/de\/wp-json\/wp\/v2\/pages\/216","targetHints":{"allow":["GET"]}}],"collection":[{"href":"https:\/\/nanovea.com\/de\/wp-json\/wp\/v2\/pages"}],"about":[{"href":"https:\/\/nanovea.com\/de\/wp-json\/wp\/v2\/types\/page"}],"author":[{"embeddable":true,"href":"https:\/\/nanovea.com\/de\/wp-json\/wp\/v2\/users\/1"}],"replies":[{"embeddable":true,"href":"https:\/\/nanovea.com\/de\/wp-json\/wp\/v2\/comments?post=216"}],"version-history":[{"count":22,"href":"https:\/\/nanovea.com\/de\/wp-json\/wp\/v2\/pages\/216\/revisions"}],"predecessor-version":[{"id":4055,"href":"https:\/\/nanovea.com\/de\/wp-json\/wp\/v2\/pages\/216\/revisions\/4055"}],"wp:attachment":[{"href":"https:\/\/nanovea.com\/de\/wp-json\/wp\/v2\/media?parent=216"}],"curies":[{"name":"wp","href":"https:\/\/api.w.org\/{rel}","templated":true}]}}