{"id":214,"date":"2015-03-04T17:48:59","date_gmt":"2015-03-04T17:48:59","guid":{"rendered":"http:\/\/nanovea.com\/?page_id=214"},"modified":"2019-11-13T16:47:46","modified_gmt":"2019-11-13T16:47:46","slug":"rotations-verschleis-test","status":"publish","type":"page","link":"https:\/\/nanovea.com\/de\/rotations-verschleis-test\/","title":{"rendered":"Test auf rotierende Abnutzung"},"content":{"rendered":"<div class=\"wonderpluginslider-container\" id=\"wonderpluginslider-container-17\" style=\"max-width:1035px;margin:0 auto;padding-left:0px;padding-right:0px;padding-top:0px;padding-bottom:0px;\"><div class=\"wonderpluginslider\" id=\"wonderpluginslider-17\" data-sliderid=\"17\" data-width=\"1035\" data-height=\"375\" data-skin=\"cube\" data-autoplay=\"true\" data-randomplay=\"false\" data-loadimageondemand=\"false\" data-transitiononfirstslide=\"false\" data-autoplayvideo=\"false\" data-isresponsive=\"true\" data-fullwidth=\"false\" data-isfullscreen=\"false\" data-ratioresponsive=\"false\" data-showtext=\"true\" data-showtimer=\"false\" data-showbottomshadow=\"false\" data-navshowpreview=\"false\" data-textautohide=\"true\" data-pauseonmouseover=\"false\" data-lightboxresponsive=\"true\" data-lightboxshownavigation=\"false\" data-lightboxshowtitle=\"true\" data-lightboxshowdescription=\"false\" data-texteffectresponsive=\"true\" data-donotinit=\"false\" data-addinitscript=\"false\" data-lightboxfullscreenmode=\"false\" data-lightboxcloseonoverlay=\"true\" data-lightboxvideohidecontrols=\"false\" data-lightboxnogroup=\"false\" data-shownav=\"true\" data-navthumbresponsive=\"false\" data-navshowfeaturedarrow=\"false\" data-lightboxshowsocial=\"false\" data-lightboxshowfacebook=\"true\" data-lightboxshowtwitter=\"true\" data-lightboxshowpinterest=\"true\" data-lightboxsocialrotateeffect=\"true\" data-showsocial=\"false\" data-showfacebook=\"true\" data-showtwitter=\"true\" data-showpinterest=\"true\" data-socialrotateeffect=\"true\" data-disableinlinecss=\"false\" data-triggerresize=\"false\" data-lightboxautoslide=\"false\" data-lightboxshowtimer=\"true\" data-lightboxshowplaybutton=\"true\" data-lightboxalwaysshownavarrows=\"false\" data-lightboxshowtitleprefix=\"true\" data-titleusealt=\"false\" data-outputtext=\"false\" data-scalemode=\"fit\" data-arrowstyle=\"always\" data-transition=\"slide\" data-loop=\"0\" data-border=\"0\" data-slideinterval=\"8000\" data-arrowimage=\"arrows-36-80-0.png\" data-arrowwidth=\"36\" data-arrowheight=\"80\" data-arrowtop=\"50\" data-arrowmargin=\"-18\" data-navstyle=\"bullets\" data-navimage=\"bullet-24-24-1.png\" data-navwidth=\"24\" data-navheight=\"24\" data-navspacing=\"8\" data-navmarginx=\"16\" data-navmarginy=\"16\" data-navposition=\"bottom\" data-navthumbnavigationstyle=\"arrow\" data-navthumbnavigationarrowimage=\"carouselarrows-32-32-0.png\" data-navthumbnavigationarrowimagewidth=\"32\" data-navthumbnavigationarrowimageheight=\"32\" data-playvideoimage=\"playvideo-64-64-0.png\" data-playvideoimagewidth=\"64\" data-playvideoimageheight=\"64\" data-lightboxthumbwidth=\"90\" data-lightboxthumbheight=\"60\" data-lightboxthumbtopmargin=\"12\" data-lightboxthumbbottommargin=\"4\" data-lightboxbarheight=\"64\" data-lightboxtitlebottomcss=\"color:#333; font-size:14px; font-family:Armata,sans-serif,Arial; overflow:hidden; text-align:left;\" data-lightboxdescriptionbottomcss=\"color:#333; font-size:12px; font-family:Arial,Helvetica,sans-serif; overflow:hidden; text-align:left; margin:4px 0px 0px; padding: 0px;\" data-textformat=\"Color box\" data-textpositionstatic=\"bottom\" data-textpositiondynamic=\"topleft\" data-paddingleft=\"0\" data-paddingright=\"0\" data-paddingtop=\"0\" data-paddingbottom=\"0\" data-texteffectresponsivesize=\"640\" data-textleftrightpercentforstatic=\"40\" data-fadeduration=\"1000\" data-crossfadeduration=\"1000\" data-fadeoutfadeinduration=\"2000\" data-slideduration=\"1000\" data-elasticduration=\"1000\" data-sliceduration=\"1500\" data-blindsduration=\"1500\" data-blocksduration=\"1500\" data-shuffleduration=\"1500\" data-tilesduration=\"2000\" data-kenburnsduration=\"5000\" data-flipduration=\"1500\" data-flipwithzoomduration=\"2000\" data-threedduration=\"1500\" data-threedhorizontalduration=\"1500\" data-threedwithzoomduration=\"2500\" data-threedhorizontalwithzoomduration=\"2200\" data-threedflipduration=\"1500\" data-threedflipwithzoomduration=\"2000\" data-threedtilesduration=\"2000\" data-threedfallback=\"flip\" data-threedhorizontalfallback=\"flip\" data-threedwithzoomfallback=\"flipwithzoom\" data-threedhorizontalwithzoomfallback=\"flipwithzoom\" data-threedflipfallback=\"flip\" data-threedflipwithzoomfallback=\"flipwithzoom\" data-threedtilesfallback=\"tiles\" data-ratiomediumscreen=\"800\" data-ratiomediumheight=\"1.2\" data-ratiosmallscreen=\"480\" data-ratiosmallheight=\"1.6\" data-socialmode=\"mouseover\" data-socialposition=\"position:absolute;top:8px;right:8px;\" data-socialpositionsmallscreen=\"position:absolute;top:8px;right:8px;\" data-socialdirection=\"horizontal\" data-socialbuttonsize=\"32\" data-socialbuttonfontsize=\"18\" data-navthumbcolumn=\"5\" data-navthumbtitleheight=\"20\" data-navthumbtitlewidth=\"120\" data-navthumbresponsivemode=\"samesize\" data-navthumbstyle=\"imageonly\" data-navthumbmediumsize=\"900\" data-navthumbmediumwidth=\"64\" data-navthumbmediumheight=\"64\" data-navthumbmediumcolumn=\"4\" data-navthumbmediumtitleheight=\"18\" data-navthumbmediumtitlewidth=\"120\" data-navthumbsmallsize=\"600\" data-navthumbsmallwidth=\"48\" data-navthumbsmallheight=\"48\" data-navthumbsmallcolumn=\"3\" data-navthumbsmalltitleheight=\"18\" data-navthumbsmalltitlewidth=\"120\" data-lightboxsocialposition=\"position:absolute;top:100%;right:0;\" data-lightboxsocialpositionsmallscreen=\"position:absolute;top:100%;right:0;left:0;\" data-lightboxsocialdirection=\"horizontal\" data-lightboxsocialbuttonsize=\"32\" data-lightboxsocialbuttonfontsize=\"18\" data-lightboxtitlestyle=\"bottom\" data-lightboximagepercentage=\"75\" data-lightboxdefaultvideovolume=\"1\" data-lightboxoverlaybgcolor=\"#000\" data-lightboxoverlayopacity=\"0.9\" data-lightboxbgcolor=\"#fff\" data-lightboxtitleprefix=\"%NUM \/ %TOTAL\" data-lightboxtitleinsidecss=\"color:#fff; font-size:16px; font-family:Arial,Helvetica,sans-serif; overflow:hidden; text-align:left;\" data-lightboxdescriptioninsidecss=\"color:#fff; font-size:12px; font-family:Arial,Helvetica,sans-serif; overflow:hidden; text-align:left; margin:4px 0px 0px; padding: 0px;\" data-triggerresizedelay=\"100\" data-lightboxslideinterval=\"5000\" data-lightboxtimerposition=\"bottom\" data-lightboxtimercolor=\"#dc572e\" data-lightboxtimeropacity=\"1\" data-lightboxbordersize=\"8\" data-lightboxborderradius=\"0\" data-textcss=\"display:block; padding:8px 16px; text-align:left;\" data-textbgcss=\"display:none;\" data-titlecss=\"color: #1b96cf;    font-family: &quot;Open Sans&quot;,sans-serif;    font-size: 32px;    font-weight: bold;    line-height: 44px;    margin-bottom: 0;    margin-top: 20px;    text-transform: uppercase;\" data-descriptioncss=\"color: #282828;    font-size: 18px;    line-height: 30px;\" data-buttoncss=\"display:block; position:relative; margin-top:10px;\" data-titlecssresponsive=\"font-size:12px;\" data-descriptioncssresponsive=\"display:none !important;\" data-buttoncssresponsive=\"font-size: 9px !important;width:100%;\" data-jsfolder=\"https:\/\/nanovea.com\/wp-content\/plugins\/wonderplugin-slider-lite\/engine\/\" style=\"display:none;\" ><ul class=\"amazingslider-slides\"  style=\"display:none;\"><li><img decoding=\"async\" class=\"amazingslider-img-elem amazingsliderimg\" src=\"https:\/\/nanovea.com\/wp-content\/uploads\/2018\/01\/slide-rotative-wear-test.jpg\" alt=\"ROTATIONSVERSCHLEISS REIBUNG\" title=\"ROTATIONSVERSCHLEISS REIBUNG\" data-description=\"Precise and flexable testing with &lt;br \/&gt;unmatched speed controls\" \/><\/li><li><img decoding=\"async\" class=\"amazingslider-img-elem amazingsliderimg\" src=\"https:\/\/nanovea.com\/wp-content\/uploads\/2015\/04\/rotative-wear-friction-depth.jpg\" alt=\"ROTATIONSVERSCHLEISS REIBUNG\" title=\"ROTATIONSVERSCHLEISS REIBUNG\" data-description=\"Continuous coefficient of friction &amp; depth by &lt;br \/&gt;LVDT or depth by in-situ optical profiler\" \/><\/li><li><img decoding=\"async\" class=\"amazingslider-img-elem amazingsliderimg\" src=\"https:\/\/nanovea.com\/wp-content\/uploads\/2015\/04\/rotative-wear-friction-speed.jpg\" alt=\"ROTATIONSVERSCHLEISS REIBUNG\" title=\"ROTATIONSVERSCHLEISS REIBUNG\" data-description=\"Unmatched speed control: wear rate vs. time, &lt;br \/&gt;quasi static friction &amp; continuous stribeck curves\" \/><\/li><\/ul><\/div><\/div><div id=\"amazingslider_customtexteffect_17\" style=\"display:none;\" data-texteffect=\"{&quot;Color box&quot;:{&quot;textstyle&quot;:&quot;dynamic&quot;,&quot;textpositionstatic&quot;:&quot;bottom&quot;,&quot;textautohide&quot;:true,&quot;textpositionmarginstatic&quot;:0,&quot;textpositiondynamic&quot;:&quot;topleft&quot;,&quot;textpositionmarginleft&quot;:24,&quot;textpositionmarginright&quot;:24,&quot;textpositionmargintop&quot;:24,&quot;textpositionmarginbottom&quot;:24,&quot;texteffect&quot;:&quot;slide&quot;,&quot;texteffecteasing&quot;:&quot;easeOutCubic&quot;,&quot;texteffectduration&quot;:600,&quot;texteffectslidedirection&quot;:&quot;left&quot;,&quot;texteffectslidedistance&quot;:30,&quot;texteffectdelay&quot;:500,&quot;texteffectseparate&quot;:true,&quot;texteffect1&quot;:&quot;slide&quot;,&quot;texteffectslidedirection1&quot;:&quot;right&quot;,&quot;texteffectslidedistance1&quot;:120,&quot;texteffecteasing1&quot;:&quot;easeOutCubic&quot;,&quot;texteffectduration1&quot;:600,&quot;texteffectdelay1&quot;:1000,&quot;texteffect2&quot;:&quot;slide&quot;,&quot;texteffectslidedirection2&quot;:&quot;right&quot;,&quot;texteffectslidedistance2&quot;:120,&quot;texteffecteasing2&quot;:&quot;easeOutCubic&quot;,&quot;texteffectduration2&quot;:600,&quot;texteffectdelay2&quot;:1500,&quot;textcss&quot;:&quot;display:block; padding:8px 16px; text-align:left;&quot;,&quot;textbgcss&quot;:&quot;display:none;&quot;,&quot;titlecss&quot;:&quot;color: #1b96cf;\\n    font-family: \\&quot;Open Sans\\&quot;,sans-serif;\\n    font-size: 32px;\\n    font-weight: bold;\\n    line-height: 44px;\\n    margin-bottom: 0;\\n    margin-top: 20px;\\n    text-transform: uppercase;&quot;,&quot;descriptioncss&quot;:&quot;color: #282828;\\n    font-size: 18px;\\n    line-height: 30px;&quot;,&quot;buttoncss&quot;:&quot;display:block; position:relative; margin-top:10px;&quot;,&quot;texteffectresponsive&quot;:true,&quot;texteffectresponsivesize&quot;:640,&quot;titlecssresponsive&quot;:&quot;font-size:12px;&quot;,&quot;descriptioncssresponsive&quot;:&quot;display:none !important;&quot;,&quot;buttoncssresponsive&quot;:&quot;font-size: 9px !important;\\nwidth:100%;&quot;,&quot;addgooglefonts&quot;:false,&quot;googlefonts&quot;:&quot;&quot;,&quot;textleftrightpercentforstatic&quot;:40}}\"><\/div>\n<h1><strong>ROTATIONSVERSCHLEISS REIBUNG INTRO<\/strong><\/h1>\n<p><a href=\"https:\/\/nanovea.com\/tribometers\">Tribometer-Instrumente<\/a> | <a href=\"https:\/\/nanovea.com\/lab-services\/\">Labor-Dienstleistungen<\/a> | <a href=\"https:\/\/nanovea.com\/linear-wear-test\">Linear<\/a> | <a href=\"https:\/\/nanovea.com\/application-notes\">Application Notes<\/a><\/p>\n<div class=\"product-desc\">\n<p align=\"justify\"><strong>Rotationsverschlei\u00df Reibungsprozess:<\/strong><br \/>\nDer Rotationsverschlei\u00df-Reibungstest reproduziert die Rotationsbewegung, die in vielen realen tribologischen Mechanismen vorkommt. Eine flache, stift- oder kugelf\u00f6rmige Spitze wird mit einem pr\u00e4zisen Gewicht und in einer bestimmten Position vom Rotationszentrum aus auf ein Pr\u00fcfmuster aufgesetzt. Wenn die Probe zu rotieren beginnt, erzeugt die Spitze eine rotierende Verschlei\u00dfspur. Der Reibungskoeffizient wird durch die Auslenkung einer genau kalibrierten Kraftmessdose genau gemessen. Dank des integrierten externen 16-Bit-Positionsgebers kann die Reibung f\u00fcr eine bestimmte Position oder Zone f\u00fcr jeden Zyklusdurchlauf angezeigt werden. Dar\u00fcber hinaus sorgt der interne 20-Bit-Drehzahlgeber f\u00fcr sanfte oder schnelle \u00c4nderungen der Drehgeschwindigkeit von 0,01 bis 5000 U\/min w\u00e4hrend eines einzigen Tests und liefert genaue Reibungskoeffizienten in Abh\u00e4ngigkeit von der Geschwindigkeit. Die Geschwindigkeiten bis hinunter zu 0,01 U\/min sind f\u00fcr die Untersuchung der Reibung im statischen Bereich und zum besseren Verst\u00e4ndnis des \u00dcbergangs zwischen statischem und kinetischem Reibungskoeffizienten unerl\u00e4sslich.  Die Verschlei\u00dfraten f\u00fcr die Probe k\u00f6nnen aus dem 2D-Profil an ausgew\u00e4hlten Positionen oder aus dem tats\u00e4chlichen 3D-Profil der gesamten Verschlei\u00dfspur berechnet werden. Ein Spiralversuch kann mit konstanter linearer Geschwindigkeit (wechselnde Drehzahl) an jedem beliebigen Punkt durchgef\u00fchrt werden, um vergleichbare Reibungsdaten \u00fcber die gesamte L\u00e4nge des Versuchs zu erhalten.<\/p>\n<p>&nbsp;<\/p>\n<p><strong>Normen:<\/strong><\/p>\n<p>- ASTM G99<\/p>\n<p>- DIN 50324<\/p>\n<p>- ASTM D3702<\/p>\n<p>- ASTM D2266<\/p>\n<p>- ASTM D4172<\/p>\n<p>- ASTM G132<\/p>\n<p>&nbsp;<\/p>\n<p><strong>Eigenschaften, die w\u00e4hrend des Reibungstests mit Rotationsverschlei\u00df analysiert wurden:<\/strong><\/p>\n<p>- Reibungskoeffizient<\/p>\n<p>- Abnutzungsraten<\/p>\n<p>- St\u00f6rungspunkte<\/p>\n<p>- Elektrischer Widerstand<\/p>\n<p>- Studien zu Schmierung und Korrosion<\/p>\n<p>- Reibung vs. Geschwindigkeit<\/p>\n<p>- Stribeck-Kurve<\/p>\n<p>- Kratzh\u00e4rte<\/p>\n<p>- Statischer Reibungskoeffizient und viele andere<\/p>\n<p>&nbsp;<\/p>\n<p><strong>Rotationsverschlei\u00df-Reibungstest-Software Merkmale:<\/strong><\/p>\n<p>- Kontinuierliche Stribeck-Kurve<\/p>\n<p>- Rohdaten und Bilder exportieren<\/p>\n<p>- Echtzeit-Anzeige<\/p>\n<p>- Automatische Berichterstattung<\/p>\n<p>- Mehrsprachige Unterst\u00fctzung<\/p>\n<p>- Berechnung der Ritzh\u00e4rte<\/p>\n<p>- Makros mit Variation der Geschwindigkeit<\/p>\n<p>- Spiraltest bei konstanter linearer Geschwindigkeit<\/p>\n<p>- Feste Zyklusansicht<\/p>\n<p>- 360\u00b0-Ansicht im Zyklusvergleich<\/p>\n<p>- Automatische Abnutzungsberechnung<\/p>\n<p>- Semi-Linear (Mikrometer oder Grad)<\/p>\n<p>- Variable Geschwindigkeitskontrolle w\u00e4hrend des Tests und viele andere<\/p>\n<p>&nbsp;<\/p>\n<p><strong>Spitzen: (Diamant, WC, Gummi und viele andere Materialien):<\/strong><\/p>\n<p>- 3, 6, 10 und 25 mm Kugel<\/p>\n<p>- Kundenspezifische Kugelgr\u00f6\u00dfen<\/p>\n<p>- Benutzerdefinierte Pins<\/p>\n<p>- Flache Platte<\/p>\n<p>- Kundenspezifische Geometrien<\/p>\n<p>&nbsp;<\/p>\n<p><strong>Umweltbedingungen:<\/strong><\/p>\n<p>- Vollst\u00e4ndig abnehmbarer 1200\u00b0C-Ofen<\/p>\n<p>- Abk\u00fchlung bis zu - 150\u00b0C<\/p>\n<p>- Fl\u00fcssigkeitsbecher &amp; Fl\u00fcssigkeitsheizung bis 150\u00b0C<\/p>\n<p>- Schmierung Tropfen f\u00fcr Tropfen<\/p>\n<p>- Kontrolle der Luftfeuchtigkeit<\/p>\n<p>- Verschiedene Gase<\/p>\n<p>- Vakuum<\/p>\n<p>&nbsp;<\/p>\n<p><strong>Inhaber der Probe(n):<\/strong><\/p>\n<p>- Standard-Klammer<\/p>\n<p>- Clip-Montage auf Grundplatte<\/p>\n<p>- Kundenspezifische Halterungen f\u00fcr unterschiedliche Geometrien<\/p>\n<p>&nbsp;<\/p>\n<p><strong>Rotationspr\u00fcfungsmodi:<\/strong><\/p>\n<p><a href=\"https:\/\/nanovea.com\/temperature-tribology-testing\" target=\"_blank\" rel=\"noopener noreferrer\">Temperatur-Tribologiepr\u00fcfung<\/a><\/p>\n<p><a href=\"https:\/\/nanovea.com\/liquid-tribology-testing\" target=\"_blank\" rel=\"noopener noreferrer\">Fl\u00fcssigkeits-Tribologietests <\/a><\/p>\n<\/div>","protected":false},"excerpt":{"rendered":"<p>ROTATIONSVERARBEITUNG EINLEITUNG Tribometer Instrumente | Labordienstleistungen | Linear | Anwendungshinweise Rotationsverschlei\u00df-Reibungsverfahren: Der Rotationsverschlei\u00df-Reibungstest reproduziert die Rotationsbewegung, die in vielen realen Tribologiemechanismen vorkommt. Eine flache, stiftf\u00f6rmige oder kugelf\u00f6rmige Spitze wird mit einem pr\u00e4zisen Gewicht und in einer bestimmten Position auf das Pr\u00fcfmuster [...]<\/p>","protected":false},"author":1,"featured_media":0,"parent":0,"menu_order":0,"comment_status":"open","ping_status":"open","template":"tpl-newslider.php","meta":{"_exactmetrics_skip_tracking":false,"_exactmetrics_sitenote_active":false,"_exactmetrics_sitenote_note":"","_exactmetrics_sitenote_category":0,"footnotes":""},"class_list":["post-214","page","type-page","status-publish","hentry"],"_links":{"self":[{"href":"https:\/\/nanovea.com\/de\/wp-json\/wp\/v2\/pages\/214","targetHints":{"allow":["GET"]}}],"collection":[{"href":"https:\/\/nanovea.com\/de\/wp-json\/wp\/v2\/pages"}],"about":[{"href":"https:\/\/nanovea.com\/de\/wp-json\/wp\/v2\/types\/page"}],"author":[{"embeddable":true,"href":"https:\/\/nanovea.com\/de\/wp-json\/wp\/v2\/users\/1"}],"replies":[{"embeddable":true,"href":"https:\/\/nanovea.com\/de\/wp-json\/wp\/v2\/comments?post=214"}],"version-history":[{"count":22,"href":"https:\/\/nanovea.com\/de\/wp-json\/wp\/v2\/pages\/214\/revisions"}],"predecessor-version":[{"id":7470,"href":"https:\/\/nanovea.com\/de\/wp-json\/wp\/v2\/pages\/214\/revisions\/7470"}],"wp:attachment":[{"href":"https:\/\/nanovea.com\/de\/wp-json\/wp\/v2\/media?parent=214"}],"curies":[{"name":"wp","href":"https:\/\/api.w.org\/{rel}","templated":true}]}}