{"id":211,"date":"2015-03-04T17:02:19","date_gmt":"2015-03-04T17:02:19","guid":{"rendered":"http:\/\/nanovea.com\/?page_id=211"},"modified":"2018-10-19T15:29:56","modified_gmt":"2018-10-19T15:29:56","slug":"oberflachenverschleis-reibung","status":"publish","type":"page","link":"https:\/\/nanovea.com\/de\/oberflachenverschleis-reibung\/","title":{"rendered":"Oberfl\u00e4chenverschlei\u00df Reibung"},"content":{"rendered":"<div id=\"newslider\" style=\"min-height: auto; overflow: hidden;\">\n<ul>\n<li>\n<div class=\"slider-text\">\n<h2>TRIBOMETER<\/h2>\n<p>Abnutzung Reibung<\/p>\n<\/div>\n<p><img decoding=\"async\" src=\"https:\/\/nanovea.com\/wp-content\/uploads\/2015\/07\/slide-wear-friction.jpg\" alt=\"\" \/><\/li>\n<\/ul>\n<\/div>\n<h1><strong>OBERFL\u00c4CHENVERSCHLEISS | REIBUNG TRIBOLOGISCHE TESTS <\/strong><\/h1>\n<div class=\"product-desc\">\n<p align=\"justify\">Ausgehend von <a href=\"https:\/\/www.astm.org\/Standards\/G99.htm\">ASTM G99<\/a> und <a href=\"https:\/\/www.astm.org\/Standards\/G133.htm\">ASTM G133<\/a>. Am Messarm wird ein Kugel-, Stift- oder Flachhalter befestigt, der mit Hilfe des motorisierten Standardtisches mit einer Aufl\u00f6sung von 2,5 \u00b5m genau positioniert werden kann. Unter Last wird die Probenscheibe mit einer bekannten Geschwindigkeit gedreht, wodurch Reibung zwischen der oberen Kugel, dem Stift oder der Platte und der unteren Probenscheibe entsteht. Zur Verschlei\u00dfmessung kann der Gewichtsverlust vor und nach der Pr\u00fcfung mit einer empfindlichen Waage gemessen werden. Au\u00dferdem kann ein LVDT am Messarm angebracht werden, um die Tiefe w\u00e4hrend des Tests aufzuzeichnen. Dies erm\u00f6glicht es, die Ver\u00e4nderung der Verschlei\u00dfrate \u00fcber die Zeit zu verfolgen. Die Reibungskraft wird direkt mit einer steifen Kraftmessdose gemessen, die eine hohe Aufl\u00f6sung bei hervorragender mechanischer und thermischer Stabilit\u00e4t bietet, im Gegensatz zu anderen Systemen, die sich bei der Reibungsmessung nur auf LVDT verlassen. Es stehen mehrere Testoptionen zur Verf\u00fcgung, die den realen Umgebungsbedingungen genau entsprechen, einschlie\u00dflich Temperatur-, Fl\u00fcssigkeits- und Atmosph\u00e4rensteuerung. Zur pr\u00e4zisen Messung des Verschlei\u00dfspurvolumens kann au\u00dferdem ein ber\u00fchrungsloser optischer 3D-Profiler in die Tribometer-Plattform integriert werden, um den Verschlei\u00dfverlust schnell und bequem ohne Probenentnahme zu quantifizieren.<\/p>\n<p>&nbsp;<\/p>\n<p><strong>W\u00e4hrend der Reibungspr\u00fcfung analysierte Eigenschaften:<\/strong><\/p>\n<p>- Reibungskoeffizient<\/p>\n<p>- Abnutzungsraten<\/p>\n<p>- St\u00f6rungspunkte<\/p>\n<p>- Elektrischer Kontakt<\/p>\n<p>- Studien zur Schmierung und andere<\/p>\n<p>&nbsp;<\/p>\n<p><a href=\"https:\/\/nanovea.com\/tribometers\">&lt; zur\u00fcck zu Tribometern<\/a><\/p>\n<p align=\"justify\">\n<\/div>","protected":false},"excerpt":{"rendered":"<p>TRIBOMETERS Wear Friction SURFACE WEAR | FRICTION TRIBOLOGY TESTING Based from ASTM G99 and ASTM G133. Using a ball, pin or flat holder is attached to the measuring arm which can be precisely positioned to a resolution of 2.5micron using the standard motorized table. With load added, the sample disk is rotated at a known [&hellip;]<\/p>","protected":false},"author":1,"featured_media":0,"parent":0,"menu_order":0,"comment_status":"open","ping_status":"open","template":"","meta":{"_exactmetrics_skip_tracking":false,"_exactmetrics_sitenote_active":false,"_exactmetrics_sitenote_note":"","_exactmetrics_sitenote_category":0,"footnotes":""},"class_list":["post-211","page","type-page","status-publish","hentry"],"_links":{"self":[{"href":"https:\/\/nanovea.com\/de\/wp-json\/wp\/v2\/pages\/211","targetHints":{"allow":["GET"]}}],"collection":[{"href":"https:\/\/nanovea.com\/de\/wp-json\/wp\/v2\/pages"}],"about":[{"href":"https:\/\/nanovea.com\/de\/wp-json\/wp\/v2\/types\/page"}],"author":[{"embeddable":true,"href":"https:\/\/nanovea.com\/de\/wp-json\/wp\/v2\/users\/1"}],"replies":[{"embeddable":true,"href":"https:\/\/nanovea.com\/de\/wp-json\/wp\/v2\/comments?post=211"}],"version-history":[{"count":9,"href":"https:\/\/nanovea.com\/de\/wp-json\/wp\/v2\/pages\/211\/revisions"}],"predecessor-version":[{"id":3574,"href":"https:\/\/nanovea.com\/de\/wp-json\/wp\/v2\/pages\/211\/revisions\/3574"}],"wp:attachment":[{"href":"https:\/\/nanovea.com\/de\/wp-json\/wp\/v2\/media?parent=211"}],"curies":[{"name":"wp","href":"https:\/\/api.w.org\/{rel}","templated":true}]}}