{"id":2057,"date":"2015-10-13T20:36:14","date_gmt":"2015-10-13T20:36:14","guid":{"rendered":"http:\/\/nanovea.com\/?page_id=2057"},"modified":"2024-03-07T00:46:39","modified_gmt":"2024-03-07T00:46:39","slug":"datenschutzbestimmungen","status":"publish","type":"page","link":"https:\/\/nanovea.com\/de\/datenschutzbestimmungen\/","title":{"rendered":"Datenschutzbestimmungen"},"content":{"rendered":"<p><strong>Allgemeine Datenschutzerkl\u00e4rung von NANOVEA<\/strong><\/p>\n<p>Der Schutz Ihrer pers\u00f6nlichen Daten ist f\u00fcr uns von entscheidender Bedeutung. Ihre pers\u00f6nlichen Daten werden nur auf der Grundlage der geltenden Datenschutzgesetze (GDPR) verarbeitet. Wir treffen sorgf\u00e4ltige Ma\u00dfnahmen, um Ihre Daten vor Verlust, Manipulation und unberechtigtem Zugriff zu sch\u00fctzen. Die Ma\u00dfnahmen entsprechen dem aktuellen Stand der Technik. In dieser Erkl\u00e4rung zum Datenschutz informieren wir Sie \u00fcber die wichtigsten Aspekte im Zusammenhang mit der Datenverarbeitung auf unserer Website.<br \/>\n<strong><br \/>\n1.) Speicherung von Zugriffsdaten in Server-Logdateien<\/strong><\/p>\n<p>Sie k\u00f6nnen unsere Website besuchen, ohne pers\u00f6nliche Daten preiszugeben. Wir speichern lediglich die Zugriffsdaten in Server-Logfiles wie z.B. den Namen der angeforderten Datei, Datum und Uhrzeit der Abfrage, \u00fcbertragene Datenmenge, Browsertyp, IP-Adresse und den anfragenden Provider. Diese Daten werden ausschlie\u00dflich zur Sicherstellung eines st\u00f6rungsfreien Betriebs der Seite und zur Verbesserung unseres Angebotes ausgewertet, lassen aber keine R\u00fcckschl\u00fcsse auf die Person des Nutzers zu. Bei konkreten Anhaltspunkten f\u00fcr eine rechtswidrige Nutzung behalten wir uns eine nachtr\u00e4gliche \u00dcberpr\u00fcfung der Daten vor.<\/p>\n<p><strong>2.)  Kekse<\/strong><\/p>\n<p>Unsere Website verwendet so genannte Cookies, um eine wiederholte Nutzung unserer Website durch denselben Nutzer\/Internetanschlussinhaber erkennen zu k\u00f6nnen. Cookies sind kleine Textdateien, die Ihr Internet-Browser herunterl\u00e4dt und auf Ihrem Computer speichert. Sie werden verwendet, um unsere Website und unsere Dienstleistungen zu verbessern.<\/p>\n<p>Bis zu einem gewissen Grad geben diese Cookies aber auch Informationen weiter, um Sie automatisch wiederzuerkennen. Die Wiedererkennung ist m\u00f6glich, weil Ihre IP-Adresse in den Cookies gespeichert wird. Die so gewonnenen Informationen werden zur Verbesserung unserer Dienstleistungen und zur Erleichterung des Zugangs zur Website verwendet.<\/p>\n<p>Sie k\u00f6nnen die Installation der Cookies durch eine entsprechende Einstellung Ihrer Browser Software verhindern. Wir weisen Sie jedoch darauf hin, dass Sie in diesem Fall gegebenenfalls nicht s\u00e4mtliche Funktionen unserer Website vollumf\u00e4nglich werden nutzen k\u00f6nnen. Durch die Nutzung dieser Website, ohne die Installation von Cookies in Ihrer Browser-Software zu deaktivieren, erkl\u00e4ren Sie sich mit der Bearbeitung der \u00fcber Sie erhobenen Daten durch Google in der zuvor beschriebenen Art und Weise und zu dem zuvor benannten Zweck einverstanden.<\/p>\n<p><strong>3.) Kontaktaufnahme mit uns<\/strong><\/p>\n<p>Auf unserer Website bieten wir Ihnen die M\u00f6glichkeit, \u00fcber unsere Kontaktformulare, per E-Mail oder per Chat mit uns in Verbindung zu treten (siehe Abschnitt 7). Zum Zwecke der Bearbeitung Ihrer Anfrage und der weiteren Kommunikation mit Ihnen werden die von Ihnen gemachten Angaben gespeichert und an die zust\u00e4ndigen Personen weitergeleitet (siehe Abschnitt 7). Ein Abgleich der erhobenen Daten mit Daten, die von anderen Komponenten unserer Seite erhoben werden k\u00f6nnen, findet ebenfalls nicht statt. Wenn Sie \u00fcber einen E-Mail-Link mit uns Kontakt aufnehmen (z.B. <a href=\"mailto:info@nanovea.com\">info@nanovea.com<\/a>), werden Datum und Uhrzeit des Posteingangs, Absender und Empf\u00e4nger sowie der Betreff der E-Mail protokolliert. Eine Auswertung dieser Daten erfolgt nur, um systembedingte Abweichungen zu rekonstruieren und zu korrigieren.<\/p>\n<p><strong>4.) Newsletter <\/strong><\/p>\n<p>Sie haben die M\u00f6glichkeit, \u00fcber unsere Website unseren Newsletter zu abonnieren. Hierf\u00fcr ben\u00f6tigen wir Ihren Namen und Ihre E-Mail-Adresse sowie die Erkl\u00e4rung, dass Sie mit dem Abonnement des Newsletters einverstanden sind. Indem Sie uns Ihre E-Mail-Adresse mitteilen, bevor Sie unsere Brosch\u00fcren herunterladen, uns per Live-Chat oder E-Mail kontaktieren, geben Sie freiwillig Ihr Einverst\u00e4ndnis, in unsere Verteilerliste aufgenommen zu werden und unseren Newsletter zu erhalten.<\/p>\n<p>Um Ihnen gezielte Informationen anbieten zu k\u00f6nnen, sammeln und verarbeiten wir auch die von Ihnen freiwillig zur Verf\u00fcgung gestellten Informationen.<\/p>\n<p>Sie k\u00f6nnen das Abonnement des Newsletters jederzeit k\u00fcndigen. Bitte senden Sie Ihre Abmeldung an die folgende E-Mail-Adresse: <a href=\"mailto:info@nanovea.com\">info@nanovea.com<\/a>. Wir werden Ihre Daten im Zusammenhang mit dem Newsletter-Versand umgehend l\u00f6schen.<\/p>\n<p><strong>5.) Verwendung von Google Analytics <\/strong><\/p>\n<p>Diese Website benutzt Google Analytics, einen Webanalysedienst der Google Inc. 1600 Amphitheatre Parkway Mountain View, CA 94043, USA (\"Google\").<\/p>\n<p>Google Analytics verwendet ebenfalls Cookies, d.h. Textdateien, die \u00fcber den Webbrowser auf Ihrem Computer gespeichert werden und die es unserer Website erm\u00f6glichen, Sie beim erneuten Besuch unserer Website wiederzuerkennen und Ihre Nutzung der Website zu analysieren. Diese Analyse nutzen wir, um unser Angebot nutzerfreundlich zu gestalten und unsere Website nach Ihren Interessen zu optimieren<\/p>\n<p>Hier finden Sie weitere Informationen \u00fcber Google Analytics und die Opt-Out-Option <a href=\"https:\/\/tools.google.com\/dlpage\/gaoptout\">hier<\/a><\/p>\n<p><strong>6.) Weitergabe von Daten<\/strong><\/p>\n<p>Die Datenverarbeitung erfolgt zu Zwecken der Erf\u00fcllung gesetzlicher Vorgaben, der Vertragsabwicklung, der Bearbeitung von Kundenanfragen zu unseren Produkten und Dienstleistungen sowie zur Sicherstellung des Gesch\u00e4ftsbetriebs von NANOVEA.<\/p>\n<p>Vertragspartner von NANOVEA, wie z.B. Vertriebspartner, Steuerberater, oder Dienstleister wie Transportunternehmen f\u00fcr die Lieferung von Waren oder Softwarel\u00f6sungen Dritter (wie z.B. Chat), nutzen die von uns \u00fcbermittelten bzw. an uns \u00fcbermittelten Daten nur f\u00fcr die Zwecke Erf\u00fcllung des jeweils definierten Zwecks. Eine andere Verwendung der Daten ist nicht gestattet.<\/p>\n<p><strong>7.) Deine Rechte<\/strong><\/p>\n<p>Sie haben das Recht auf Auskunft, das Recht auf Zugang, das Recht auf Berichtigung, das Recht auf L\u00f6schung, das Recht auf Einschr\u00e4nkung der Verarbeitung, das Recht auf Daten\u00fcbertragbarkeit und das Recht auf Widerspruch.<\/p>\n<p>Bitte wenden Sie sich an uns, wenn Sie Fragen zur Erhebung, Verarbeitung oder Nutzung Ihrer personenbezogenen Daten haben, aber auch, wenn Sie Fragen haben, die Daten berichtigen, sperren oder l\u00f6schen lassen wollen, Ihre Einwilligung widerrufen oder einer bestimmten Nutzung der Daten widersprechen wollen (siehe Abschnitt 8).<\/p>\n<p>Wenn Sie der Meinung sind, dass die Verarbeitung Ihrer personenbezogenen Daten nicht im Einklang mit dem Datenschutzrecht steht, haben Sie das Recht, eine Beschwerde bei der zust\u00e4ndigen Aufsichtsbeh\u00f6rde einzureichen.<\/p>\n<p><strong>8.) Einschr\u00e4nkungen beim automatisierten Daten-Scraping und der KI-Nutzung<\/strong><\/p>\n<p>Automatisiertes Data Scraping, einschlie\u00dflich der Verwendung von KI und Algorithmen f\u00fcr maschinelles Lernen zum Extrahieren von Daten aus unserer Website, einschlie\u00dflich Anwendungshinweisen und ver\u00f6ffentlichten Testergebnissen, sowie die Verwendung dieser Daten f\u00fcr Schulungszwecke f\u00fcr maschinelles Lernen, ist ohne vorherige schriftliche Genehmigung von NANOVEA strengstens untersagt .<\/p>\n<p><strong>9.) Verantwortliche Stelle und Ansprechpartner <\/strong><\/p>\n<p>NANOVEA<br \/>\n6 Morgan STE 156<br \/>\nIrvine, CA 92618<\/p>\n<p>Kontakt f\u00fcr Ihre Datenschutzbedenken: <a href=\"mailto:info@nanovea.com\">info@nanovea.com<\/a><\/p>","protected":false},"excerpt":{"rendered":"<p>Allgemeine Datenschutzerkl\u00e4rung von NANOVEA Der Schutz Ihrer pers\u00f6nlichen Daten ist uns ein wichtiges Anliegen. Ihre personenbezogenen Daten werden ausschlie\u00dflich auf Grundlage der geltenden Datenschutzgesetze (DSGVO) verarbeitet. Wir treffen sorgf\u00e4ltige Ma\u00dfnahmen, um Ihre Daten vor Verlust, Manipulation und unberechtigtem Zugriff zu sch\u00fctzen. Die Ma\u00dfnahmen entsprechen dem aktuellen Stand der Technik.<\/p>","protected":false},"author":1,"featured_media":0,"parent":0,"menu_order":0,"comment_status":"closed","ping_status":"closed","template":"","meta":{"_exactmetrics_skip_tracking":false,"_exactmetrics_sitenote_active":false,"_exactmetrics_sitenote_note":"","_exactmetrics_sitenote_category":0,"footnotes":""},"class_list":["post-2057","page","type-page","status-publish","hentry"],"_links":{"self":[{"href":"https:\/\/nanovea.com\/de\/wp-json\/wp\/v2\/pages\/2057","targetHints":{"allow":["GET"]}}],"collection":[{"href":"https:\/\/nanovea.com\/de\/wp-json\/wp\/v2\/pages"}],"about":[{"href":"https:\/\/nanovea.com\/de\/wp-json\/wp\/v2\/types\/page"}],"author":[{"embeddable":true,"href":"https:\/\/nanovea.com\/de\/wp-json\/wp\/v2\/users\/1"}],"replies":[{"embeddable":true,"href":"https:\/\/nanovea.com\/de\/wp-json\/wp\/v2\/comments?post=2057"}],"version-history":[{"count":11,"href":"https:\/\/nanovea.com\/de\/wp-json\/wp\/v2\/pages\/2057\/revisions"}],"predecessor-version":[{"id":23706,"href":"https:\/\/nanovea.com\/de\/wp-json\/wp\/v2\/pages\/2057\/revisions\/23706"}],"wp:attachment":[{"href":"https:\/\/nanovea.com\/de\/wp-json\/wp\/v2\/media?parent=2057"}],"curies":[{"name":"wp","href":"https:\/\/api.w.org\/{rel}","templated":true}]}}