{"id":19851,"date":"2022-05-23T14:41:03","date_gmt":"2022-05-23T14:41:03","guid":{"rendered":"https:\/\/nanovea.com\/?page_id=19851"},"modified":"2022-05-23T14:41:03","modified_gmt":"2022-05-23T14:41:03","slug":"tribologie-prufung","status":"publish","type":"page","link":"https:\/\/nanovea.com\/de\/tribology-testing\/","title":{"rendered":"Tribologie-Teststudien"},"content":{"rendered":"<div data-elementor-type=\"wp-page\" data-elementor-id=\"19851\" class=\"elementor elementor-19851\" data-elementor-post-type=\"page\">\n\t\t\t\t\t\t<section class=\"elementor-section elementor-top-section elementor-element elementor-element-cf6ab29 elementor-section-boxed elementor-section-height-default elementor-section-height-default\" data-id=\"cf6ab29\" data-element_type=\"section\">\n\t\t\t\t\t\t<div class=\"elementor-container elementor-column-gap-default\">\n\t\t\t\t\t<div class=\"elementor-column elementor-col-100 elementor-top-column elementor-element elementor-element-f284172\" data-id=\"f284172\" data-element_type=\"column\">\n\t\t\t<div class=\"elementor-widget-wrap elementor-element-populated\">\n\t\t\t\t\t\t<div class=\"elementor-element elementor-element-5a6c881 elementor-widget elementor-widget-heading\" data-id=\"5a6c881\" data-element_type=\"widget\" data-widget_type=\"heading.default\">\n\t\t\t\t<div class=\"elementor-widget-container\">\n\t\t\t\t\t<h1 class=\"elementor-heading-title elementor-size-default\">NEUESTE STUDIEN<\/h1>\t\t\t\t<\/div>\n\t\t\t\t<\/div>\n\t\t\t\t<section class=\"elementor-section elementor-inner-section elementor-element elementor-element-db117e1 elementor-section-boxed elementor-section-height-default elementor-section-height-default\" data-id=\"db117e1\" data-element_type=\"section\">\n\t\t\t\t\t\t<div class=\"elementor-container elementor-column-gap-default\">\n\t\t\t\t\t<div class=\"elementor-column elementor-col-33 elementor-inner-column elementor-element elementor-element-a709081\" data-id=\"a709081\" data-element_type=\"column\">\n\t\t\t<div class=\"elementor-widget-wrap elementor-element-populated\">\n\t\t\t\t\t\t<div class=\"elementor-element elementor-element-2691eeb elementor-align-right mechanical-testing-filter elementor-widget elementor-widget-button\" data-id=\"2691eeb\" data-element_type=\"widget\" data-widget_type=\"button.default\">\n\t\t\t\t<div class=\"elementor-widget-container\">\n\t\t\t\t\t\t\t\t\t<div class=\"elementor-button-wrapper\">\n\t\t\t\t\t<a class=\"elementor-button elementor-button-link elementor-size-xs\" href=\"https:\/\/nanovea.com\/mechanical-testing\/\" id=\"mechanical-testing-filter\">\n\t\t\t\t\t\t<span class=\"elementor-button-content-wrapper\">\n\t\t\t\t\t\t\t\t\t<span class=\"elementor-button-text\">MECHANISCHE PR\u00dcFUNG<\/span>\n\t\t\t\t\t<\/span>\n\t\t\t\t\t<\/a>\n\t\t\t\t<\/div>\n\t\t\t\t\t\t\t\t<\/div>\n\t\t\t\t<\/div>\n\t\t\t\t\t<\/div>\n\t\t<\/div>\n\t\t\t\t<div class=\"elementor-column elementor-col-33 elementor-inner-column elementor-element elementor-element-6305a3c\" data-id=\"6305a3c\" data-element_type=\"column\">\n\t\t\t<div class=\"elementor-widget-wrap elementor-element-populated\">\n\t\t\t\t\t\t<div class=\"elementor-element elementor-element-6c31505 elementor-align-center profilometry-testing-filter elementor-widget elementor-widget-button\" data-id=\"6c31505\" data-element_type=\"widget\" data-widget_type=\"button.default\">\n\t\t\t\t<div class=\"elementor-widget-container\">\n\t\t\t\t\t\t\t\t\t<div class=\"elementor-button-wrapper\">\n\t\t\t\t\t<a class=\"elementor-button elementor-button-link elementor-size-xs\" href=\"https:\/\/nanovea.com\/profilometry-testing\/\" id=\"profilometry-testing-filter\">\n\t\t\t\t\t\t<span class=\"elementor-button-content-wrapper\">\n\t\t\t\t\t\t\t\t\t<span class=\"elementor-button-text\">PROFILOMETRISCHE PR\u00dcFUNG<\/span>\n\t\t\t\t\t<\/span>\n\t\t\t\t\t<\/a>\n\t\t\t\t<\/div>\n\t\t\t\t\t\t\t\t<\/div>\n\t\t\t\t<\/div>\n\t\t\t\t\t<\/div>\n\t\t<\/div>\n\t\t\t\t<div class=\"elementor-column elementor-col-33 elementor-inner-column elementor-element elementor-element-cb5ae18\" data-id=\"cb5ae18\" data-element_type=\"column\">\n\t\t\t<div class=\"elementor-widget-wrap elementor-element-populated\">\n\t\t\t\t\t\t<div class=\"elementor-element elementor-element-30a1432 elementor-align-left tribology-testing-filter elementor-widget elementor-widget-button\" data-id=\"30a1432\" data-element_type=\"widget\" data-widget_type=\"button.default\">\n\t\t\t\t<div class=\"elementor-widget-container\">\n\t\t\t\t\t\t\t\t\t<div class=\"elementor-button-wrapper\">\n\t\t\t\t\t<a class=\"elementor-button elementor-size-xs\" role=\"button\" id=\"tribology-testing-filter\">\n\t\t\t\t\t\t<span class=\"elementor-button-content-wrapper\">\n\t\t\t\t\t\t\t\t\t<span class=\"elementor-button-text\">TRIBOLOGISCHE UNTERSUCHUNGEN<\/span>\n\t\t\t\t\t<\/span>\n\t\t\t\t\t<\/a>\n\t\t\t\t<\/div>\n\t\t\t\t\t\t\t\t<\/div>\n\t\t\t\t<\/div>\n\t\t\t\t\t<\/div>\n\t\t<\/div>\n\t\t\t\t\t<\/div>\n\t\t<\/section>\n\t\t\t\t<div class=\"elementor-element elementor-element-64a2b6f elementor-posts--align-left app-notes-feat-homepage elementor-grid-3 elementor-grid-tablet-2 elementor-grid-mobile-1 elementor-posts--thumbnail-top elementor-widget elementor-widget-posts\" data-id=\"64a2b6f\" data-element_type=\"widget\" data-settings=\"{&quot;classic_row_gap&quot;:{&quot;unit&quot;:&quot;px&quot;,&quot;size&quot;:15,&quot;sizes&quot;:[]},&quot;pagination_type&quot;:&quot;load_more_infinite_scroll&quot;,&quot;classic_columns&quot;:&quot;3&quot;,&quot;classic_columns_tablet&quot;:&quot;2&quot;,&quot;classic_columns_mobile&quot;:&quot;1&quot;,&quot;classic_row_gap_tablet&quot;:{&quot;unit&quot;:&quot;px&quot;,&quot;size&quot;:&quot;&quot;,&quot;sizes&quot;:[]},&quot;classic_row_gap_mobile&quot;:{&quot;unit&quot;:&quot;px&quot;,&quot;size&quot;:&quot;&quot;,&quot;sizes&quot;:[]},&quot;load_more_spinner&quot;:{&quot;value&quot;:&quot;fas fa-spinner&quot;,&quot;library&quot;:&quot;fa-solid&quot;}}\" data-widget_type=\"posts.classic\">\n\t\t\t\t<div class=\"elementor-widget-container\">\n\t\t\t\t\t\t\t<div class=\"elementor-posts-container elementor-posts elementor-posts--skin-classic elementor-grid\" role=\"list\">\n\t\t\t\t<article class=\"elementor-post elementor-grid-item post-23217 post type-post status-publish format-standard has-post-thumbnail hentry category-application-notes category-laboratory-testing category-rotational-tribology category-tribology-testing\" role=\"listitem\">\n\t\t\t\t<a class=\"elementor-post__thumbnail__link\" href=\"https:\/\/nanovea.com\/de\/rock-abrasivity-testing\/\" tabindex=\"-1\" >\n\t\t\t<div class=\"elementor-post__thumbnail\"><img fetchpriority=\"high\" decoding=\"async\" width=\"300\" height=\"194\" src=\"https:\/\/nanovea.com\/wp-content\/uploads\/2025\/02\/rock-tribology-study-thumb.jpg\" class=\"attachment-medium size-medium wp-image-24150\" alt=\"\" \/><\/div>\n\t\t<\/a>\n\t\t\t\t<div class=\"elementor-post__text\">\n\t\t\t\t<h3 class=\"elementor-post__title\">\n\t\t\t<a href=\"https:\/\/nanovea.com\/de\/rock-abrasivity-testing\/\" >\n\t\t\t\tGesteinsabriebpr\u00fcfung mit NANOVEA Tribometer\t\t\t<\/a>\n\t\t<\/h3>\n\t\t\n\t\t<a class=\"elementor-post__read-more\" href=\"https:\/\/nanovea.com\/de\/rock-abrasivity-testing\/\" aria-label=\"Mehr \u00fcber die Pr\u00fcfung der Abrasivit\u00e4t von Gestein mit dem NANOVEA-Tribometer\" tabindex=\"-1\" >\n\t\t\tREAD MORE\t\t<\/a>\n\n\t\t\t\t<\/div>\n\t\t\t\t<\/article>\n\t\t\t\t<article class=\"elementor-post elementor-grid-item post-22853 post type-post status-publish format-standard has-post-thumbnail hentry category-application-notes category-laboratory-testing category-linear-tribology category-mechanical-testing category-scratch-testing-adhesive-failure category-scratch-testing-cohesive-failure category-tribology-testing\" role=\"listitem\">\n\t\t\t\t<a class=\"elementor-post__thumbnail__link\" href=\"https:\/\/nanovea.com\/de\/ptfe-coating-wear-test\/\" tabindex=\"-1\" >\n\t\t\t<div class=\"elementor-post__thumbnail\"><img decoding=\"async\" width=\"300\" height=\"194\" src=\"https:\/\/nanovea.com\/wp-content\/uploads\/2023\/06\/teflon-wear-test.jpg\" class=\"attachment-medium size-medium wp-image-22857\" alt=\"\" \/><\/div>\n\t\t<\/a>\n\t\t\t\t<div class=\"elementor-post__text\">\n\t\t\t\t<h3 class=\"elementor-post__title\">\n\t\t\t<a href=\"https:\/\/nanovea.com\/de\/ptfe-coating-wear-test\/\" >\n\t\t\t\tVerschlei\u00dftest der PTFE-Beschichtung\t\t\t<\/a>\n\t\t<\/h3>\n\t\t\n\t\t<a class=\"elementor-post__read-more\" href=\"https:\/\/nanovea.com\/de\/ptfe-coating-wear-test\/\" aria-label=\"Mehr \u00fcber PTFE-Beschichtung-Verschlei\u00dftest\" tabindex=\"-1\" >\n\t\t\tREAD MORE\t\t<\/a>\n\n\t\t\t\t<\/div>\n\t\t\t\t<\/article>\n\t\t\t\t<article class=\"elementor-post elementor-grid-item post-22326 post type-post status-publish format-standard has-post-thumbnail hentry category-application-notes category-laboratory-testing category-profilometry-volume-area category-ring-on-ring-tribology category-tribology-testing\" role=\"listitem\">\n\t\t\t\t<a class=\"elementor-post__thumbnail__link\" href=\"https:\/\/nanovea.com\/de\/progressive-wear-mapping-of-flooring-using-tribometer\/\" tabindex=\"-1\" >\n\t\t\t<div class=\"elementor-post__thumbnail\"><img decoding=\"async\" width=\"300\" height=\"194\" src=\"https:\/\/nanovea.com\/wp-content\/uploads\/2023\/06\/floor-wear-test-thumb-2.jpg\" class=\"attachment-medium size-medium wp-image-22645\" alt=\"\" \/><\/div>\n\t\t<\/a>\n\t\t\t\t<div class=\"elementor-post__text\">\n\t\t\t\t<h3 class=\"elementor-post__title\">\n\t\t\t<a href=\"https:\/\/nanovea.com\/de\/progressive-wear-mapping-of-flooring-using-tribometer\/\" >\n\t\t\t\tProgressive Abnutzung von Bodenbel\u00e4gen mit Tribometer\t\t\t<\/a>\n\t\t<\/h3>\n\t\t\n\t\t<a class=\"elementor-post__read-more\" href=\"https:\/\/nanovea.com\/de\/progressive-wear-mapping-of-flooring-using-tribometer\/\" aria-label=\"Mehr \u00fcber Progressive Wear Mapping von Bodenbel\u00e4gen mit einem Tribometer\" tabindex=\"-1\" >\n\t\t\tREAD MORE\t\t<\/a>\n\n\t\t\t\t<\/div>\n\t\t\t\t<\/article>\n\t\t\t\t<article class=\"elementor-post elementor-grid-item post-21189 post type-post status-publish format-standard has-post-thumbnail hentry category-application-notes category-high-temperature-mechanical-testing category-high-temperature-tribology category-laboratory-testing category-mechanical-testing category-scratch-testing-scratch-hardness category-scratch-testing-tribology category-tribology-testing\" role=\"listitem\">\n\t\t\t\t<a class=\"elementor-post__thumbnail__link\" href=\"https:\/\/nanovea.com\/de\/high-temperature-scratch-hardness-using-a-tribometer\/\" tabindex=\"-1\" >\n\t\t\t<div class=\"elementor-post__thumbnail\"><img loading=\"lazy\" decoding=\"async\" width=\"300\" height=\"194\" src=\"https:\/\/nanovea.com\/wp-content\/uploads\/2022\/07\/scratch-hardness-thumb1.jpg\" class=\"attachment-medium size-medium wp-image-21184\" alt=\"\" \/><\/div>\n\t\t<\/a>\n\t\t\t\t<div class=\"elementor-post__text\">\n\t\t\t\t<h3 class=\"elementor-post__title\">\n\t\t\t<a href=\"https:\/\/nanovea.com\/de\/high-temperature-scratch-hardness-using-a-tribometer\/\" >\n\t\t\t\tKratzh\u00e4rte bei hohen Temperaturen mit einem Tribometer\t\t\t<\/a>\n\t\t<\/h3>\n\t\t\n\t\t<a class=\"elementor-post__read-more\" href=\"https:\/\/nanovea.com\/de\/high-temperature-scratch-hardness-using-a-tribometer\/\" aria-label=\"Mehr \u00fcber die Kratzfestigkeit bei hohen Temperaturen unter Verwendung eines Tribometers\" tabindex=\"-1\" >\n\t\t\tREAD MORE\t\t<\/a>\n\n\t\t\t\t<\/div>\n\t\t\t\t<\/article>\n\t\t\t\t<article class=\"elementor-post elementor-grid-item post-20021 post type-post status-publish format-standard has-post-thumbnail hentry category-application-notes category-friction-testing-coefficient-of-friction category-laboratory-testing category-mechanical-testing category-profilometry-roughness-finish category-profilometry-testing category-rotational-tribology category-scratch-testing-adhesive-failure category-scratch-testing-cohesive-failure category-tribology-testing\" role=\"listitem\">\n\t\t\t\t<a class=\"elementor-post__thumbnail__link\" href=\"https:\/\/nanovea.com\/de\/industrial-coatings-scratch-and-wear-evaluation\/\" tabindex=\"-1\" >\n\t\t\t<div class=\"elementor-post__thumbnail\"><img loading=\"lazy\" decoding=\"async\" width=\"300\" height=\"194\" src=\"https:\/\/nanovea.com\/wp-content\/uploads\/2022\/07\/Industrial-Coatings-Testing-Thumbnail.jpg\" class=\"attachment-medium size-medium wp-image-21169\" alt=\"\" \/><\/div>\n\t\t<\/a>\n\t\t\t\t<div class=\"elementor-post__text\">\n\t\t\t\t<h3 class=\"elementor-post__title\">\n\t\t\t<a href=\"https:\/\/nanovea.com\/de\/industrial-coatings-scratch-and-wear-evaluation\/\" >\n\t\t\t\tBewertung von Kratzern und Abnutzungserscheinungen bei industriellen Beschichtungen\t\t\t<\/a>\n\t\t<\/h3>\n\t\t\n\t\t<a class=\"elementor-post__read-more\" href=\"https:\/\/nanovea.com\/de\/industrial-coatings-scratch-and-wear-evaluation\/\" aria-label=\"Mehr \u00fcber Industrielacke Kratz- und Verschlei\u00dfbewertung\" tabindex=\"-1\" >\n\t\t\tREAD MORE\t\t<\/a>\n\n\t\t\t\t<\/div>\n\t\t\t\t<\/article>\n\t\t\t\t<article class=\"elementor-post elementor-grid-item post-16977 post type-post status-publish format-standard has-post-thumbnail hentry category-application-notes category-laboratory-testing category-linear-tribology category-profilometry-geometry-shape category-profilometry-roughness-finish category-profilometry-texture-grain category-profilometry-testing category-tribology-testing\" role=\"listitem\">\n\t\t\t\t<a class=\"elementor-post__thumbnail__link\" href=\"https:\/\/nanovea.com\/de\/polymer-belt-wear-and-friction-using-tribometer\/\" tabindex=\"-1\" >\n\t\t\t<div class=\"elementor-post__thumbnail\"><img loading=\"lazy\" decoding=\"async\" width=\"300\" height=\"195\" src=\"https:\/\/nanovea.com\/wp-content\/uploads\/2022\/01\/Wear-and-Friction-of-Polymer-Belts.jpg\" class=\"attachment-medium size-medium wp-image-16978\" alt=\"\" \/><\/div>\n\t\t<\/a>\n\t\t\t\t<div class=\"elementor-post__text\">\n\t\t\t\t<h3 class=\"elementor-post__title\">\n\t\t\t<a href=\"https:\/\/nanovea.com\/de\/polymer-belt-wear-and-friction-using-tribometer\/\" >\n\t\t\t\tPolymerriemenverschlei\u00df und Reibung mit einem Tribometer\t\t\t<\/a>\n\t\t<\/h3>\n\t\t\n\t\t<a class=\"elementor-post__read-more\" href=\"https:\/\/nanovea.com\/de\/polymer-belt-wear-and-friction-using-tribometer\/\" aria-label=\"Mehr \u00fcber Polymer Belt Wear and Friction using a Tribometer\" tabindex=\"-1\" >\n\t\t\tREAD MORE\t\t<\/a>\n\n\t\t\t\t<\/div>\n\t\t\t\t<\/article>\n\t\t\t\t<article class=\"elementor-post elementor-grid-item post-16045 post type-post status-publish format-standard has-post-thumbnail hentry category-application-notes category-laboratory-testing category-liquid-tribology category-profilometry-volume-area category-profilometry-testing category-rotational-tribology category-tribology-testing\" role=\"listitem\">\n\t\t\t\t<a class=\"elementor-post__thumbnail__link\" href=\"https:\/\/nanovea.com\/de\/sandpaper-abrasion-performance-using-a-tribometer\/\" tabindex=\"-1\" >\n\t\t\t<div class=\"elementor-post__thumbnail\"><img loading=\"lazy\" decoding=\"async\" width=\"300\" height=\"195\" src=\"https:\/\/nanovea.com\/wp-content\/uploads\/2021\/10\/Sandapaper-Tribometer-NANOVEA.jpg\" class=\"attachment-medium size-medium wp-image-16073\" alt=\"\" \/><\/div>\n\t\t<\/a>\n\t\t\t\t<div class=\"elementor-post__text\">\n\t\t\t\t<h3 class=\"elementor-post__title\">\n\t\t\t<a href=\"https:\/\/nanovea.com\/de\/sandpaper-abrasion-performance-using-a-tribometer\/\" >\n\t\t\t\tAbriebverhalten von Sandpapier mit einem Tribometer\t\t\t<\/a>\n\t\t<\/h3>\n\t\t\n\t\t<a class=\"elementor-post__read-more\" href=\"https:\/\/nanovea.com\/de\/sandpaper-abrasion-performance-using-a-tribometer\/\" aria-label=\"Mehr \u00fcber die Abriebleistung von Schleifpapier unter Verwendung eines Tribometers\" tabindex=\"-1\" >\n\t\t\tREAD MORE\t\t<\/a>\n\n\t\t\t\t<\/div>\n\t\t\t\t<\/article>\n\t\t\t\t<article class=\"elementor-post elementor-grid-item post-15548 post type-post status-publish format-standard has-post-thumbnail hentry category-application-notes category-laboratory-testing category-linear-tribology category-liquid-tribology category-profilometry-volume-area category-profilometry-testing category-tribology-testing\" role=\"listitem\">\n\t\t\t\t<a class=\"elementor-post__thumbnail__link\" href=\"https:\/\/nanovea.com\/de\/piston-wear-testing\/\" tabindex=\"-1\" >\n\t\t\t<div class=\"elementor-post__thumbnail\"><img loading=\"lazy\" decoding=\"async\" width=\"300\" height=\"195\" src=\"https:\/\/nanovea.com\/wp-content\/uploads\/2021\/09\/Piston-Wear-Test-Laboratory-thumbnail.jpg\" class=\"attachment-medium size-medium wp-image-15629\" alt=\"\" \/><\/div>\n\t\t<\/a>\n\t\t\t\t<div class=\"elementor-post__text\">\n\t\t\t\t<h3 class=\"elementor-post__title\">\n\t\t\t<a href=\"https:\/\/nanovea.com\/de\/piston-wear-testing\/\" >\n\t\t\t\tKolbenverschlei\u00dfpr\u00fcfung\t\t\t<\/a>\n\t\t<\/h3>\n\t\t\n\t\t<a class=\"elementor-post__read-more\" href=\"https:\/\/nanovea.com\/de\/piston-wear-testing\/\" aria-label=\"Mehr \u00fcber Kolbenverschlei\u00dfpr\u00fcfung\" tabindex=\"-1\" >\n\t\t\tREAD MORE\t\t<\/a>\n\n\t\t\t\t<\/div>\n\t\t\t\t<\/article>\n\t\t\t\t<article class=\"elementor-post elementor-grid-item post-11395 post type-post status-publish format-standard has-post-thumbnail hentry category-application-notes category-humidity-gases-tribology category-laboratory-testing category-rotational-tribology category-tribology-testing\" role=\"listitem\">\n\t\t\t\t<a class=\"elementor-post__thumbnail__link\" href=\"https:\/\/nanovea.com\/de\/glass-coating-humidity-wear-testing-by-tribometer\/\" tabindex=\"-1\" >\n\t\t\t<div class=\"elementor-post__thumbnail\"><img loading=\"lazy\" decoding=\"async\" width=\"300\" height=\"195\" src=\"https:\/\/nanovea.com\/wp-content\/uploads\/2021\/05\/Glass-Coating-Humidity-Wear.jpg\" class=\"attachment-medium size-medium wp-image-16869\" alt=\"\" \/><\/div>\n\t\t<\/a>\n\t\t\t\t<div class=\"elementor-post__text\">\n\t\t\t\t<h3 class=\"elementor-post__title\">\n\t\t\t<a href=\"https:\/\/nanovea.com\/de\/glass-coating-humidity-wear-testing-by-tribometer\/\" >\n\t\t\t\tGlasbeschichtung Feuchte Verschlei\u00dfpr\u00fcfung mit Tribometer\t\t\t<\/a>\n\t\t<\/h3>\n\t\t\n\t\t<a class=\"elementor-post__read-more\" href=\"https:\/\/nanovea.com\/de\/glass-coating-humidity-wear-testing-by-tribometer\/\" aria-label=\"Mehr \u00fcber Glasbeschichtung Feuchtigkeitsverschlei\u00dfpr\u00fcfung mit Tribometer\" tabindex=\"-1\" >\n\t\t\tREAD MORE\t\t<\/a>\n\n\t\t\t\t<\/div>\n\t\t\t\t<\/article>\n\t\t\t\t<\/div>\n\t\t\t\t\t<span class=\"e-load-more-spinner\">\n\t\t\t\t<i aria-hidden=\"true\" class=\"fas fa-spinner\"><\/i>\t\t\t<\/span>\n\t\t\n\t\t\t\t<div class=\"e-load-more-anchor\" data-page=\"1\" data-max-page=\"4\" data-next-page=\"https:\/\/nanovea.com\/de\/wp-json\/wp\/v2\/pages\/19851\/page\/2\/\"><\/div>\n\t\t\t\t<div class=\"e-load-more-message\"><\/div>\n\t\t\t\t\t\t<\/div>\n\t\t\t\t<\/div>\n\t\t\t\t\t<\/div>\n\t\t<\/div>\n\t\t\t\t\t<\/div>\n\t\t<\/section>\n\t\t\t\t<\/div>","protected":false},"excerpt":{"rendered":"<p>NEUESTE STUDIEN MECHANISCHE PR\u00dcFUNG PROFILOMETRIE PR\u00dcFUNG TRIBOLOGIE PR\u00dcFUNG<\/p>","protected":false},"author":1,"featured_media":0,"parent":0,"menu_order":0,"comment_status":"closed","ping_status":"closed","template":"","meta":{"_exactmetrics_skip_tracking":false,"_exactmetrics_sitenote_active":false,"_exactmetrics_sitenote_note":"","_exactmetrics_sitenote_category":0,"footnotes":""},"class_list":["post-19851","page","type-page","status-publish","hentry"],"_links":{"self":[{"href":"https:\/\/nanovea.com\/de\/wp-json\/wp\/v2\/pages\/19851","targetHints":{"allow":["GET"]}}],"collection":[{"href":"https:\/\/nanovea.com\/de\/wp-json\/wp\/v2\/pages"}],"about":[{"href":"https:\/\/nanovea.com\/de\/wp-json\/wp\/v2\/types\/page"}],"author":[{"embeddable":true,"href":"https:\/\/nanovea.com\/de\/wp-json\/wp\/v2\/users\/1"}],"replies":[{"embeddable":true,"href":"https:\/\/nanovea.com\/de\/wp-json\/wp\/v2\/comments?post=19851"}],"version-history":[{"count":15,"href":"https:\/\/nanovea.com\/de\/wp-json\/wp\/v2\/pages\/19851\/revisions"}],"predecessor-version":[{"id":22738,"href":"https:\/\/nanovea.com\/de\/wp-json\/wp\/v2\/pages\/19851\/revisions\/22738"}],"wp:attachment":[{"href":"https:\/\/nanovea.com\/de\/wp-json\/wp\/v2\/media?parent=19851"}],"curies":[{"name":"wp","href":"https:\/\/api.w.org\/{rel}","templated":true}]}}