{"id":194,"date":"2015-03-04T16:40:28","date_gmt":"2015-03-04T16:40:28","guid":{"rendered":"http:\/\/nanovea.com\/?page_id=194"},"modified":"2022-04-22T21:51:06","modified_gmt":"2022-04-22T21:51:06","slug":"mikro-kratztestgerat","status":"publish","type":"page","link":"https:\/\/nanovea.com\/de\/mikro-kratztestgerat\/","title":{"rendered":"Mikrokratzpr\u00fcfung"},"content":{"rendered":"<div class=\"wonderpluginslider-container\" id=\"wonderpluginslider-container-9\" style=\"max-width:1035px;margin:0 auto;padding-left:0px;padding-right:0px;padding-top:0px;padding-bottom:0px;\"><div class=\"wonderpluginslider\" id=\"wonderpluginslider-9\" data-sliderid=\"9\" data-width=\"1035\" data-height=\"375\" data-skin=\"cube\" data-autoplay=\"true\" data-randomplay=\"false\" data-loadimageondemand=\"false\" data-transitiononfirstslide=\"false\" data-autoplayvideo=\"false\" data-isresponsive=\"true\" data-fullwidth=\"false\" data-isfullscreen=\"false\" data-ratioresponsive=\"false\" data-showtext=\"true\" data-showtimer=\"false\" data-showbottomshadow=\"false\" data-navshowpreview=\"false\" data-textautohide=\"true\" data-lightboxresponsive=\"true\" data-lightboxshownavigation=\"false\" data-lightboxshowtitle=\"true\" data-lightboxshowdescription=\"false\" data-texteffectresponsive=\"true\" data-donotinit=\"false\" data-addinitscript=\"false\" data-lightboxfullscreenmode=\"false\" data-lightboxcloseonoverlay=\"true\" data-lightboxvideohidecontrols=\"false\" data-lightboxnogroup=\"false\" data-lightboxautoslide=\"false\" data-lightboxshowtimer=\"true\" data-lightboxshowplaybutton=\"true\" data-lightboxalwaysshownavarrows=\"false\" data-lightboxshowtitleprefix=\"true\" data-titleusealt=\"false\" data-outputtext=\"false\" data-scalemode=\"fit\" data-arrowstyle=\"always\" data-transition=\"slide\" data-loop=\"0\" data-border=\"0\" data-slideinterval=\"8000\" data-arrowimage=\"arrows-36-80-0.png\" data-arrowwidth=\"36\" data-arrowheight=\"80\" data-arrowtop=\"50\" data-arrowmargin=\"-18\" data-navstyle=\"bullets\" data-navimage=\"bullet-24-24-1.png\" data-navwidth=\"24\" data-navheight=\"24\" data-navspacing=\"8\" data-navmarginx=\"16\" data-navmarginy=\"16\" data-navposition=\"bottom\" data-playvideoimage=\"playvideo-64-64-0.png\" data-playvideoimagewidth=\"64\" data-playvideoimageheight=\"64\" data-lightboxthumbwidth=\"90\" data-lightboxthumbheight=\"60\" data-lightboxthumbtopmargin=\"12\" data-lightboxthumbbottommargin=\"4\" data-lightboxbarheight=\"64\" data-lightboxtitlebottomcss=\"color:#333; font-size:14px; font-family:Armata,sans-serif,Arial; overflow:hidden; text-align:left;\" data-lightboxdescriptionbottomcss=\"color:#333; font-size:12px; font-family:Arial,Helvetica,sans-serif; overflow:hidden; text-align:left; margin:4px 0px 0px; padding: 0px;\" data-textformat=\"Color box\" data-textpositionstatic=\"bottom\" data-textpositiondynamic=\"topleft\" data-paddingleft=\"0\" data-paddingright=\"0\" data-paddingtop=\"0\" data-paddingbottom=\"0\" data-texteffectresponsivesize=\"640\" data-fadeduration=\"1000\" data-crossfadeduration=\"1000\" data-slideduration=\"1000\" data-elasticduration=\"1000\" data-sliceduration=\"1500\" data-blindsduration=\"1500\" data-blocksduration=\"1500\" data-shuffleduration=\"1500\" data-tilesduration=\"2000\" data-kenburnsduration=\"5000\" data-flipduration=\"1500\" data-flipwithzoomduration=\"2000\" data-threedduration=\"1500\" data-threedhorizontalduration=\"1500\" data-threedwithzoomduration=\"2500\" data-threedhorizontalwithzoomduration=\"2200\" data-threedflipduration=\"1500\" data-threedflipwithzoomduration=\"2000\" data-threedtilesduration=\"2000\" data-threedfallback=\"flip\" data-threedhorizontalfallback=\"flip\" data-threedwithzoomfallback=\"flipwithzoom\" data-threedhorizontalwithzoomfallback=\"flipwithzoom\" data-threedflipfallback=\"flip\" data-threedflipwithzoomfallback=\"flipwithzoom\" data-threedtilesfallback=\"tiles\" data-ratiomediumscreen=\"800\" data-ratiomediumheight=\"1.2\" data-ratiosmallscreen=\"480\" data-ratiosmallheight=\"1.6\" data-lightboxtitlestyle=\"bottom\" data-lightboximagepercentage=\"75\" data-lightboxdefaultvideovolume=\"1\" data-lightboxoverlaybgcolor=\"#000\" data-lightboxoverlayopacity=\"0.9\" data-lightboxbgcolor=\"#fff\" data-lightboxtitleprefix=\"%NUM \/ %TOTAL\" data-lightboxtitleinsidecss=\"color:#fff; font-size:16px; font-family:Arial,Helvetica,sans-serif; overflow:hidden; text-align:left;\" data-lightboxdescriptioninsidecss=\"color:#fff; font-size:12px; font-family:Arial,Helvetica,sans-serif; overflow:hidden; text-align:left; margin:4px 0px 0px; padding: 0px;\" data-lightboxslideinterval=\"5000\" data-lightboxtimerposition=\"bottom\" data-lightboxtimercolor=\"#dc572e\" data-lightboxtimeropacity=\"1\" data-lightboxbordersize=\"8\" data-lightboxborderradius=\"0\" data-textcss=\"display:block; padding:8px 16px; text-align:left;\" data-textbgcss=\"display:none;\" data-titlecss=\"color: #1b96cf;    font-family: &quot;Open Sans&quot;,sans-serif;    font-size: 32px;    font-weight: bold;    line-height: 44px;    margin-bottom: 0;    margin-top: 20px;    text-transform: uppercase;\" data-descriptioncss=\"color: #282828;    font-size: 18px;    line-height: 30px;\" data-buttoncss=\"display:block; position:relative; margin-top:10px;\" data-titlecssresponsive=\"font-size:12px;\" data-descriptioncssresponsive=\"display:none !important;\" data-buttoncssresponsive=\"font-size: 9px !important;width:100%;\" data-jsfolder=\"https:\/\/nanovea.com\/wp-content\/plugins\/wonderplugin-slider-lite\/engine\/\" style=\"display:none;\" ><ul class=\"amazingslider-slides\"  style=\"display:none;\"><li><img decoding=\"async\" class=\"amazingslider-img-elem amazingsliderimg\" src=\"https:\/\/nanovea.com\/wp-content\/uploads\/2015\/04\/slide-microscratch-accuracy.jpg\" alt=\"MICRO SCRATCH\" title=\"MICRO SCRATCH\" data-description=\"Highly accurate friction, true depth &lt;br \/&gt;&amp; acoustic emissions measurement\" \/><\/li><li><img decoding=\"async\" class=\"amazingslider-img-elem amazingsliderimg\" src=\"https:\/\/nanovea.com\/wp-content\/uploads\/2015\/04\/slide-microscratch-panoramic-view.jpg\" alt=\"MICRO SCRATCH\" title=\"MICRO SCRATCH\" data-description=\"Full scratch imaging for failure &lt;br \/&gt;identification &amp; analysis\" \/><\/li><li><img decoding=\"async\" class=\"amazingslider-img-elem amazingsliderimg\" src=\"https:\/\/nanovea.com\/wp-content\/uploads\/2015\/04\/slide-microscratch-mapping.jpg\" alt=\"MICRO SCRATCH\" title=\"MICRO SCRATCH\" data-description=\"Mapping with various loading &lt;br \/&gt;options for failure identification\" \/><\/li><\/ul><\/div><\/div>\n<h1><strong>MIKROKRATZER | MIKROHAFTUNGSTESTS<\/strong><\/h1>\n<p><a href=\"https:\/\/nanovea.com\/mechanical-tester\">Mechanische Pr\u00fcfger\u00e4te<\/a> | <a href=\"https:\/\/nanovea.com\/lab-services\/\">Labor-Dienstleistungen<\/a> | <a href=\"https:\/\/nanovea.com\/nano-module\">Nano-Modul<\/a> | <a href=\"https:\/\/nanovea.com\/micro-macro-module\">Mikro-Modul<\/a> | <a href=\"https:\/\/nanovea.com\/application-notes\">Application Notes<\/a><\/p>\n<div class=\"product-desc\">\n<p><strong>Micro-Scratch-Verfahren:<\/strong><br \/>\nBei der Mikrokratzpr\u00fcfung wird eine konische Kugelspitze, Diamant oder WC, mit zunehmender Belastung \u00fcber die beschichtete Oberfl\u00e4che gezogen, was bei bestimmten kritischen Belastungen zu verschiedenen Versagensarten f\u00fchrt. Beim Micro Scratch Adhesion Testing werden die kritischen Belastungen optisch mit Hilfe eines eingebauten Videomikroskops identifiziert. Diese kritischen Belastungen werden zur Quantifizierung der Adh\u00e4sions- und Koh\u00e4sionseigenschaften verschiedener Film\/Substrat-Kombinationen verwendet. Dar\u00fcber hinaus k\u00f6nnen Versagenspunkte mit Hilfe von Reibungskraft- und Tiefenmessungen bestimmt werden. Tiefenmessungen liefern den plastischen und elastischen Anteil der Verformung. Kratztests mit konstanter Belastung k\u00f6nnen zur \u00dcberpr\u00fcfung der Oberfl\u00e4chengleichm\u00e4\u00dfigkeit verwendet werden. Echte Tiefenmessungen auf der Grundlage von (Europ\u00e4isches Patent Nr. 0663068) liefern genaue elastische und plastische Verformungen.<\/p>\n<p>&nbsp;<\/p>\n<p><strong>Normen: <\/strong><\/p>\n<ul>\n<li>ASTM D7187<\/li>\n<li>ASTM C1624<\/li>\n<li>ASTM D7027<\/li>\n<li>ASTM G171<\/li>\n<li>ISO 20502<\/li>\n<li>ISO 1518<\/li>\n<li>DIN EN 1071<\/li>\n<li>DVM-0058-PA<\/li>\n<\/ul>\n<p>&nbsp;<\/p>\n<p><strong>W\u00e4hrend des Mikrokratzens analysierte Eigenschaften:<\/strong><\/p>\n<ul>\n<li>Koh\u00e4sives und klebendes Versagen<\/li>\n<li>Adh\u00e4sionskraft<\/li>\n<li>Marmorierung (Widerstand) und Riss-\/Bruchausl\u00f6sung<\/li>\n<li>Plastische und elastische Verformungstiefe und andere<\/li>\n<\/ul>\n<p>&nbsp;<\/p>\n<p><strong>Micro Scratch Software Eigenschaften:<\/strong><\/p>\n<ul>\n<li>Rezepte<\/li>\n<li>Rohdaten und Bilder exportieren<\/li>\n<li>Echtzeit-Anzeige<\/li>\n<li>Automatische Berichterstattung<\/li>\n<li>Mehrsprachige Unterst\u00fctzung<\/li>\n<li>Misserfolg Vergleich<\/li>\n<li>Kartierung<\/li>\n<li>Vollst\u00e4ndiges Kratzbild f\u00fcr die nachtr\u00e4gliche Inspektion mit vergr\u00f6\u00dferter Ansicht<\/li>\n<li>Tracking Zoomed View f\u00fcr einfache Nachkontrolle mit Datentiefe, Reibung und AE-Analyse<\/li>\n<\/ul>\n<p>&nbsp;<\/p>\n<p><strong>Advanced Micro Scratch Automation:<\/strong><\/p>\n<ul>\n<li>Broadview Map Selection Tool: Erweitertes Mapping im zusammengef\u00fcgten Bild<\/li>\n<li>Automatisierte Mehrprobenpr\u00fcfung (verarbeitet H\u00f6henunterschiede von bis zu 50 mm)<\/li>\n<li>Navigation Plus: Benutzerfreundliches Oberfl\u00e4chen-Navigationsbild<\/li>\n<li>Schnelle Ann\u00e4herung, automatische Oberfl\u00e4chenerkennung und automatische Analyse<\/li>\n<li>Direkte einfache Kalibrierungswerkzeuge f\u00fcr Last und Tiefe<\/li>\n<li>Funktion f\u00fcr einen einzigen Einzugsbereich (Europ\u00e4isches Patent Nr. 3076153)<\/li>\n<li>Quantifizierbare Qualit\u00e4tskontrolle f\u00fcr Eindringk\u00f6rper (Europ\u00e4isches Patent Nr. 3076153)<\/li>\n<li>Wizard (zum Patent angemeldet): Automatischer Generator f\u00fcr Testparameter<\/li>\n<li>Speicherbare Rezepte f\u00fcr alle Makros programmiert<\/li>\n<\/ul>\n<p>&nbsp;<\/p>\n<p><strong>Eindringlinge: <\/strong>(Diamant, WC und viele andere Materialien)<\/p>\n<ul>\n<li>Vickers<\/li>\n<li>W\u00fcrfel-Ecke<\/li>\n<li>Konisch-kugelf\u00f6rmig<\/li>\n<li>Messer<\/li>\n<\/ul>\n<p>&nbsp;<\/p>\n<p><strong>Halter der Probe(n) und Umweltbedingungen:<\/strong><\/p>\n<ul>\n<li>275\u00b0C &amp; 450 \u00b0C Backofen<\/li>\n<li>Bis zu -10\u00b0C K\u00fchlkammer<\/li>\n<li>Feuchte Kammer<\/li>\n<li>Fl\u00fcssigkeitsbecher<\/li>\n<li>Kundenspezifische Proben- und Eindringk\u00f6rperhalterungen<\/li>\n<\/ul>\n<p>&nbsp;<\/p>\n<p><strong>Zus\u00e4tzliche Mikro-Modul-Modi:<\/strong><\/p>\n<p><a href=\"https:\/\/nanovea.com\/micro-indentation-tester\">Mikroindentation | Mikroh\u00e4rtepr\u00fcfung<\/a><\/p>\n<p><a href=\"https:\/\/nanovea.com\/micro-wear-tester\">Mikroverschlei\u00df- und Reibungstests<\/a><\/p>\n<p align=\"justify\">\n<\/div>","protected":false},"excerpt":{"rendered":"<p>MIKROKRATZER | Mikroadh\u00e4sionspr\u00fcfung, mechanische Pr\u00fcfger\u00e4te | Labordienstleistungen | Nano-Modul | Mikromodul | Anwendungshinweise Mikrokratzverfahren: Beim Mikrokratztest wird eine konische Kugelspitze, Diamant oder WC, mit zunehmender Belastung \u00fcber die beschichtete Oberfl\u00e4che gezogen, was bei bestimmten kritischen Belastungen zu verschiedenen Arten von Fehlern f\u00fchrt. Mikro [\u2026]<\/p>","protected":false},"author":1,"featured_media":0,"parent":0,"menu_order":0,"comment_status":"open","ping_status":"open","template":"tpl-newslider.php","meta":{"_exactmetrics_skip_tracking":false,"_exactmetrics_sitenote_active":false,"_exactmetrics_sitenote_note":"","_exactmetrics_sitenote_category":0,"footnotes":""},"class_list":["post-194","page","type-page","status-publish","hentry"],"_links":{"self":[{"href":"https:\/\/nanovea.com\/de\/wp-json\/wp\/v2\/pages\/194","targetHints":{"allow":["GET"]}}],"collection":[{"href":"https:\/\/nanovea.com\/de\/wp-json\/wp\/v2\/pages"}],"about":[{"href":"https:\/\/nanovea.com\/de\/wp-json\/wp\/v2\/types\/page"}],"author":[{"embeddable":true,"href":"https:\/\/nanovea.com\/de\/wp-json\/wp\/v2\/users\/1"}],"replies":[{"embeddable":true,"href":"https:\/\/nanovea.com\/de\/wp-json\/wp\/v2\/comments?post=194"}],"version-history":[{"count":23,"href":"https:\/\/nanovea.com\/de\/wp-json\/wp\/v2\/pages\/194\/revisions"}],"predecessor-version":[{"id":19458,"href":"https:\/\/nanovea.com\/de\/wp-json\/wp\/v2\/pages\/194\/revisions\/19458"}],"wp:attachment":[{"href":"https:\/\/nanovea.com\/de\/wp-json\/wp\/v2\/media?parent=194"}],"curies":[{"name":"wp","href":"https:\/\/api.w.org\/{rel}","templated":true}]}}