{"id":155,"date":"2015-03-04T15:24:59","date_gmt":"2015-03-04T15:24:59","guid":{"rendered":"http:\/\/nanovea.com\/?page_id=155"},"modified":"2021-07-30T21:29:34","modified_gmt":"2021-07-30T21:29:34","slug":"mechanisch-tester-applications","status":"publish","type":"page","link":"https:\/\/nanovea.com\/de\/mechanisch-tester-applications\/","title":{"rendered":"Mechanische Pr\u00fcfger\u00e4te Anwendungen"},"content":{"rendered":"<div id=\"newslider\" style=\"min-height: auto; overflow: hidden;\">\n<ul>\n<li>\n<div class=\"slider-text\">\n<h2>MECHANISCHE PR\u00dcFGER\u00c4TE<\/h2>\n<p>Un\u00fcbertroffene Nano- und Mikromodule jeweils mit <br \/> Eindring-, Kratz- und Verschlei\u00dftestmodi.\n<\/div>\n<p><!--<img decoding=\"async\" src=\"https:\/\/nanovea.com\/wp-content\/uploads\/2015\/04\/slide-mapplications.jpg\" alt=\"\" \/>!--><br \/>\n<img decoding=\"async\" src=\"https:\/\/nanovea.com\/wp-content\/uploads\/2018\/01\/slide-mapplications-1.jpg\" alt=\"\" \/>\n<\/li>\n<\/ul>\n<\/div>\n<p align=\"justify\"><strong>ANWENDUNGEN F\u00dcR MECHANISCHE PR\u00dcFGER\u00c4TE | <\/strong><a href=\"https:\/\/nanovea.com\/mechanical-tester\">Mechanische Pr\u00fcfger\u00e4te<\/a> | <a href=\"https:\/\/nanovea.com\/nano-module\">Nano-Modul<\/a> | <a href=\"https:\/\/nanovea.com\/micro-macro-module\">Mikro-Modul<\/a> | <a href=\"https:\/\/nanovea.com\/mechanical-tester-optics\">Optik<\/a> | <a href=\"https:\/\/nanovea.com\/application-notes\">Application Notes<\/a> | <a href=\"https:\/\/nanovea.com\/mechanical-tester-brochure\" target=\"_blank\" rel=\"noopener noreferrer\">Brosch\u00fcre Download<\/a> | <a href=\"https:\/\/nanovea.com\/mechanical-testers-video\" target=\"_blank\" rel=\"noopener noreferrer\">Video ansehen<\/a><\/p>\n<p>Die mechanischen Pr\u00fcfger\u00e4te von Nanovea bieten die gr\u00f6\u00dfte Bandbreite an pr\u00e4zisen Pr\u00fcfungen mit einem einzigen System. Und weil das so ist, k\u00f6nnen die mechanischen Eigenschaften von praktisch jedem Beschichtungs-, Film- oder Substratmaterial gepr\u00fcft werden, ob hart oder weich, d\u00fcnn oder dick. Zu den Branchen geh\u00f6ren: Bio &amp; Biotechnologie, Baumaterialien, Konsumg\u00fcter, Medizin, Metalle, \u00d6l &amp; Bergbau, Optik, Farben &amp; Beschichtungen, Pharmazeutik, Halbleiter\/Elektronik\/Solar, Textilien\/Leder\/Papier, Werkzeuge &amp; Maschinen und Transport.<\/p>\n<table border=\"0\" width=\"1016\" cellspacing=\"0\" cellpadding=\"0\">\n<tbody>\n<tr>\n<td width=\"254\">\n<div align=\"center\"><img decoding=\"async\" class=\"alignnone\" src=\"https:\/\/nanovea.com\/wp-content\/themes\/wp-nanovea\/images\/images\/app14.jpg\" alt=\"Drahtoberfl\u00e4chen\" width=\"150\" height=\"113\" \/><\/div>\n<\/td>\n<td width=\"254\">\n<div align=\"center\"><img decoding=\"async\" src=\"https:\/\/nanovea.com\/wp-content\/themes\/wp-nanovea\/images\/images\/app15.jpg\" alt=\"Optische Oberfl\u00e4chen\" width=\"150\" height=\"113\" \/><\/div>\n<\/td>\n<td width=\"254\">\n<div align=\"center\"><img decoding=\"async\" class=\"alignnone\" src=\"https:\/\/nanovea.com\/wp-content\/themes\/wp-nanovea\/images\/images\/app13.jpg\" alt=\"Kleine Fl\u00e4chen\" width=\"150\" height=\"113\" \/><\/div>\n<\/td>\n<td width=\"254\">\n<div align=\"center\"><img loading=\"lazy\" decoding=\"async\" class=\"alignnone\" src=\"https:\/\/nanovea.com\/wp-content\/themes\/wp-nanovea\/images\/images\/app16.jpg\" alt=\"Pharmazeutische Oberfl\u00e4chen\" width=\"150\" height=\"113\" \/><\/div>\n<\/td>\n<\/tr>\n<\/tbody>\n<\/table>\n<table border=\"0\" width=\"1016\" cellspacing=\"0\" cellpadding=\"0\">\n<tbody>\n<tr>\n<td width=\"254\">\n<div align=\"center\">\n<p>&nbsp;<\/p>\n<p><img loading=\"lazy\" decoding=\"async\" class=\"alignnone\" src=\"https:\/\/nanovea.com\/wp-content\/themes\/wp-nanovea\/images\/images\/app1.jpg\" alt=\"Elektronische Oberfl\u00e4chen\" width=\"150\" height=\"113\" \/><\/p>\n<\/div>\n<\/td>\n<td width=\"254\">\n<div align=\"center\">\n<p>&nbsp;<\/p>\n<p><img loading=\"lazy\" decoding=\"async\" class=\"alignnone\" src=\"https:\/\/nanovea.com\/wp-content\/themes\/wp-nanovea\/images\/images\/app20.jpg\" alt=\"Betonoberfl\u00e4chen\" width=\"150\" height=\"113\" \/><\/p>\n<\/div>\n<\/td>\n<td width=\"254\">\n<div align=\"center\">\n<p>&nbsp;<\/p>\n<p><img loading=\"lazy\" decoding=\"async\" class=\"alignnone\" src=\"https:\/\/nanovea.com\/wp-content\/themes\/wp-nanovea\/images\/images\/app12.jpg\" alt=\"Biomedizinische Oberfl\u00e4chen\" width=\"150\" height=\"113\" \/><\/p>\n<\/div>\n<\/td>\n<td width=\"254\">\n<div align=\"center\">\n<p>&nbsp;<\/p>\n<p><img loading=\"lazy\" decoding=\"async\" class=\"alignnone\" src=\"https:\/\/nanovea.com\/wp-content\/themes\/wp-nanovea\/images\/images\/app18.jpg\" alt=\"Filmoberfl\u00e4chen\" width=\"150\" height=\"113\" \/><\/p>\n<\/div>\n<\/td>\n<\/tr>\n<\/tbody>\n<\/table>\n<table border=\"0\" width=\"1016\" cellspacing=\"0\" cellpadding=\"0\">\n<tbody>\n<tr>\n<td width=\"254\">\n<div align=\"center\">\n<p>&nbsp;<\/p>\n<p><img loading=\"lazy\" decoding=\"async\" class=\"alignnone\" src=\"https:\/\/nanovea.com\/wp-content\/themes\/wp-nanovea\/images\/images\/app19.jpg\" alt=\"Automobiloberfl\u00e4chen\" width=\"150\" height=\"113\" \/><\/p>\n<\/div>\n<\/td>\n<td width=\"254\">\n<div align=\"center\">\n<p>&nbsp;<\/p>\n<p><img loading=\"lazy\" decoding=\"async\" class=\"alignnone\" src=\"https:\/\/nanovea.com\/wp-content\/themes\/wp-nanovea\/images\/images\/app17.jpg\" alt=\"Wafer-Oberfl\u00e4chen\" width=\"150\" height=\"113\" \/><\/p>\n<\/div>\n<\/td>\n<td width=\"254\">\n<div align=\"center\">\n<p>&nbsp;<\/p>\n<p><img loading=\"lazy\" decoding=\"async\" class=\"alignnone\" src=\"https:\/\/nanovea.com\/wp-content\/themes\/wp-nanovea\/images\/images\/app11.jpg\" alt=\"Weiche Oberfl\u00e4chen\" width=\"150\" height=\"113\" \/><\/p>\n<\/div>\n<\/td>\n<td width=\"254\">\n<div align=\"center\">\n<p>&nbsp;<\/p>\n<p><img loading=\"lazy\" decoding=\"async\" class=\"alignnone\" src=\"https:\/\/nanovea.com\/wp-content\/themes\/wp-nanovea\/images\/images\/app10.jpg\" alt=\"Werkzeug-Oberfl\u00e4chen\" width=\"150\" height=\"113\" \/><\/p>\n<\/div>\n<\/td>\n<\/tr>\n<\/tbody>\n<\/table>","protected":false},"excerpt":{"rendered":"<p>MECHANISCHE TESTER Un\u00fcbertroffene Nano- und Mikromodule, jeweils mit Eindring-, Kratz- und Verschlei\u00dftestmodi. ANWENDUNGEN F\u00dcR MECHANISCHE TESTER | Mechanische Tester | Nano-Modul | Mikromodul | Optik | Anwendungshinweise | Brosch\u00fcre herunterladen | Video ansehen Die mechanischen Tester von Nanovea bieten die gr\u00f6\u00dfte Bandbreite an pr\u00e4zisen Tests auf einem einzigen System. Und weil das so ist, [\u2026]<\/p>","protected":false},"author":1,"featured_media":0,"parent":0,"menu_order":0,"comment_status":"open","ping_status":"open","template":"tpl-newslider.php","meta":{"_exactmetrics_skip_tracking":false,"_exactmetrics_sitenote_active":false,"_exactmetrics_sitenote_note":"","_exactmetrics_sitenote_category":0,"footnotes":""},"class_list":["post-155","page","type-page","status-publish","hentry"],"_links":{"self":[{"href":"https:\/\/nanovea.com\/de\/wp-json\/wp\/v2\/pages\/155","targetHints":{"allow":["GET"]}}],"collection":[{"href":"https:\/\/nanovea.com\/de\/wp-json\/wp\/v2\/pages"}],"about":[{"href":"https:\/\/nanovea.com\/de\/wp-json\/wp\/v2\/types\/page"}],"author":[{"embeddable":true,"href":"https:\/\/nanovea.com\/de\/wp-json\/wp\/v2\/users\/1"}],"replies":[{"embeddable":true,"href":"https:\/\/nanovea.com\/de\/wp-json\/wp\/v2\/comments?post=155"}],"version-history":[{"count":13,"href":"https:\/\/nanovea.com\/de\/wp-json\/wp\/v2\/pages\/155\/revisions"}],"predecessor-version":[{"id":12710,"href":"https:\/\/nanovea.com\/de\/wp-json\/wp\/v2\/pages\/155\/revisions\/12710"}],"wp:attachment":[{"href":"https:\/\/nanovea.com\/de\/wp-json\/wp\/v2\/media?parent=155"}],"curies":[{"name":"wp","href":"https:\/\/api.w.org\/{rel}","templated":true}]}}