{"id":151,"date":"2015-03-04T15:24:24","date_gmt":"2015-03-04T15:24:24","guid":{"rendered":"http:\/\/nanovea.com\/?page_id=151"},"modified":"2018-11-21T17:56:03","modified_gmt":"2018-11-21T17:56:03","slug":"mikro-makromodul","status":"publish","type":"page","link":"https:\/\/nanovea.com\/de\/micro-macro-module\/","title":{"rendered":"Mikro-Modul"},"content":{"rendered":"<div id=\"newslider\" style=\"min-height: auto; overflow: hidden;\">\n<ul>\n<li>\n<div class=\"slider-text\">\n<h2>MIKRO-MODUL<\/h2>\n<p>Jetzt das weltweit f\u00fchrende Unternehmen f\u00fcr mikromechanische Tests<\/p>\n<\/div>\n<p><!--<img fetchpriority=\"high\" decoding=\"async\" class=\"alignnone\" src=\"https:\/\/nanovea.com\/wp-content\/uploads\/2015\/04\/slide-micromodule.jpg\" alt=\"Microindenter with non contact true depth measurement\" width=\"1033\" height=\"345\" \/>!--><br \/>\n<a href=\"https:\/\/nanovea.com\/wp-content\/uploads\/2018\/11\/Micro-Module-with-Micro-Box.jpg\"><img decoding=\"async\" class=\"alignnone size-full wp-image-4213\" src=\"https:\/\/nanovea.com\/wp-content\/uploads\/2018\/11\/Micro-Module-with-Micro-Box.jpg\" alt=\"\" width=\"1033\" height=\"345\" \/><\/a><\/li>\n<\/ul>\n<\/div>\n<h1><strong>MIKRO-MODUL<\/strong><\/h1>\n<p><a href=\"https:\/\/nanovea.com\/mechanical-tester\">Mechanische Pr\u00fcfger\u00e4te <\/a>| <a href=\"https:\/\/nanovea.com\/nano-module\">Nano-Modul<\/a> | <a href=\"https:\/\/nanovea.com\/application-notes\">Application Notes<\/a><\/p>\n<div class=\"product-pic\"><\/div>\n<div class=\"product-desc\">\n<p align=\"justify\">Jetzt die weltweit f\u00fchrende mikromechanische Pr\u00fcfung. Automatische, genaue und schnelle H\u00e4rte- und Elastizit\u00e4tsmodulergebnisse, die aus den Daten von Tiefe und Belastung gewonnen werden, sind ein echter Sprung im Vergleich zu herk\u00f6mmlichen H\u00e4rtepr\u00fcfger\u00e4ten. Diese Technologie aus dem vergangenen Jahrhundert basierte auf der visuellen Pr\u00fcfung, als es noch keine genauen Tiefensensoren gab. Daher gibt es heute absolut keinen Vorteil mehr bei der Verwendung veralteter traditioneller H\u00e4rtepr\u00fcfger\u00e4te. Das Mikromodul ist schneller, einfacher, genauer, insbesondere bei geringen Belastungen, und wiederholbarer. Die Pr\u00fcfungen k\u00f6nnen an jedem Material durchgef\u00fchrt werden, auch an sehr elastischem Material oder an Oberfl\u00e4chen, bei denen die Identifizierung des Eindrucks schwierig ist. Es bietet nicht nur H\u00e4rte und Elastizit\u00e4tsmodul, sondern auch eine breite Palette von Pr\u00fcfungen wie Kriechen, Spannungs-Dehnungs-Kurven, Streckgrenze, Erm\u00fcdung, Bruchz\u00e4higkeit, Kratz- und Schrammbest\u00e4ndigkeit, plastisch-elastische Verformung, Verschlei\u00dfrate und Reibungskoeffizient.<\/p>\n<p align=\"justify\">Und f\u00fcr diejenigen, die veraltete Kratzpr\u00fcfger\u00e4te verwenden. Diese Systeme haben einen begrenzten Kraftbereich und verwenden freitragende Kraftmessdosen, die sich seitlich verbiegen k\u00f6nnen, was sich in wellenf\u00f6rmigen Kratzern bei hohen Lasten bemerkbar macht. Im Gegensatz dazu wurde das Mikromodul mit einem starren Druckkraftaufnehmer entwickelt und misst die Tiefe mithilfe eines Kondensators, der direkt mit der Welle verbunden ist, die den Eindringk\u00f6rper h\u00e4lt. Das Ergebnis ist die h\u00f6chste Genauigkeit, die auf dem Markt erh\u00e4ltlich ist. Der gro\u00dfe nutzbare Lastbereich (5 Gr\u00f6\u00dfenordnungen) eines einzigen Mikromoduls erm\u00f6glicht eine Kratzpr\u00fcfung mit hoher Last von bis zu 200N f\u00fcr eine 5-Mikron-Beschichtung und mehr auf einer DLC-, TiN- oder TiC-Beschichtung und anschlie\u00dfend eine Last von 50mN zur Messung der H\u00e4rte und des Elastizit\u00e4tsmoduls ohne den Einfluss des Substrats. F\u00fcr d\u00fcnnere Beschichtungen bis hinunter in den Submikrometerbereich kann das 20N auf die gleiche Weise verwendet werden, wobei die Tiefe gegen\u00fcber der Last bis in den einstelligen mN-Bereich abf\u00e4llt, aber immer noch hervorragende Kratztests bis 20N durchgef\u00fchrt werden k\u00f6nnen. Diese empfindlicheren Kr\u00e4fte sind ideal f\u00fcr die Charakterisierung industrieller Beschichtungen, von plasmabehandelten Schichten in der Halbleiter- und optischen Technologie bis hin zu dekorativen und sch\u00fctzenden Beschichtungen f\u00fcr Automobilteile und Konsumg\u00fcter. Einfach und schnell zu kalibrieren, ist die Genauigkeit der Daten \u00fcber die Zeit und von einem Ger\u00e4t zum anderen gew\u00e4hrleistet. Hohe Leistungsf\u00e4higkeit, Langlebigkeit, geringe Wartungskosten und besonders hohe Genauigkeit sind Standard.<\/p>\n<p>&nbsp;<\/p>\n<p align=\"justify\"><strong>MIKROTEST-MODI<\/strong><\/p>\n<p><a href=\"https:\/\/nanovea.com\/micro-indentation-tester\">Mikroindentation | Mikroh\u00e4rtepr\u00fcfung<\/a><\/p>\n<p><a href=\"https:\/\/nanovea.com\/micro-scratch-tester\">Mikrokratzer | Adh\u00e4sionspr\u00fcfung<\/a><\/p>\n<p><a href=\"https:\/\/nanovea.com\/micro-wear-tester\">Mikroverschlei\u00df- und Reibungstests<\/a><\/p>\n<\/div>","protected":false},"excerpt":{"rendered":"<p>MICRO MODULE Now the world\u2019s leading micro mechanical testing MICRO MODULE Mechanical Testers | Nano Module | Application Notes Now the world\u2019s leading micro mechanical testing. Automatic, accurate and fast hardness and elastic modulus results obtained from depth versus load data are truly a giant leap compared to traditional hardness testers. This past century technology [&hellip;]<\/p>\n","protected":false},"author":1,"featured_media":0,"parent":0,"menu_order":0,"comment_status":"open","ping_status":"open","template":"tpl-newslider.php","meta":{"_exactmetrics_skip_tracking":false,"_exactmetrics_sitenote_active":false,"_exactmetrics_sitenote_note":"","_exactmetrics_sitenote_category":0,"footnotes":""},"class_list":["post-151","page","type-page","status-publish","hentry"],"_links":{"self":[{"href":"https:\/\/nanovea.com\/de\/wp-json\/wp\/v2\/pages\/151","targetHints":{"allow":["GET"]}}],"collection":[{"href":"https:\/\/nanovea.com\/de\/wp-json\/wp\/v2\/pages"}],"about":[{"href":"https:\/\/nanovea.com\/de\/wp-json\/wp\/v2\/types\/page"}],"author":[{"embeddable":true,"href":"https:\/\/nanovea.com\/de\/wp-json\/wp\/v2\/users\/1"}],"replies":[{"embeddable":true,"href":"https:\/\/nanovea.com\/de\/wp-json\/wp\/v2\/comments?post=151"}],"version-history":[{"count":31,"href":"https:\/\/nanovea.com\/de\/wp-json\/wp\/v2\/pages\/151\/revisions"}],"predecessor-version":[{"id":4214,"href":"https:\/\/nanovea.com\/de\/wp-json\/wp\/v2\/pages\/151\/revisions\/4214"}],"wp:attachment":[{"href":"https:\/\/nanovea.com\/de\/wp-json\/wp\/v2\/media?parent=151"}],"curies":[{"name":"wp","href":"https:\/\/api.w.org\/{rel}","templated":true}]}}