{"id":149,"date":"2015-03-04T15:24:09","date_gmt":"2015-03-04T15:24:09","guid":{"rendered":"http:\/\/nanovea.com\/?page_id=149"},"modified":"2018-11-21T17:56:52","modified_gmt":"2018-11-21T17:56:52","slug":"nanomodul","status":"publish","type":"page","link":"https:\/\/nanovea.com\/de\/nanomodul\/","title":{"rendered":"Nano-Modul"},"content":{"rendered":"<div id=\"newslider\" style=\"min-height: auto; overflow: hidden;\">\n<ul>\n<li>\n<div class=\"slider-text\">\n<h2>NANO-MODUL<\/h2>\n<p>Unabh\u00e4ngige Kraft- und Tiefensensoren und<br \/>\nkontinuierliche Messung der aufgebrachten Last<br \/>\nin den Modi Eindr\u00fccken, Kratzen und Verschlei\u00df.<\/p>\n<\/div>\n<p><!--<img fetchpriority=\"high\" decoding=\"async\" class=\"alignnone\" src=\"https:\/\/nanovea.com\/wp-content\/uploads\/2015\/04\/slide-nanomodule.jpg\" alt=\"Nanoindenter\" width=\"1033\" height=\"345\" \/>!--><br \/>\n<a href=\"https:\/\/nanovea.com\/wp-content\/uploads\/2018\/11\/Micro-Module-with-Nano-Box.jpg\"><img decoding=\"async\" class=\"alignnone size-full wp-image-4216\" src=\"https:\/\/nanovea.com\/wp-content\/uploads\/2018\/11\/Micro-Module-with-Nano-Box.jpg\" alt=\"\" width=\"1033\" height=\"345\" \/><\/a><\/li>\n<\/ul>\n<\/div>\n<h1><strong>NANO-MODUL-EINF\u00dcHRUNG<\/strong><\/h1>\n<p><a href=\"https:\/\/nanovea.com\/mechanical-tester\">Mechanische Pr\u00fcfger\u00e4te <\/a>| <a href=\"https:\/\/nanovea.com\/micro-macro-module\">Mikro-Modul<\/a> | <a href=\"https:\/\/nanovea.com\/application-notes\">Application Notes<\/a><\/p>\n<div class=\"product-pic\"><\/div>\n<div class=\"product-desc\">\n<p align=\"justify\">Das Nanomodul wurde mit dem Ziel entwickelt, dem Kunden hohe Genauigkeit bei einfacher Bedienung, Langlebigkeit und geringen Wartungskosten zu bieten. Dies wird durch die einzigartige Kombination aus Piezoaktuator, hochempfindlicher Kraftmesszelle und einem gro\u00dfen Oberfl\u00e4chenkondensatorring erreicht, die f\u00fcr maximale Steifigkeit vertikal ausgerichtet sind. Die einzigartige Verwendung unabh\u00e4ngiger Tiefen- und Kraftsensoren gew\u00e4hrleistet eine hohe Genauigkeit unter allen Bedingungen und bietet dar\u00fcber hinaus eine hervorragende Kontaktpunkterkennung, da die aufgebrachte Kraft direkt von dem unabh\u00e4ngigen Sensor gemessen wird, wenn der Eindringk\u00f6rper die Oberfl\u00e4che zum ersten Mal ber\u00fchrt. Das Modul bietet au\u00dferdem einen geschlossenen Regelkreis, der die Daten des unabh\u00e4ngigen Tiefen- oder Kraftsensors nutzt. Diese Funktion ist unerl\u00e4sslich, um schnell und genau auf schnelle Ereignisse zu reagieren, wie z. B. bei Kratz- und Verschlei\u00dfpr\u00fcfungen oder beim Auftreten von Br\u00fcchen w\u00e4hrend des Eindringens. Die Messung der tats\u00e4chlich aufgebrachten Last gew\u00e4hrleistet auch bei schnellen DMA-Pr\u00fcfungen eine hohe Genauigkeit und erm\u00f6glicht eine automatische Steuerung. Die hochempfindliche Kraftmesszelle l\u00e4sst sich auch problemlos mit einer direkten Gewichtswaage kalibrieren. Daher kann jedes Nano-Modul vom Benutzer in weniger als 15 Minuten f\u00fcr Last, Tiefe und Compliance kalibriert werden. Dies gew\u00e4hrleistet eine konstante Genauigkeit der Daten \u00fcber die Zeit und von einem Ger\u00e4t zum anderen. Nanovea erreicht diese hohe Genauigkeit mit einem der besten vergleichbaren Ger\u00e4uschpegel in der Branche.<\/p>\n<p align=\"justify\">Das Modul erm\u00f6glicht Pr\u00fcfungen im Nanometerma\u00dfstab in den Pr\u00fcfmodi Eindr\u00fccken, Kratzen und Verschlei\u00df. Jeder Pr\u00fcfmodus bietet eine breite Palette von Pr\u00fcfungen, die Eigenschaften wie H\u00e4rte, Kriechen, Elastizit\u00e4tsmodul, Spannungs-Dehnungs-Kurven, Streckgrenze, Erm\u00fcdung, Verlust- und Speichermodul, Bruchz\u00e4higkeit, Verschlei\u00dfrate, Reibungskoeffizient, Kratz- und Kratzfestigkeit, plastische\/elastische Verformung sowie weitere Pr\u00fcfungen liefern k\u00f6nnen. In Kombination mit dem integrierten motorisierten x-y-Tisch kann man an sehr spezifischen Stellen pr\u00fcfen oder eine vollst\u00e4ndige Abbildung der Eigenschaften \u00fcber einen ausgew\u00e4hlten Bereich vornehmen. Das einzigartige Design des Nano-Moduls mit dem Piezo-Aktuator erm\u00f6glicht pr\u00e4zise Eindr\u00fccke in weniger als 3 Sekunden, so dass die Kartierung innerhalb von Minuten erfolgen kann. Das Nanomodul ist ideal f\u00fcr die genaue Charakterisierung d\u00fcnner industrieller Beschichtungen oder Filme. Beispiele hierf\u00fcr sind d\u00fcnne Polymerbeschichtungen f\u00fcr die Medizintechnik und verschiedene d\u00fcnne Beschichtungen f\u00fcr die Solar- und optische Linsenindustrie. Eine weitere wichtige Anwendung des Nanomoduls ist die Pr\u00fcfung von Oberfl\u00e4chen, wie z. B. von Klarlacken in der Automobilindustrie und anderen Schutzschichten auf tragbaren Ger\u00e4ten wie z. B. mobiler Elektronik.<\/p>\n<p align=\"justify\">Das Nanomodul wurde f\u00fcr eine hohe thermische Stabilit\u00e4t mit einer unkorrigierten thermischen Drift der Rohdaten von &lt; 0,02 nm\/Sek. entwickelt. Bei hohen Temperaturen sorgt der Ofen f\u00fcr eine einheitliche Temperatur der Spitze und der Probe, was eine h\u00f6here Genauigkeit und eine geringere Drift ohne Kompensation erm\u00f6glicht. Bei Verwendung des Hochtemperaturofens ist das Nanomodul aus MACOR-Material mit einem niedrigen W\u00e4rmeausdehnungskoeffizienten von &lt; 10-6 \/ \u00b0C gefertigt. Dies reduziert jegliche thermische Drift bei hohen Temperaturen.<\/p>\n<p><strong>NANO-TESTMODI<\/strong><\/p>\n<p><a href=\"https:\/\/nanovea.com\/nano-indentation-tester\">Nanoindentation | Nano-H\u00e4rtepr\u00fcfung<\/a><strong><br \/>\n<\/strong><\/p>\n<p><a href=\"https:\/\/nanovea.com\/nano-scratch-tester\">Nano Scratch | Adh\u00e4sionspr\u00fcfung<\/a><\/p>\n<p><a href=\"https:\/\/nanovea.com\/nano-wear-tester\">Nano-Verschlei\u00df- und Reibungstests<\/a><\/p>\n<\/div>","protected":false},"excerpt":{"rendered":"<p>NANO MODULE Unabh\u00e4ngige Kraft- und Tiefensensoren und kontinuierliche Messung der aufgebrachten Last w\u00e4hrend der Modi Eindr\u00fccken, Kratzen und Verschlei\u00df. NANO MODULE INTRO Mechanische Pr\u00fcfger\u00e4te | Mikromodul | Anwendungshinweise Entwickelt mit der Vision, dem Kunden hohe Genauigkeit bei einfacher Bedienung, Langlebigkeit und geringen Wartungskosten zu bieten; das Nano-Modul erreicht dies durch seine einzigartige [...]<\/p>","protected":false},"author":1,"featured_media":0,"parent":0,"menu_order":0,"comment_status":"open","ping_status":"open","template":"tpl-newslider.php","meta":{"_exactmetrics_skip_tracking":false,"_exactmetrics_sitenote_active":false,"_exactmetrics_sitenote_note":"","_exactmetrics_sitenote_category":0,"footnotes":""},"class_list":["post-149","page","type-page","status-publish","hentry"],"_links":{"self":[{"href":"https:\/\/nanovea.com\/de\/wp-json\/wp\/v2\/pages\/149","targetHints":{"allow":["GET"]}}],"collection":[{"href":"https:\/\/nanovea.com\/de\/wp-json\/wp\/v2\/pages"}],"about":[{"href":"https:\/\/nanovea.com\/de\/wp-json\/wp\/v2\/types\/page"}],"author":[{"embeddable":true,"href":"https:\/\/nanovea.com\/de\/wp-json\/wp\/v2\/users\/1"}],"replies":[{"embeddable":true,"href":"https:\/\/nanovea.com\/de\/wp-json\/wp\/v2\/comments?post=149"}],"version-history":[{"count":22,"href":"https:\/\/nanovea.com\/de\/wp-json\/wp\/v2\/pages\/149\/revisions"}],"predecessor-version":[{"id":4217,"href":"https:\/\/nanovea.com\/de\/wp-json\/wp\/v2\/pages\/149\/revisions\/4217"}],"wp:attachment":[{"href":"https:\/\/nanovea.com\/de\/wp-json\/wp\/v2\/media?parent=149"}],"curies":[{"name":"wp","href":"https:\/\/api.w.org\/{rel}","templated":true}]}}