{"id":2244,"date":"2016-01-21T23:09:53","date_gmt":"2016-01-21T23:09:53","guid":{"rendered":"http:\/\/nanovea.com\/?page_id=2244"},"modified":"2018-11-16T17:09:30","modified_gmt":"2018-11-16T17:09:30","slug":"sivi-triboloji","status":"publish","type":"page","link":"http:\/\/nanovea.com\/tr\/sivi-triboloji\/","title":{"rendered":"S\u0131v\u0131 Triboloji Testi"},"content":{"rendered":"<div class=\"wonderpluginslider-container\" id=\"wonderpluginslider-container-6\" style=\"max-width:1035px;margin:0 auto;padding-left:0px;padding-right:0px;padding-top:0px;padding-bottom:0px;\"><div class=\"wonderpluginslider\" id=\"wonderpluginslider-6\" data-sliderid=\"6\" data-width=\"1035\" data-height=\"380\" data-skin=\"cube\" data-autoplay=\"true\" data-randomplay=\"false\" data-loadimageondemand=\"false\" data-transitiononfirstslide=\"false\" data-autoplayvideo=\"false\" data-isresponsive=\"true\" data-fullwidth=\"false\" data-isfullscreen=\"false\" data-ratioresponsive=\"false\" data-showtext=\"true\" data-showtimer=\"false\" data-showbottomshadow=\"false\" data-navshowpreview=\"false\" data-textautohide=\"true\" data-pauseonmouseover=\"false\" data-lightboxresponsive=\"true\" data-lightboxshownavigation=\"false\" data-lightboxshowtitle=\"true\" data-lightboxshowdescription=\"false\" data-texteffectresponsive=\"true\" data-donotinit=\"false\" data-addinitscript=\"false\" data-lightboxfullscreenmode=\"false\" data-lightboxcloseonoverlay=\"true\" data-lightboxvideohidecontrols=\"false\" data-lightboxnogroup=\"false\" data-shownav=\"true\" data-navthumbresponsive=\"false\" data-navshowfeaturedarrow=\"false\" data-lightboxshowsocial=\"false\" data-lightboxshowfacebook=\"true\" data-lightboxshowtwitter=\"true\" data-lightboxshowpinterest=\"true\" data-lightboxsocialrotateeffect=\"true\" data-showsocial=\"false\" data-showfacebook=\"true\" data-showtwitter=\"true\" data-showpinterest=\"true\" data-socialrotateeffect=\"true\" data-disableinlinecss=\"false\" data-triggerresize=\"false\" data-lightboxautoslide=\"false\" data-lightboxshowtimer=\"true\" data-lightboxshowplaybutton=\"true\" data-lightboxalwaysshownavarrows=\"false\" data-lightboxshowtitleprefix=\"true\" data-titleusealt=\"false\" data-outputtext=\"false\" data-scalemode=\"fit\" data-arrowstyle=\"always\" data-transition=\"slide\" data-loop=\"0\" data-border=\"0\" data-slideinterval=\"8000\" data-arrowimage=\"arrows-36-80-0.png\" data-arrowwidth=\"36\" data-arrowheight=\"80\" data-arrowtop=\"50\" data-arrowmargin=\"-18\" data-navstyle=\"bullets\" data-navimage=\"bullet-24-24-1.png\" data-navwidth=\"24\" data-navheight=\"24\" data-navspacing=\"8\" data-navmarginx=\"16\" data-navmarginy=\"16\" data-navposition=\"bottom\" data-navthumbnavigationstyle=\"arrow\" data-navthumbnavigationarrowimage=\"carouselarrows-32-32-0.png\" data-navthumbnavigationarrowimagewidth=\"32\" data-navthumbnavigationarrowimageheight=\"32\" data-playvideoimage=\"playvideo-64-64-0.png\" data-playvideoimagewidth=\"64\" data-playvideoimageheight=\"64\" data-lightboxthumbwidth=\"90\" data-lightboxthumbheight=\"60\" data-lightboxthumbtopmargin=\"12\" data-lightboxthumbbottommargin=\"4\" data-lightboxbarheight=\"64\" data-lightboxtitlebottomcss=\"color:#333; font-size:14px; font-family:Armata,sans-serif,Arial; overflow:hidden; text-align:left;\" data-lightboxdescriptionbottomcss=\"color:#333; font-size:12px; font-family:Arial,Helvetica,sans-serif; overflow:hidden; text-align:left; margin:4px 0px 0px; padding: 0px;\" data-textformat=\"Color box\" data-textpositionstatic=\"bottom\" data-textpositiondynamic=\"topleft\" data-paddingleft=\"0\" data-paddingright=\"0\" data-paddingtop=\"0\" data-paddingbottom=\"0\" data-texteffectresponsivesize=\"640\" data-textleftrightpercentforstatic=\"40\" data-fadeduration=\"1000\" data-crossfadeduration=\"1000\" data-slideduration=\"1000\" data-elasticduration=\"1000\" data-sliceduration=\"1500\" data-blindsduration=\"1500\" data-blocksduration=\"1500\" data-shuffleduration=\"1500\" data-tilesduration=\"2000\" data-kenburnsduration=\"5000\" data-flipduration=\"1500\" data-flipwithzoomduration=\"2000\" data-threedduration=\"1500\" data-threedhorizontalduration=\"1500\" data-threedwithzoomduration=\"2500\" data-threedhorizontalwithzoomduration=\"2200\" data-threedflipduration=\"1500\" data-threedflipwithzoomduration=\"2000\" data-threedtilesduration=\"2000\" data-threedfallback=\"flip\" data-threedhorizontalfallback=\"flip\" data-threedwithzoomfallback=\"flipwithzoom\" data-threedhorizontalwithzoomfallback=\"flipwithzoom\" data-threedflipfallback=\"flip\" data-threedflipwithzoomfallback=\"flipwithzoom\" data-threedtilesfallback=\"tiles\" data-ratiomediumscreen=\"800\" data-ratiomediumheight=\"1.2\" data-ratiosmallscreen=\"480\" data-ratiosmallheight=\"1.6\" data-socialmode=\"mouseover\" data-socialposition=\"position:absolute;top:8px;right:8px;\" data-socialpositionsmallscreen=\"position:absolute;top:8px;right:8px;\" data-socialdirection=\"horizontal\" data-socialbuttonsize=\"32\" data-socialbuttonfontsize=\"18\" data-navthumbcolumn=\"5\" data-navthumbtitleheight=\"20\" data-navthumbtitlewidth=\"120\" data-navthumbresponsivemode=\"samesize\" data-navthumbstyle=\"imageonly\" data-navthumbmediumsize=\"900\" data-navthumbmediumwidth=\"64\" data-navthumbmediumheight=\"64\" data-navthumbmediumcolumn=\"4\" data-navthumbmediumtitleheight=\"18\" data-navthumbmediumtitlewidth=\"120\" data-navthumbsmallsize=\"600\" data-navthumbsmallwidth=\"48\" data-navthumbsmallheight=\"48\" data-navthumbsmallcolumn=\"3\" data-navthumbsmalltitleheight=\"18\" data-navthumbsmalltitlewidth=\"120\" data-lightboxsocialposition=\"position:absolute;top:100%;right:0;\" data-lightboxsocialpositionsmallscreen=\"position:absolute;top:100%;right:0;left:0;\" data-lightboxsocialdirection=\"horizontal\" data-lightboxsocialbuttonsize=\"32\" data-lightboxsocialbuttonfontsize=\"18\" data-lightboxtitlestyle=\"bottom\" data-lightboximagepercentage=\"75\" data-lightboxdefaultvideovolume=\"1\" data-lightboxoverlaybgcolor=\"#000\" data-lightboxoverlayopacity=\"0.9\" data-lightboxbgcolor=\"#fff\" data-lightboxtitleprefix=\"%NUM \/ %TOTAL\" data-lightboxtitleinsidecss=\"color:#fff; font-size:16px; font-family:Arial,Helvetica,sans-serif; overflow:hidden; text-align:left;\" data-lightboxdescriptioninsidecss=\"color:#fff; font-size:12px; font-family:Arial,Helvetica,sans-serif; overflow:hidden; text-align:left; margin:4px 0px 0px; padding: 0px;\" data-triggerresizedelay=\"100\" data-lightboxslideinterval=\"5000\" data-lightboxtimerposition=\"bottom\" data-lightboxtimercolor=\"#dc572e\" data-lightboxtimeropacity=\"1\" data-lightboxbordersize=\"8\" data-lightboxborderradius=\"0\" data-textcss=\"display:block; padding:8px 16px; text-align:left;\" data-textbgcss=\"display:none;\" data-titlecss=\"color: #1b96cf;    font-family: &quot;Open Sans&quot;,sans-serif;    font-size: 32px;    margin-top: 25px;    margin-left: -20px;    font-weight:bold;\" data-descriptioncss=\"color: #282828;    font-size: 18px;    line-height: 30px;    margin-left: -20px;    margin-top: 03px;\" data-buttoncss=\"display:block; position:relative; margin-top:10px;\" data-titlecssresponsive=\"font-size:12px;\" data-descriptioncssresponsive=\"display:none !important;\" data-buttoncssresponsive=\"font-size: 9px !important;width:100%;\" data-jsfolder=\"http:\/\/nanovea.com\/wp-content\/plugins\/wonderplugin-slider-lite\/engine\/\" style=\"display:none;\" ><ul class=\"amazingslider-slides\"  style=\"display:none;\"><li><img decoding=\"async\" class=\"amazingslider-img-elem amazingsliderimg\" src=\"https:\/\/nanovea.com\/wp-content\/uploads\/2015\/04\/liquid-tribology-1.jpg\" alt=\"SIVI TRIBOLOJISI\" title=\"SIVI TRIBOLOJISI\" data-description=\"Both Rotative and Linear Liquid Cup options\" \/><\/li><li><img decoding=\"async\" class=\"amazingslider-img-elem amazingsliderimg\" src=\"https:\/\/nanovea.com\/wp-content\/uploads\/2015\/04\/liquid-tribology-2.jpg\" alt=\"SIVI TRIBOLOJISI\" title=\"SIVI TRIBOLOJISI\" data-description=\"Precision control for continuous Stribeck Curve\" \/><\/li><li><img decoding=\"async\" class=\"amazingslider-img-elem amazingsliderimg\" src=\"https:\/\/nanovea.com\/wp-content\/uploads\/2015\/04\/liquid-tribology-3.jpg\" alt=\"SIVI TRIBOLOJISI\" title=\"SIVI TRIBOLOJISI\" data-description=\"Evolution of COF at different stages\" \/><\/li><\/ul><\/div><\/div><div id=\"amazingslider_customtexteffect_6\" style=\"display:none;\" data-texteffect=\"{&quot;Color box&quot;:{&quot;textstyle&quot;:&quot;dynamic&quot;,&quot;textpositionstatic&quot;:&quot;bottom&quot;,&quot;textautohide&quot;:true,&quot;textpositionmarginstatic&quot;:0,&quot;textpositiondynamic&quot;:&quot;topleft&quot;,&quot;textpositionmarginleft&quot;:24,&quot;textpositionmarginright&quot;:24,&quot;textpositionmargintop&quot;:24,&quot;textpositionmarginbottom&quot;:24,&quot;texteffect&quot;:&quot;slide&quot;,&quot;texteffecteasing&quot;:&quot;easeOutCubic&quot;,&quot;texteffectduration&quot;:600,&quot;texteffectslidedirection&quot;:&quot;left&quot;,&quot;texteffectslidedistance&quot;:30,&quot;texteffectdelay&quot;:500,&quot;texteffectseparate&quot;:true,&quot;texteffect1&quot;:&quot;slide&quot;,&quot;texteffectslidedirection1&quot;:&quot;right&quot;,&quot;texteffectslidedistance1&quot;:120,&quot;texteffecteasing1&quot;:&quot;easeOutCubic&quot;,&quot;texteffectduration1&quot;:600,&quot;texteffectdelay1&quot;:1000,&quot;texteffect2&quot;:&quot;slide&quot;,&quot;texteffectslidedirection2&quot;:&quot;right&quot;,&quot;texteffectslidedistance2&quot;:120,&quot;texteffecteasing2&quot;:&quot;easeOutCubic&quot;,&quot;texteffectduration2&quot;:600,&quot;texteffectdelay2&quot;:1500,&quot;textcss&quot;:&quot;display:block; padding:8px 16px; text-align:left;&quot;,&quot;textbgcss&quot;:&quot;display:none;&quot;,&quot;titlecss&quot;:&quot;color: #1b96cf;\\n    font-family: \\&quot;Open Sans\\&quot;,sans-serif;\\n    font-size: 32px;\\n    margin-top: 25px;\\n    margin-left: -20px;\\n    font-weight:bold;&quot;,&quot;descriptioncss&quot;:&quot;color: #282828;\\n    font-size: 18px;\\n    line-height: 30px;\\n    margin-left: -20px;\\n    margin-top: 03px;&quot;,&quot;buttoncss&quot;:&quot;display:block; position:relative; margin-top:10px;&quot;,&quot;texteffectresponsive&quot;:true,&quot;texteffectresponsivesize&quot;:640,&quot;titlecssresponsive&quot;:&quot;font-size:12px;&quot;,&quot;descriptioncssresponsive&quot;:&quot;display:none !important;&quot;,&quot;buttoncssresponsive&quot;:&quot;font-size: 9px !important;\\nwidth:100%;&quot;,&quot;addgooglefonts&quot;:false,&quot;googlefonts&quot;:&quot;&quot;,&quot;textleftrightpercentforstatic&quot;:40}}\"><\/div>\n<h1>SIVI TRIBOLOJISINE GIRI\u015e<\/h1>\n<p><a href=\"https:\/\/nanovea.com\/tribometers\">Tribometre Aletleri<\/a> | <a href=\"https:\/\/nanovea.com\/lab-services\/\">Laboratuvar Hizmetleri<\/a> | <a href=\"https:\/\/nanovea.com\/rotative-wear-test\">Rotatif<\/a> | <a href=\"https:\/\/nanovea.com\/linear-wear-test\">Do\u011frusal<\/a> | <a href=\"https:\/\/nanovea.com\/application-notes\">Uygulama Notlar\u0131<\/a><\/p>\n<div class=\"product-desc\">\n<p align=\"justify\"><strong>S\u0131v\u0131 Triboloji S\u00fcreci:<br \/>\n<\/strong>Nanovea Tribometer, s\u0131v\u0131larda veya ya\u011flay\u0131c\u0131larda a\u015f\u0131nma ve s\u00fcrt\u00fcnme deneyleri yapmak i\u00e7in s\u0131v\u0131\/ya\u011flay\u0131c\u0131 do\u011frusal ve d\u00f6ner kap mod\u00fclleri sa\u011flar. Ger\u00e7ek\u00e7i uygulamalar i\u00e7in a\u015f\u0131nma s\u00fcrecini sim\u00fcle etmek \u00fczere farkl\u0131 s\u0131v\u0131 \u00e7\u00f6zeltileri kullan\u0131labilir. Malzemelerin s\u0131v\u0131larda veya ya\u011flay\u0131c\u0131larda a\u015f\u0131nmas\u0131 ve s\u00fcrt\u00fcnmesi \u00e7e\u015fitli end\u00fcstriyel uygulamalar i\u00e7in kritik \u00f6neme sahiptir. \u00d6rne\u011fin, eklemler, stentler ve di\u015f k\u00f6kleri gibi biyolojik replasmanlar i\u00e7in biyomalzemeler, s\u0131v\u0131 bir ortamda m\u00fckemmel uzun vadeli diren\u00e7 ve yeterli mukavemet gerektirir. Motor motorlar\u0131ndaki par\u00e7alar, a\u015f\u0131nma ve s\u00fcrt\u00fcnmeyi azaltmak ve kullan\u0131m \u00f6mr\u00fcn\u00fc uzatmak i\u00e7in uygun ya\u011flama ile korunmal\u0131d\u0131r. A\u015f\u0131nma testi s\u0131ras\u0131nda, s\u00fcrt\u00fcnme katsay\u0131s\u0131n\u0131n geli\u015fimi, a\u015f\u0131nma geli\u015fiminin farkl\u0131 a\u015famalar\u0131 hakk\u0131nda bilgi sa\u011flar. H\u0131z\u0131n hassas kontrol\u00fc ve h\u0131z\u0131n s\u00fcrekli de\u011fi\u015fimi ile birlikte, test ya\u011flay\u0131c\u0131s\u0131 i\u00e7in s\u00fcrekli bir Stribeck E\u011frisi \u00f6l\u00e7\u00fclebilir. Kaplardaki s\u0131v\u0131y\u0131 150\u00b0C'ye kadar \u0131s\u0131tmak i\u00e7in bir s\u0131v\u0131 \u0131s\u0131tma bobini mevcuttur. Kab\u0131n bir aksesuar\u0131, 5000 rpm'lik \u00e7ok h\u0131zl\u0131 d\u00f6n\u00fc\u015f h\u0131z\u0131nda bile ya\u011flama testine izin veren damla damla ya\u011flama se\u00e7ene\u011fidir.<\/p>\n<p>&nbsp;<\/p>\n<p align=\"justify\"><strong>Standartlar:<\/strong><\/p>\n<p align=\"justify\">- ASTM G99<\/p>\n<p>- ASTM G133<\/p>\n<p>&nbsp;<\/p>\n<p><strong>S\u0131v\u0131 A\u015f\u0131nmas\u0131 S\u0131ras\u0131nda Analiz Edilen \u00d6zellikler:<\/strong><\/p>\n<p>- A\u015f\u0131nma Oranlar\u0131<\/p>\n<p>- S\u00fcrt\u00fcnme Katsay\u0131s\u0131<\/p>\n<p>- H\u0131za kar\u015f\u0131 s\u00fcrt\u00fcnme<\/p>\n<p>- Stribeck E\u011frisi<\/p>\n<p>- S\u0131cakl\u0131\u011fa kar\u015f\u0131 s\u00fcrt\u00fcnme veya a\u015f\u0131nma katsay\u0131s\u0131<\/p>\n<p>&nbsp;<\/p>\n<p><strong>S\u0131v\u0131 A\u015f\u0131nmas\u0131 S\u0131ras\u0131nda Yaz\u0131l\u0131m Kontrolleri:<\/strong><\/p>\n<p>- Test S\u0131ras\u0131nda De\u011fi\u015fken H\u0131z Kontrol\u00fc<\/p>\n<p>&nbsp;<\/p>\n<p><strong>S\u0131v\u0131 A\u015f\u0131nmas\u0131 S\u0131ras\u0131nda Ortam Kontrolleri:<\/strong><\/p>\n<p>- Ger\u00e7ek\u00e7i Uygulamalar\u0131 Sim\u00fcle Etmek i\u00e7in \u00c7e\u015fitli \u00c7\u00f6z\u00fcmler<\/p>\n<p>&nbsp;<\/p>\n<p><strong>U\u00e7lar: (\u00c7elik, Elmas, WC, Al2O3 ve di\u011fer bir\u00e7ok malzeme):<\/strong><\/p>\n<p>- 3, 6, 10 ve 25 mm top<\/p>\n<p>- \u00d6zel top boyutlar\u0131<\/p>\n<p>- \u00d6zel \u0130\u011fneler<\/p>\n<p>- D\u00fcz Plaka<\/p>\n<p>- \u00d6zel geometriler<\/p>\n<p>&nbsp;<\/p>\n<p><strong>\u00d6rnek(ler) Sahipleri:<\/strong><\/p>\n<p>- Standart Kelep\u00e7e<\/p>\n<p>- S\u0131v\u0131 Barda\u011f\u0131 \u00dczerine Klips Montaj\u0131<\/p>\n<p>- \u00c7e\u015fitli geometriler i\u00e7in di\u011fer Numune Tutucular mevcuttur<\/p>\n<p>&nbsp;<\/p>\n<p><strong>Ek Triboloji Testleri:<\/strong><br \/>\n<a href=\"https:\/\/nanovea.com\/temperature-tribology-testing\" target=\"_blank\" rel=\"noopener\">S\u0131cakl\u0131k <\/a><br \/>\n<a href=\"https:\/\/nanovea.com\/corrosion-tribology-testing\" target=\"_blank\" rel=\"noopener\">Korozyon<\/a><\/p>\n<\/div>","protected":false},"excerpt":{"rendered":"<p>LIQUID TRIBOLOGY INTRO Tribometer Instruments | Lab Services | Rotative | Linear | Application Notes Liquid Tribology Process: Nanovea Tribometer provides the liquid\/lubricant linear and rotative cup modules to carry out wear and friction experiments in liquids or lubricants. Different liquid solutions can be used to simulate the wear process for realistic applications. The wear [&hellip;]<\/p>","protected":false},"author":1,"featured_media":0,"parent":0,"menu_order":0,"comment_status":"closed","ping_status":"closed","template":"","meta":{"_exactmetrics_skip_tracking":false,"_exactmetrics_sitenote_active":false,"_exactmetrics_sitenote_note":"","_exactmetrics_sitenote_category":0,"footnotes":""},"class_list":["post-2244","page","type-page","status-publish","hentry"],"_links":{"self":[{"href":"http:\/\/nanovea.com\/tr\/wp-json\/wp\/v2\/pages\/2244","targetHints":{"allow":["GET"]}}],"collection":[{"href":"http:\/\/nanovea.com\/tr\/wp-json\/wp\/v2\/pages"}],"about":[{"href":"http:\/\/nanovea.com\/tr\/wp-json\/wp\/v2\/types\/page"}],"author":[{"embeddable":true,"href":"http:\/\/nanovea.com\/tr\/wp-json\/wp\/v2\/users\/1"}],"replies":[{"embeddable":true,"href":"http:\/\/nanovea.com\/tr\/wp-json\/wp\/v2\/comments?post=2244"}],"version-history":[{"count":11,"href":"http:\/\/nanovea.com\/tr\/wp-json\/wp\/v2\/pages\/2244\/revisions"}],"predecessor-version":[{"id":4058,"href":"http:\/\/nanovea.com\/tr\/wp-json\/wp\/v2\/pages\/2244\/revisions\/4058"}],"wp:attachment":[{"href":"http:\/\/nanovea.com\/tr\/wp-json\/wp\/v2\/media?parent=2244"}],"curies":[{"name":"wp","href":"https:\/\/api.w.org\/{rel}","templated":true}]}}