{"id":86,"date":"2015-03-02T16:48:10","date_gmt":"2015-03-02T16:48:10","guid":{"rendered":"http:\/\/nanovea.com\/?page_id=86"},"modified":"2022-04-25T14:41:45","modified_gmt":"2022-04-25T14:41:45","slug":"misurazione-del-profilo-della-superficie","status":"publish","type":"page","link":"http:\/\/nanovea.com\/it\/misurazione-del-profilo-della-superficie\/","title":{"rendered":"Misurazione del profilo di superficie"},"content":{"rendered":"<div class=\"wonderpluginslider-container\" id=\"wonderpluginslider-container-19\" style=\"max-width:1035px;margin:0 auto;padding-left:0px;padding-right:0px;padding-top:0px;padding-bottom:0px;\"><div class=\"wonderpluginslider\" id=\"wonderpluginslider-19\" data-sliderid=\"19\" data-width=\"1035\" data-height=\"375\" data-skin=\"cube\" data-autoplay=\"true\" data-randomplay=\"false\" data-loadimageondemand=\"false\" data-transitiononfirstslide=\"false\" data-autoplayvideo=\"false\" data-isresponsive=\"true\" data-fullwidth=\"false\" data-isfullscreen=\"false\" data-ratioresponsive=\"false\" data-showtext=\"true\" data-showtimer=\"false\" data-showbottomshadow=\"false\" data-navshowpreview=\"false\" data-textautohide=\"true\" data-lightboxresponsive=\"true\" data-lightboxshownavigation=\"false\" data-lightboxshowtitle=\"true\" data-lightboxshowdescription=\"false\" data-texteffectresponsive=\"true\" data-donotinit=\"false\" data-addinitscript=\"false\" data-lightboxfullscreenmode=\"false\" data-lightboxcloseonoverlay=\"true\" data-lightboxvideohidecontrols=\"false\" data-lightboxnogroup=\"false\" data-lightboxautoslide=\"false\" data-lightboxshowtimer=\"true\" data-lightboxshowplaybutton=\"true\" data-lightboxalwaysshownavarrows=\"false\" data-lightboxshowtitleprefix=\"true\" data-titleusealt=\"false\" data-outputtext=\"false\" data-scalemode=\"fit\" data-arrowstyle=\"always\" data-transition=\"slide\" data-loop=\"0\" data-border=\"0\" data-slideinterval=\"8000\" data-arrowimage=\"arrows-36-80-0.png\" data-arrowwidth=\"36\" data-arrowheight=\"80\" data-arrowtop=\"50\" data-arrowmargin=\"-18\" data-navstyle=\"bullets\" data-navimage=\"bullet-24-24-1.png\" data-navwidth=\"24\" data-navheight=\"24\" data-navspacing=\"8\" data-navmarginx=\"16\" data-navmarginy=\"16\" data-navposition=\"bottom\" data-playvideoimage=\"playvideo-64-64-0.png\" data-playvideoimagewidth=\"64\" data-playvideoimageheight=\"64\" data-lightboxthumbwidth=\"90\" data-lightboxthumbheight=\"60\" data-lightboxthumbtopmargin=\"12\" data-lightboxthumbbottommargin=\"4\" data-lightboxbarheight=\"64\" data-lightboxtitlebottomcss=\"color:#333; font-size:14px; font-family:Armata,sans-serif,Arial; overflow:hidden; text-align:left;\" data-lightboxdescriptionbottomcss=\"color:#333; font-size:12px; font-family:Arial,Helvetica,sans-serif; overflow:hidden; text-align:left; margin:4px 0px 0px; padding: 0px;\" data-textformat=\"Color box\" data-textpositionstatic=\"bottom\" data-textpositiondynamic=\"topleft\" data-paddingleft=\"0\" data-paddingright=\"0\" data-paddingtop=\"0\" data-paddingbottom=\"0\" data-texteffectresponsivesize=\"640\" data-fadeduration=\"1000\" data-crossfadeduration=\"1000\" data-slideduration=\"1000\" data-elasticduration=\"1000\" data-sliceduration=\"1500\" data-blindsduration=\"1500\" data-blocksduration=\"1500\" data-shuffleduration=\"1500\" data-tilesduration=\"2000\" data-kenburnsduration=\"5000\" data-flipduration=\"1500\" data-flipwithzoomduration=\"2000\" data-threedduration=\"1500\" data-threedhorizontalduration=\"1500\" data-threedwithzoomduration=\"2500\" data-threedhorizontalwithzoomduration=\"2200\" data-threedflipduration=\"1500\" data-threedflipwithzoomduration=\"2000\" data-threedtilesduration=\"2000\" data-threedfallback=\"flip\" data-threedhorizontalfallback=\"flip\" data-threedwithzoomfallback=\"flipwithzoom\" data-threedhorizontalwithzoomfallback=\"flipwithzoom\" data-threedflipfallback=\"flip\" data-threedflipwithzoomfallback=\"flipwithzoom\" data-threedtilesfallback=\"tiles\" data-ratiomediumscreen=\"800\" data-ratiomediumheight=\"1.2\" data-ratiosmallscreen=\"480\" data-ratiosmallheight=\"1.6\" data-lightboxtitlestyle=\"bottom\" data-lightboximagepercentage=\"75\" data-lightboxdefaultvideovolume=\"1\" data-lightboxoverlaybgcolor=\"#000\" data-lightboxoverlayopacity=\"0.9\" data-lightboxbgcolor=\"#fff\" data-lightboxtitleprefix=\"%NUM \/ %TOTAL\" data-lightboxtitleinsidecss=\"color:#fff; font-size:16px; font-family:Arial,Helvetica,sans-serif; overflow:hidden; text-align:left;\" data-lightboxdescriptioninsidecss=\"color:#fff; font-size:12px; font-family:Arial,Helvetica,sans-serif; overflow:hidden; text-align:left; margin:4px 0px 0px; padding: 0px;\" data-lightboxslideinterval=\"5000\" data-lightboxtimerposition=\"bottom\" data-lightboxtimercolor=\"#dc572e\" data-lightboxtimeropacity=\"1\" data-lightboxbordersize=\"8\" data-lightboxborderradius=\"0\" data-textcss=\"display:block; padding:8px 16px; text-align:left;\" data-textbgcss=\"display:none;\" data-titlecss=\"color: #1b96cf;    font-family: &quot;Open Sans&quot;,sans-serif;    font-size: 32px;    font-weight:bold;    font-weight: bold;    line-height: 44px;    margin-bottom: 0;    margin-top: 20px;    text-transform: uppercase;\" data-descriptioncss=\"color: #282828;    font-size: 18px;    line-height: 30px;\" data-buttoncss=\"display:block; position:relative; margin-top:10px;\" data-titlecssresponsive=\"font-size:12px;\" data-descriptioncssresponsive=\"display:none !important;\" data-buttoncssresponsive=\"font-size: 9px !important;width:100%;\" data-jsfolder=\"http:\/\/nanovea.com\/wp-content\/plugins\/wonderplugin-slider-lite\/engine\/\" style=\"display:none;\" ><ul class=\"amazingslider-slides\"  style=\"display:none;\"><li><img decoding=\"async\" class=\"amazingslider-img-elem amazingsliderimg\" src=\"https:\/\/nanovea.com\/wp-content\/uploads\/2015\/04\/profile-steep-angles.jpg\" alt=\"PROFILO | DIMENSIONALE\" title=\"PROFILO | DIMENSIONALE\" data-description=\"Superior ability to precisely measure steep &lt;br \/&gt;angled features\" \/><\/li><li><img decoding=\"async\" class=\"amazingslider-img-elem amazingsliderimg\" src=\"https:\/\/nanovea.com\/wp-content\/uploads\/2015\/04\/profile-analysis.jpg\" alt=\"PROFILO | DIMENSIONALE\" title=\"PROFILO | DIMENSIONALE\" data-description=\"A wide range of analysis tools for complete&lt;br \/&gt;profile dimensional study\" \/><\/li><li><img decoding=\"async\" class=\"amazingslider-img-elem amazingsliderimg\" src=\"https:\/\/nanovea.com\/wp-content\/uploads\/2015\/04\/profile-challenging.jpg\" alt=\"PROFILO | DIMENSIONALE\" title=\"PROFILO | DIMENSIONALE\" data-description=\"Superior ability to accurately measure &lt;br \/&gt;challenging profile dimensions\" \/><\/li><\/ul><\/div><\/div>\n<h1><strong>PROFILO DI SUPERFICIE | MISURAZIONE DIMENSIONALE<\/strong><\/h1>\n<p><a href=\"https:\/\/nanovea.com\/profilometer\">Strumenti per profilometria<\/a> | <a href=\"https:\/\/nanovea.com\/lab-services\/\">Servizi di laboratorio<\/a> | <a href=\"https:\/\/nanovea.com\/chromatic-confocal\">Confocale cromatico<\/a> | <a href=\"https:\/\/nanovea.com\/application-notes\">Note applicative<\/a><\/p>\n<div class=\"product-desc\">\n<p class=\"txtjustify\">Con un'ampia gamma di altezze fino a 25 mm e la capacit\u00e0 di misurare angoli ripidi, la tecnica confocale cromatica \u00e8 ideale per molte misure dimensionali di profili di superficie, comprese applicazioni come micro lenti e utensili di precisione. Poich\u00e9 non \u00e8 necessaria alcuna cucitura per le grandi superfici, la tecnica confocale cromatica pu\u00f2 essere utilizzata per misurare le dimensioni in pochi secondi con un singolo profilo. Con il riconoscimento dei modelli e l'automazione, oltre alle condizioni di passaggio e fallimento e alla comunicazione del database, lo strumento pu\u00f2 essere utilizzato come strumento avanzato di controllo della qualit\u00e0.<\/p>\n<p>&nbsp;<\/p>\n<p class=\"txtjustify\"><strong>Norme: <\/strong><\/p>\n<ul>\n<li class=\"txtjustify\">ISO 5436-1<\/li>\n<\/ul>\n<p>&nbsp;<\/p>\n<p class=\"txtjustify\"><strong>Analisi delle misure standard:<\/strong><\/p>\n<ul>\n<li class=\"txtjustify\">Altezze massime, minime e medie<\/li>\n<li class=\"txtjustify\">Larghezza<\/li>\n<li class=\"txtjustify\">Distanza<\/li>\n<li class=\"txtjustify\">Raggio<\/li>\n<li class=\"txtjustify\">Pendenza<\/li>\n<li class=\"txtjustify\">Punto centrale e quantit\u00e0 di una caratteristica specifica<\/li>\n<li class=\"txtjustify\">punto per punto<\/li>\n<li class=\"txtjustify\">Da piano a punto<\/li>\n<li class=\"txtjustify\">Da piano a piano<\/li>\n<\/ul>\n<p>&nbsp;<\/p>\n<p><strong>Caratteristiche del software:<\/strong><\/p>\n<ul>\n<li>Scansioni di linee o aree facilmente definibili<\/li>\n<li>parametri pre salvati<\/li>\n<li>Risoluzione laterale<\/li>\n<li>Esportazione di dati grezzi e immagini<\/li>\n<li>Visualizzazione in tempo reale<\/li>\n<li>Segnalazione automatica<\/li>\n<li>Supporto multilingue<\/li>\n<li>Mappatura<\/li>\n<\/ul>\n<p>&nbsp;<\/p>\n<p class=\"txtjustify\"><strong>Caratteristiche del software di analisi:<\/strong><\/p>\n<ul>\n<li class=\"txtjustify\">Filtraggio<\/li>\n<li class=\"txtjustify\">Livellamento<\/li>\n<li class=\"txtjustify\">Thresholding<\/li>\n<li class=\"txtjustify\">Zoom<\/li>\n<li class=\"txtjustify\">Strumenti di selezione delle aree e di rimozione delle forme<\/li>\n<li class=\"txtjustify\">Funzioni di sottrazione e confronto e molte altre<\/li>\n<\/ul>\n<p>&nbsp;<\/p>\n<p align=\"justify\"><strong>Automazione avanzata:<\/strong><\/p>\n<ul>\n<li>Messa a fuoco automatica (ottica e microscopio), modello di analisi automatica<\/li>\n<li>Macro per la gestione di pi\u00f9 campioni<\/li>\n<li>Facile selezione dell'area sotto il microscopio per il profiling o il test AFM<\/li>\n<li>Doppia frequenza automatica per superfici con riflessi diversi<\/li>\n<li>Fase di rotazione<\/li>\n<li>Riconoscimento dei modelli<\/li>\n<li>Comunicazioni di database<\/li>\n<li>criteri di approvazione\/fallimento<\/li>\n<li>Sensori di linea per misurazioni fino a 200 volte pi\u00f9 veloci<\/li>\n<\/ul>\n<p>&nbsp;<\/p>\n<p><strong>Porta campioni e condizioni ambientali:<\/strong><\/p>\n<ul>\n<li>Portacampioni personalizzati e standard<\/li>\n<li>Piastra di riscaldamento<\/li>\n<\/ul>\n<p>&nbsp;<\/p>\n<p><strong>Ulteriori misure di superficie:<\/strong><strong><br \/>\n<\/strong><\/p>\n<p><a href=\"https:\/\/nanovea.com\/surface-roughness-measurement\">Misura della rugosit\u00e0 della superficie<\/a><\/p>\n<p><a href=\"https:\/\/nanovea.com\/surface-topography-measurement\">Misurazione della topografia della superficie<\/a><\/p>\n<p><a href=\"https:\/\/nanovea.com\/surface-flatness-measurement\">Misura della planarit\u00e0 della superficie<\/a><\/p>\n<p><a href=\"https:\/\/nanovea.com\/surface-volume-measurement\">Misura del volume della superficie<\/a><\/p>\n<p><a href=\"https:\/\/nanovea.com\/surface-step-height-measurement\">Misura dell'altezza del gradino della superficie<\/a><\/p>\n<\/div>","protected":false},"excerpt":{"rendered":"<p>PROFILO SUPERFICIALE | MISURA DIMENSIONALE Profilometri Strumenti | Servizi di laboratorio | Confocale cromatico | Note applicative Con un'ampia gamma di altezze fino a 25 mm e la capacit\u00e0 di misurare angoli ripidi, la tecnica confocale cromatica \u00e8 ideale per molte misure dimensionali del profilo superficiale, comprese applicazioni come micro lenti e utensili di precisione. Poich\u00e9 non vi sono cuciture [...]<\/p>","protected":false},"author":1,"featured_media":0,"parent":0,"menu_order":0,"comment_status":"open","ping_status":"open","template":"tpl-newslider.php","meta":{"_exactmetrics_skip_tracking":false,"_exactmetrics_sitenote_active":false,"_exactmetrics_sitenote_note":"","_exactmetrics_sitenote_category":0,"footnotes":""},"class_list":["post-86","page","type-page","status-publish","hentry"],"_links":{"self":[{"href":"http:\/\/nanovea.com\/it\/wp-json\/wp\/v2\/pages\/86","targetHints":{"allow":["GET"]}}],"collection":[{"href":"http:\/\/nanovea.com\/it\/wp-json\/wp\/v2\/pages"}],"about":[{"href":"http:\/\/nanovea.com\/it\/wp-json\/wp\/v2\/types\/page"}],"author":[{"embeddable":true,"href":"http:\/\/nanovea.com\/it\/wp-json\/wp\/v2\/users\/1"}],"replies":[{"embeddable":true,"href":"http:\/\/nanovea.com\/it\/wp-json\/wp\/v2\/comments?post=86"}],"version-history":[{"count":19,"href":"http:\/\/nanovea.com\/it\/wp-json\/wp\/v2\/pages\/86\/revisions"}],"predecessor-version":[{"id":25677,"href":"http:\/\/nanovea.com\/it\/wp-json\/wp\/v2\/pages\/86\/revisions\/25677"}],"wp:attachment":[{"href":"http:\/\/nanovea.com\/it\/wp-json\/wp\/v2\/media?parent=86"}],"curies":[{"name":"wp","href":"https:\/\/api.w.org\/{rel}","templated":true}]}}