{"id":86,"date":"2015-03-02T16:48:10","date_gmt":"2015-03-02T16:48:10","guid":{"rendered":"http:\/\/nanovea.com\/?page_id=86"},"modified":"2022-04-25T14:41:45","modified_gmt":"2022-04-25T14:41:45","slug":"medicion-del-perfil-de-la-superficie","status":"publish","type":"page","link":"http:\/\/nanovea.com\/es\/medicion-del-perfil-de-la-superficie\/","title":{"rendered":"Medici\u00f3n del perfil de la superficie"},"content":{"rendered":"<div class=\"wonderpluginslider-container\" id=\"wonderpluginslider-container-19\" style=\"max-width:1035px;margin:0 auto;padding-left:0px;padding-right:0px;padding-top:0px;padding-bottom:0px;\"><div class=\"wonderpluginslider\" id=\"wonderpluginslider-19\" data-sliderid=\"19\" data-width=\"1035\" data-height=\"375\" data-skin=\"cube\" data-autoplay=\"true\" data-randomplay=\"false\" data-loadimageondemand=\"false\" data-transitiononfirstslide=\"false\" data-autoplayvideo=\"false\" data-isresponsive=\"true\" data-fullwidth=\"false\" data-isfullscreen=\"false\" data-ratioresponsive=\"false\" data-showtext=\"true\" data-showtimer=\"false\" data-showbottomshadow=\"false\" data-navshowpreview=\"false\" data-textautohide=\"true\" data-lightboxresponsive=\"true\" data-lightboxshownavigation=\"false\" data-lightboxshowtitle=\"true\" data-lightboxshowdescription=\"false\" data-texteffectresponsive=\"true\" data-donotinit=\"false\" data-addinitscript=\"false\" data-lightboxfullscreenmode=\"false\" data-lightboxcloseonoverlay=\"true\" data-lightboxvideohidecontrols=\"false\" data-lightboxnogroup=\"false\" data-lightboxautoslide=\"false\" data-lightboxshowtimer=\"true\" data-lightboxshowplaybutton=\"true\" data-lightboxalwaysshownavarrows=\"false\" data-lightboxshowtitleprefix=\"true\" data-titleusealt=\"false\" data-outputtext=\"false\" data-scalemode=\"fit\" data-arrowstyle=\"always\" data-transition=\"slide\" data-loop=\"0\" data-border=\"0\" data-slideinterval=\"8000\" data-arrowimage=\"arrows-36-80-0.png\" data-arrowwidth=\"36\" data-arrowheight=\"80\" data-arrowtop=\"50\" data-arrowmargin=\"-18\" data-navstyle=\"bullets\" data-navimage=\"bullet-24-24-1.png\" data-navwidth=\"24\" data-navheight=\"24\" data-navspacing=\"8\" data-navmarginx=\"16\" data-navmarginy=\"16\" data-navposition=\"bottom\" data-playvideoimage=\"playvideo-64-64-0.png\" data-playvideoimagewidth=\"64\" data-playvideoimageheight=\"64\" data-lightboxthumbwidth=\"90\" data-lightboxthumbheight=\"60\" data-lightboxthumbtopmargin=\"12\" data-lightboxthumbbottommargin=\"4\" data-lightboxbarheight=\"64\" data-lightboxtitlebottomcss=\"color:#333; font-size:14px; font-family:Armata,sans-serif,Arial; overflow:hidden; text-align:left;\" data-lightboxdescriptionbottomcss=\"color:#333; font-size:12px; font-family:Arial,Helvetica,sans-serif; overflow:hidden; text-align:left; margin:4px 0px 0px; padding: 0px;\" data-textformat=\"Color box\" data-textpositionstatic=\"bottom\" data-textpositiondynamic=\"topleft\" data-paddingleft=\"0\" data-paddingright=\"0\" data-paddingtop=\"0\" data-paddingbottom=\"0\" data-texteffectresponsivesize=\"640\" data-fadeduration=\"1000\" data-crossfadeduration=\"1000\" data-slideduration=\"1000\" data-elasticduration=\"1000\" data-sliceduration=\"1500\" data-blindsduration=\"1500\" data-blocksduration=\"1500\" data-shuffleduration=\"1500\" data-tilesduration=\"2000\" data-kenburnsduration=\"5000\" data-flipduration=\"1500\" data-flipwithzoomduration=\"2000\" data-threedduration=\"1500\" data-threedhorizontalduration=\"1500\" data-threedwithzoomduration=\"2500\" data-threedhorizontalwithzoomduration=\"2200\" data-threedflipduration=\"1500\" data-threedflipwithzoomduration=\"2000\" data-threedtilesduration=\"2000\" data-threedfallback=\"flip\" data-threedhorizontalfallback=\"flip\" data-threedwithzoomfallback=\"flipwithzoom\" data-threedhorizontalwithzoomfallback=\"flipwithzoom\" data-threedflipfallback=\"flip\" data-threedflipwithzoomfallback=\"flipwithzoom\" data-threedtilesfallback=\"tiles\" data-ratiomediumscreen=\"800\" data-ratiomediumheight=\"1.2\" data-ratiosmallscreen=\"480\" data-ratiosmallheight=\"1.6\" data-lightboxtitlestyle=\"bottom\" data-lightboximagepercentage=\"75\" data-lightboxdefaultvideovolume=\"1\" data-lightboxoverlaybgcolor=\"#000\" data-lightboxoverlayopacity=\"0.9\" data-lightboxbgcolor=\"#fff\" data-lightboxtitleprefix=\"%NUM \/ %TOTAL\" data-lightboxtitleinsidecss=\"color:#fff; font-size:16px; font-family:Arial,Helvetica,sans-serif; overflow:hidden; text-align:left;\" data-lightboxdescriptioninsidecss=\"color:#fff; font-size:12px; font-family:Arial,Helvetica,sans-serif; overflow:hidden; text-align:left; margin:4px 0px 0px; padding: 0px;\" data-lightboxslideinterval=\"5000\" data-lightboxtimerposition=\"bottom\" data-lightboxtimercolor=\"#dc572e\" data-lightboxtimeropacity=\"1\" data-lightboxbordersize=\"8\" data-lightboxborderradius=\"0\" data-textcss=\"display:block; padding:8px 16px; text-align:left;\" data-textbgcss=\"display:none;\" data-titlecss=\"color: #1b96cf;    font-family: &quot;Open Sans&quot;,sans-serif;    font-size: 32px;    font-weight:bold;    font-weight: bold;    line-height: 44px;    margin-bottom: 0;    margin-top: 20px;    text-transform: uppercase;\" data-descriptioncss=\"color: #282828;    font-size: 18px;    line-height: 30px;\" data-buttoncss=\"display:block; position:relative; margin-top:10px;\" data-titlecssresponsive=\"font-size:12px;\" data-descriptioncssresponsive=\"display:none !important;\" data-buttoncssresponsive=\"font-size: 9px !important;width:100%;\" data-jsfolder=\"http:\/\/nanovea.com\/wp-content\/plugins\/wonderplugin-slider-lite\/engine\/\" style=\"display:none;\" ><ul class=\"amazingslider-slides\"  style=\"display:none;\"><li><img decoding=\"async\" class=\"amazingslider-img-elem amazingsliderimg\" src=\"https:\/\/nanovea.com\/wp-content\/uploads\/2015\/04\/profile-steep-angles.jpg\" alt=\"PROFILE | DIMENSIONAL\" title=\"PROFILE | DIMENSIONAL\" data-description=\"Superior ability to precisely measure steep &lt;br \/&gt;angled features\" \/><\/li><li><img decoding=\"async\" class=\"amazingslider-img-elem amazingsliderimg\" src=\"https:\/\/nanovea.com\/wp-content\/uploads\/2015\/04\/profile-analysis.jpg\" alt=\"PROFILE | DIMENSIONAL\" title=\"PROFILE | DIMENSIONAL\" data-description=\"A wide range of analysis tools for complete&lt;br \/&gt;profile dimensional study\" \/><\/li><li><img decoding=\"async\" class=\"amazingslider-img-elem amazingsliderimg\" src=\"https:\/\/nanovea.com\/wp-content\/uploads\/2015\/04\/profile-challenging.jpg\" alt=\"PROFILE | DIMENSIONAL\" title=\"PROFILE | DIMENSIONAL\" data-description=\"Superior ability to accurately measure &lt;br \/&gt;challenging profile dimensions\" \/><\/li><\/ul><\/div><\/div>\n<h1><strong>SURFACE PROFILE | DIMENSIONAL MEASUREMENT<\/strong><\/h1>\n<p><a href=\"https:\/\/nanovea.com\/profilometer\">Instrumentos perfil\u00f3metros<\/a> | <a href=\"https:\/\/nanovea.com\/lab-services\/\">Servicios de laboratorio<\/a> | <a href=\"https:\/\/nanovea.com\/chromatic-confocal\">Confocal crom\u00e1tico<\/a> | <a href=\"https:\/\/nanovea.com\/application-notes\">Notas de aplicaci\u00f3n<\/a><\/p>\n<div class=\"product-desc\">\n<p class=\"txtjustify\">With a wide height range up to 25mm and the capability to measure steep angles, the chromatic confocal technique is ideal for many surface profile dimensional measurements including applications such as micro lenses and precision tooling. Because no stitching is needed for large surfaces, the chromatic confocal techniqu can be used to measure dimensions in seconds with a single profile. With pattern recognition and automation in addition to pass fail conditions and database communication, the instrument can be used as an advanced quality control tool.<\/p>\n<p>&nbsp;<\/p>\n<p class=\"txtjustify\"><strong>Normas: <\/strong><\/p>\n<ul>\n<li class=\"txtjustify\">ISO 5436-1<\/li>\n<\/ul>\n<p>&nbsp;<\/p>\n<p class=\"txtjustify\"><strong>An\u00e1lisis de medici\u00f3n est\u00e1ndar:<\/strong><\/p>\n<ul>\n<li class=\"txtjustify\">Alturas m\u00e1xima, m\u00ednima y media<\/li>\n<li class=\"txtjustify\">Width<\/li>\n<li class=\"txtjustify\">Distance<\/li>\n<li class=\"txtjustify\">Radius<\/li>\n<li class=\"txtjustify\">Slope<\/li>\n<li class=\"txtjustify\">Center point and quantity of a specific feature<\/li>\n<li class=\"txtjustify\">Punto a punto<\/li>\n<li class=\"txtjustify\">Plane to point<\/li>\n<li class=\"txtjustify\">De avi\u00f3n en avi\u00f3n<\/li>\n<\/ul>\n<p>&nbsp;<\/p>\n<p><strong>Caracter\u00edsticas del software:<\/strong><\/p>\n<ul>\n<li>Escaneos de l\u00edneas o \u00e1reas f\u00e1cilmente definibles<\/li>\n<li>Recetas<\/li>\n<li>Resoluci\u00f3n lateral<\/li>\n<li>Exportar datos sin procesar e im\u00e1genes<\/li>\n<li>Visualizaci\u00f3n en tiempo real<\/li>\n<li>Informes autom\u00e1ticos<\/li>\n<li>Soporte multiling\u00fce<\/li>\n<li>Cartograf\u00eda<\/li>\n<\/ul>\n<p>&nbsp;<\/p>\n<p class=\"txtjustify\"><strong>Caracter\u00edsticas del software de an\u00e1lisis:<\/strong><\/p>\n<ul>\n<li class=\"txtjustify\">Filtrado<\/li>\n<li class=\"txtjustify\">Nivelaci\u00f3n<\/li>\n<li class=\"txtjustify\">Umbral<\/li>\n<li class=\"txtjustify\">Acercar<\/li>\n<li class=\"txtjustify\">Herramientas de selecci\u00f3n de \u00e1rea y eliminaci\u00f3n de formas<\/li>\n<li class=\"txtjustify\">Funciones de resta y comparaci\u00f3n, entre muchas otras.<\/li>\n<\/ul>\n<p>&nbsp;<\/p>\n<p align=\"justify\"><strong>Automatizaci\u00f3n avanzada:<\/strong><\/p>\n<ul>\n<li>Enfoque autom\u00e1tico (\u00f3ptico y microscopio), plantilla de an\u00e1lisis autom\u00e1tico<\/li>\n<li>Macros para el manejo de m\u00faltiples muestras<\/li>\n<li>F\u00e1cil selecci\u00f3n del \u00e1rea bajo el microscopio para la creaci\u00f3n de perfiles o pruebas AFM.<\/li>\n<li>Doble frecuencia autom\u00e1tica para superficies con reflectividades variables.<\/li>\n<li>Etapa rotacional<\/li>\n<li>Reconocimiento de patrones<\/li>\n<li>Comunicaciones de bases de datos<\/li>\n<li>L\u00edmites de aprobado\/reprobado<\/li>\n<li>Sensores lineales para mediciones hasta 200 veces m\u00e1s r\u00e1pidas<\/li>\n<\/ul>\n<p>&nbsp;<\/p>\n<p><strong>Portamuestras y condiciones ambientales:<\/strong><\/p>\n<ul>\n<li>Portamuestras personalizados y est\u00e1ndar<\/li>\n<li>Etapa de calentamiento<\/li>\n<\/ul>\n<p>&nbsp;<\/p>\n<p><strong>Medidas adicionales de la superficie:<\/strong><strong><br \/>\n<\/strong><\/p>\n<p><a href=\"https:\/\/nanovea.com\/surface-roughness-measurement\">Medici\u00f3n de la rugosidad superficial<\/a><\/p>\n<p><a href=\"https:\/\/nanovea.com\/surface-topography-measurement\">Medici\u00f3n de la topograf\u00eda de la superficie<\/a><\/p>\n<p><a href=\"https:\/\/nanovea.com\/surface-flatness-measurement\">Medici\u00f3n de la planitud de la superficie<\/a><\/p>\n<p><a href=\"https:\/\/nanovea.com\/surface-volume-measurement\">Medici\u00f3n del volumen superficial<\/a><\/p>\n<p><a href=\"https:\/\/nanovea.com\/surface-step-height-measurement\">Medici\u00f3n de la altura de los escalones de la superficie<\/a><\/p>\n<\/div>","protected":false},"excerpt":{"rendered":"<p>SURFACE PROFILE | DIMENSIONAL MEASUREMENT Profilometer Instruments | Lab Services | Chromatic Confocal | Application Notes With a wide height range up to 25mm and the capability to measure steep angles, the chromatic confocal technique is ideal for many surface profile dimensional measurements including applications such as micro lenses and precision tooling. Because no stitching [&hellip;]<\/p>","protected":false},"author":1,"featured_media":0,"parent":0,"menu_order":0,"comment_status":"open","ping_status":"open","template":"tpl-newslider.php","meta":{"_exactmetrics_skip_tracking":false,"_exactmetrics_sitenote_active":false,"_exactmetrics_sitenote_note":"","_exactmetrics_sitenote_category":0,"footnotes":""},"class_list":["post-86","page","type-page","status-publish","hentry"],"_links":{"self":[{"href":"http:\/\/nanovea.com\/es\/wp-json\/wp\/v2\/pages\/86","targetHints":{"allow":["GET"]}}],"collection":[{"href":"http:\/\/nanovea.com\/es\/wp-json\/wp\/v2\/pages"}],"about":[{"href":"http:\/\/nanovea.com\/es\/wp-json\/wp\/v2\/types\/page"}],"author":[{"embeddable":true,"href":"http:\/\/nanovea.com\/es\/wp-json\/wp\/v2\/users\/1"}],"replies":[{"embeddable":true,"href":"http:\/\/nanovea.com\/es\/wp-json\/wp\/v2\/comments?post=86"}],"version-history":[{"count":19,"href":"http:\/\/nanovea.com\/es\/wp-json\/wp\/v2\/pages\/86\/revisions"}],"predecessor-version":[{"id":25677,"href":"http:\/\/nanovea.com\/es\/wp-json\/wp\/v2\/pages\/86\/revisions\/25677"}],"wp:attachment":[{"href":"http:\/\/nanovea.com\/es\/wp-json\/wp\/v2\/media?parent=86"}],"curies":[{"name":"wp","href":"https:\/\/api.w.org\/{rel}","templated":true}]}}