{"id":86,"date":"2015-03-02T16:48:10","date_gmt":"2015-03-02T16:48:10","guid":{"rendered":"http:\/\/nanovea.com\/?page_id=86"},"modified":"2022-04-25T14:41:45","modified_gmt":"2022-04-25T14:41:45","slug":"oberflachen-profil-messung","status":"publish","type":"page","link":"http:\/\/nanovea.com\/de\/oberflachen-profil-messung\/","title":{"rendered":"Messung des Oberfl\u00e4chenprofils"},"content":{"rendered":"<div class=\"wonderpluginslider-container\" id=\"wonderpluginslider-container-19\" style=\"max-width:1035px;margin:0 auto;padding-left:0px;padding-right:0px;padding-top:0px;padding-bottom:0px;\"><div class=\"wonderpluginslider\" id=\"wonderpluginslider-19\" data-sliderid=\"19\" data-width=\"1035\" data-height=\"375\" data-skin=\"cube\" data-autoplay=\"true\" data-randomplay=\"false\" data-loadimageondemand=\"false\" data-transitiononfirstslide=\"false\" data-autoplayvideo=\"false\" data-isresponsive=\"true\" data-fullwidth=\"false\" data-isfullscreen=\"false\" data-ratioresponsive=\"false\" data-showtext=\"true\" data-showtimer=\"false\" data-showbottomshadow=\"false\" data-navshowpreview=\"false\" data-textautohide=\"true\" data-lightboxresponsive=\"true\" data-lightboxshownavigation=\"false\" data-lightboxshowtitle=\"true\" data-lightboxshowdescription=\"false\" data-texteffectresponsive=\"true\" data-donotinit=\"false\" data-addinitscript=\"false\" data-lightboxfullscreenmode=\"false\" data-lightboxcloseonoverlay=\"true\" data-lightboxvideohidecontrols=\"false\" data-lightboxnogroup=\"false\" data-lightboxautoslide=\"false\" data-lightboxshowtimer=\"true\" data-lightboxshowplaybutton=\"true\" data-lightboxalwaysshownavarrows=\"false\" data-lightboxshowtitleprefix=\"true\" data-titleusealt=\"false\" data-outputtext=\"false\" data-scalemode=\"fit\" data-arrowstyle=\"always\" data-transition=\"slide\" data-loop=\"0\" data-border=\"0\" data-slideinterval=\"8000\" data-arrowimage=\"arrows-36-80-0.png\" data-arrowwidth=\"36\" data-arrowheight=\"80\" data-arrowtop=\"50\" data-arrowmargin=\"-18\" data-navstyle=\"bullets\" data-navimage=\"bullet-24-24-1.png\" data-navwidth=\"24\" data-navheight=\"24\" data-navspacing=\"8\" data-navmarginx=\"16\" data-navmarginy=\"16\" data-navposition=\"bottom\" data-playvideoimage=\"playvideo-64-64-0.png\" data-playvideoimagewidth=\"64\" data-playvideoimageheight=\"64\" data-lightboxthumbwidth=\"90\" data-lightboxthumbheight=\"60\" data-lightboxthumbtopmargin=\"12\" data-lightboxthumbbottommargin=\"4\" data-lightboxbarheight=\"64\" data-lightboxtitlebottomcss=\"color:#333; font-size:14px; font-family:Armata,sans-serif,Arial; overflow:hidden; text-align:left;\" data-lightboxdescriptionbottomcss=\"color:#333; font-size:12px; font-family:Arial,Helvetica,sans-serif; overflow:hidden; text-align:left; margin:4px 0px 0px; padding: 0px;\" data-textformat=\"Color box\" data-textpositionstatic=\"bottom\" data-textpositiondynamic=\"topleft\" data-paddingleft=\"0\" data-paddingright=\"0\" data-paddingtop=\"0\" data-paddingbottom=\"0\" data-texteffectresponsivesize=\"640\" data-fadeduration=\"1000\" data-crossfadeduration=\"1000\" data-slideduration=\"1000\" data-elasticduration=\"1000\" data-sliceduration=\"1500\" data-blindsduration=\"1500\" data-blocksduration=\"1500\" data-shuffleduration=\"1500\" data-tilesduration=\"2000\" data-kenburnsduration=\"5000\" data-flipduration=\"1500\" data-flipwithzoomduration=\"2000\" data-threedduration=\"1500\" data-threedhorizontalduration=\"1500\" data-threedwithzoomduration=\"2500\" data-threedhorizontalwithzoomduration=\"2200\" data-threedflipduration=\"1500\" data-threedflipwithzoomduration=\"2000\" data-threedtilesduration=\"2000\" data-threedfallback=\"flip\" data-threedhorizontalfallback=\"flip\" data-threedwithzoomfallback=\"flipwithzoom\" data-threedhorizontalwithzoomfallback=\"flipwithzoom\" data-threedflipfallback=\"flip\" data-threedflipwithzoomfallback=\"flipwithzoom\" data-threedtilesfallback=\"tiles\" data-ratiomediumscreen=\"800\" data-ratiomediumheight=\"1.2\" data-ratiosmallscreen=\"480\" data-ratiosmallheight=\"1.6\" data-lightboxtitlestyle=\"bottom\" data-lightboximagepercentage=\"75\" data-lightboxdefaultvideovolume=\"1\" data-lightboxoverlaybgcolor=\"#000\" data-lightboxoverlayopacity=\"0.9\" data-lightboxbgcolor=\"#fff\" data-lightboxtitleprefix=\"%NUM \/ %TOTAL\" data-lightboxtitleinsidecss=\"color:#fff; font-size:16px; font-family:Arial,Helvetica,sans-serif; overflow:hidden; text-align:left;\" data-lightboxdescriptioninsidecss=\"color:#fff; font-size:12px; font-family:Arial,Helvetica,sans-serif; overflow:hidden; text-align:left; margin:4px 0px 0px; padding: 0px;\" data-lightboxslideinterval=\"5000\" data-lightboxtimerposition=\"bottom\" data-lightboxtimercolor=\"#dc572e\" data-lightboxtimeropacity=\"1\" data-lightboxbordersize=\"8\" data-lightboxborderradius=\"0\" data-textcss=\"display:block; padding:8px 16px; text-align:left;\" data-textbgcss=\"display:none;\" data-titlecss=\"color: #1b96cf;    font-family: &quot;Open Sans&quot;,sans-serif;    font-size: 32px;    font-weight:bold;    font-weight: bold;    line-height: 44px;    margin-bottom: 0;    margin-top: 20px;    text-transform: uppercase;\" data-descriptioncss=\"color: #282828;    font-size: 18px;    line-height: 30px;\" data-buttoncss=\"display:block; position:relative; margin-top:10px;\" data-titlecssresponsive=\"font-size:12px;\" data-descriptioncssresponsive=\"display:none !important;\" data-buttoncssresponsive=\"font-size: 9px !important;width:100%;\" data-jsfolder=\"http:\/\/nanovea.com\/wp-content\/plugins\/wonderplugin-slider-lite\/engine\/\" style=\"display:none;\" ><ul class=\"amazingslider-slides\"  style=\"display:none;\"><li><img decoding=\"async\" class=\"amazingslider-img-elem amazingsliderimg\" src=\"https:\/\/nanovea.com\/wp-content\/uploads\/2015\/04\/profile-steep-angles.jpg\" alt=\"PROFIL | DIMENSIONAL\" title=\"PROFIL | DIMENSIONAL\" data-description=\"Superior ability to precisely measure steep &lt;br \/&gt;angled features\" \/><\/li><li><img decoding=\"async\" class=\"amazingslider-img-elem amazingsliderimg\" src=\"https:\/\/nanovea.com\/wp-content\/uploads\/2015\/04\/profile-analysis.jpg\" alt=\"PROFIL | DIMENSIONAL\" title=\"PROFIL | DIMENSIONAL\" data-description=\"A wide range of analysis tools for complete&lt;br \/&gt;profile dimensional study\" \/><\/li><li><img decoding=\"async\" class=\"amazingslider-img-elem amazingsliderimg\" src=\"https:\/\/nanovea.com\/wp-content\/uploads\/2015\/04\/profile-challenging.jpg\" alt=\"PROFIL | DIMENSIONAL\" title=\"PROFIL | DIMENSIONAL\" data-description=\"Superior ability to accurately measure &lt;br \/&gt;challenging profile dimensions\" \/><\/li><\/ul><\/div><\/div>\n<h1><strong>OBERFL\u00c4CHENPROFIL | DIMENSIONALE MESSUNG<\/strong><\/h1>\n<p><a href=\"https:\/\/nanovea.com\/profilometer\">Profilometer-Instrumente<\/a> | <a href=\"https:\/\/nanovea.com\/lab-services\/\">Labor-Dienstleistungen<\/a> | <a href=\"https:\/\/nanovea.com\/chromatic-confocal\">Chromatisch Konfokal<\/a> | <a href=\"https:\/\/nanovea.com\/application-notes\">Application Notes<\/a><\/p>\n<div class=\"product-desc\">\n<p class=\"txtjustify\">Mit einem gro\u00dfen H\u00f6henbereich von bis zu 25 mm und der M\u00f6glichkeit, steile Winkel zu messen, ist die chromatische Konfokaltechnik ideal f\u00fcr viele Dimensionsmessungen von Oberfl\u00e4chenprofilen, einschlie\u00dflich Anwendungen wie Mikrolinsen und Pr\u00e4zisionswerkzeuge. Da bei gro\u00dfen Oberfl\u00e4chen kein Stitching erforderlich ist, kann die chromatisch konfokale Technik zur sekundenschnellen Messung von Abmessungen mit einem einzigen Profil verwendet werden. Mit Mustererkennung und Automatisierung sowie Pass-Fail-Bedingungen und Datenbankkommunikation kann das Ger\u00e4t als fortschrittliches Qualit\u00e4tskontrollinstrument eingesetzt werden.<\/p>\n<p>&nbsp;<\/p>\n<p class=\"txtjustify\"><strong>Normen: <\/strong><\/p>\n<ul>\n<li class=\"txtjustify\">ISO 5436-1<\/li>\n<\/ul>\n<p>&nbsp;<\/p>\n<p class=\"txtjustify\"><strong>Analyse von Standardmessungen:<\/strong><\/p>\n<ul>\n<li class=\"txtjustify\">Maximale, minimale und mittlere H\u00f6hen<\/li>\n<li class=\"txtjustify\">Breite<\/li>\n<li class=\"txtjustify\">Entfernung<\/li>\n<li class=\"txtjustify\">Radius<\/li>\n<li class=\"txtjustify\">Neigung<\/li>\n<li class=\"txtjustify\">Mittelpunkt und Menge eines bestimmten Merkmals<\/li>\n<li class=\"txtjustify\">Punkt zu Punkt<\/li>\n<li class=\"txtjustify\">Ebene zu Punkt<\/li>\n<li class=\"txtjustify\">Von Flugzeug zu Flugzeug<\/li>\n<\/ul>\n<p>&nbsp;<\/p>\n<p><strong>Software-Merkmale:<\/strong><\/p>\n<ul>\n<li>Einfach zu definierende Linien- oder Fl\u00e4chenscans<\/li>\n<li>Rezepte<\/li>\n<li>Seitliche Aufl\u00f6sung<\/li>\n<li>Rohdaten und Bilder exportieren<\/li>\n<li>Anzeige in Echtzeit<\/li>\n<li>Automatische Berichterstattung<\/li>\n<li>Unterst\u00fctzung mehrerer Sprachen<\/li>\n<li>Kartierung<\/li>\n<\/ul>\n<p>&nbsp;<\/p>\n<p class=\"txtjustify\"><strong>Analyse-Software-Funktionen:<\/strong><\/p>\n<ul>\n<li class=\"txtjustify\">Filtern<\/li>\n<li class=\"txtjustify\">Nivellierung<\/li>\n<li class=\"txtjustify\">Schwellenwert<\/li>\n<li class=\"txtjustify\">Zoomen<\/li>\n<li class=\"txtjustify\">Werkzeuge zur Bereichsauswahl und Formularentfernung<\/li>\n<li class=\"txtjustify\">Subtraktions- und Vergleichsfunktionen und viele andere<\/li>\n<\/ul>\n<p>&nbsp;<\/p>\n<p align=\"justify\"><strong>Erweiterte Automatisierung:<\/strong><\/p>\n<ul>\n<li>Automatischer Fokus (optisch und mikroskopisch), automatische Analyseschablone<\/li>\n<li>Makros zur Handhabung mehrerer Proben<\/li>\n<li>Einfache Auswahl des Bereichs unter dem Mikroskop f\u00fcr die Profilerstellung oder AFM-Pr\u00fcfung<\/li>\n<li>Automatische Doppelfrequenz f\u00fcr Oberfl\u00e4chen mit unterschiedlichen Reflexionsgraden<\/li>\n<li>Rotationsphase<\/li>\n<li>Mustererkennung<\/li>\n<li>Datenbank-Kommunikation<\/li>\n<li>Pass\/Fail-Grenzen<\/li>\n<li>Zeilensensoren f\u00fcr bis zu 200-mal schnellere Messungen<\/li>\n<\/ul>\n<p>&nbsp;<\/p>\n<p><strong>Halter der Probe(n) und Umweltbedingungen:<\/strong><\/p>\n<ul>\n<li>Kundenspezifische und Standard-Probenhalter<\/li>\n<li>Heizstufe<\/li>\n<\/ul>\n<p>&nbsp;<\/p>\n<p><strong>Zus\u00e4tzliche Oberfl\u00e4chenabmessungen:<\/strong><strong><br \/>\n<\/strong><\/p>\n<p><a href=\"https:\/\/nanovea.com\/surface-roughness-measurement\">Messung der Oberfl\u00e4chenrauhigkeit<\/a><\/p>\n<p><a href=\"https:\/\/nanovea.com\/surface-topography-measurement\">Messung der Oberfl\u00e4chentopographie<\/a><\/p>\n<p><a href=\"https:\/\/nanovea.com\/surface-flatness-measurement\">Messung der Oberfl\u00e4chenebenheit<\/a><\/p>\n<p><a href=\"https:\/\/nanovea.com\/surface-volume-measurement\">Messung des Oberfl\u00e4chenvolumens<\/a><\/p>\n<p><a href=\"https:\/\/nanovea.com\/surface-step-height-measurement\">Messung der Stufenh\u00f6he an der Oberfl\u00e4che<\/a><\/p>\n<\/div>","protected":false},"excerpt":{"rendered":"<p>OBERFL\u00c4CHENPROFIL | DIMENSIONALMESSUNG Profilometer Instrumente | Labordienstleistungen | Chromatisch Konfokal | Anwendungshinweise Mit einem gro\u00dfen H\u00f6henbereich bis zu 25 mm und der M\u00f6glichkeit, steile Winkel zu messen, ist die chromatisch konfokale Technik ideal f\u00fcr viele Dimensionsmessungen von Oberfl\u00e4chenprofilen, einschlie\u00dflich Anwendungen wie Mikrolinsen und Pr\u00e4zisionswerkzeuge. Da keine N\u00e4hte [...]<\/p>","protected":false},"author":1,"featured_media":0,"parent":0,"menu_order":0,"comment_status":"open","ping_status":"open","template":"tpl-newslider.php","meta":{"_exactmetrics_skip_tracking":false,"_exactmetrics_sitenote_active":false,"_exactmetrics_sitenote_note":"","_exactmetrics_sitenote_category":0,"footnotes":""},"class_list":["post-86","page","type-page","status-publish","hentry"],"_links":{"self":[{"href":"http:\/\/nanovea.com\/de\/wp-json\/wp\/v2\/pages\/86","targetHints":{"allow":["GET"]}}],"collection":[{"href":"http:\/\/nanovea.com\/de\/wp-json\/wp\/v2\/pages"}],"about":[{"href":"http:\/\/nanovea.com\/de\/wp-json\/wp\/v2\/types\/page"}],"author":[{"embeddable":true,"href":"http:\/\/nanovea.com\/de\/wp-json\/wp\/v2\/users\/1"}],"replies":[{"embeddable":true,"href":"http:\/\/nanovea.com\/de\/wp-json\/wp\/v2\/comments?post=86"}],"version-history":[{"count":19,"href":"http:\/\/nanovea.com\/de\/wp-json\/wp\/v2\/pages\/86\/revisions"}],"predecessor-version":[{"id":25677,"href":"http:\/\/nanovea.com\/de\/wp-json\/wp\/v2\/pages\/86\/revisions\/25677"}],"wp:attachment":[{"href":"http:\/\/nanovea.com\/de\/wp-json\/wp\/v2\/media?parent=86"}],"curies":[{"name":"wp","href":"https:\/\/api.w.org\/{rel}","templated":true}]}}